{"id":204201,"date":"2025-08-29T00:00:02","date_gmt":"2025-08-29T04:00:02","guid":{"rendered":"https:\/\/www.siriusxm.ca\/offre\/two-ways-to-save\/"},"modified":"2026-02-06T11:19:15","modified_gmt":"2026-02-06T16:19:15","slug":"economisez-de-deux-manieres","status":"publish","type":"page","link":"https:\/\/www.siriusxm.ca\/fr\/offre\/economisez-de-deux-manieres\/","title":{"rendered":"2025 Offer \/\/ OEM \/ Two Ways to Save (French)"},"content":{"rendered":"\t\t<div data-elementor-type=\"wp-post\" data-elementor-id=\"204201\" class=\"elementor elementor-204201 elementor-203169\" data-elementor-post-type=\"page\">\n\t\t\t\t\t\t<section class=\"elementor-section elementor-top-section elementor-element elementor-element-2bbbbc0 elementor-section-stretched elementor-section-height-min-height elementor-section-items-top elementor-section-boxed elementor-section-height-default\" data-id=\"2bbbbc0\" data-element_type=\"section\" data-e-type=\"section\" data-settings=\"{&quot;stretch_section&quot;:&quot;section-stretched&quot;,&quot;background_background&quot;:&quot;classic&quot;}\" data-area=\"hero\">\n\t\t\t\t\t\t\t<div class=\"elementor-background-overlay\"><\/div>\n\t\t\t\t\t\t\t<div class=\"elementor-container elementor-column-gap-default\">\n\t\t\t\t\t<div class=\"elementor-column elementor-col-100 elementor-top-column elementor-element elementor-element-6a9ce03\" data-id=\"6a9ce03\" data-element_type=\"column\" data-e-type=\"column\">\n\t\t\t<div class=\"elementor-widget-wrap elementor-element-populated\">\n\t\t\t\t\t\t<section class=\"elementor-section elementor-inner-section elementor-element elementor-element-13ba3ea elementor-section-content-bottom elementor-section-boxed elementor-section-height-default elementor-section-height-default\" data-id=\"13ba3ea\" data-element_type=\"section\" data-e-type=\"section\">\n\t\t\t\t\t\t<div class=\"elementor-container elementor-column-gap-default\">\n\t\t\t\t\t<div class=\"elementor-column elementor-col-50 elementor-inner-column elementor-element elementor-element-1418d4d elementor-hidden-mobile\" data-id=\"1418d4d\" data-element_type=\"column\" data-e-type=\"column\">\n\t\t\t<div class=\"elementor-widget-wrap elementor-element-populated\">\n\t\t\t\t\t\t<div class=\"elementor-element elementor-element-9f99ad3 elementor-widget elementor-widget-heading\" data-id=\"9f99ad3\" data-element_type=\"widget\" data-e-type=\"widget\" data-widget_type=\"heading.default\">\n\t\t\t\t<div class=\"elementor-widget-container\">\n\t\t\t\t\t<h1 class=\"elementor-heading-title elementor-size-default\">Deux fa\u00e7ons d\u2019\u00e9conomiser<\/h1>\t\t\t\t<\/div>\n\t\t\t\t<\/div>\n\t\t\t\t<div class=\"elementor-element elementor-element-d32938b elementor-widget elementor-widget-text-editor\" data-id=\"d32938b\" data-element_type=\"widget\" data-e-type=\"widget\" data-widget_type=\"text-editor.default\">\n\t\t\t\t<div class=\"elementor-widget-container\">\n\t\t\t\t\t\t\t\t\t<h5>Achetez et activez le syntoniseur pour v\u00e9hicule SXV300, puis obtenez une remise de 80 $ en plus d\u2019un abonnement de 12 mois au forfait Le Complet pour 9,99 $\/mois ou au forfait Le Musical Plus pour 5 $\/mois.<\/h5>\t\t\t\t\t\t\t\t<\/div>\n\t\t\t\t<\/div>\n\t\t\t\t\t<\/div>\n\t\t<\/div>\n\t\t\t\t<div class=\"elementor-column elementor-col-50 elementor-inner-column elementor-element elementor-element-94682fb\" data-id=\"94682fb\" data-element_type=\"column\" data-e-type=\"column\">\n\t\t\t<div class=\"elementor-widget-wrap elementor-element-populated\">\n\t\t\t\t\t\t<div class=\"elementor-element elementor-element-9bf7ea4 elementor-widget elementor-widget-image\" data-id=\"9bf7ea4\" data-element_type=\"widget\" data-e-type=\"widget\" data-widget_type=\"image.default\">\n\t\t\t\t<div class=\"elementor-widget-container\">\n\t\t\t\t\t\t\t\t\t\t\t\t\t\t\t<img fetchpriority=\"high\" decoding=\"async\" width=\"890\" height=\"922\" src=\"https:\/\/www.siriusxm.ca\/wp-content\/uploads\/2020\/08\/Lifestyle-Hero-890x922-Two-Girls-Laughing-While-Driving.jpg\" class=\"attachment-full size-full wp-image-204553\" alt=\"\" srcset=\"https:\/\/www.siriusxm.ca\/wp-content\/uploads\/2020\/08\/Lifestyle-Hero-890x922-Two-Girls-Laughing-While-Driving.jpg 890w, https:\/\/www.siriusxm.ca\/wp-content\/uploads\/2020\/08\/Lifestyle-Hero-890x922-Two-Girls-Laughing-While-Driving-290x300.jpg 290w, https:\/\/www.siriusxm.ca\/wp-content\/uploads\/2020\/08\/Lifestyle-Hero-890x922-Two-Girls-Laughing-While-Driving-768x796.jpg 768w\" sizes=\"(max-width: 890px) 100vw, 890px\" \/>\t\t\t\t\t\t\t\t\t\t\t\t\t\t\t<\/div>\n\t\t\t\t<\/div>\n\t\t\t\t\t<\/div>\n\t\t<\/div>\n\t\t\t\t\t<\/div>\n\t\t<\/section>\n\t\t\t\t\t<\/div>\n\t\t<\/div>\n\t\t\t\t\t<\/div>\n\t\t<\/section>\n\t\t\t\t<section class=\"elementor-section elementor-top-section elementor-element elementor-element-70d4d2f elementor-hidden-desktop elementor-hidden-tablet elementor-section-boxed elementor-section-height-default elementor-section-height-default\" data-id=\"70d4d2f\" data-element_type=\"section\" data-e-type=\"section\" data-settings=\"{&quot;background_background&quot;:&quot;classic&quot;}\" data-area=\"hero\">\n\t\t\t\t\t\t<div class=\"elementor-container elementor-column-gap-default\">\n\t\t\t\t\t<div class=\"elementor-column elementor-col-100 elementor-top-column elementor-element elementor-element-ed91539\" data-id=\"ed91539\" data-element_type=\"column\" data-e-type=\"column\">\n\t\t\t<div class=\"elementor-widget-wrap elementor-element-populated\">\n\t\t\t\t\t\t<section class=\"elementor-section elementor-inner-section elementor-element elementor-element-a4bffc7 elementor-section-boxed elementor-section-height-default elementor-section-height-default\" data-id=\"a4bffc7\" data-element_type=\"section\" data-e-type=\"section\">\n\t\t\t\t\t\t<div class=\"elementor-container elementor-column-gap-default\">\n\t\t\t\t\t<div class=\"elementor-column elementor-col-100 elementor-inner-column elementor-element elementor-element-3ffd50e elementor-hidden-desktop elementor-hidden-tablet\" data-id=\"3ffd50e\" data-element_type=\"column\" data-e-type=\"column\">\n\t\t\t<div class=\"elementor-widget-wrap elementor-element-populated\">\n\t\t\t\t\t\t<div class=\"elementor-element elementor-element-0eae6f2 elementor-widget elementor-widget-heading\" data-id=\"0eae6f2\" data-element_type=\"widget\" data-e-type=\"widget\" data-widget_type=\"heading.default\">\n\t\t\t\t<div class=\"elementor-widget-container\">\n\t\t\t\t\t<h1 class=\"elementor-heading-title elementor-size-default\">Deux fa\u00e7ons d\u2019\u00e9conomiser<\/h1>\t\t\t\t<\/div>\n\t\t\t\t<\/div>\n\t\t\t\t<div class=\"elementor-element elementor-element-2f2a243 elementor-widget elementor-widget-text-editor\" data-id=\"2f2a243\" data-element_type=\"widget\" data-e-type=\"widget\" data-widget_type=\"text-editor.default\">\n\t\t\t\t<div class=\"elementor-widget-container\">\n\t\t\t\t\t\t\t\t\t<h5> Achetez et activez le syntoniseur pour v\u00e9hicule SXV300, puis obtenez une remise de 80 $ en plus d\u2019un abonnement de 12 mois au forfait Le Complet pour 9,99 $\/mois* ou au forfait Le Musical Plus pour 5 $\/mois*.<\/h5>\t\t\t\t\t\t\t\t<\/div>\n\t\t\t\t<\/div>\n\t\t\t\t\t<\/div>\n\t\t<\/div>\n\t\t\t\t\t<\/div>\n\t\t<\/section>\n\t\t\t\t\t<\/div>\n\t\t<\/div>\n\t\t\t\t\t<\/div>\n\t\t<\/section>\n\t\t\t\t<section class=\"elementor-section elementor-top-section elementor-element elementor-element-3b72f9c elementor-section-stretched elementor-section-boxed elementor-section-height-default elementor-section-height-default\" data-id=\"3b72f9c\" data-element_type=\"section\" data-e-type=\"section\" data-settings=\"{&quot;stretch_section&quot;:&quot;section-stretched&quot;,&quot;background_background&quot;:&quot;classic&quot;}\">\n\t\t\t\t\t\t<div class=\"elementor-container elementor-column-gap-default\">\n\t\t\t\t\t<div class=\"elementor-column elementor-col-100 elementor-top-column elementor-element elementor-element-c82acb7\" data-id=\"c82acb7\" data-element_type=\"column\" data-e-type=\"column\">\n\t\t\t<div class=\"elementor-widget-wrap elementor-element-populated\">\n\t\t\t\t\t\t<section class=\"elementor-section elementor-inner-section elementor-element elementor-element-c15dd86 elementor-section-boxed elementor-section-height-default elementor-section-height-default\" data-id=\"c15dd86\" data-element_type=\"section\" data-e-type=\"section\">\n\t\t\t\t\t\t<div class=\"elementor-container elementor-column-gap-default\">\n\t\t\t\t\t<div class=\"elementor-column elementor-col-50 elementor-inner-column elementor-element elementor-element-d8fb8da plan-block\" data-id=\"d8fb8da\" data-element_type=\"column\" data-e-type=\"column\" data-settings=\"{&quot;background_background&quot;:&quot;classic&quot;}\">\n\t\t\t<div class=\"elementor-widget-wrap elementor-element-populated\">\n\t\t\t\t\t\t<section class=\"elementor-section elementor-inner-section elementor-element elementor-element-af1d696 elementor-section-content-middle elementor-section-boxed elementor-section-height-default elementor-section-height-default\" data-id=\"af1d696\" data-element_type=\"section\" data-e-type=\"section\" data-settings=\"{&quot;background_background&quot;:&quot;classic&quot;}\">\n\t\t\t\t\t\t<div class=\"elementor-container elementor-column-gap-default\">\n\t\t\t\t\t<div class=\"elementor-column elementor-col-100 elementor-inner-column elementor-element elementor-element-8e0eddf\" data-id=\"8e0eddf\" data-element_type=\"column\" data-e-type=\"column\">\n\t\t\t<div class=\"elementor-widget-wrap elementor-element-populated\">\n\t\t\t\t\t\t<div class=\"elementor-element elementor-element-255a028 elementor-widget elementor-widget-heading\" data-id=\"255a028\" data-element_type=\"widget\" data-e-type=\"widget\" data-widget_type=\"heading.default\">\n\t\t\t\t<div class=\"elementor-widget-container\">\n\t\t\t\t\t<div class=\"elementor-heading-title elementor-size-default\">\u00c9conomies sur les abonnements<\/div>\t\t\t\t<\/div>\n\t\t\t\t<\/div>\n\t\t\t\t\t<\/div>\n\t\t<\/div>\n\t\t\t\t\t<\/div>\n\t\t<\/section>\n\t\t\t\t<section class=\"elementor-section elementor-inner-section elementor-element elementor-element-b1e364e elementor-section-content-middle elementor-section-boxed elementor-section-height-default elementor-section-height-default\" data-id=\"b1e364e\" data-element_type=\"section\" data-e-type=\"section\" data-settings=\"{&quot;background_background&quot;:&quot;classic&quot;}\">\n\t\t\t\t\t\t<div class=\"elementor-container elementor-column-gap-default\">\n\t\t\t\t\t<div class=\"elementor-column elementor-col-100 elementor-inner-column elementor-element elementor-element-beaa905 plan-block\" data-id=\"beaa905\" data-element_type=\"column\" data-e-type=\"column\" data-settings=\"{&quot;background_background&quot;:&quot;classic&quot;}\">\n\t\t\t<div class=\"elementor-widget-wrap elementor-element-populated\">\n\t\t\t\t\t\t<div class=\"elementor-element elementor-element-4b72dc8 elementor-widget elementor-widget-html\" data-id=\"4b72dc8\" data-element_type=\"widget\" data-e-type=\"widget\" data-widget_type=\"html.default\">\n\t\t\t\t<div class=\"elementor-widget-container\">\n\t\t\t\t\t<h3 class=\"price-text watermelon\" style=\"display: inline;\">Choisissez votre forfait<\/h3>\t\t\t\t<\/div>\n\t\t\t\t<\/div>\n\t\t\t\t<div class=\"elementor-element elementor-element-82b9b6e elementor-widget elementor-widget-text-editor\" data-id=\"82b9b6e\" data-element_type=\"widget\" data-e-type=\"widget\" data-widget_type=\"text-editor.default\">\n\t\t\t\t<div class=\"elementor-widget-container\">\n\t\t\t\t\t\t\t\t\t<p><strong>Obtenez notre forfait Le Complet pendant 12\u00a0mois pour 9,99\u00a0$\/mois ou Le Musical Plus pendant 12\u00a0mois \u00e0 5 $\/mois.<\/strong><\/p>\t\t\t\t\t\t\t\t<\/div>\n\t\t\t\t<\/div>\n\t\t\t\t<div class=\"elementor-element elementor-element-106b6e0 text-color-grey-dark elementor-widget elementor-widget-text-editor\" data-id=\"106b6e0\" data-element_type=\"widget\" data-e-type=\"widget\" data-widget_type=\"text-editor.default\">\n\t\t\t\t<div class=\"elementor-widget-container\">\n\t\t\t\t\t\t\t\t\t<p>Puis 29,99\u00a0$\/mo. ou 24,99\u00a0$\/mo. Taxes en sus. Nouveaux abonnements uniquement. <strong>Voir d\u00e9tails de l\u2019offre.<\/strong><\/p>\t\t\t\t\t\t\t\t<\/div>\n\t\t\t\t<\/div>\n\t\t\t\t\t<\/div>\n\t\t<\/div>\n\t\t\t\t\t<\/div>\n\t\t<\/section>\n\t\t\t\t<div class=\"elementor-element elementor-element-5ea3f8e package--cta elementor-widget elementor-widget-html\" data-id=\"5ea3f8e\" data-element_type=\"widget\" data-e-type=\"widget\" data-widget_type=\"html.default\">\n\t\t\t\t<div class=\"elementor-widget-container\">\n\t\t\t\t\t<a name=\"En savoir plus\" href=\"\/fr\/offre\/choisissez-votre-forfait\/?intcmp=EnSavoirPlus_NA_CAfroffreeconomisezdedeuxmanieres_MKTG_na\" class=\"button primary full\">En savoir plus<\/a>\t\t\t\t<\/div>\n\t\t\t\t<\/div>\n\t\t\t\t\t<\/div>\n\t\t<\/div>\n\t\t\t\t<div class=\"elementor-column elementor-col-50 elementor-inner-column elementor-element elementor-element-6d1a824 plan-block\" data-id=\"6d1a824\" data-element_type=\"column\" data-e-type=\"column\" data-settings=\"{&quot;background_background&quot;:&quot;classic&quot;}\">\n\t\t\t<div class=\"elementor-widget-wrap elementor-element-populated\">\n\t\t\t\t\t\t<section class=\"elementor-section elementor-inner-section elementor-element elementor-element-6dae66b elementor-section-content-middle elementor-section-boxed elementor-section-height-default elementor-section-height-default\" data-id=\"6dae66b\" data-element_type=\"section\" data-e-type=\"section\" data-settings=\"{&quot;background_background&quot;:&quot;classic&quot;}\">\n\t\t\t\t\t\t<div class=\"elementor-container elementor-column-gap-default\">\n\t\t\t\t\t<div class=\"elementor-column elementor-col-100 elementor-inner-column elementor-element elementor-element-caa8f79\" data-id=\"caa8f79\" data-element_type=\"column\" data-e-type=\"column\">\n\t\t\t<div class=\"elementor-widget-wrap elementor-element-populated\">\n\t\t\t\t\t\t<div class=\"elementor-element elementor-element-d1776ce elementor-widget elementor-widget-heading\" data-id=\"d1776ce\" data-element_type=\"widget\" data-e-type=\"widget\" data-widget_type=\"heading.default\">\n\t\t\t\t<div class=\"elementor-widget-container\">\n\t\t\t\t\t<div class=\"elementor-heading-title elementor-size-default\">Activez votre syntoniseur pour v\u00e9hicule SXV300<\/div>\t\t\t\t<\/div>\n\t\t\t\t<\/div>\n\t\t\t\t\t<\/div>\n\t\t<\/div>\n\t\t\t\t\t<\/div>\n\t\t<\/section>\n\t\t\t\t<section class=\"elementor-section elementor-inner-section elementor-element elementor-element-4733aeb elementor-section-content-middle elementor-section-boxed elementor-section-height-default elementor-section-height-default\" data-id=\"4733aeb\" data-element_type=\"section\" data-e-type=\"section\" data-settings=\"{&quot;background_background&quot;:&quot;classic&quot;}\">\n\t\t\t\t\t\t<div class=\"elementor-container elementor-column-gap-default\">\n\t\t\t\t\t<div class=\"elementor-column elementor-col-100 elementor-inner-column elementor-element elementor-element-2f3bf37 plan-block\" data-id=\"2f3bf37\" data-element_type=\"column\" data-e-type=\"column\" data-settings=\"{&quot;background_background&quot;:&quot;classic&quot;}\">\n\t\t\t<div class=\"elementor-widget-wrap elementor-element-populated\">\n\t\t\t\t\t\t<div class=\"elementor-element elementor-element-21b6a49 elementor-widget elementor-widget-html\" data-id=\"21b6a49\" data-element_type=\"widget\" data-e-type=\"widget\" data-widget_type=\"html.default\">\n\t\t\t\t<div class=\"elementor-widget-container\">\n\t\t\t\t\t<h3 class=\"price-text\" style=\"display: inline;\">80 $ de rabais<\/h3>\t\t\t\t<\/div>\n\t\t\t\t<\/div>\n\t\t\t\t<div class=\"elementor-element elementor-element-593d98a elementor-widget elementor-widget-text-editor\" data-id=\"593d98a\" data-element_type=\"widget\" data-e-type=\"widget\" data-widget_type=\"text-editor.default\">\n\t\t\t\t<div class=\"elementor-widget-container\">\n\t\t\t\t\t\t\t\t\t<p><strong>Activez votre radio et soumettez votre demande de remise d\u2019ici le 31\u00a0d\u00e9cembre\u00a02026.<\/strong><\/p>\t\t\t\t\t\t\t\t<\/div>\n\t\t\t\t<\/div>\n\t\t\t\t<div class=\"elementor-element elementor-element-943cedd text-color-grey-dark elementor-widget elementor-widget-text-editor\" data-id=\"943cedd\" data-element_type=\"widget\" data-e-type=\"widget\" data-widget_type=\"text-editor.default\">\n\t\t\t\t<div class=\"elementor-widget-container\">\n\t\t\t\t\t\t\t\t\t<p>Voir modalit\u00e9s de la remise.<\/p>\t\t\t\t\t\t\t\t<\/div>\n\t\t\t\t<\/div>\n\t\t\t\t\t<\/div>\n\t\t<\/div>\n\t\t\t\t\t<\/div>\n\t\t<\/section>\n\t\t\t\t<div class=\"elementor-element elementor-element-530d5f3 package--cta elementor-widget elementor-widget-html\" data-id=\"530d5f3\" data-element_type=\"widget\" data-e-type=\"widget\" data-widget_type=\"html.default\">\n\t\t\t\t<div class=\"elementor-widget-container\">\n\t\t\t\t\t<a name=\"Activer la remise\" href=\"https:\/\/www.siriusxmpromos.ca\/?intcmp=acctpactivate_NA_CAofferretailrebate_MKTG_na#\/home\" target=\"_blank\" class=\"button primary full\">Activer la remise<\/a>\t\t\t\t<\/div>\n\t\t\t\t<\/div>\n\t\t\t\t\t<\/div>\n\t\t<\/div>\n\t\t\t\t\t<\/div>\n\t\t<\/section>\n\t\t\t\t\t<\/div>\n\t\t<\/div>\n\t\t\t\t\t<\/div>\n\t\t<\/section>\n\t\t\t\t<\/div>\n\t\t","protected":false},"excerpt":{"rendered":"<p>Deux fa\u00e7ons d\u2019\u00e9conomiser Achetez et activez le syntoniseur pour v\u00e9hicule SXV300, puis obtenez une remise de 80 $ en plus d\u2019un abonnement de 12 mois au forfait Le Complet pour 9,99 $\/mois ou au forfait Le Musical Plus pour 5 $\/mois. Deux fa\u00e7ons d\u2019\u00e9conomiser Achetez et activez le syntoniseur pour v\u00e9hicule SXV300, puis obtenez une &hellip; <a href=\"https:\/\/www.siriusxm.ca\/fr\/offre\/economisez-de-deux-manieres\/\">Continued<\/a><\/p>\n","protected":false},"author":4,"featured_media":0,"parent":7651,"menu_order":138,"comment_status":"closed","ping_status":"closed","template":"views\/template-promo-b.blade.php","meta":{"_acf_changed":false,"_searchwp_excluded":"","footnotes":""},"class_list":["post-204201","page","type-page","status-publish","hentry"],"acf":[],"yoast_head":"<!-- This site is optimized with the Yoast SEO Premium plugin v27.2 (Yoast SEO v27.2) - https:\/\/yoast.com\/product\/yoast-seo-premium-wordpress\/ -->\n<title>Activez votre nouvelle radio et \u00c9CONOMISEZ | SiriusXM Canada<\/title>\n<meta name=\"description\" content=\"Achetez et activez un r\u00e9cepteur radio \u00e9ligible et \u00e9conomisez sur un an du forfait que vous choisissez. DE PLUS, obtenez un rabais de 80 $.\" \/>\n<meta name=\"robots\" content=\"index, follow, max-snippet:-1, max-image-preview:large, max-video-preview:-1\" \/>\n<link rel=\"canonical\" href=\"https:\/\/www.siriusxm.ca\/fr\/offre\/economisez-de-deux-manieres\/\" \/>\n<meta property=\"og:type\" content=\"article\" \/>\n<meta property=\"og:title\" content=\"Activez votre nouvelle radio et \u00c9CONOMISEZ\" \/>\n<meta property=\"og:description\" content=\"Achetez et activez un r\u00e9cepteur radio \u00e9ligible et \u00e9conomisez sur un an du forfait que vous choisissez. DE PLUS, obtenez un rabais de 80 $.\" \/>\n<meta property=\"og:url\" content=\"https:\/\/www.siriusxm.ca\/fr\/offre\/economisez-de-deux-manieres\/\" \/>\n<meta property=\"og:site_name\" content=\"SiriusXM Canada\" \/>\n<meta property=\"article:modified_time\" content=\"2026-02-06T16:19:15+00:00\" \/>\n<meta property=\"og:image\" content=\"https:\/\/www.siriusxm.ca\/wp-content\/uploads\/2020\/12\/SiriusXM-Canada.jpg\" \/>\n<meta name=\"twitter:card\" content=\"summary_large_image\" \/>\n<meta name=\"twitter:title\" content=\"Activez votre nouvelle radio et \u00c9CONOMISEZ\" \/>\n<meta name=\"twitter:label1\" content=\"Estimation du temps de lecture\" \/>\n\t<meta name=\"twitter:data1\" content=\"2 minutes\" \/>\n<script type=\"application\/ld+json\" class=\"yoast-schema-graph\">{\"@context\":\"https:\/\/schema.org\",\"@graph\":[{\"@type\":\"WebPage\",\"@id\":\"https:\/\/www.siriusxm.ca\/fr\/offre\/economisez-de-deux-manieres\/\",\"url\":\"https:\/\/www.siriusxm.ca\/fr\/offre\/economisez-de-deux-manieres\/\",\"name\":\"Activez votre nouvelle radio et \u00c9CONOMISEZ | SiriusXM Canada\",\"isPartOf\":{\"@id\":\"https:\/\/www.siriusxm.ca\/fr\/#website\"},\"primaryImageOfPage\":{\"@id\":\"https:\/\/www.siriusxm.ca\/fr\/offre\/economisez-de-deux-manieres\/#primaryimage\"},\"image\":{\"@id\":\"https:\/\/www.siriusxm.ca\/fr\/offre\/economisez-de-deux-manieres\/#primaryimage\"},\"thumbnailUrl\":\"https:\/\/www.siriusxm.ca\/wp-content\/uploads\/2020\/08\/Lifestyle-Hero-890x922-Two-Girls-Laughing-While-Driving.jpg\",\"datePublished\":\"2025-08-29T04:00:02+00:00\",\"dateModified\":\"2026-02-06T16:19:15+00:00\",\"description\":\"Achetez et activez un r\u00e9cepteur radio \u00e9ligible et \u00e9conomisez sur un an du forfait que vous choisissez. DE PLUS, obtenez un rabais de 80 $.\",\"breadcrumb\":{\"@id\":\"https:\/\/www.siriusxm.ca\/fr\/offre\/economisez-de-deux-manieres\/#breadcrumb\"},\"inLanguage\":\"fr-CA\",\"potentialAction\":[{\"@type\":\"ReadAction\",\"target\":[\"https:\/\/www.siriusxm.ca\/fr\/offre\/economisez-de-deux-manieres\/\"]}]},{\"@type\":\"ImageObject\",\"inLanguage\":\"fr-CA\",\"@id\":\"https:\/\/www.siriusxm.ca\/fr\/offre\/economisez-de-deux-manieres\/#primaryimage\",\"url\":\"https:\/\/www.siriusxm.ca\/wp-content\/uploads\/2020\/08\/Lifestyle-Hero-890x922-Two-Girls-Laughing-While-Driving.jpg\",\"contentUrl\":\"https:\/\/www.siriusxm.ca\/wp-content\/uploads\/2020\/08\/Lifestyle-Hero-890x922-Two-Girls-Laughing-While-Driving.jpg\"},{\"@type\":\"BreadcrumbList\",\"@id\":\"https:\/\/www.siriusxm.ca\/fr\/offre\/economisez-de-deux-manieres\/#breadcrumb\",\"itemListElement\":[{\"@type\":\"ListItem\",\"position\":1,\"name\":\"Home\",\"item\":\"https:\/\/www.siriusxm.ca\/fr\/\"},{\"@type\":\"ListItem\",\"position\":2,\"name\":\"[Folder] Offer (French)\",\"item\":\"https:\/\/www.siriusxm.ca\/fr\/offre\/\"},{\"@type\":\"ListItem\",\"position\":3,\"name\":\"2025 Offer \/\/ OEM \/ Two Ways to Save (French)\"}]},{\"@type\":\"WebSite\",\"@id\":\"https:\/\/www.siriusxm.ca\/fr\/#website\",\"url\":\"https:\/\/www.siriusxm.ca\/fr\/\",\"name\":\"SiriusXM Canada\",\"description\":\"\",\"potentialAction\":[{\"@type\":\"SearchAction\",\"target\":{\"@type\":\"EntryPoint\",\"urlTemplate\":\"https:\/\/www.siriusxm.ca\/fr\/search\/{search_term_string}\"},\"query-input\":{\"@type\":\"PropertyValueSpecification\",\"valueRequired\":true,\"valueName\":\"search_term_string\"}}],\"inLanguage\":\"fr-CA\"}]}<\/script>\n<!-- \/ Yoast SEO Premium plugin. -->","yoast_head_json":{"title":"Activez votre nouvelle radio et \u00c9CONOMISEZ | SiriusXM Canada","description":"Achetez et activez un r\u00e9cepteur radio \u00e9ligible et \u00e9conomisez sur un an du forfait que vous choisissez. DE PLUS, obtenez un rabais de 80 $.","robots":{"index":"index","follow":"follow","max-snippet":"max-snippet:-1","max-image-preview":"max-image-preview:large","max-video-preview":"max-video-preview:-1"},"canonical":"https:\/\/www.siriusxm.ca\/fr\/offre\/economisez-de-deux-manieres\/","og_type":"article","og_title":"Activez votre nouvelle radio et \u00c9CONOMISEZ","og_description":"Achetez et activez un r\u00e9cepteur radio \u00e9ligible et \u00e9conomisez sur un an du forfait que vous choisissez. DE PLUS, obtenez un rabais de 80 $.","og_url":"https:\/\/www.siriusxm.ca\/fr\/offre\/economisez-de-deux-manieres\/","og_site_name":"SiriusXM Canada","article_modified_time":"2026-02-06T16:19:15+00:00","og_image":[{"url":"https:\/\/www.siriusxm.ca\/wp-content\/uploads\/2020\/12\/SiriusXM-Canada.jpg","type":"","width":"","height":""}],"twitter_card":"summary_large_image","twitter_title":"Activez votre nouvelle radio et \u00c9CONOMISEZ","twitter_misc":{"Estimation du temps de lecture":"2 minutes"},"schema":{"@context":"https:\/\/schema.org","@graph":[{"@type":"WebPage","@id":"https:\/\/www.siriusxm.ca\/fr\/offre\/economisez-de-deux-manieres\/","url":"https:\/\/www.siriusxm.ca\/fr\/offre\/economisez-de-deux-manieres\/","name":"Activez votre nouvelle radio et \u00c9CONOMISEZ | SiriusXM Canada","isPartOf":{"@id":"https:\/\/www.siriusxm.ca\/fr\/#website"},"primaryImageOfPage":{"@id":"https:\/\/www.siriusxm.ca\/fr\/offre\/economisez-de-deux-manieres\/#primaryimage"},"image":{"@id":"https:\/\/www.siriusxm.ca\/fr\/offre\/economisez-de-deux-manieres\/#primaryimage"},"thumbnailUrl":"https:\/\/www.siriusxm.ca\/wp-content\/uploads\/2020\/08\/Lifestyle-Hero-890x922-Two-Girls-Laughing-While-Driving.jpg","datePublished":"2025-08-29T04:00:02+00:00","dateModified":"2026-02-06T16:19:15+00:00","description":"Achetez et activez un r\u00e9cepteur radio \u00e9ligible et \u00e9conomisez sur un an du forfait que vous choisissez. DE PLUS, obtenez un rabais de 80 $.","breadcrumb":{"@id":"https:\/\/www.siriusxm.ca\/fr\/offre\/economisez-de-deux-manieres\/#breadcrumb"},"inLanguage":"fr-CA","potentialAction":[{"@type":"ReadAction","target":["https:\/\/www.siriusxm.ca\/fr\/offre\/economisez-de-deux-manieres\/"]}]},{"@type":"ImageObject","inLanguage":"fr-CA","@id":"https:\/\/www.siriusxm.ca\/fr\/offre\/economisez-de-deux-manieres\/#primaryimage","url":"https:\/\/www.siriusxm.ca\/wp-content\/uploads\/2020\/08\/Lifestyle-Hero-890x922-Two-Girls-Laughing-While-Driving.jpg","contentUrl":"https:\/\/www.siriusxm.ca\/wp-content\/uploads\/2020\/08\/Lifestyle-Hero-890x922-Two-Girls-Laughing-While-Driving.jpg"},{"@type":"BreadcrumbList","@id":"https:\/\/www.siriusxm.ca\/fr\/offre\/economisez-de-deux-manieres\/#breadcrumb","itemListElement":[{"@type":"ListItem","position":1,"name":"Home","item":"https:\/\/www.siriusxm.ca\/fr\/"},{"@type":"ListItem","position":2,"name":"[Folder] Offer (French)","item":"https:\/\/www.siriusxm.ca\/fr\/offre\/"},{"@type":"ListItem","position":3,"name":"2025 Offer \/\/ OEM \/ Two Ways to Save (French)"}]},{"@type":"WebSite","@id":"https:\/\/www.siriusxm.ca\/fr\/#website","url":"https:\/\/www.siriusxm.ca\/fr\/","name":"SiriusXM Canada","description":"","potentialAction":[{"@type":"SearchAction","target":{"@type":"EntryPoint","urlTemplate":"https:\/\/www.siriusxm.ca\/fr\/search\/{search_term_string}"},"query-input":{"@type":"PropertyValueSpecification","valueRequired":true,"valueName":"search_term_string"}}],"inLanguage":"fr-CA"}]}},"_links":{"self":[{"href":"https:\/\/www.siriusxm.ca\/fr\/wp-json\/wp\/v2\/pages\/204201","targetHints":{"allow":["GET"]}}],"collection":[{"href":"https:\/\/www.siriusxm.ca\/fr\/wp-json\/wp\/v2\/pages"}],"about":[{"href":"https:\/\/www.siriusxm.ca\/fr\/wp-json\/wp\/v2\/types\/page"}],"author":[{"embeddable":true,"href":"https:\/\/www.siriusxm.ca\/fr\/wp-json\/wp\/v2\/users\/4"}],"replies":[{"embeddable":true,"href":"https:\/\/www.siriusxm.ca\/fr\/wp-json\/wp\/v2\/comments?post=204201"}],"version-history":[{"count":9,"href":"https:\/\/www.siriusxm.ca\/fr\/wp-json\/wp\/v2\/pages\/204201\/revisions"}],"predecessor-version":[{"id":558670,"href":"https:\/\/www.siriusxm.ca\/fr\/wp-json\/wp\/v2\/pages\/204201\/revisions\/558670"}],"up":[{"embeddable":true,"href":"https:\/\/www.siriusxm.ca\/fr\/wp-json\/wp\/v2\/pages\/7651"}],"wp:attachment":[{"href":"https:\/\/www.siriusxm.ca\/fr\/wp-json\/wp\/v2\/media?parent=204201"}],"curies":[{"name":"wp","href":"https:\/\/api.w.org\/{rel}","templated":true}]}}