{"id":204935,"date":"2020-08-18T14:35:45","date_gmt":"2020-08-18T18:35:45","guid":{"rendered":"https:\/\/www.siriusxm.ca\/streaming-with-mostly-music\/"},"modified":"2024-11-20T17:13:58","modified_gmt":"2024-11-20T22:13:58","slug":"en-continu-avec-ma-musique","status":"publish","type":"page","link":"https:\/\/www.siriusxm.ca\/fr\/en-continu-avec-ma-musique\/","title":{"rendered":"Promotion \/\/ Streaming with Mostly Music (French)"},"content":{"rendered":"\t\t<div data-elementor-type=\"wp-post\" data-elementor-id=\"204935\" class=\"elementor elementor-204935 elementor-204932\" data-elementor-post-type=\"page\">\n\t\t\t\t\t\t<section class=\"elementor-section elementor-top-section elementor-element elementor-element-288c526 elementor-section-stretched elementor-section-height-min-height elementor-section-items-top elementor-section-boxed elementor-section-height-default\" data-id=\"288c526\" data-element_type=\"section\" data-e-type=\"section\" data-settings=\"{&quot;stretch_section&quot;:&quot;section-stretched&quot;,&quot;background_background&quot;:&quot;classic&quot;}\" data-area=\"hero\">\n\t\t\t\t\t\t\t<div class=\"elementor-background-overlay\"><\/div>\n\t\t\t\t\t\t\t<div class=\"elementor-container elementor-column-gap-default\">\n\t\t\t\t\t<div class=\"elementor-column elementor-col-100 elementor-top-column elementor-element elementor-element-70c216d\" data-id=\"70c216d\" data-element_type=\"column\" data-e-type=\"column\">\n\t\t\t<div class=\"elementor-widget-wrap elementor-element-populated\">\n\t\t\t\t\t\t<section class=\"elementor-section elementor-inner-section elementor-element elementor-element-fe07934 elementor-section-content-bottom elementor-section-boxed elementor-section-height-default elementor-section-height-default\" data-id=\"fe07934\" data-element_type=\"section\" data-e-type=\"section\">\n\t\t\t\t\t\t<div class=\"elementor-container elementor-column-gap-default\">\n\t\t\t\t\t<div class=\"elementor-column elementor-col-50 elementor-inner-column elementor-element elementor-element-a054505 elementor-hidden-mobile\" data-id=\"a054505\" data-element_type=\"column\" data-e-type=\"column\">\n\t\t\t<div class=\"elementor-widget-wrap elementor-element-populated\">\n\t\t\t\t\t\t<div class=\"elementor-element elementor-element-e7f2601 elementor-widget__width-initial elementor-widget elementor-widget-heading\" data-id=\"e7f2601\" data-element_type=\"widget\" data-e-type=\"widget\" data-widget_type=\"heading.default\">\n\t\t\t\t<div class=\"elementor-widget-container\">\n\t\t\t\t\t<h1 class=\"elementor-heading-title elementor-size-default\">Dans le confort de votre foyer<\/h1>\t\t\t\t<\/div>\n\t\t\t\t<\/div>\n\t\t\t\t<div class=\"elementor-element elementor-element-537de42 elementor-widget__width-initial elementor-widget elementor-widget-text-editor\" data-id=\"537de42\" data-element_type=\"widget\" data-e-type=\"widget\" data-widget_type=\"text-editor.default\">\n\t\t\t\t<div class=\"elementor-widget-container\">\n\t\t\t\t\t\t\t\t\t<h5>Savez-vous que votre abonnement SiriusXM vous permet d&rsquo;\u00e9couter en dehors de la voiture sur votre t\u00e9l\u00e9phone, en ligne et \u00e0 la maison?<\/h5>\t\t\t\t\t\t\t\t<\/div>\n\t\t\t\t<\/div>\n\t\t\t\t\t<\/div>\n\t\t<\/div>\n\t\t\t\t<div class=\"elementor-column elementor-col-50 elementor-inner-column elementor-element elementor-element-0c1dd17\" data-id=\"0c1dd17\" data-element_type=\"column\" data-e-type=\"column\">\n\t\t\t<div class=\"elementor-widget-wrap elementor-element-populated\">\n\t\t\t\t\t\t<div class=\"elementor-element elementor-element-8a6e2d8 elementor-widget elementor-widget-image\" data-id=\"8a6e2d8\" data-element_type=\"widget\" data-e-type=\"widget\" data-widget_type=\"image.default\">\n\t\t\t\t<div class=\"elementor-widget-container\">\n\t\t\t\t\t\t\t\t\t\t\t\t\t\t\t<img decoding=\"async\" src=\"https:\/\/www.siriusxm.ca\/wp-content\/uploads\/2020\/08\/Hero-Mobile-Streaming-with-Mostly-Music.png\" title=\"\" alt=\"\" loading=\"lazy\" \/>\t\t\t\t\t\t\t\t\t\t\t\t\t\t\t<\/div>\n\t\t\t\t<\/div>\n\t\t\t\t\t<\/div>\n\t\t<\/div>\n\t\t\t\t\t<\/div>\n\t\t<\/section>\n\t\t\t\t\t<\/div>\n\t\t<\/div>\n\t\t\t\t\t<\/div>\n\t\t<\/section>\n\t\t\t\t<section class=\"elementor-section elementor-top-section elementor-element elementor-element-1163311 elementor-hidden-desktop elementor-hidden-tablet elementor-section-boxed elementor-section-height-default elementor-section-height-default\" data-id=\"1163311\" data-element_type=\"section\" data-e-type=\"section\" data-settings=\"{&quot;background_background&quot;:&quot;classic&quot;}\" data-area=\"hero\">\n\t\t\t\t\t\t<div class=\"elementor-container elementor-column-gap-default\">\n\t\t\t\t\t<div class=\"elementor-column elementor-col-100 elementor-top-column elementor-element elementor-element-2383204\" data-id=\"2383204\" data-element_type=\"column\" data-e-type=\"column\">\n\t\t\t<div class=\"elementor-widget-wrap elementor-element-populated\">\n\t\t\t\t\t\t<section class=\"elementor-section elementor-inner-section elementor-element elementor-element-9bcf335 elementor-section-boxed elementor-section-height-default elementor-section-height-default\" data-id=\"9bcf335\" data-element_type=\"section\" data-e-type=\"section\">\n\t\t\t\t\t\t<div class=\"elementor-container elementor-column-gap-default\">\n\t\t\t\t\t<div class=\"elementor-column elementor-col-100 elementor-inner-column elementor-element elementor-element-0d09976 elementor-hidden-desktop elementor-hidden-tablet\" data-id=\"0d09976\" data-element_type=\"column\" data-e-type=\"column\">\n\t\t\t<div class=\"elementor-widget-wrap elementor-element-populated\">\n\t\t\t\t\t\t<div class=\"elementor-element elementor-element-e34b409 elementor-widget__width-initial elementor-widget elementor-widget-heading\" data-id=\"e34b409\" data-element_type=\"widget\" data-e-type=\"widget\" data-widget_type=\"heading.default\">\n\t\t\t\t<div class=\"elementor-widget-container\">\n\t\t\t\t\t<h1 class=\"elementor-heading-title elementor-size-default\">Dans le confort de votre foyer<\/h1>\t\t\t\t<\/div>\n\t\t\t\t<\/div>\n\t\t\t\t<div class=\"elementor-element elementor-element-b3cd551 elementor-widget__width-initial elementor-widget elementor-widget-text-editor\" data-id=\"b3cd551\" data-element_type=\"widget\" data-e-type=\"widget\" data-widget_type=\"text-editor.default\">\n\t\t\t\t<div class=\"elementor-widget-container\">\n\t\t\t\t\t\t\t\t\t<h5>Savez-vous que votre abonnement SiriusXM vous permet d&rsquo;\u00e9couter en dehors de la voiture sur votre t\u00e9l\u00e9phone, en ligne et \u00e0 la maison?<\/h5>\t\t\t\t\t\t\t\t<\/div>\n\t\t\t\t<\/div>\n\t\t\t\t\t<\/div>\n\t\t<\/div>\n\t\t\t\t\t<\/div>\n\t\t<\/section>\n\t\t\t\t\t<\/div>\n\t\t<\/div>\n\t\t\t\t\t<\/div>\n\t\t<\/section>\n\t\t\t\t<section class=\"elementor-section elementor-top-section elementor-element elementor-element-9bceeeb elementor-section-stretched elementor-section-boxed elementor-section-height-default elementor-section-height-default\" data-id=\"9bceeeb\" data-element_type=\"section\" data-e-type=\"section\" data-settings=\"{&quot;stretch_section&quot;:&quot;section-stretched&quot;,&quot;background_background&quot;:&quot;classic&quot;}\">\n\t\t\t\t\t\t<div class=\"elementor-container elementor-column-gap-default\">\n\t\t\t\t\t<div class=\"elementor-column elementor-col-100 elementor-top-column elementor-element elementor-element-5cdb3e9\" data-id=\"5cdb3e9\" data-element_type=\"column\" data-e-type=\"column\">\n\t\t\t<div class=\"elementor-widget-wrap elementor-element-populated\">\n\t\t\t\t\t\t<div class=\"elementor-element elementor-element-97675ca elementor-widget elementor-widget-heading\" data-id=\"97675ca\" data-element_type=\"widget\" data-e-type=\"widget\" data-widget_type=\"heading.default\">\n\t\t\t\t<div class=\"elementor-widget-container\">\n\t\t\t\t\t<h4 class=\"elementor-heading-title elementor-size-default\">Que vous travailliez \u00e0 la maison, que vous soyez en balade ou allong\u00e9 sur le canap\u00e9, diffusez SiriusXM sur votre t\u00e9l\u00e9phone ou en ligne. Suivez les \u00e9tapes simples ci-dessous pour commencer \u00e0 \u00e9couter maintenant.<\/h4>\t\t\t\t<\/div>\n\t\t\t\t<\/div>\n\t\t\t\t<section class=\"elementor-section elementor-top-section elementor-element elementor-element-9a3c20a elementor-section-boxed elementor-section-height-default elementor-section-height-default\" data-id=\"9a3c20a\" data-element_type=\"section\" data-e-type=\"section\" data-settings=\"{&quot;background_background&quot;:&quot;classic&quot;}\">\n\t\t\t\t\t\t<div class=\"elementor-container elementor-column-gap-default\">\n\t\t\t\t\t<div class=\"elementor-column elementor-col-100 elementor-top-column elementor-element elementor-element-622054d\" data-id=\"622054d\" data-element_type=\"column\" data-e-type=\"column\">\n\t\t\t<div class=\"elementor-widget-wrap elementor-element-populated\">\n\t\t\t\t\t\t<section class=\"elementor-section elementor-inner-section elementor-element elementor-element-70d2511 elementor-section-boxed elementor-section-height-default elementor-section-height-default\" data-id=\"70d2511\" data-element_type=\"section\" data-e-type=\"section\">\n\t\t\t\t\t\t<div class=\"elementor-container elementor-column-gap-default\">\n\t\t\t\t\t<div class=\"elementor-column elementor-col-50 elementor-inner-column elementor-element elementor-element-8ba19b3\" data-id=\"8ba19b3\" data-element_type=\"column\" data-e-type=\"column\">\n\t\t\t<div class=\"elementor-widget-wrap elementor-element-populated\">\n\t\t\t\t\t\t<div class=\"elementor-element elementor-element-6c7f7c8 elementor-widget elementor-widget-text-editor\" data-id=\"6c7f7c8\" data-element_type=\"widget\" data-e-type=\"widget\" data-widget_type=\"text-editor.default\">\n\t\t\t\t<div class=\"elementor-widget-container\">\n\t\t\t\t\t\t\t\t\t<p><strong>\u00cates-vous d\u00e9j\u00e0 inscrit \u00e0 Mon compte?<\/strong> Ouvrez simplement une session sur Mon compte pour \u00e9tablir votre mot de passe de diffusion en continu et commencez \u00e0 \u00e9couter en dehors de votre v\u00e9hicule.<\/p>\t\t\t\t\t\t\t\t<\/div>\n\t\t\t\t<\/div>\n\t\t\t\t\t<\/div>\n\t\t<\/div>\n\t\t\t\t<div class=\"elementor-column elementor-col-50 elementor-inner-column elementor-element elementor-element-bff2c3a\" data-id=\"bff2c3a\" data-element_type=\"column\" data-e-type=\"column\">\n\t\t\t<div class=\"elementor-widget-wrap elementor-element-populated\">\n\t\t\t\t\t\t<div class=\"elementor-element elementor-element-5b94c92 elementor-widget elementor-widget-text-editor\" data-id=\"5b94c92\" data-element_type=\"widget\" data-e-type=\"widget\" data-widget_type=\"text-editor.default\">\n\t\t\t\t<div class=\"elementor-widget-container\">\n\t\t\t\t\t\t\t\t\t<p><strong><a href=\"http:\/\/care.siriusxm.ca\/accountcenter\/login?langpref=fr\" target=\"_blank\" rel=\"noopener\">Commencez<\/a><\/strong><\/p>\t\t\t\t\t\t\t\t<\/div>\n\t\t\t\t<\/div>\n\t\t\t\t\t<\/div>\n\t\t<\/div>\n\t\t\t\t\t<\/div>\n\t\t<\/section>\n\t\t\t\t\t<\/div>\n\t\t<\/div>\n\t\t\t\t\t<\/div>\n\t\t<\/section>\n\t\t\t\t<section class=\"elementor-section elementor-top-section elementor-element elementor-element-c192443 elementor-section-boxed elementor-section-height-default elementor-section-height-default\" data-id=\"c192443\" data-element_type=\"section\" data-e-type=\"section\" data-settings=\"{&quot;background_background&quot;:&quot;classic&quot;}\">\n\t\t\t\t\t\t<div class=\"elementor-container elementor-column-gap-default\">\n\t\t\t\t\t<div class=\"elementor-column elementor-col-100 elementor-top-column elementor-element elementor-element-ade5ae1\" data-id=\"ade5ae1\" data-element_type=\"column\" data-e-type=\"column\">\n\t\t\t<div class=\"elementor-widget-wrap elementor-element-populated\">\n\t\t\t\t\t\t<section class=\"elementor-section elementor-inner-section elementor-element elementor-element-5386767 elementor-section-boxed elementor-section-height-default elementor-section-height-default\" data-id=\"5386767\" data-element_type=\"section\" data-e-type=\"section\">\n\t\t\t\t\t\t<div class=\"elementor-container elementor-column-gap-default\">\n\t\t\t\t\t<div class=\"elementor-column elementor-col-50 elementor-inner-column elementor-element elementor-element-0feb3be\" data-id=\"0feb3be\" data-element_type=\"column\" data-e-type=\"column\">\n\t\t\t<div class=\"elementor-widget-wrap elementor-element-populated\">\n\t\t\t\t\t\t<div class=\"elementor-element elementor-element-9823d92 elementor-widget elementor-widget-text-editor\" data-id=\"9823d92\" data-element_type=\"widget\" data-e-type=\"widget\" data-widget_type=\"text-editor.default\">\n\t\t\t\t<div class=\"elementor-widget-container\">\n\t\t\t\t\t\t\t\t\t<p><strong>Pas encore inscrit \u00e0 Mon compte?<\/strong> C&rsquo;est facile! Assurez-vous d&rsquo;avoir \u00e0 votre port\u00e9e le code de votre radio, votre code postal et votre num\u00e9ro de t\u00e9l\u00e9phone.\u00a0<a href=\"https:\/\/www.siriusxm.ca\/fr\/aide\/lien-a-changer\">Comment trouver votre code de radio<\/a><\/p>\t\t\t\t\t\t\t\t<\/div>\n\t\t\t\t<\/div>\n\t\t\t\t\t<\/div>\n\t\t<\/div>\n\t\t\t\t<div class=\"elementor-column elementor-col-50 elementor-inner-column elementor-element elementor-element-0071c0f\" data-id=\"0071c0f\" data-element_type=\"column\" data-e-type=\"column\">\n\t\t\t<div class=\"elementor-widget-wrap elementor-element-populated\">\n\t\t\t\t\t\t<div class=\"elementor-element elementor-element-c21b8f1 elementor-widget elementor-widget-text-editor\" data-id=\"c21b8f1\" data-element_type=\"widget\" data-e-type=\"widget\" data-widget_type=\"text-editor.default\">\n\t\t\t\t<div class=\"elementor-widget-container\">\n\t\t\t\t\t\t\t\t\t<p><strong><a href=\"https:\/\/care.siriusxm.ca\/account\/credentials\/forgot-username?langpref=fr\" target=\"_blank\" rel=\"noopener\">Inscrivez-vous maintenant<\/a><\/strong><\/p>\t\t\t\t\t\t\t\t<\/div>\n\t\t\t\t<\/div>\n\t\t\t\t\t<\/div>\n\t\t<\/div>\n\t\t\t\t\t<\/div>\n\t\t<\/section>\n\t\t\t\t\t<\/div>\n\t\t<\/div>\n\t\t\t\t\t<\/div>\n\t\t<\/section>\n\t\t\t\t<section class=\"elementor-section elementor-top-section elementor-element elementor-element-a0f05da elementor-section-boxed elementor-section-height-default elementor-section-height-default\" data-id=\"a0f05da\" data-element_type=\"section\" data-e-type=\"section\" data-settings=\"{&quot;background_background&quot;:&quot;classic&quot;}\">\n\t\t\t\t\t\t<div class=\"elementor-container elementor-column-gap-default\">\n\t\t\t\t\t<div class=\"elementor-column elementor-col-100 elementor-top-column elementor-element elementor-element-8a59a8b\" data-id=\"8a59a8b\" data-element_type=\"column\" data-e-type=\"column\">\n\t\t\t<div class=\"elementor-widget-wrap elementor-element-populated\">\n\t\t\t\t\t\t<section class=\"elementor-section elementor-inner-section elementor-element elementor-element-c8c735c elementor-section-boxed elementor-section-height-default elementor-section-height-default\" data-id=\"c8c735c\" data-element_type=\"section\" data-e-type=\"section\">\n\t\t\t\t\t\t<div class=\"elementor-container elementor-column-gap-default\">\n\t\t\t\t\t<div class=\"elementor-column elementor-col-50 elementor-inner-column elementor-element elementor-element-f257b56\" data-id=\"f257b56\" data-element_type=\"column\" data-e-type=\"column\">\n\t\t\t<div class=\"elementor-widget-wrap elementor-element-populated\">\n\t\t\t\t\t\t<div class=\"elementor-element elementor-element-d54303d elementor-widget elementor-widget-text-editor\" data-id=\"d54303d\" data-element_type=\"widget\" data-e-type=\"widget\" data-widget_type=\"text-editor.default\">\n\t\t\t\t<div class=\"elementor-widget-container\">\n\t\t\t\t\t\t\t\t\t<p>Une fois que vous aurez configur\u00e9 votre ou vos mots de passe de diffusion en continu pour votre ou vos abonnements dans Mon compte\u2026 allez \u00e0 <a href=\"https:\/\/can.siriusxm.com\/player?lang=fr\" target=\"_blank\" rel=\"noopener\">can.siriusxm.com\/player<\/a> pour commencer \u00e0 \u00e9couter!<\/p>\t\t\t\t\t\t\t\t<\/div>\n\t\t\t\t<\/div>\n\t\t\t\t\t<\/div>\n\t\t<\/div>\n\t\t\t\t<div class=\"elementor-column elementor-col-50 elementor-inner-column elementor-element elementor-element-0b63d25\" data-id=\"0b63d25\" data-element_type=\"column\" data-e-type=\"column\">\n\t\t\t<div class=\"elementor-widget-wrap elementor-element-populated\">\n\t\t\t\t\t\t<div class=\"elementor-element elementor-element-a371c8f elementor-widget elementor-widget-text-editor\" data-id=\"a371c8f\" data-element_type=\"widget\" data-e-type=\"widget\" data-widget_type=\"text-editor.default\">\n\t\t\t\t<div class=\"elementor-widget-container\">\n\t\t\t\t\t\t\t\t\t<p><strong><a href=\"https:\/\/can.siriusxm.com\/player?lang=fr\" target=\"_blank\" rel=\"noopener\">\u00c9coutez maintenant<\/a><\/strong><\/p>\t\t\t\t\t\t\t\t<\/div>\n\t\t\t\t<\/div>\n\t\t\t\t\t<\/div>\n\t\t<\/div>\n\t\t\t\t\t<\/div>\n\t\t<\/section>\n\t\t\t\t\t<\/div>\n\t\t<\/div>\n\t\t\t\t\t<\/div>\n\t\t<\/section>\n\t\t\t\t\t<\/div>\n\t\t<\/div>\n\t\t\t\t\t<\/div>\n\t\t<\/section>\n\t\t\t\t<\/div>\n\t\t","protected":false},"excerpt":{"rendered":"<p>Dans le confort de votre foyer Savez-vous que votre abonnement SiriusXM vous permet d&rsquo;\u00e9couter en dehors de la voiture sur votre t\u00e9l\u00e9phone, en ligne et \u00e0 la maison? Dans le confort de votre foyer Savez-vous que votre abonnement SiriusXM vous permet d&rsquo;\u00e9couter en dehors de la voiture sur votre t\u00e9l\u00e9phone, en ligne et \u00e0 la &hellip; <a href=\"https:\/\/www.siriusxm.ca\/fr\/en-continu-avec-ma-musique\/\">Continued<\/a><\/p>\n","protected":false},"author":4,"featured_media":0,"parent":0,"menu_order":868,"comment_status":"closed","ping_status":"closed","template":"views\/template-promo.blade.php","meta":{"_acf_changed":false,"_searchwp_excluded":"","footnotes":""},"class_list":["post-204935","page","type-page","status-publish","hentry"],"acf":[],"yoast_head":"<!-- This site is optimized with the Yoast SEO Premium plugin v27.2 (Yoast SEO v27.2) - https:\/\/yoast.com\/product\/yoast-seo-premium-wordpress\/ -->\n<title>Votre abonnement Ma Musique comprend maintenant la diffusion en continu | SiriusXM Canada<\/title>\n<meta name=\"description\" content=\"Votre abonnement Ma Musique comprend maintenant la diffusion en continu. Il y a encore plus de fa\u00e7ons d&#039;acc\u00e9der au divertissement que vous aimez.\" \/>\n<meta name=\"robots\" content=\"index, follow, max-snippet:-1, max-image-preview:large, max-video-preview:-1\" \/>\n<link rel=\"canonical\" href=\"https:\/\/www.siriusxm.ca\/fr\/en-continu-avec-ma-musique\/\" \/>\n<meta property=\"og:type\" content=\"article\" \/>\n<meta property=\"og:title\" content=\"Votre abonnement Ma Musique comprend maintenant la diffusion en continu | SiriusXM Canada\" \/>\n<meta property=\"og:description\" content=\"Votre abonnement Ma Musique comprend maintenant la diffusion en continu. Il y a encore plus de fa\u00e7ons d&#039;acc\u00e9der au divertissement que vous aimez.\" \/>\n<meta property=\"og:url\" content=\"https:\/\/www.siriusxm.ca\/fr\/en-continu-avec-ma-musique\/\" \/>\n<meta property=\"og:site_name\" content=\"SiriusXM Canada\" \/>\n<meta property=\"article:modified_time\" content=\"2024-11-20T22:13:58+00:00\" \/>\n<meta property=\"og:image\" content=\"https:\/\/www.siriusxm.ca\/wp-content\/uploads\/2020\/12\/SiriusXM-Canada.jpg\" \/>\n<meta name=\"twitter:card\" content=\"summary_large_image\" \/>\n<meta name=\"twitter:title\" content=\"Votre abonnement Ma Musique comprend maintenant la diffusion en continu | SiriusXM Canada\" \/>\n<meta name=\"twitter:label1\" content=\"Estimation du temps de lecture\" \/>\n\t<meta name=\"twitter:data1\" content=\"2 minutes\" \/>\n<script type=\"application\/ld+json\" class=\"yoast-schema-graph\">{\"@context\":\"https:\/\/schema.org\",\"@graph\":[{\"@type\":\"WebPage\",\"@id\":\"https:\/\/www.siriusxm.ca\/fr\/en-continu-avec-ma-musique\/\",\"url\":\"https:\/\/www.siriusxm.ca\/fr\/en-continu-avec-ma-musique\/\",\"name\":\"Votre abonnement Ma Musique comprend maintenant la diffusion en continu | SiriusXM Canada\",\"isPartOf\":{\"@id\":\"https:\/\/www.siriusxm.ca\/fr\/#website\"},\"primaryImageOfPage\":{\"@id\":\"https:\/\/www.siriusxm.ca\/fr\/en-continu-avec-ma-musique\/#primaryimage\"},\"image\":{\"@id\":\"https:\/\/www.siriusxm.ca\/fr\/en-continu-avec-ma-musique\/#primaryimage\"},\"thumbnailUrl\":\"https:\/\/www.siriusxm.ca\/wp-content\/uploads\/2020\/08\/Hero-Mobile-Streaming-with-Mostly-Music.png\",\"datePublished\":\"2020-08-18T18:35:45+00:00\",\"dateModified\":\"2024-11-20T22:13:58+00:00\",\"description\":\"Votre abonnement Ma Musique comprend maintenant la diffusion en continu. Il y a encore plus de fa\u00e7ons d'acc\u00e9der au divertissement que vous aimez.\",\"breadcrumb\":{\"@id\":\"https:\/\/www.siriusxm.ca\/fr\/en-continu-avec-ma-musique\/#breadcrumb\"},\"inLanguage\":\"fr-CA\",\"potentialAction\":[{\"@type\":\"ReadAction\",\"target\":[\"https:\/\/www.siriusxm.ca\/fr\/en-continu-avec-ma-musique\/\"]}]},{\"@type\":\"ImageObject\",\"inLanguage\":\"fr-CA\",\"@id\":\"https:\/\/www.siriusxm.ca\/fr\/en-continu-avec-ma-musique\/#primaryimage\",\"url\":\"https:\/\/www.siriusxm.ca\/wp-content\/uploads\/2020\/08\/Hero-Mobile-Streaming-with-Mostly-Music.png\",\"contentUrl\":\"https:\/\/www.siriusxm.ca\/wp-content\/uploads\/2020\/08\/Hero-Mobile-Streaming-with-Mostly-Music.png\"},{\"@type\":\"BreadcrumbList\",\"@id\":\"https:\/\/www.siriusxm.ca\/fr\/en-continu-avec-ma-musique\/#breadcrumb\",\"itemListElement\":[{\"@type\":\"ListItem\",\"position\":1,\"name\":\"Home\",\"item\":\"https:\/\/www.siriusxm.ca\/fr\/\"},{\"@type\":\"ListItem\",\"position\":2,\"name\":\"Promotion \/\/ Streaming with Mostly Music (French)\"}]},{\"@type\":\"WebSite\",\"@id\":\"https:\/\/www.siriusxm.ca\/fr\/#website\",\"url\":\"https:\/\/www.siriusxm.ca\/fr\/\",\"name\":\"SiriusXM Canada\",\"description\":\"\",\"potentialAction\":[{\"@type\":\"SearchAction\",\"target\":{\"@type\":\"EntryPoint\",\"urlTemplate\":\"https:\/\/www.siriusxm.ca\/fr\/search\/{search_term_string}\"},\"query-input\":{\"@type\":\"PropertyValueSpecification\",\"valueRequired\":true,\"valueName\":\"search_term_string\"}}],\"inLanguage\":\"fr-CA\"}]}<\/script>\n<!-- \/ Yoast SEO Premium plugin. -->","yoast_head_json":{"title":"Votre abonnement Ma Musique comprend maintenant la diffusion en continu | SiriusXM Canada","description":"Votre abonnement Ma Musique comprend maintenant la diffusion en continu. Il y a encore plus de fa\u00e7ons d'acc\u00e9der au divertissement que vous aimez.","robots":{"index":"index","follow":"follow","max-snippet":"max-snippet:-1","max-image-preview":"max-image-preview:large","max-video-preview":"max-video-preview:-1"},"canonical":"https:\/\/www.siriusxm.ca\/fr\/en-continu-avec-ma-musique\/","og_type":"article","og_title":"Votre abonnement Ma Musique comprend maintenant la diffusion en continu | SiriusXM Canada","og_description":"Votre abonnement Ma Musique comprend maintenant la diffusion en continu. Il y a encore plus de fa\u00e7ons d'acc\u00e9der au divertissement que vous aimez.","og_url":"https:\/\/www.siriusxm.ca\/fr\/en-continu-avec-ma-musique\/","og_site_name":"SiriusXM Canada","article_modified_time":"2024-11-20T22:13:58+00:00","og_image":[{"url":"https:\/\/www.siriusxm.ca\/wp-content\/uploads\/2020\/12\/SiriusXM-Canada.jpg","type":"","width":"","height":""}],"twitter_card":"summary_large_image","twitter_title":"Votre abonnement Ma Musique comprend maintenant la diffusion en continu | SiriusXM Canada","twitter_misc":{"Estimation du temps de lecture":"2 minutes"},"schema":{"@context":"https:\/\/schema.org","@graph":[{"@type":"WebPage","@id":"https:\/\/www.siriusxm.ca\/fr\/en-continu-avec-ma-musique\/","url":"https:\/\/www.siriusxm.ca\/fr\/en-continu-avec-ma-musique\/","name":"Votre abonnement Ma Musique comprend maintenant la diffusion en continu | SiriusXM Canada","isPartOf":{"@id":"https:\/\/www.siriusxm.ca\/fr\/#website"},"primaryImageOfPage":{"@id":"https:\/\/www.siriusxm.ca\/fr\/en-continu-avec-ma-musique\/#primaryimage"},"image":{"@id":"https:\/\/www.siriusxm.ca\/fr\/en-continu-avec-ma-musique\/#primaryimage"},"thumbnailUrl":"https:\/\/www.siriusxm.ca\/wp-content\/uploads\/2020\/08\/Hero-Mobile-Streaming-with-Mostly-Music.png","datePublished":"2020-08-18T18:35:45+00:00","dateModified":"2024-11-20T22:13:58+00:00","description":"Votre abonnement Ma Musique comprend maintenant la diffusion en continu. Il y a encore plus de fa\u00e7ons d'acc\u00e9der au divertissement que vous aimez.","breadcrumb":{"@id":"https:\/\/www.siriusxm.ca\/fr\/en-continu-avec-ma-musique\/#breadcrumb"},"inLanguage":"fr-CA","potentialAction":[{"@type":"ReadAction","target":["https:\/\/www.siriusxm.ca\/fr\/en-continu-avec-ma-musique\/"]}]},{"@type":"ImageObject","inLanguage":"fr-CA","@id":"https:\/\/www.siriusxm.ca\/fr\/en-continu-avec-ma-musique\/#primaryimage","url":"https:\/\/www.siriusxm.ca\/wp-content\/uploads\/2020\/08\/Hero-Mobile-Streaming-with-Mostly-Music.png","contentUrl":"https:\/\/www.siriusxm.ca\/wp-content\/uploads\/2020\/08\/Hero-Mobile-Streaming-with-Mostly-Music.png"},{"@type":"BreadcrumbList","@id":"https:\/\/www.siriusxm.ca\/fr\/en-continu-avec-ma-musique\/#breadcrumb","itemListElement":[{"@type":"ListItem","position":1,"name":"Home","item":"https:\/\/www.siriusxm.ca\/fr\/"},{"@type":"ListItem","position":2,"name":"Promotion \/\/ Streaming with Mostly Music (French)"}]},{"@type":"WebSite","@id":"https:\/\/www.siriusxm.ca\/fr\/#website","url":"https:\/\/www.siriusxm.ca\/fr\/","name":"SiriusXM Canada","description":"","potentialAction":[{"@type":"SearchAction","target":{"@type":"EntryPoint","urlTemplate":"https:\/\/www.siriusxm.ca\/fr\/search\/{search_term_string}"},"query-input":{"@type":"PropertyValueSpecification","valueRequired":true,"valueName":"search_term_string"}}],"inLanguage":"fr-CA"}]}},"_links":{"self":[{"href":"https:\/\/www.siriusxm.ca\/fr\/wp-json\/wp\/v2\/pages\/204935","targetHints":{"allow":["GET"]}}],"collection":[{"href":"https:\/\/www.siriusxm.ca\/fr\/wp-json\/wp\/v2\/pages"}],"about":[{"href":"https:\/\/www.siriusxm.ca\/fr\/wp-json\/wp\/v2\/types\/page"}],"author":[{"embeddable":true,"href":"https:\/\/www.siriusxm.ca\/fr\/wp-json\/wp\/v2\/users\/4"}],"replies":[{"embeddable":true,"href":"https:\/\/www.siriusxm.ca\/fr\/wp-json\/wp\/v2\/comments?post=204935"}],"version-history":[{"count":0,"href":"https:\/\/www.siriusxm.ca\/fr\/wp-json\/wp\/v2\/pages\/204935\/revisions"}],"wp:attachment":[{"href":"https:\/\/www.siriusxm.ca\/fr\/wp-json\/wp\/v2\/media?parent=204935"}],"curies":[{"name":"wp","href":"https:\/\/api.w.org\/{rel}","templated":true}]}}