{"id":241963,"date":"2020-09-14T12:12:59","date_gmt":"2020-09-14T16:12:59","guid":{"rendered":"https:\/\/www.siriusxm.ca\/family-friendly-plan-options\/"},"modified":"2026-03-29T18:58:59","modified_gmt":"2026-03-29T22:58:59","slug":"loption-pour-les-familles-de-ce-plan","status":"publish","type":"page","link":"https:\/\/www.siriusxm.ca\/fr\/loption-pour-les-familles-de-ce-plan\/","title":{"rendered":"Subscribe \/\/ Plans \/ Family Friendly Plan Options (French)"},"content":{"rendered":"\t\t<div data-elementor-type=\"wp-post\" data-elementor-id=\"241963\" class=\"elementor elementor-241963 elementor-241955\" data-elementor-post-type=\"page\">\n\t\t\t\t\t\t<section class=\"elementor-section elementor-top-section elementor-element elementor-element-2d92f16 elementor-section-stretched elementor-section-height-min-height elementor-section-items-top elementor-section-boxed elementor-section-height-default\" data-id=\"2d92f16\" data-element_type=\"section\" data-e-type=\"section\" data-settings=\"{&quot;stretch_section&quot;:&quot;section-stretched&quot;,&quot;background_background&quot;:&quot;classic&quot;}\" data-area=\"hero\">\n\t\t\t\t\t\t<div class=\"elementor-container elementor-column-gap-default\">\n\t\t\t\t\t<div class=\"elementor-column elementor-col-100 elementor-top-column elementor-element elementor-element-9cb224d\" data-id=\"9cb224d\" data-element_type=\"column\" data-e-type=\"column\">\n\t\t\t<div class=\"elementor-widget-wrap elementor-element-populated\">\n\t\t\t\t\t\t<section class=\"elementor-section elementor-inner-section elementor-element elementor-element-03ea9d6 elementor-section-content-bottom elementor-section-boxed elementor-section-height-default elementor-section-height-default\" data-id=\"03ea9d6\" data-element_type=\"section\" data-e-type=\"section\">\n\t\t\t\t\t\t<div class=\"elementor-container elementor-column-gap-default\">\n\t\t\t\t\t<div class=\"elementor-column elementor-col-50 elementor-inner-column elementor-element elementor-element-22b05f7\" data-id=\"22b05f7\" data-element_type=\"column\" data-e-type=\"column\">\n\t\t\t<div class=\"elementor-widget-wrap elementor-element-populated\">\n\t\t\t\t\t\t<div class=\"elementor-element elementor-element-9b240b2 elementor-widget elementor-widget-heading\" data-id=\"9b240b2\" data-element_type=\"widget\" data-e-type=\"widget\" data-widget_type=\"heading.default\">\n\t\t\t\t<div class=\"elementor-widget-container\">\n\t\t\t\t\t<h1 class=\"elementor-heading-title elementor-size-default\">L'option pour les familles de ce plan<\/h1>\t\t\t\t<\/div>\n\t\t\t\t<\/div>\n\t\t\t\t\t<\/div>\n\t\t<\/div>\n\t\t\t\t<div class=\"elementor-column elementor-col-50 elementor-inner-column elementor-element elementor-element-c255cd3 elementor-hidden-mobile elementor-hidden-tablet\" data-id=\"c255cd3\" data-element_type=\"column\" data-e-type=\"column\">\n\t\t\t<div class=\"elementor-widget-wrap\">\n\t\t\t\t\t\t\t<\/div>\n\t\t<\/div>\n\t\t\t\t\t<\/div>\n\t\t<\/section>\n\t\t\t\t\t<\/div>\n\t\t<\/div>\n\t\t\t\t\t<\/div>\n\t\t<\/section>\n\t\t\t\t<section class=\"elementor-section elementor-top-section elementor-element elementor-element-1a51aa4 elementor-section-stretched elementor-section-boxed elementor-section-height-default elementor-section-height-default\" data-id=\"1a51aa4\" data-element_type=\"section\" data-e-type=\"section\" data-settings=\"{&quot;stretch_section&quot;:&quot;section-stretched&quot;,&quot;background_background&quot;:&quot;classic&quot;}\">\n\t\t\t\t\t\t<div class=\"elementor-container elementor-column-gap-default\">\n\t\t\t\t\t<div class=\"elementor-column elementor-col-100 elementor-top-column elementor-element elementor-element-4b6c111\" data-id=\"4b6c111\" data-element_type=\"column\" data-e-type=\"column\">\n\t\t\t<div class=\"elementor-widget-wrap elementor-element-populated\">\n\t\t\t\t\t\t<section class=\"elementor-section elementor-inner-section elementor-element elementor-element-b0b0bfc elementor-section-boxed elementor-section-height-default elementor-section-height-default\" data-id=\"b0b0bfc\" data-element_type=\"section\" data-e-type=\"section\">\n\t\t\t\t\t\t<div class=\"elementor-container elementor-column-gap-default\">\n\t\t\t\t\t<div class=\"elementor-column elementor-col-50 elementor-inner-column elementor-element elementor-element-4173877\" data-id=\"4173877\" data-element_type=\"column\" data-e-type=\"column\">\n\t\t\t<div class=\"elementor-widget-wrap elementor-element-populated\">\n\t\t\t\t\t\t<div class=\"elementor-element elementor-element-6f5b993 elementor-widget elementor-widget-text-editor\" data-id=\"6f5b993\" data-element_type=\"widget\" data-e-type=\"widget\" data-widget_type=\"text-editor.default\">\n\t\t\t\t<div class=\"elementor-widget-container\">\n\t\t\t\t\t\t\t\t\t<p>Quand vous demandez une version Pour la famille d\u2019un forfait, les stations adultes sont exclues. Pour modifier votre forfait \u00e0 une version Pour la famille, veuillez appeler le service \u00e0 la client\u00e8le au <strong>1 888 539-7474<\/strong>.<\/p>\n<p>Vous pouvez \u00e9galement apprendre comment verouiller, prot\u00e9ger et cacher les stations au contenu adulte sur votre r\u00e9cepteur radio en consultant le guide de l\u2019utilisateur.<\/p>\t\t\t\t\t\t\t\t<\/div>\n\t\t\t\t<\/div>\n\t\t\t\t\t<\/div>\n\t\t<\/div>\n\t\t\t\t<div class=\"elementor-column elementor-col-50 elementor-inner-column elementor-element elementor-element-365db4f elementor-hidden-phone\" data-id=\"365db4f\" data-element_type=\"column\" data-e-type=\"column\">\n\t\t\t<div class=\"elementor-widget-wrap\">\n\t\t\t\t\t\t\t<\/div>\n\t\t<\/div>\n\t\t\t\t\t<\/div>\n\t\t<\/section>\n\t\t\t\t<section class=\"elementor-section elementor-inner-section elementor-element elementor-element-e16c025 elementor-section-boxed elementor-section-height-default elementor-section-height-default\" data-id=\"e16c025\" data-element_type=\"section\" data-e-type=\"section\">\n\t\t\t\t\t\t<div class=\"elementor-container elementor-column-gap-default\">\n\t\t\t\t\t<div class=\"elementor-column elementor-col-100 elementor-inner-column elementor-element elementor-element-e5d229f\" data-id=\"e5d229f\" data-element_type=\"column\" data-e-type=\"column\">\n\t\t\t<div class=\"elementor-widget-wrap elementor-element-populated\">\n\t\t\t\t\t\t<div class=\"elementor-element elementor-element-4a4115d elementor-widget elementor-widget-heading\" data-id=\"4a4115d\" data-element_type=\"widget\" data-e-type=\"widget\" data-widget_type=\"heading.default\">\n\t\t\t\t<div class=\"elementor-widget-container\">\n\t\t\t\t\t<h4 class=\"elementor-heading-title elementor-size-default\">Stations adultes sur SiriusXM<\/h4>\t\t\t\t<\/div>\n\t\t\t\t<\/div>\n\t\t\t\t<div class=\"elementor-element elementor-element-addbb13 elementor-widget elementor-widget-text-editor\" data-id=\"addbb13\" data-element_type=\"widget\" data-e-type=\"widget\" data-widget_type=\"text-editor.default\">\n\t\t\t\t<div class=\"elementor-widget-container\">\n\t\t\t\t\t\t\t\t\t<p><strong>Unwell Music<\/strong> (Ch. 3)<br \/><strong>Octane<\/strong> (Ch. 37)<br \/><strong>Liquid Metal<\/strong> (Ch. 40)<br \/><strong>SiriusXM Turbo<\/strong> (Ch. 41)<br \/><strong>Maximum Metallica<\/strong> (Ch. 42)<br \/><strong>LL Cool J&rsquo;s Rock The Bells Radio<\/strong> (Ch. 43)<br \/><strong>Hip-Hop Nation<\/strong> (Ch. 44)<br \/><strong>Shade 45<\/strong> (Ch. 45)<br \/><strong>Flex2K<\/strong> (Ch. 49)<br \/><strong>SiriusXM Fly<\/strong> (Ch. 50)<br \/><strong>Netflix is a Joke Radio<\/strong> (Ch. 93)<br \/><strong>Comedy Greats<\/strong> (Ch. 94)<br \/><strong>Comedy Central Radio<\/strong> (Ch. 95)<br \/><strong>Kevin Hart&rsquo;s LOL Radio<\/strong> (Ch. 96)<br \/><strong>Jeff &amp; Larry&rsquo;s Comedy Roundup<\/strong> (Ch. 97)<br \/><strong>Raw Comedy<\/strong> (Ch. 99)<br \/><strong>Howard 100<\/strong> (Ch. 100)<br \/><strong>Howard 101<\/strong> (Ch. 101)<br \/><strong>Radio Andy<\/strong> (Ch. 102)<br \/><strong>Faction Talk<\/strong> (Ch. 103)<br \/><strong>Stars<\/strong> (Ch. 109)<br \/><strong>Hits Uno<\/strong> (Ch. 151)<br \/><strong>Mixtape: North<\/strong> (Ch. 164)<br \/><strong>SiriusXM Comedy Club<\/strong> (Ch. 168)<br \/><strong>Faction Punk<\/strong> (Ch. 314 &#8211; en ligne seulement)<br \/><strong>Pandora Now<\/strong> (Ch. 703 &#8211; en ligne seulement)<br \/><strong>SiriusXM K-pop<\/strong> (Ch. 705 &#8211; en ligne seulement)<br \/><strong>Sway&rsquo;s Universe<\/strong> (Ch. 720 &#8211; en ligne seulement)<br \/><strong>LL Cool J&rsquo;s Rock The Bells Mixdown<\/strong> (Ch. 723 &#8211; en ligne seulement)<br \/><strong>Soundcloud Radio<\/strong> (Ch. 734 &#8211; en ligne seulement)<br \/><strong>Experts Only Radio<\/strong> (Ch. 737 &#8211; en ligne seulement)<br \/><strong>One World Radio<\/strong> (Ch. 738 &#8211; en ligne seulement)<br \/><strong>Poplandia<\/strong> (Ch. 754 &#8211; en ligne seulement)<br \/><strong>Comedy in Full<\/strong> (Ch. 773 &#8211; en ligne seulement)<br \/><strong>Unwell On Air<\/strong> (Ch. 786 &#8211; en ligne seulement)<br \/><strong>SmartLess Radio<\/strong> (Ch. 787 &#8211; en ligne seulement)<br \/><strong>The Jeff Lewis Channel<\/strong> (Ch. 789- en ligne seulement)<\/p>\t\t\t\t\t\t\t\t<\/div>\n\t\t\t\t<\/div>\n\t\t\t\t\t<\/div>\n\t\t<\/div>\n\t\t\t\t\t<\/div>\n\t\t<\/section>\n\t\t\t\t\t<\/div>\n\t\t<\/div>\n\t\t\t\t\t<\/div>\n\t\t<\/section>\n\t\t\t\t<\/div>\n\t\t","protected":false},"excerpt":{"rendered":"<p>L&rsquo;option pour les familles de ce plan Quand vous demandez une version Pour la famille d\u2019un forfait, les stations adultes sont exclues. Pour modifier votre forfait \u00e0 une version Pour la famille, veuillez appeler le service \u00e0 la client\u00e8le au 1 888 539-7474. Vous pouvez \u00e9galement apprendre comment verouiller, prot\u00e9ger et cacher les stations au &hellip; <a href=\"https:\/\/www.siriusxm.ca\/fr\/loption-pour-les-familles-de-ce-plan\/\">Continued<\/a><\/p>\n","protected":false},"author":4,"featured_media":0,"parent":0,"menu_order":504,"comment_status":"closed","ping_status":"closed","template":"","meta":{"_acf_changed":false,"_searchwp_excluded":"","footnotes":""},"class_list":["post-241963","page","type-page","status-publish","hentry"],"acf":[],"yoast_head":"<!-- This site is optimized with the Yoast SEO Premium plugin v27.4 (Yoast SEO v27.4) - https:\/\/yoast.com\/product\/yoast-seo-premium-wordpress\/ -->\n<title>L&#039;option pour les familles de ce plan | SiriusXM Canada<\/title>\n<meta name=\"robots\" content=\"index, follow, max-snippet:-1, max-image-preview:large, max-video-preview:-1\" \/>\n<link rel=\"canonical\" href=\"https:\/\/www.siriusxm.ca\/fr\/loption-pour-les-familles-de-ce-plan\/\" \/>\n<meta property=\"og:type\" content=\"article\" \/>\n<meta property=\"og:title\" content=\"L&#039;option pour les familles de ce plan | SiriusXM Canada\" \/>\n<meta property=\"og:description\" content=\"L&rsquo;option pour les familles de ce plan Quand vous demandez une version Pour la famille d\u2019un forfait, les stations adultes sont exclues. Pour modifier votre forfait \u00e0 une version Pour la famille, veuillez appeler le service \u00e0 la client\u00e8le au 1 888 539-7474. Vous pouvez \u00e9galement apprendre comment verouiller, prot\u00e9ger et cacher les stations au &hellip; Continued\" \/>\n<meta property=\"og:url\" content=\"https:\/\/www.siriusxm.ca\/fr\/loption-pour-les-familles-de-ce-plan\/\" \/>\n<meta property=\"og:site_name\" content=\"SiriusXM Canada\" \/>\n<meta property=\"article:modified_time\" content=\"2026-03-29T22:58:59+00:00\" \/>\n<meta property=\"og:image\" content=\"https:\/\/www.siriusxm.ca\/wp-content\/uploads\/2020\/12\/SiriusXM-Canada.jpg\" \/>\n<meta name=\"twitter:card\" content=\"summary_large_image\" \/>\n<meta name=\"twitter:title\" content=\"L&#039;option pour les familles de ce plan | SiriusXM Canada\" \/>\n<meta name=\"twitter:label1\" content=\"Estimation du temps de lecture\" \/>\n\t<meta name=\"twitter:data1\" content=\"2 minutes\" \/>\n<script type=\"application\/ld+json\" class=\"yoast-schema-graph\">{\"@context\":\"https:\\\/\\\/schema.org\",\"@graph\":[{\"@type\":\"WebPage\",\"@id\":\"https:\\\/\\\/www.siriusxm.ca\\\/fr\\\/loption-pour-les-familles-de-ce-plan\\\/\",\"url\":\"https:\\\/\\\/www.siriusxm.ca\\\/fr\\\/loption-pour-les-familles-de-ce-plan\\\/\",\"name\":\"L'option pour les familles de ce plan | SiriusXM Canada\",\"isPartOf\":{\"@id\":\"https:\\\/\\\/www.siriusxm.ca\\\/fr\\\/#website\"},\"datePublished\":\"2020-09-14T16:12:59+00:00\",\"dateModified\":\"2026-03-29T22:58:59+00:00\",\"breadcrumb\":{\"@id\":\"https:\\\/\\\/www.siriusxm.ca\\\/fr\\\/loption-pour-les-familles-de-ce-plan\\\/#breadcrumb\"},\"inLanguage\":\"fr-CA\",\"potentialAction\":[{\"@type\":\"ReadAction\",\"target\":[\"https:\\\/\\\/www.siriusxm.ca\\\/fr\\\/loption-pour-les-familles-de-ce-plan\\\/\"]}]},{\"@type\":\"BreadcrumbList\",\"@id\":\"https:\\\/\\\/www.siriusxm.ca\\\/fr\\\/loption-pour-les-familles-de-ce-plan\\\/#breadcrumb\",\"itemListElement\":[{\"@type\":\"ListItem\",\"position\":1,\"name\":\"Home\",\"item\":\"https:\\\/\\\/www.siriusxm.ca\\\/fr\\\/\"},{\"@type\":\"ListItem\",\"position\":2,\"name\":\"Subscribe \\\/\\\/ Plans \\\/ Family Friendly Plan Options (French)\"}]},{\"@type\":\"WebSite\",\"@id\":\"https:\\\/\\\/www.siriusxm.ca\\\/fr\\\/#website\",\"url\":\"https:\\\/\\\/www.siriusxm.ca\\\/fr\\\/\",\"name\":\"SiriusXM Canada\",\"description\":\"\",\"potentialAction\":[{\"@type\":\"SearchAction\",\"target\":{\"@type\":\"EntryPoint\",\"urlTemplate\":\"https:\\\/\\\/www.siriusxm.ca\\\/fr\\\/search\\\/{search_term_string}\"},\"query-input\":{\"@type\":\"PropertyValueSpecification\",\"valueRequired\":true,\"valueName\":\"search_term_string\"}}],\"inLanguage\":\"fr-CA\"}]}<\/script>\n<!-- \/ Yoast SEO Premium plugin. -->","yoast_head_json":{"title":"L'option pour les familles de ce plan | SiriusXM Canada","robots":{"index":"index","follow":"follow","max-snippet":"max-snippet:-1","max-image-preview":"max-image-preview:large","max-video-preview":"max-video-preview:-1"},"canonical":"https:\/\/www.siriusxm.ca\/fr\/loption-pour-les-familles-de-ce-plan\/","og_type":"article","og_title":"L'option pour les familles de ce plan | SiriusXM Canada","og_description":"L&rsquo;option pour les familles de ce plan Quand vous demandez une version Pour la famille d\u2019un forfait, les stations adultes sont exclues. Pour modifier votre forfait \u00e0 une version Pour la famille, veuillez appeler le service \u00e0 la client\u00e8le au 1 888 539-7474. Vous pouvez \u00e9galement apprendre comment verouiller, prot\u00e9ger et cacher les stations au &hellip; Continued","og_url":"https:\/\/www.siriusxm.ca\/fr\/loption-pour-les-familles-de-ce-plan\/","og_site_name":"SiriusXM Canada","article_modified_time":"2026-03-29T22:58:59+00:00","og_image":[{"url":"https:\/\/www.siriusxm.ca\/wp-content\/uploads\/2020\/12\/SiriusXM-Canada.jpg","type":"","width":"","height":""}],"twitter_card":"summary_large_image","twitter_title":"L'option pour les familles de ce plan | SiriusXM Canada","twitter_misc":{"Estimation du temps de lecture":"2 minutes"},"schema":{"@context":"https:\/\/schema.org","@graph":[{"@type":"WebPage","@id":"https:\/\/www.siriusxm.ca\/fr\/loption-pour-les-familles-de-ce-plan\/","url":"https:\/\/www.siriusxm.ca\/fr\/loption-pour-les-familles-de-ce-plan\/","name":"L'option pour les familles de ce plan | SiriusXM Canada","isPartOf":{"@id":"https:\/\/www.siriusxm.ca\/fr\/#website"},"datePublished":"2020-09-14T16:12:59+00:00","dateModified":"2026-03-29T22:58:59+00:00","breadcrumb":{"@id":"https:\/\/www.siriusxm.ca\/fr\/loption-pour-les-familles-de-ce-plan\/#breadcrumb"},"inLanguage":"fr-CA","potentialAction":[{"@type":"ReadAction","target":["https:\/\/www.siriusxm.ca\/fr\/loption-pour-les-familles-de-ce-plan\/"]}]},{"@type":"BreadcrumbList","@id":"https:\/\/www.siriusxm.ca\/fr\/loption-pour-les-familles-de-ce-plan\/#breadcrumb","itemListElement":[{"@type":"ListItem","position":1,"name":"Home","item":"https:\/\/www.siriusxm.ca\/fr\/"},{"@type":"ListItem","position":2,"name":"Subscribe \/\/ Plans \/ Family Friendly Plan Options (French)"}]},{"@type":"WebSite","@id":"https:\/\/www.siriusxm.ca\/fr\/#website","url":"https:\/\/www.siriusxm.ca\/fr\/","name":"SiriusXM Canada","description":"","potentialAction":[{"@type":"SearchAction","target":{"@type":"EntryPoint","urlTemplate":"https:\/\/www.siriusxm.ca\/fr\/search\/{search_term_string}"},"query-input":{"@type":"PropertyValueSpecification","valueRequired":true,"valueName":"search_term_string"}}],"inLanguage":"fr-CA"}]}},"_links":{"self":[{"href":"https:\/\/www.siriusxm.ca\/fr\/wp-json\/wp\/v2\/pages\/241963","targetHints":{"allow":["GET"]}}],"collection":[{"href":"https:\/\/www.siriusxm.ca\/fr\/wp-json\/wp\/v2\/pages"}],"about":[{"href":"https:\/\/www.siriusxm.ca\/fr\/wp-json\/wp\/v2\/types\/page"}],"author":[{"embeddable":true,"href":"https:\/\/www.siriusxm.ca\/fr\/wp-json\/wp\/v2\/users\/4"}],"replies":[{"embeddable":true,"href":"https:\/\/www.siriusxm.ca\/fr\/wp-json\/wp\/v2\/comments?post=241963"}],"version-history":[{"count":10,"href":"https:\/\/www.siriusxm.ca\/fr\/wp-json\/wp\/v2\/pages\/241963\/revisions"}],"predecessor-version":[{"id":562774,"href":"https:\/\/www.siriusxm.ca\/fr\/wp-json\/wp\/v2\/pages\/241963\/revisions\/562774"}],"wp:attachment":[{"href":"https:\/\/www.siriusxm.ca\/fr\/wp-json\/wp\/v2\/media?parent=241963"}],"curies":[{"name":"wp","href":"https:\/\/api.w.org\/{rel}","templated":true}]}}