{"id":257041,"date":"2021-01-17T22:04:22","date_gmt":"2021-01-18T03:04:22","guid":{"rendered":"https:\/\/www.siriusxm.ca\/channel-guide-download\/"},"modified":"2026-02-22T16:14:08","modified_gmt":"2026-02-22T21:14:08","slug":"menu-des-stations-telecharger","status":"publish","type":"page","link":"https:\/\/www.siriusxm.ca\/fr\/menu-des-stations-telecharger\/","title":{"rendered":"Orphan \/\/ Channel Guide Download (French)"},"content":{"rendered":"\t\t<div data-elementor-type=\"wp-post\" data-elementor-id=\"257041\" class=\"elementor elementor-257041 elementor-256886\" data-elementor-post-type=\"page\">\n\t\t\t\t<div class=\"elementor-element elementor-element-fd6b173 e-grid e-con-boxed e-con e-parent\" data-id=\"fd6b173\" data-element_type=\"container\" data-e-type=\"container\" data-settings=\"{&quot;background_background&quot;:&quot;classic&quot;}\" data-area=\"hero\">\n\t\t\t\t\t<div class=\"e-con-inner\">\n\t\t<div class=\"elementor-element elementor-element-4d75173 e-con-full e-flex e-con e-child\" data-id=\"4d75173\" data-element_type=\"container\" data-e-type=\"container\">\n\t\t<div class=\"elementor-element elementor-element-981043b elementor-hidden-mobile e-con-full e-flex e-con e-child\" data-id=\"981043b\" data-element_type=\"container\" data-e-type=\"container\">\n\t\t\t\t<div class=\"elementor-element elementor-element-db3cf75 elementor-widget__width-initial elementor-widget elementor-widget-heading\" data-id=\"db3cf75\" data-element_type=\"widget\" data-e-type=\"widget\" data-widget_type=\"heading.default\">\n\t\t\t\t<div class=\"elementor-widget-container\">\n\t\t\t\t\t<h1 class=\"elementor-heading-title elementor-size-default\">T\u00e9l\u00e9chargement du guide des cha\u00eenes<\/h1>\t\t\t\t<\/div>\n\t\t\t\t<\/div>\n\t\t\t\t<div class=\"elementor-element elementor-element-f45dd2a elementor-widget__width-initial elementor-widget elementor-widget-heading\" data-id=\"f45dd2a\" data-element_type=\"widget\" data-e-type=\"widget\" data-widget_type=\"heading.default\">\n\t\t\t\t<div class=\"elementor-widget-container\">\n\t\t\t\t\t<h2 class=\"elementor-heading-title elementor-size-default\">T\u00e9l\u00e9chargez un guide des cha\u00eenes Sirius ou XM pour vous y r\u00e9f\u00e9rer facilement.<\/h2>\t\t\t\t<\/div>\n\t\t\t\t<\/div>\n\t\t\t\t<\/div>\n\t\t<div class=\"elementor-element elementor-element-f41bd45 e-con-full e-flex e-con e-child\" data-id=\"f41bd45\" data-element_type=\"container\" data-e-type=\"container\">\n\t\t\t\t<div class=\"elementor-element elementor-element-9544f6d elementor-widget elementor-widget-image\" data-id=\"9544f6d\" data-element_type=\"widget\" data-e-type=\"widget\" data-widget_type=\"image.default\">\n\t\t\t\t<div class=\"elementor-widget-container\">\n\t\t\t\t\t\t\t\t\t\t\t\t\t\t\t<img fetchpriority=\"high\" decoding=\"async\" width=\"890\" height=\"922\" src=\"https:\/\/www.siriusxm.ca\/wp-content\/uploads\/2019\/06\/Lifestyle-Hero-890x922-SingerBlueFog.jpg\" class=\"attachment-full size-full wp-image-2162\" alt=\"\" srcset=\"https:\/\/www.siriusxm.ca\/wp-content\/uploads\/2019\/06\/Lifestyle-Hero-890x922-SingerBlueFog.jpg 890w, https:\/\/www.siriusxm.ca\/wp-content\/uploads\/2019\/06\/Lifestyle-Hero-890x922-SingerBlueFog-290x300.jpg 290w, https:\/\/www.siriusxm.ca\/wp-content\/uploads\/2019\/06\/Lifestyle-Hero-890x922-SingerBlueFog-768x796.jpg 768w\" sizes=\"(max-width: 890px) 100vw, 890px\" \/>\t\t\t\t\t\t\t\t\t\t\t\t\t\t\t<\/div>\n\t\t\t\t<\/div>\n\t\t\t\t<\/div>\n\t\t\t\t<\/div>\n\t\t\t\t\t<\/div>\n\t\t\t\t<\/div>\n\t\t<div class=\"elementor-element elementor-element-052f9ce elementor-hidden-desktop elementor-hidden-tablet e-grid e-con-boxed e-con e-parent\" data-id=\"052f9ce\" data-element_type=\"container\" data-e-type=\"container\" data-settings=\"{&quot;background_background&quot;:&quot;classic&quot;}\" data-area=\"hero\">\n\t\t\t\t\t<div class=\"e-con-inner\">\n\t\t<div class=\"elementor-element elementor-element-c08c6d4 e-con-full e-flex e-con e-child\" data-id=\"c08c6d4\" data-element_type=\"container\" data-e-type=\"container\">\n\t\t\t\t<div class=\"elementor-element elementor-element-8932a46 elementor-widget elementor-widget-heading\" data-id=\"8932a46\" data-element_type=\"widget\" data-e-type=\"widget\" data-widget_type=\"heading.default\">\n\t\t\t\t<div class=\"elementor-widget-container\">\n\t\t\t\t\t<h1 class=\"elementor-heading-title elementor-size-default\">T\u00e9l\u00e9chargement du guide des cha\u00eenes<\/h1>\t\t\t\t<\/div>\n\t\t\t\t<\/div>\n\t\t\t\t<div class=\"elementor-element elementor-element-8c92b45 elementor-widget__width-initial elementor-widget elementor-widget-heading\" data-id=\"8c92b45\" data-element_type=\"widget\" data-e-type=\"widget\" data-widget_type=\"heading.default\">\n\t\t\t\t<div class=\"elementor-widget-container\">\n\t\t\t\t\t<h2 class=\"elementor-heading-title elementor-size-default\">T\u00e9l\u00e9chargez un guide des cha\u00eenes Sirius ou XM pour vous y r\u00e9f\u00e9rer facilement.<\/h2>\t\t\t\t<\/div>\n\t\t\t\t<\/div>\n\t\t\t\t<\/div>\n\t\t\t\t\t<\/div>\n\t\t\t\t<\/div>\n\t\t<div class=\"elementor-element elementor-element-d27bf4c e-grid e-con-boxed e-con e-parent\" data-id=\"d27bf4c\" data-element_type=\"container\" data-e-type=\"container\" data-settings=\"{&quot;background_background&quot;:&quot;classic&quot;}\">\n\t\t\t\t\t<div class=\"e-con-inner\">\n\t\t<div class=\"elementor-element elementor-element-beff501 e-con-full e-flex e-con e-child\" data-id=\"beff501\" data-element_type=\"container\" data-e-type=\"container\" data-settings=\"{&quot;background_background&quot;:&quot;classic&quot;}\">\n\t\t<div class=\"elementor-element elementor-element-694f930 e-con-full e-flex e-con e-child\" data-id=\"694f930\" data-element_type=\"container\" data-e-type=\"container\">\n\t\t\t\t<div class=\"elementor-element elementor-element-fbb506b elementor-widget elementor-widget-heading\" data-id=\"fbb506b\" data-element_type=\"widget\" data-e-type=\"widget\" data-widget_type=\"heading.default\">\n\t\t\t\t<div class=\"elementor-widget-container\">\n\t\t\t\t\t<h3 class=\"elementor-heading-title elementor-size-default\">S\u00e9lectionnez le menu des cha\u00eenes qui vous convient<\/h3>\t\t\t\t<\/div>\n\t\t\t\t<\/div>\n\t\t\t\t<\/div>\n\t\t\t\t<\/div>\n\t\t<div class=\"elementor-element elementor-element-5416707 e-con-full e-flex e-con e-child\" data-id=\"5416707\" data-element_type=\"container\" data-e-type=\"container\">\n\t\t<div class=\"elementor-element elementor-element-8293364 e-con-full e-flex e-con e-child\" data-id=\"8293364\" data-element_type=\"container\" data-e-type=\"container\">\n\t\t\t\t<div class=\"elementor-element elementor-element-2be8bff elementor-widget elementor-widget-html\" data-id=\"2be8bff\" data-element_type=\"widget\" data-e-type=\"widget\" data-widget_type=\"html.default\">\n\t\t\t\t<div class=\"elementor-widget-container\">\n\t\t\t\t\t<a class=\"button primary full\" href=\"https:\/\/www.siriusxm.ca\/wp-content\/uploads\/2015\/05\/Liste-des-stations-Sirius.pdf\" target=\"_blank\" rel=\"noopener\">Liste des cha\u00eenes Sirius<\/a>\t\t\t\t<\/div>\n\t\t\t\t<\/div>\n\t\t\t\t<\/div>\n\t\t<div class=\"elementor-element elementor-element-f1ecb34 e-con-full e-flex e-con e-child\" data-id=\"f1ecb34\" data-element_type=\"container\" data-e-type=\"container\">\n\t\t\t\t<div class=\"elementor-element elementor-element-4f3964e elementor-widget elementor-widget-html\" data-id=\"4f3964e\" data-element_type=\"widget\" data-e-type=\"widget\" data-widget_type=\"html.default\">\n\t\t\t\t<div class=\"elementor-widget-container\">\n\t\t\t\t\t<a class=\"button primary full\" href=\"https:\/\/www.siriusxm.ca\/wp-content\/uploads\/2015\/05\/Liste-des-stations-XM.pdf\" target=\"_blank\" rel=\"noopener\">Liste des cha\u00eenes XM<\/a>\t\t\t\t<\/div>\n\t\t\t\t<\/div>\n\t\t\t\t<\/div>\n\t\t<div class=\"elementor-element elementor-element-cfab225 elementor-hidden-desktop elementor-hidden-tablet elementor-hidden-phone e-con-full e-flex e-con e-child\" data-id=\"cfab225\" data-element_type=\"container\" data-e-type=\"container\">\n\t\t\t\t<\/div>\n\t\t\t\t<\/div>\n\t\t<div class=\"elementor-element elementor-element-187deed e-con-full e-flex e-con e-child\" data-id=\"187deed\" data-element_type=\"container\" data-e-type=\"container\" data-settings=\"{&quot;background_background&quot;:&quot;classic&quot;}\">\n\t\t<div class=\"elementor-element elementor-element-a77ee4b e-con-full e-flex e-con e-child\" data-id=\"a77ee4b\" data-element_type=\"container\" data-e-type=\"container\">\n\t\t\t\t<div class=\"elementor-element elementor-element-4cfb857 elementor-widget elementor-widget-text-editor\" data-id=\"4cfb857\" data-element_type=\"widget\" data-e-type=\"widget\" data-widget_type=\"text-editor.default\">\n\t\t\t\t<div class=\"elementor-widget-container\">\n\t\t\t\t\t\t\t\t\t<p>Voulez-vous un guide sur mesure en format PDF de vos cha\u00eenes pr\u00e9f\u00e9r\u00e9es? Vous pouvez cr\u00e9er <a href=\"https:\/\/preferences.siriusxm.ca\/fr\/channel-guide\/\" target=\"_blank\" rel=\"noopener\">votre propre guide des cha\u00eenes<\/a>.<\/p>\t\t\t\t\t\t\t\t<\/div>\n\t\t\t\t<\/div>\n\t\t\t\t<\/div>\n\t\t\t\t<\/div>\n\t\t\t\t\t<\/div>\n\t\t\t\t<\/div>\n\t\t\t\t<\/div>\n\t\t","protected":false},"excerpt":{"rendered":"<p>T\u00e9l\u00e9chargement du guide des cha\u00eenes T\u00e9l\u00e9chargez un guide des cha\u00eenes Sirius ou XM pour vous y r\u00e9f\u00e9rer facilement. T\u00e9l\u00e9chargement du guide des cha\u00eenes T\u00e9l\u00e9chargez un guide des cha\u00eenes Sirius ou XM pour vous y r\u00e9f\u00e9rer facilement. S\u00e9lectionnez le menu des cha\u00eenes qui vous convient Liste des cha\u00eenes Sirius Liste des cha\u00eenes XM Voulez-vous un guide &hellip; <a href=\"https:\/\/www.siriusxm.ca\/fr\/menu-des-stations-telecharger\/\">Continued<\/a><\/p>\n","protected":false},"author":4,"featured_media":0,"parent":0,"menu_order":959,"comment_status":"closed","ping_status":"closed","template":"views\/template-full-width.blade.php","meta":{"_acf_changed":false,"_searchwp_excluded":"","footnotes":""},"class_list":["post-257041","page","type-page","status-publish","hentry"],"acf":[],"yoast_head":"<!-- This site is optimized with the Yoast SEO Premium plugin v27.4 (Yoast SEO v27.4) - https:\/\/yoast.com\/product\/yoast-seo-premium-wordpress\/ -->\n<title>T\u00e9l\u00e9chargement du guide des cha\u00eenes | SiriusXM Canada<\/title>\n<meta name=\"description\" content=\"T\u00e9l\u00e9chargez un guide des cha\u00eenes pour vous y r\u00e9f\u00e9rer facilement. Profitez de plus de 350 cha\u00eenes de musique sans pauses publicitaires et plus encore.\" \/>\n<meta name=\"robots\" content=\"index, follow, max-snippet:-1, max-image-preview:large, max-video-preview:-1\" \/>\n<link rel=\"canonical\" href=\"https:\/\/www.siriusxm.ca\/fr\/menu-des-stations-telecharger\/\" \/>\n<meta property=\"og:type\" content=\"article\" \/>\n<meta property=\"og:title\" content=\"T\u00e9l\u00e9chargement du guide des cha\u00eenes | SiriusXM Canada\" \/>\n<meta property=\"og:description\" content=\"T\u00e9l\u00e9chargez un guide des cha\u00eenes pour vous y r\u00e9f\u00e9rer facilement. Profitez de plus de 350 cha\u00eenes de musique sans pauses publicitaires et plus encore.\" \/>\n<meta property=\"og:url\" content=\"https:\/\/www.siriusxm.ca\/fr\/menu-des-stations-telecharger\/\" \/>\n<meta property=\"og:site_name\" content=\"SiriusXM Canada\" \/>\n<meta property=\"article:modified_time\" content=\"2026-02-22T21:14:08+00:00\" \/>\n<meta property=\"og:image\" content=\"https:\/\/www.siriusxm.ca\/wp-content\/uploads\/2020\/12\/SiriusXM-Canada.jpg\" \/>\n<meta name=\"twitter:card\" content=\"summary_large_image\" \/>\n<meta name=\"twitter:title\" content=\"T\u00e9l\u00e9chargement du guide des cha\u00eenes | SiriusXM Canada\" \/>\n<meta name=\"twitter:label1\" content=\"Estimation du temps de lecture\" \/>\n\t<meta name=\"twitter:data1\" content=\"1 minute\" \/>\n<script type=\"application\/ld+json\" class=\"yoast-schema-graph\">{\"@context\":\"https:\\\/\\\/schema.org\",\"@graph\":[{\"@type\":\"WebPage\",\"@id\":\"https:\\\/\\\/www.siriusxm.ca\\\/fr\\\/menu-des-stations-telecharger\\\/\",\"url\":\"https:\\\/\\\/www.siriusxm.ca\\\/fr\\\/menu-des-stations-telecharger\\\/\",\"name\":\"T\u00e9l\u00e9chargement du guide des cha\u00eenes | SiriusXM Canada\",\"isPartOf\":{\"@id\":\"https:\\\/\\\/www.siriusxm.ca\\\/fr\\\/#website\"},\"primaryImageOfPage\":{\"@id\":\"https:\\\/\\\/www.siriusxm.ca\\\/fr\\\/menu-des-stations-telecharger\\\/#primaryimage\"},\"image\":{\"@id\":\"https:\\\/\\\/www.siriusxm.ca\\\/fr\\\/menu-des-stations-telecharger\\\/#primaryimage\"},\"thumbnailUrl\":\"https:\\\/\\\/www.siriusxm.ca\\\/wp-content\\\/uploads\\\/2019\\\/06\\\/Lifestyle-Hero-890x922-SingerBlueFog.jpg\",\"datePublished\":\"2021-01-18T03:04:22+00:00\",\"dateModified\":\"2026-02-22T21:14:08+00:00\",\"description\":\"T\u00e9l\u00e9chargez un guide des cha\u00eenes pour vous y r\u00e9f\u00e9rer facilement. Profitez de plus de 350 cha\u00eenes de musique sans pauses publicitaires et plus encore.\",\"breadcrumb\":{\"@id\":\"https:\\\/\\\/www.siriusxm.ca\\\/fr\\\/menu-des-stations-telecharger\\\/#breadcrumb\"},\"inLanguage\":\"fr-CA\",\"potentialAction\":[{\"@type\":\"ReadAction\",\"target\":[\"https:\\\/\\\/www.siriusxm.ca\\\/fr\\\/menu-des-stations-telecharger\\\/\"]}]},{\"@type\":\"ImageObject\",\"inLanguage\":\"fr-CA\",\"@id\":\"https:\\\/\\\/www.siriusxm.ca\\\/fr\\\/menu-des-stations-telecharger\\\/#primaryimage\",\"url\":\"https:\\\/\\\/www.siriusxm.ca\\\/wp-content\\\/uploads\\\/2019\\\/06\\\/Lifestyle-Hero-890x922-SingerBlueFog.jpg\",\"contentUrl\":\"https:\\\/\\\/www.siriusxm.ca\\\/wp-content\\\/uploads\\\/2019\\\/06\\\/Lifestyle-Hero-890x922-SingerBlueFog.jpg\"},{\"@type\":\"BreadcrumbList\",\"@id\":\"https:\\\/\\\/www.siriusxm.ca\\\/fr\\\/menu-des-stations-telecharger\\\/#breadcrumb\",\"itemListElement\":[{\"@type\":\"ListItem\",\"position\":1,\"name\":\"Home\",\"item\":\"https:\\\/\\\/www.siriusxm.ca\\\/fr\\\/\"},{\"@type\":\"ListItem\",\"position\":2,\"name\":\"Orphan \\\/\\\/ Channel Guide Download (French)\"}]},{\"@type\":\"WebSite\",\"@id\":\"https:\\\/\\\/www.siriusxm.ca\\\/fr\\\/#website\",\"url\":\"https:\\\/\\\/www.siriusxm.ca\\\/fr\\\/\",\"name\":\"SiriusXM Canada\",\"description\":\"\",\"potentialAction\":[{\"@type\":\"SearchAction\",\"target\":{\"@type\":\"EntryPoint\",\"urlTemplate\":\"https:\\\/\\\/www.siriusxm.ca\\\/fr\\\/search\\\/{search_term_string}\"},\"query-input\":{\"@type\":\"PropertyValueSpecification\",\"valueRequired\":true,\"valueName\":\"search_term_string\"}}],\"inLanguage\":\"fr-CA\"}]}<\/script>\n<!-- \/ Yoast SEO Premium plugin. -->","yoast_head_json":{"title":"T\u00e9l\u00e9chargement du guide des cha\u00eenes | SiriusXM Canada","description":"T\u00e9l\u00e9chargez un guide des cha\u00eenes pour vous y r\u00e9f\u00e9rer facilement. Profitez de plus de 350 cha\u00eenes de musique sans pauses publicitaires et plus encore.","robots":{"index":"index","follow":"follow","max-snippet":"max-snippet:-1","max-image-preview":"max-image-preview:large","max-video-preview":"max-video-preview:-1"},"canonical":"https:\/\/www.siriusxm.ca\/fr\/menu-des-stations-telecharger\/","og_type":"article","og_title":"T\u00e9l\u00e9chargement du guide des cha\u00eenes | SiriusXM Canada","og_description":"T\u00e9l\u00e9chargez un guide des cha\u00eenes pour vous y r\u00e9f\u00e9rer facilement. Profitez de plus de 350 cha\u00eenes de musique sans pauses publicitaires et plus encore.","og_url":"https:\/\/www.siriusxm.ca\/fr\/menu-des-stations-telecharger\/","og_site_name":"SiriusXM Canada","article_modified_time":"2026-02-22T21:14:08+00:00","og_image":[{"url":"https:\/\/www.siriusxm.ca\/wp-content\/uploads\/2020\/12\/SiriusXM-Canada.jpg","type":"","width":"","height":""}],"twitter_card":"summary_large_image","twitter_title":"T\u00e9l\u00e9chargement du guide des cha\u00eenes | SiriusXM Canada","twitter_misc":{"Estimation du temps de lecture":"1 minute"},"schema":{"@context":"https:\/\/schema.org","@graph":[{"@type":"WebPage","@id":"https:\/\/www.siriusxm.ca\/fr\/menu-des-stations-telecharger\/","url":"https:\/\/www.siriusxm.ca\/fr\/menu-des-stations-telecharger\/","name":"T\u00e9l\u00e9chargement du guide des cha\u00eenes | SiriusXM Canada","isPartOf":{"@id":"https:\/\/www.siriusxm.ca\/fr\/#website"},"primaryImageOfPage":{"@id":"https:\/\/www.siriusxm.ca\/fr\/menu-des-stations-telecharger\/#primaryimage"},"image":{"@id":"https:\/\/www.siriusxm.ca\/fr\/menu-des-stations-telecharger\/#primaryimage"},"thumbnailUrl":"https:\/\/www.siriusxm.ca\/wp-content\/uploads\/2019\/06\/Lifestyle-Hero-890x922-SingerBlueFog.jpg","datePublished":"2021-01-18T03:04:22+00:00","dateModified":"2026-02-22T21:14:08+00:00","description":"T\u00e9l\u00e9chargez un guide des cha\u00eenes pour vous y r\u00e9f\u00e9rer facilement. Profitez de plus de 350 cha\u00eenes de musique sans pauses publicitaires et plus encore.","breadcrumb":{"@id":"https:\/\/www.siriusxm.ca\/fr\/menu-des-stations-telecharger\/#breadcrumb"},"inLanguage":"fr-CA","potentialAction":[{"@type":"ReadAction","target":["https:\/\/www.siriusxm.ca\/fr\/menu-des-stations-telecharger\/"]}]},{"@type":"ImageObject","inLanguage":"fr-CA","@id":"https:\/\/www.siriusxm.ca\/fr\/menu-des-stations-telecharger\/#primaryimage","url":"https:\/\/www.siriusxm.ca\/wp-content\/uploads\/2019\/06\/Lifestyle-Hero-890x922-SingerBlueFog.jpg","contentUrl":"https:\/\/www.siriusxm.ca\/wp-content\/uploads\/2019\/06\/Lifestyle-Hero-890x922-SingerBlueFog.jpg"},{"@type":"BreadcrumbList","@id":"https:\/\/www.siriusxm.ca\/fr\/menu-des-stations-telecharger\/#breadcrumb","itemListElement":[{"@type":"ListItem","position":1,"name":"Home","item":"https:\/\/www.siriusxm.ca\/fr\/"},{"@type":"ListItem","position":2,"name":"Orphan \/\/ Channel Guide Download (French)"}]},{"@type":"WebSite","@id":"https:\/\/www.siriusxm.ca\/fr\/#website","url":"https:\/\/www.siriusxm.ca\/fr\/","name":"SiriusXM Canada","description":"","potentialAction":[{"@type":"SearchAction","target":{"@type":"EntryPoint","urlTemplate":"https:\/\/www.siriusxm.ca\/fr\/search\/{search_term_string}"},"query-input":{"@type":"PropertyValueSpecification","valueRequired":true,"valueName":"search_term_string"}}],"inLanguage":"fr-CA"}]}},"_links":{"self":[{"href":"https:\/\/www.siriusxm.ca\/fr\/wp-json\/wp\/v2\/pages\/257041","targetHints":{"allow":["GET"]}}],"collection":[{"href":"https:\/\/www.siriusxm.ca\/fr\/wp-json\/wp\/v2\/pages"}],"about":[{"href":"https:\/\/www.siriusxm.ca\/fr\/wp-json\/wp\/v2\/types\/page"}],"author":[{"embeddable":true,"href":"https:\/\/www.siriusxm.ca\/fr\/wp-json\/wp\/v2\/users\/4"}],"replies":[{"embeddable":true,"href":"https:\/\/www.siriusxm.ca\/fr\/wp-json\/wp\/v2\/comments?post=257041"}],"version-history":[{"count":4,"href":"https:\/\/www.siriusxm.ca\/fr\/wp-json\/wp\/v2\/pages\/257041\/revisions"}],"predecessor-version":[{"id":559426,"href":"https:\/\/www.siriusxm.ca\/fr\/wp-json\/wp\/v2\/pages\/257041\/revisions\/559426"}],"wp:attachment":[{"href":"https:\/\/www.siriusxm.ca\/fr\/wp-json\/wp\/v2\/media?parent=257041"}],"curies":[{"name":"wp","href":"https:\/\/api.w.org\/{rel}","templated":true}]}}