{"id":265976,"date":"2021-01-14T23:51:20","date_gmt":"2021-01-15T04:51:20","guid":{"rendered":"https:\/\/www.siriusxm.ca\/experience-card-channel-guide\/"},"modified":"2026-02-22T15:50:48","modified_gmt":"2026-02-22T20:50:48","slug":"decouvrez-le-guide-des-chaines","status":"publish","type":"page","link":"https:\/\/www.siriusxm.ca\/fr\/decouvrez-le-guide-des-chaines\/","title":{"rendered":"Orphan \/\/ Experience Card (French)"},"content":{"rendered":"\t\t<div data-elementor-type=\"wp-post\" data-elementor-id=\"265976\" class=\"elementor elementor-265976 elementor-256662\" data-elementor-post-type=\"page\">\n\t\t\t\t<div class=\"elementor-element elementor-element-a196588 e-grid e-con-boxed e-con e-parent\" data-id=\"a196588\" data-element_type=\"container\" data-e-type=\"container\" data-settings=\"{&quot;background_background&quot;:&quot;classic&quot;}\" data-area=\"hero\">\n\t\t\t\t\t<div class=\"e-con-inner\">\n\t\t<div class=\"elementor-element elementor-element-f38b55e e-con-full e-flex e-con e-child\" data-id=\"f38b55e\" data-element_type=\"container\" data-e-type=\"container\">\n\t\t<div class=\"elementor-element elementor-element-a5f79f2 elementor-hidden-mobile e-con-full e-flex e-con e-child\" data-id=\"a5f79f2\" data-element_type=\"container\" data-e-type=\"container\">\n\t\t\t\t<div class=\"elementor-element elementor-element-4bd0752 elementor-widget__width-initial elementor-widget elementor-widget-heading\" data-id=\"4bd0752\" data-element_type=\"widget\" data-e-type=\"widget\" data-widget_type=\"heading.default\">\n\t\t\t\t<div class=\"elementor-widget-container\">\n\t\t\t\t\t<h1 class=\"elementor-heading-title elementor-size-default\">\u00c9coutez ce qui vous passionne<\/h1>\t\t\t\t<\/div>\n\t\t\t\t<\/div>\n\t\t\t\t<div class=\"elementor-element elementor-element-51d91a5 elementor-widget__width-initial elementor-widget elementor-widget-heading\" data-id=\"51d91a5\" data-element_type=\"widget\" data-e-type=\"widget\" data-widget_type=\"heading.default\">\n\t\t\t\t<div class=\"elementor-widget-container\">\n\t\t\t\t\t<h2 class=\"elementor-heading-title elementor-size-default\">Profitez de plus de 350 cha\u00eenes de musique sans pauses publicitaires, de discussions, de nouvelles, d\u2019actualit\u00e9s sportives et plus encore! \u00c9coutez dans la voiture, sur votre t\u00e9l\u00e9phone, en ligne et \u00e0 la maison.<\/h2>\t\t\t\t<\/div>\n\t\t\t\t<\/div>\n\t\t\t\t<\/div>\n\t\t<div class=\"elementor-element elementor-element-42d48d2 e-con-full e-flex e-con e-child\" data-id=\"42d48d2\" data-element_type=\"container\" data-e-type=\"container\">\n\t\t\t\t<div class=\"elementor-element elementor-element-77b7f3d elementor-widget elementor-widget-image\" data-id=\"77b7f3d\" data-element_type=\"widget\" data-e-type=\"widget\" data-widget_type=\"image.default\">\n\t\t\t\t<div class=\"elementor-widget-container\">\n\t\t\t\t\t\t\t\t\t\t\t\t\t\t\t<img fetchpriority=\"high\" decoding=\"async\" width=\"890\" height=\"922\" src=\"https:\/\/www.siriusxm.ca\/wp-content\/uploads\/2019\/06\/Lifestyle-Hero-890x922-SingerBlueFog.jpg\" class=\"attachment-full size-full wp-image-2162\" alt=\"\" srcset=\"https:\/\/www.siriusxm.ca\/wp-content\/uploads\/2019\/06\/Lifestyle-Hero-890x922-SingerBlueFog.jpg 890w, https:\/\/www.siriusxm.ca\/wp-content\/uploads\/2019\/06\/Lifestyle-Hero-890x922-SingerBlueFog-290x300.jpg 290w, https:\/\/www.siriusxm.ca\/wp-content\/uploads\/2019\/06\/Lifestyle-Hero-890x922-SingerBlueFog-768x796.jpg 768w\" sizes=\"(max-width: 890px) 100vw, 890px\" \/>\t\t\t\t\t\t\t\t\t\t\t\t\t\t\t<\/div>\n\t\t\t\t<\/div>\n\t\t\t\t<\/div>\n\t\t\t\t<\/div>\n\t\t\t\t\t<\/div>\n\t\t\t\t<\/div>\n\t\t<div class=\"elementor-element elementor-element-1e71e61 elementor-hidden-desktop elementor-hidden-tablet e-grid e-con-boxed e-con e-parent\" data-id=\"1e71e61\" data-element_type=\"container\" data-e-type=\"container\" data-settings=\"{&quot;background_background&quot;:&quot;classic&quot;}\" data-area=\"hero\">\n\t\t\t\t\t<div class=\"e-con-inner\">\n\t\t<div class=\"elementor-element elementor-element-de821cc e-con-full e-flex e-con e-child\" data-id=\"de821cc\" data-element_type=\"container\" data-e-type=\"container\">\n\t\t\t\t<div class=\"elementor-element elementor-element-74a17b9 elementor-widget elementor-widget-heading\" data-id=\"74a17b9\" data-element_type=\"widget\" data-e-type=\"widget\" data-widget_type=\"heading.default\">\n\t\t\t\t<div class=\"elementor-widget-container\">\n\t\t\t\t\t<h1 class=\"elementor-heading-title elementor-size-default\">\u00c9coutez ce qui vous passionne<\/h1>\t\t\t\t<\/div>\n\t\t\t\t<\/div>\n\t\t\t\t<div class=\"elementor-element elementor-element-5466901 elementor-widget__width-initial elementor-widget elementor-widget-heading\" data-id=\"5466901\" data-element_type=\"widget\" data-e-type=\"widget\" data-widget_type=\"heading.default\">\n\t\t\t\t<div class=\"elementor-widget-container\">\n\t\t\t\t\t<h2 class=\"elementor-heading-title elementor-size-default\">Profitez de plus de 350 cha\u00eenes de musique sans pauses publicitaires, de discussions, de nouvelles, d\u2019actualit\u00e9s sportives et plus encore! \u00c9coutez dans la voiture, sur votre t\u00e9l\u00e9phone, en ligne et \u00e0 la maison.<\/h2>\t\t\t\t<\/div>\n\t\t\t\t<\/div>\n\t\t\t\t<\/div>\n\t\t\t\t\t<\/div>\n\t\t\t\t<\/div>\n\t\t<div class=\"elementor-element elementor-element-96b792c e-grid e-con-boxed e-con e-parent\" data-id=\"96b792c\" data-element_type=\"container\" data-e-type=\"container\" data-settings=\"{&quot;background_background&quot;:&quot;classic&quot;}\">\n\t\t\t\t\t<div class=\"e-con-inner\">\n\t\t<div class=\"elementor-element elementor-element-3f3b404 e-con-full e-flex e-con e-child\" data-id=\"3f3b404\" data-element_type=\"container\" data-e-type=\"container\" data-settings=\"{&quot;background_background&quot;:&quot;classic&quot;}\">\n\t\t<div class=\"elementor-element elementor-element-3d5f5fd e-con-full e-flex e-con e-child\" data-id=\"3d5f5fd\" data-element_type=\"container\" data-e-type=\"container\">\n\t\t\t\t<div class=\"elementor-element elementor-element-65ef279 elementor-widget elementor-widget-heading\" data-id=\"65ef279\" data-element_type=\"widget\" data-e-type=\"widget\" data-widget_type=\"heading.default\">\n\t\t\t\t<div class=\"elementor-widget-container\">\n\t\t\t\t\t<h3 class=\"elementor-heading-title elementor-size-default\">S\u00e9lectionnez le menu des cha\u00eenes qui vous convient<\/h3>\t\t\t\t<\/div>\n\t\t\t\t<\/div>\n\t\t\t\t<\/div>\n\t\t\t\t<\/div>\n\t\t<div class=\"elementor-element elementor-element-f1f79b2 e-con-full e-flex e-con e-child\" data-id=\"f1f79b2\" data-element_type=\"container\" data-e-type=\"container\" data-settings=\"{&quot;background_background&quot;:&quot;classic&quot;}\">\n\t\t<div class=\"elementor-element elementor-element-7d26aba e-con-full e-flex e-con e-child\" data-id=\"7d26aba\" data-element_type=\"container\" data-e-type=\"container\">\n\t\t\t\t<div class=\"elementor-element elementor-element-700f0c4 elementor-widget elementor-widget-heading\" data-id=\"700f0c4\" data-element_type=\"widget\" data-e-type=\"widget\" data-widget_type=\"heading.default\">\n\t\t\t\t<div class=\"elementor-widget-container\">\n\t\t\t\t\t<h5 class=\"elementor-heading-title elementor-size-default\">Sirius<\/h5>\t\t\t\t<\/div>\n\t\t\t\t<\/div>\n\t\t\t\t<\/div>\n\t\t<div class=\"elementor-element elementor-element-bd10f06 e-con-full e-flex e-con e-child\" data-id=\"bd10f06\" data-element_type=\"container\" data-e-type=\"container\">\n\t\t\t\t<div class=\"elementor-element elementor-element-f3a5bfd elementor-widget elementor-widget-text-editor\" data-id=\"f3a5bfd\" data-element_type=\"widget\" data-e-type=\"widget\" data-widget_type=\"text-editor.default\">\n\t\t\t\t<div class=\"elementor-widget-container\">\n\t\t\t\t\t\t\t\t\t<p>D\u00e9couvrez le <a href=\"https:\/\/www.siriusxm.ca\/fr\/guide-des-chaines\/?service=Sirius&amp;plan=Le-Complet\">guide des cha\u00eenes<\/a> en ligne ou <a href=\"https:\/\/www.siriusxm.ca\/wp-content\/uploads\/2015\/05\/Liste-des-stations-Sirius.pdf\" target=\"_blank\" rel=\"noopener\">t\u00e9l\u00e9chargez le guide en format PDF<\/a><\/p>\t\t\t\t\t\t\t\t<\/div>\n\t\t\t\t<\/div>\n\t\t\t\t<\/div>\n\t\t\t\t<\/div>\n\t\t<div class=\"elementor-element elementor-element-4d73c14 e-con-full e-flex e-con e-child\" data-id=\"4d73c14\" data-element_type=\"container\" data-e-type=\"container\" data-settings=\"{&quot;background_background&quot;:&quot;classic&quot;}\">\n\t\t<div class=\"elementor-element elementor-element-f68ef8c e-con-full e-flex e-con e-child\" data-id=\"f68ef8c\" data-element_type=\"container\" data-e-type=\"container\">\n\t\t\t\t<div class=\"elementor-element elementor-element-2d39129 elementor-widget elementor-widget-heading\" data-id=\"2d39129\" data-element_type=\"widget\" data-e-type=\"widget\" data-widget_type=\"heading.default\">\n\t\t\t\t<div class=\"elementor-widget-container\">\n\t\t\t\t\t<h5 class=\"elementor-heading-title elementor-size-default\">XM<\/h5>\t\t\t\t<\/div>\n\t\t\t\t<\/div>\n\t\t\t\t<\/div>\n\t\t<div class=\"elementor-element elementor-element-20bf043 e-con-full e-flex e-con e-child\" data-id=\"20bf043\" data-element_type=\"container\" data-e-type=\"container\">\n\t\t\t\t<div class=\"elementor-element elementor-element-1caa904 elementor-widget elementor-widget-text-editor\" data-id=\"1caa904\" data-element_type=\"widget\" data-e-type=\"widget\" data-widget_type=\"text-editor.default\">\n\t\t\t\t<div class=\"elementor-widget-container\">\n\t\t\t\t\t\t\t\t\t<p>D\u00e9couvrez le <a href=\"https:\/\/www.siriusxm.ca\/fr\/guide-des-chaines\/?service=XM&amp;plan=Le-Complet\">guide des cha\u00eenes<\/a> en ligne ou <a href=\"https:\/\/www.siriusxm.ca\/wp-content\/uploads\/2015\/05\/Liste-des-stations-XM.pdf\" target=\"_blank\" rel=\"noopener\">t\u00e9l\u00e9chargez le guide en format PDF<\/a><\/p>\t\t\t\t\t\t\t\t<\/div>\n\t\t\t\t<\/div>\n\t\t\t\t<\/div>\n\t\t\t\t<\/div>\n\t\t<div class=\"elementor-element elementor-element-2b71788 e-con-full e-flex e-con e-child\" data-id=\"2b71788\" data-element_type=\"container\" data-e-type=\"container\" data-settings=\"{&quot;background_background&quot;:&quot;classic&quot;}\">\n\t\t<div class=\"elementor-element elementor-element-700c8e7 e-con-full e-flex e-con e-child\" data-id=\"700c8e7\" data-element_type=\"container\" data-e-type=\"container\">\n\t\t\t\t<div class=\"elementor-element elementor-element-901ed85 elementor-widget elementor-widget-text-editor\" data-id=\"901ed85\" data-element_type=\"widget\" data-e-type=\"widget\" data-widget_type=\"text-editor.default\">\n\t\t\t\t<div class=\"elementor-widget-container\">\n\t\t\t\t\t\t\t\t\t<p>Pas certain d\u2019avoir d\u00e9j\u00e0 install\u00e9 la radio Sirius ou XM? Utilisez notre <a href=\"\/fr\/aide\/activation\/recherche-de-niv\/\">outil de consultation du NIV<\/a> ou d\u00e9couvrez la <a href=\"\/fr\/commencer\/dans-votre-voiture\/disponibilite-dans-les-vehicules\/\">disponibilit\u00e9 dans les v\u00e9hicules<\/a>.<\/p>\t\t\t\t\t\t\t\t<\/div>\n\t\t\t\t<\/div>\n\t\t\t\t<\/div>\n\t\t\t\t<\/div>\n\t\t\t\t\t<\/div>\n\t\t\t\t<\/div>\n\t\t\t\t<\/div>\n\t\t","protected":false},"excerpt":{"rendered":"<p>\u00c9coutez ce qui vous passionne Profitez de plus de 350 cha\u00eenes de musique sans pauses publicitaires, de discussions, de nouvelles, d\u2019actualit\u00e9s sportives et plus encore! \u00c9coutez dans la voiture, sur votre t\u00e9l\u00e9phone, en ligne et \u00e0 la maison. \u00c9coutez ce qui vous passionne Profitez de plus de 350 cha\u00eenes de musique sans pauses publicitaires, de &hellip; <a href=\"https:\/\/www.siriusxm.ca\/fr\/decouvrez-le-guide-des-chaines\/\">Continued<\/a><\/p>\n","protected":false},"author":4,"featured_media":0,"parent":0,"menu_order":957,"comment_status":"closed","ping_status":"closed","template":"views\/template-full-width.blade.php","meta":{"_acf_changed":false,"_searchwp_excluded":"","footnotes":""},"class_list":["post-265976","page","type-page","status-publish","hentry"],"acf":[],"yoast_head":"<!-- This site is optimized with the Yoast SEO Premium plugin v27.4 (Yoast SEO v27.4) - https:\/\/yoast.com\/product\/yoast-seo-premium-wordpress\/ -->\n<title>D\u00e9couvrez le guide des cha\u00eenes | SiriusXM Canada<\/title>\n<meta name=\"description\" content=\"Profitez de plus de 350 cha\u00eenes de musique sans pauses publicitaires et plus encore. S\u00e9lectionnez le menu des cha\u00eenes qui vous convient.\" \/>\n<meta name=\"robots\" content=\"index, follow, max-snippet:-1, max-image-preview:large, max-video-preview:-1\" \/>\n<link rel=\"canonical\" href=\"https:\/\/www.siriusxm.ca\/fr\/decouvrez-le-guide-des-chaines\/\" \/>\n<meta property=\"og:type\" content=\"article\" \/>\n<meta property=\"og:title\" content=\"D\u00e9couvrez le guide des cha\u00eenes | SiriusXM Canada\" \/>\n<meta property=\"og:description\" content=\"Profitez de plus de 350 cha\u00eenes de musique sans pauses publicitaires et plus encore. S\u00e9lectionnez le menu des cha\u00eenes qui vous convient.\" \/>\n<meta property=\"og:url\" content=\"https:\/\/www.siriusxm.ca\/fr\/decouvrez-le-guide-des-chaines\/\" \/>\n<meta property=\"og:site_name\" content=\"SiriusXM Canada\" \/>\n<meta property=\"article:modified_time\" content=\"2026-02-22T20:50:48+00:00\" \/>\n<meta property=\"og:image\" content=\"https:\/\/www.siriusxm.ca\/wp-content\/uploads\/2020\/12\/SiriusXM-Canada.jpg\" \/>\n<meta name=\"twitter:card\" content=\"summary_large_image\" \/>\n<meta name=\"twitter:title\" content=\"D\u00e9couvrez le guide des cha\u00eenes | SiriusXM Canada\" \/>\n<meta name=\"twitter:label1\" content=\"Estimation du temps de lecture\" \/>\n\t<meta name=\"twitter:data1\" content=\"1 minute\" \/>\n<script type=\"application\/ld+json\" class=\"yoast-schema-graph\">{\"@context\":\"https:\\\/\\\/schema.org\",\"@graph\":[{\"@type\":\"WebPage\",\"@id\":\"https:\\\/\\\/www.siriusxm.ca\\\/fr\\\/decouvrez-le-guide-des-chaines\\\/\",\"url\":\"https:\\\/\\\/www.siriusxm.ca\\\/fr\\\/decouvrez-le-guide-des-chaines\\\/\",\"name\":\"D\u00e9couvrez le guide des cha\u00eenes | SiriusXM Canada\",\"isPartOf\":{\"@id\":\"https:\\\/\\\/www.siriusxm.ca\\\/fr\\\/#website\"},\"primaryImageOfPage\":{\"@id\":\"https:\\\/\\\/www.siriusxm.ca\\\/fr\\\/decouvrez-le-guide-des-chaines\\\/#primaryimage\"},\"image\":{\"@id\":\"https:\\\/\\\/www.siriusxm.ca\\\/fr\\\/decouvrez-le-guide-des-chaines\\\/#primaryimage\"},\"thumbnailUrl\":\"https:\\\/\\\/www.siriusxm.ca\\\/wp-content\\\/uploads\\\/2019\\\/06\\\/Lifestyle-Hero-890x922-SingerBlueFog.jpg\",\"datePublished\":\"2021-01-15T04:51:20+00:00\",\"dateModified\":\"2026-02-22T20:50:48+00:00\",\"description\":\"Profitez de plus de 350 cha\u00eenes de musique sans pauses publicitaires et plus encore. S\u00e9lectionnez le menu des cha\u00eenes qui vous convient.\",\"breadcrumb\":{\"@id\":\"https:\\\/\\\/www.siriusxm.ca\\\/fr\\\/decouvrez-le-guide-des-chaines\\\/#breadcrumb\"},\"inLanguage\":\"fr-CA\",\"potentialAction\":[{\"@type\":\"ReadAction\",\"target\":[\"https:\\\/\\\/www.siriusxm.ca\\\/fr\\\/decouvrez-le-guide-des-chaines\\\/\"]}]},{\"@type\":\"ImageObject\",\"inLanguage\":\"fr-CA\",\"@id\":\"https:\\\/\\\/www.siriusxm.ca\\\/fr\\\/decouvrez-le-guide-des-chaines\\\/#primaryimage\",\"url\":\"https:\\\/\\\/www.siriusxm.ca\\\/wp-content\\\/uploads\\\/2019\\\/06\\\/Lifestyle-Hero-890x922-SingerBlueFog.jpg\",\"contentUrl\":\"https:\\\/\\\/www.siriusxm.ca\\\/wp-content\\\/uploads\\\/2019\\\/06\\\/Lifestyle-Hero-890x922-SingerBlueFog.jpg\"},{\"@type\":\"BreadcrumbList\",\"@id\":\"https:\\\/\\\/www.siriusxm.ca\\\/fr\\\/decouvrez-le-guide-des-chaines\\\/#breadcrumb\",\"itemListElement\":[{\"@type\":\"ListItem\",\"position\":1,\"name\":\"Home\",\"item\":\"https:\\\/\\\/www.siriusxm.ca\\\/fr\\\/accueil-b\\\/\"},{\"@type\":\"ListItem\",\"position\":2,\"name\":\"Orphan \\\/\\\/ Experience Card (French)\"}]},{\"@type\":\"WebSite\",\"@id\":\"https:\\\/\\\/www.siriusxm.ca\\\/fr\\\/#website\",\"url\":\"https:\\\/\\\/www.siriusxm.ca\\\/fr\\\/\",\"name\":\"SiriusXM Canada\",\"description\":\"\",\"potentialAction\":[{\"@type\":\"SearchAction\",\"target\":{\"@type\":\"EntryPoint\",\"urlTemplate\":\"https:\\\/\\\/www.siriusxm.ca\\\/fr\\\/search\\\/{search_term_string}\"},\"query-input\":{\"@type\":\"PropertyValueSpecification\",\"valueRequired\":true,\"valueName\":\"search_term_string\"}}],\"inLanguage\":\"fr-CA\"}]}<\/script>\n<!-- \/ Yoast SEO Premium plugin. -->","yoast_head_json":{"title":"D\u00e9couvrez le guide des cha\u00eenes | SiriusXM Canada","description":"Profitez de plus de 350 cha\u00eenes de musique sans pauses publicitaires et plus encore. S\u00e9lectionnez le menu des cha\u00eenes qui vous convient.","robots":{"index":"index","follow":"follow","max-snippet":"max-snippet:-1","max-image-preview":"max-image-preview:large","max-video-preview":"max-video-preview:-1"},"canonical":"https:\/\/www.siriusxm.ca\/fr\/decouvrez-le-guide-des-chaines\/","og_type":"article","og_title":"D\u00e9couvrez le guide des cha\u00eenes | SiriusXM Canada","og_description":"Profitez de plus de 350 cha\u00eenes de musique sans pauses publicitaires et plus encore. S\u00e9lectionnez le menu des cha\u00eenes qui vous convient.","og_url":"https:\/\/www.siriusxm.ca\/fr\/decouvrez-le-guide-des-chaines\/","og_site_name":"SiriusXM Canada","article_modified_time":"2026-02-22T20:50:48+00:00","og_image":[{"url":"https:\/\/www.siriusxm.ca\/wp-content\/uploads\/2020\/12\/SiriusXM-Canada.jpg","type":"","width":"","height":""}],"twitter_card":"summary_large_image","twitter_title":"D\u00e9couvrez le guide des cha\u00eenes | SiriusXM Canada","twitter_misc":{"Estimation du temps de lecture":"1 minute"},"schema":{"@context":"https:\/\/schema.org","@graph":[{"@type":"WebPage","@id":"https:\/\/www.siriusxm.ca\/fr\/decouvrez-le-guide-des-chaines\/","url":"https:\/\/www.siriusxm.ca\/fr\/decouvrez-le-guide-des-chaines\/","name":"D\u00e9couvrez le guide des cha\u00eenes | SiriusXM Canada","isPartOf":{"@id":"https:\/\/www.siriusxm.ca\/fr\/#website"},"primaryImageOfPage":{"@id":"https:\/\/www.siriusxm.ca\/fr\/decouvrez-le-guide-des-chaines\/#primaryimage"},"image":{"@id":"https:\/\/www.siriusxm.ca\/fr\/decouvrez-le-guide-des-chaines\/#primaryimage"},"thumbnailUrl":"https:\/\/www.siriusxm.ca\/wp-content\/uploads\/2019\/06\/Lifestyle-Hero-890x922-SingerBlueFog.jpg","datePublished":"2021-01-15T04:51:20+00:00","dateModified":"2026-02-22T20:50:48+00:00","description":"Profitez de plus de 350 cha\u00eenes de musique sans pauses publicitaires et plus encore. S\u00e9lectionnez le menu des cha\u00eenes qui vous convient.","breadcrumb":{"@id":"https:\/\/www.siriusxm.ca\/fr\/decouvrez-le-guide-des-chaines\/#breadcrumb"},"inLanguage":"fr-CA","potentialAction":[{"@type":"ReadAction","target":["https:\/\/www.siriusxm.ca\/fr\/decouvrez-le-guide-des-chaines\/"]}]},{"@type":"ImageObject","inLanguage":"fr-CA","@id":"https:\/\/www.siriusxm.ca\/fr\/decouvrez-le-guide-des-chaines\/#primaryimage","url":"https:\/\/www.siriusxm.ca\/wp-content\/uploads\/2019\/06\/Lifestyle-Hero-890x922-SingerBlueFog.jpg","contentUrl":"https:\/\/www.siriusxm.ca\/wp-content\/uploads\/2019\/06\/Lifestyle-Hero-890x922-SingerBlueFog.jpg"},{"@type":"BreadcrumbList","@id":"https:\/\/www.siriusxm.ca\/fr\/decouvrez-le-guide-des-chaines\/#breadcrumb","itemListElement":[{"@type":"ListItem","position":1,"name":"Home","item":"https:\/\/www.siriusxm.ca\/fr\/accueil-b\/"},{"@type":"ListItem","position":2,"name":"Orphan \/\/ Experience Card (French)"}]},{"@type":"WebSite","@id":"https:\/\/www.siriusxm.ca\/fr\/#website","url":"https:\/\/www.siriusxm.ca\/fr\/","name":"SiriusXM Canada","description":"","potentialAction":[{"@type":"SearchAction","target":{"@type":"EntryPoint","urlTemplate":"https:\/\/www.siriusxm.ca\/fr\/search\/{search_term_string}"},"query-input":{"@type":"PropertyValueSpecification","valueRequired":true,"valueName":"search_term_string"}}],"inLanguage":"fr-CA"}]}},"_links":{"self":[{"href":"https:\/\/www.siriusxm.ca\/fr\/wp-json\/wp\/v2\/pages\/265976","targetHints":{"allow":["GET"]}}],"collection":[{"href":"https:\/\/www.siriusxm.ca\/fr\/wp-json\/wp\/v2\/pages"}],"about":[{"href":"https:\/\/www.siriusxm.ca\/fr\/wp-json\/wp\/v2\/types\/page"}],"author":[{"embeddable":true,"href":"https:\/\/www.siriusxm.ca\/fr\/wp-json\/wp\/v2\/users\/4"}],"replies":[{"embeddable":true,"href":"https:\/\/www.siriusxm.ca\/fr\/wp-json\/wp\/v2\/comments?post=265976"}],"version-history":[{"count":12,"href":"https:\/\/www.siriusxm.ca\/fr\/wp-json\/wp\/v2\/pages\/265976\/revisions"}],"predecessor-version":[{"id":559415,"href":"https:\/\/www.siriusxm.ca\/fr\/wp-json\/wp\/v2\/pages\/265976\/revisions\/559415"}],"wp:attachment":[{"href":"https:\/\/www.siriusxm.ca\/fr\/wp-json\/wp\/v2\/media?parent=265976"}],"curies":[{"name":"wp","href":"https:\/\/api.w.org\/{rel}","templated":true}]}}