{"id":391908,"date":"2022-09-19T00:00:32","date_gmt":"2022-09-19T04:00:32","guid":{"rendered":"https:\/\/www.siriusxm.ca\/channel-guide-v2\/"},"modified":"2026-02-24T22:51:07","modified_gmt":"2026-02-25T03:51:07","slug":"guide-des-chaines","status":"publish","type":"page","link":"https:\/\/www.siriusxm.ca\/fr\/guide-des-chaines\/","title":{"rendered":"What&rsquo;s On \/\/ Channel Guide (French)"},"content":{"rendered":"\t\t<div data-elementor-type=\"wp-post\" data-elementor-id=\"391908\" class=\"elementor elementor-391908 elementor-390229\" data-elementor-post-type=\"page\">\n\t\t\t\t<div class=\"elementor-element elementor-element-db1e905 e-grid e-con-boxed e-con e-parent\" data-id=\"db1e905\" data-element_type=\"container\" data-e-type=\"container\" data-settings=\"{&quot;background_background&quot;:&quot;classic&quot;}\" data-area=\"hero\">\n\t\t\t\t\t<div class=\"e-con-inner\">\n\t\t<div class=\"elementor-element elementor-element-fb6e8ad e-con-full e-flex e-con e-child\" data-id=\"fb6e8ad\" data-element_type=\"container\" data-e-type=\"container\">\n\t\t\t\t<div class=\"elementor-element elementor-element-b18b36e elementor-widget elementor-widget-heading\" data-id=\"b18b36e\" data-element_type=\"widget\" data-e-type=\"widget\" data-widget_type=\"heading.default\">\n\t\t\t\t<div class=\"elementor-widget-container\">\n\t\t\t\t\t<h1 class=\"elementor-heading-title elementor-size-default\">Guide des cha\u00eenes<\/h1>\t\t\t\t<\/div>\n\t\t\t\t<\/div>\n\t\t\t\t<div class=\"elementor-element elementor-element-d5baffc elementor-widget__width-initial elementor-widget elementor-widget-text-editor\" data-id=\"d5baffc\" data-element_type=\"widget\" data-e-type=\"widget\" data-widget_type=\"text-editor.default\">\n\t\t\t\t<div class=\"elementor-widget-container\">\n\t\t\t\t\t\t\t\t\t<p>Musique, sports, discussions, actualit\u00e9, humour, et plus encore. Il y a toujours quelque chose de bon \u00e0 \u00e9couter sur SiriusXM. Choisissez un forfait pour d\u00e9couvrir la grande vari\u00e9t\u00e9 de cha\u00eenes incluses dans chaque cat\u00e9gorie.<\/p>\t\t\t\t\t\t\t\t<\/div>\n\t\t\t\t<\/div>\n\t\t\t\t<div class=\"elementor-element elementor-element-1c232fd elementor-widget elementor-widget-html\" data-id=\"1c232fd\" data-element_type=\"widget\" data-e-type=\"widget\" data-widget_type=\"html.default\">\n\t\t\t\t<div class=\"elementor-widget-container\">\n\t\t\t\t\t<p>\n    <span class=\"show-xm\">\n        <a class=\"dark\" href=\"\/wp-content\/uploads\/2015\/05\/Liste-des-stations-XM.pdf\" target=\"_blank\"><strong>T\u00e9l\u00e9charger le guide des cha\u00eenes complet<\/strong><\/a>\n    <\/span>\n    <span class=\"show-sirius\">\n        <a class=\"dark\" href=\"\/wp-content\/uploads\/2015\/05\/Liste-des-stations-Sirius.pdf\" target=\"_blank\"><strong>T\u00e9l\u00e9charger le guide des cha\u00eenes complet<\/strong><\/a>\n    <\/span>\n    <span class=\"show-siriusxm\">\n        <a class=\"dark\" href=\"\/wp-content\/uploads\/2023\/03\/Liste-des-stations-SiriusXM.pdf\" target=\"_blank\"><strong>T\u00e9l\u00e9charger le guide des cha\u00eenes complet<\/strong><\/a>\n    <\/span>\n<\/p>\t\t\t\t<\/div>\n\t\t\t\t<\/div>\n\t\t\t\t<\/div>\n\t\t\t\t\t<\/div>\n\t\t\t\t<\/div>\n\t\t<div class=\"elementor-element elementor-element-d948853 channel-listing e-flex e-con-boxed e-con e-parent\" data-id=\"d948853\" data-element_type=\"container\" data-e-type=\"container\" data-settings=\"{&quot;background_background&quot;:&quot;classic&quot;}\">\n\t\t\t\t\t<div class=\"e-con-inner\">\n\t\t<div class=\"elementor-element elementor-element-4369ea2 e-con-full e-flex e-con e-child\" data-id=\"4369ea2\" data-element_type=\"container\" data-e-type=\"container\">\n\t\t\t\t<div class=\"elementor-element elementor-element-106b41a elementor-widget elementor-widget-shortcode\" data-id=\"106b41a\" data-element_type=\"widget\" data-e-type=\"widget\" data-widget_type=\"shortcode.default\">\n\t\t\t\t<div class=\"elementor-widget-container\">\n\t\t\t\t\t\t\t<div class=\"elementor-shortcode\"><div class=\"content-container\">\n  <div class=\"service-selector-container\" data-location=\"channel-guide\"><\/div>\n<\/div>\n\n\n<div id=\"channel-guide-container\"><\/div>\n\n\n\n<script type=\"text\/javascript\">\n      var channel_guide_plan = 'Le Complet';\n  \n      var channel_guide_cat = 'Musique';\n  \n      var channel_guide_subcat = '';\n  \n      var channel_guide_hidefilters = '';\n  \n      var channel_guide_channel_keys = '[]';\n  <\/script>\n<\/div>\n\t\t\t\t\t\t<\/div>\n\t\t\t\t<\/div>\n\t\t\t\t<div class=\"elementor-element elementor-element-d418a00 no-results elementor-widget elementor-widget-template\" data-id=\"d418a00\" data-element_type=\"widget\" data-e-type=\"widget\" data-widget_type=\"template.default\">\n\t\t\t\t<div class=\"elementor-widget-container\">\n\t\t\t\t\t\t\t<div class=\"elementor-template\">\n\t\t\t\t\t<div data-elementor-type=\"page\" data-elementor-id=\"462852\" class=\"elementor elementor-462852 elementor-462849 elementor-462849\" data-elementor-post-type=\"elementor_library\">\n\t\t\t\t<div class=\"elementor-element elementor-element-7d2604a e-flex e-con-boxed e-con e-parent\" data-id=\"7d2604a\" data-element_type=\"container\" data-e-type=\"container\" data-settings=\"{&quot;background_background&quot;:&quot;classic&quot;}\">\n\t\t\t\t\t<div class=\"e-con-inner\">\n\t\t<div class=\"elementor-element elementor-element-fae1aff e-con-full e-flex e-con e-child\" data-id=\"fae1aff\" data-element_type=\"container\" data-e-type=\"container\">\n\t\t\t\t<div class=\"elementor-element elementor-element-971091a elementor-widget elementor-widget-heading\" data-id=\"971091a\" data-element_type=\"widget\" data-e-type=\"widget\" data-widget_type=\"heading.default\">\n\t\t\t\t<div class=\"elementor-widget-container\">\n\t\t\t\t\t<h5 class=\"elementor-heading-title elementor-size-default\">Tu ne vois aucuns favoris?<\/h5>\t\t\t\t<\/div>\n\t\t\t\t<\/div>\n\t\t\t\t<div class=\"elementor-element elementor-element-0fd1269 gray-dark elementor-widget__width-initial elementor-widget elementor-widget-text-editor\" data-id=\"0fd1269\" data-element_type=\"widget\" data-e-type=\"widget\" data-widget_type=\"text-editor.default\">\n\t\t\t\t<div class=\"elementor-widget-container\">\n\t\t\t\t\t\t\t\t\t<p>Pour ajouter une cha\u00eene dans ta liste de favoris, clique sur l\u2019\u00e9toile \u00e0 c\u00f4t\u00e9 du nom de la cha\u00eene. Elle sera ajout\u00e9e dans l\u2019onglet <strong>Mes favoris<\/strong> du guide des cha\u00eenes et de la grille horaire de la programmation.<\/p><p>Pour la retirer, reclique sur l\u2019\u00e9toile \u00e0 c\u00f4t\u00e9 du nom de la cha\u00eene dans le guide des cha\u00eenes, la grille horaire de la programmation ou dans ta liste <strong>Mes favoris<\/strong>.<\/p>\t\t\t\t\t\t\t\t<\/div>\n\t\t\t\t<\/div>\n\t\t\t\t<\/div>\n\t\t\t\t\t<\/div>\n\t\t\t\t<\/div>\n\t\t\t\t<\/div>\n\t\t\t\t<\/div>\n\t\t\t\t\t\t<\/div>\n\t\t\t\t<\/div>\n\t\t\t\t<\/div>\n\t\t\t\t\t<\/div>\n\t\t\t\t<\/div>\n\t\t\t\t<\/div>\n\t\t","protected":false},"excerpt":{"rendered":"<p>Guide des cha\u00eenes Musique, sports, discussions, actualit\u00e9, humour, et plus encore. Il y a toujours quelque chose de bon \u00e0 \u00e9couter sur SiriusXM. Choisissez un forfait pour d\u00e9couvrir la grande vari\u00e9t\u00e9 de cha\u00eenes incluses dans chaque cat\u00e9gorie. T\u00e9l\u00e9charger le guide des cha\u00eenes complet T\u00e9l\u00e9charger le guide des cha\u00eenes complet T\u00e9l\u00e9charger le guide des cha\u00eenes complet<\/p>\n","protected":false},"author":4,"featured_media":251861,"parent":0,"menu_order":358,"comment_status":"closed","ping_status":"closed","template":"views\/template-full-width.blade.php","meta":{"_acf_changed":false,"_searchwp_excluded":"","footnotes":""},"class_list":["post-391908","page","type-page","status-publish","has-post-thumbnail","hentry"],"acf":[],"yoast_head":"<!-- This site is optimized with the Yoast SEO Premium plugin v27.4 (Yoast SEO v27.4) - https:\/\/yoast.com\/product\/yoast-seo-premium-wordpress\/ -->\n<title>Guide des cha\u00eenes | SiriusXM Canada<\/title>\n<meta name=\"description\" content=\"Musique, sports, d\u00e9bats, actualit\u00e9s, humour, et plus encore. Il y a toujours quelque chose de bon \u00e0 \u00e9couter sur SiriusXM.\" \/>\n<meta name=\"robots\" content=\"index, follow, max-snippet:-1, max-image-preview:large, max-video-preview:-1\" \/>\n<link rel=\"canonical\" href=\"https:\/\/www.siriusxm.ca\/fr\/guide-des-chaines\/\" \/>\n<meta property=\"og:type\" content=\"article\" \/>\n<meta property=\"og:title\" content=\"Guide des cha\u00eenes | SiriusXM Canada\" \/>\n<meta property=\"og:description\" content=\"Musique, sports, d\u00e9bats, actualit\u00e9s, humour, et plus encore. Il y a toujours quelque chose de bon \u00e0 \u00e9couter sur SiriusXM.\" \/>\n<meta property=\"og:url\" content=\"https:\/\/www.siriusxm.ca\/fr\/guide-des-chaines\/\" \/>\n<meta property=\"og:site_name\" content=\"SiriusXM Canada\" \/>\n<meta property=\"article:modified_time\" content=\"2026-02-25T03:51:07+00:00\" \/>\n<meta property=\"og:image\" content=\"https:\/\/www.siriusxm.ca\/wp-content\/uploads\/2020\/12\/SiriusXM-Canada.jpg?ver=1699506079\" \/>\n\t<meta property=\"og:image:width\" content=\"1200\" \/>\n\t<meta property=\"og:image:height\" content=\"630\" \/>\n\t<meta property=\"og:image:type\" content=\"image\/jpeg\" \/>\n<meta name=\"twitter:card\" content=\"summary_large_image\" \/>\n<meta name=\"twitter:title\" content=\"Guide des cha\u00eenes | SiriusXM Canada\" \/>\n<meta name=\"twitter:label1\" content=\"Estimation du temps de lecture\" \/>\n\t<meta name=\"twitter:data1\" content=\"2 minutes\" \/>\n<script type=\"application\/ld+json\" class=\"yoast-schema-graph\">{\"@context\":\"https:\\\/\\\/schema.org\",\"@graph\":[{\"@type\":\"WebPage\",\"@id\":\"https:\\\/\\\/www.siriusxm.ca\\\/fr\\\/guide-des-chaines\\\/\",\"url\":\"https:\\\/\\\/www.siriusxm.ca\\\/fr\\\/guide-des-chaines\\\/\",\"name\":\"Guide des cha\u00eenes | SiriusXM Canada\",\"isPartOf\":{\"@id\":\"https:\\\/\\\/www.siriusxm.ca\\\/fr\\\/#website\"},\"primaryImageOfPage\":{\"@id\":\"https:\\\/\\\/www.siriusxm.ca\\\/fr\\\/guide-des-chaines\\\/#primaryimage\"},\"image\":{\"@id\":\"https:\\\/\\\/www.siriusxm.ca\\\/fr\\\/guide-des-chaines\\\/#primaryimage\"},\"thumbnailUrl\":\"https:\\\/\\\/www.siriusxm.ca\\\/wp-content\\\/uploads\\\/2020\\\/12\\\/SiriusXM-Canada.jpg?ver=1699506079\",\"datePublished\":\"2022-09-19T04:00:32+00:00\",\"dateModified\":\"2026-02-25T03:51:07+00:00\",\"description\":\"Musique, sports, d\u00e9bats, actualit\u00e9s, humour, et plus encore. Il y a toujours quelque chose de bon \u00e0 \u00e9couter sur SiriusXM.\",\"breadcrumb\":{\"@id\":\"https:\\\/\\\/www.siriusxm.ca\\\/fr\\\/guide-des-chaines\\\/#breadcrumb\"},\"inLanguage\":\"fr-CA\",\"potentialAction\":[{\"@type\":\"ReadAction\",\"target\":[\"https:\\\/\\\/www.siriusxm.ca\\\/fr\\\/guide-des-chaines\\\/\"]}]},{\"@type\":\"ImageObject\",\"inLanguage\":\"fr-CA\",\"@id\":\"https:\\\/\\\/www.siriusxm.ca\\\/fr\\\/guide-des-chaines\\\/#primaryimage\",\"url\":\"https:\\\/\\\/www.siriusxm.ca\\\/wp-content\\\/uploads\\\/2020\\\/12\\\/SiriusXM-Canada.jpg?ver=1699506079\",\"contentUrl\":\"https:\\\/\\\/www.siriusxm.ca\\\/wp-content\\\/uploads\\\/2020\\\/12\\\/SiriusXM-Canada.jpg?ver=1699506079\",\"width\":1200,\"height\":630,\"caption\":\"SiriusXM logo on a blue background\"},{\"@type\":\"BreadcrumbList\",\"@id\":\"https:\\\/\\\/www.siriusxm.ca\\\/fr\\\/guide-des-chaines\\\/#breadcrumb\",\"itemListElement\":[{\"@type\":\"ListItem\",\"position\":1,\"name\":\"Home\",\"item\":\"https:\\\/\\\/www.siriusxm.ca\\\/fr\\\/\"},{\"@type\":\"ListItem\",\"position\":2,\"name\":\"What&#8217;s On \\\/\\\/ Channel Guide (French)\"}]},{\"@type\":\"WebSite\",\"@id\":\"https:\\\/\\\/www.siriusxm.ca\\\/fr\\\/#website\",\"url\":\"https:\\\/\\\/www.siriusxm.ca\\\/fr\\\/\",\"name\":\"SiriusXM Canada\",\"description\":\"\",\"potentialAction\":[{\"@type\":\"SearchAction\",\"target\":{\"@type\":\"EntryPoint\",\"urlTemplate\":\"https:\\\/\\\/www.siriusxm.ca\\\/fr\\\/search\\\/{search_term_string}\"},\"query-input\":{\"@type\":\"PropertyValueSpecification\",\"valueRequired\":true,\"valueName\":\"search_term_string\"}}],\"inLanguage\":\"fr-CA\"}]}<\/script>\n<!-- \/ Yoast SEO Premium plugin. -->","yoast_head_json":{"title":"Guide des cha\u00eenes | SiriusXM Canada","description":"Musique, sports, d\u00e9bats, actualit\u00e9s, humour, et plus encore. Il y a toujours quelque chose de bon \u00e0 \u00e9couter sur SiriusXM.","robots":{"index":"index","follow":"follow","max-snippet":"max-snippet:-1","max-image-preview":"max-image-preview:large","max-video-preview":"max-video-preview:-1"},"canonical":"https:\/\/www.siriusxm.ca\/fr\/guide-des-chaines\/","og_type":"article","og_title":"Guide des cha\u00eenes | SiriusXM Canada","og_description":"Musique, sports, d\u00e9bats, actualit\u00e9s, humour, et plus encore. Il y a toujours quelque chose de bon \u00e0 \u00e9couter sur SiriusXM.","og_url":"https:\/\/www.siriusxm.ca\/fr\/guide-des-chaines\/","og_site_name":"SiriusXM Canada","article_modified_time":"2026-02-25T03:51:07+00:00","og_image":[{"width":1200,"height":630,"url":"https:\/\/www.siriusxm.ca\/wp-content\/uploads\/2020\/12\/SiriusXM-Canada.jpg?ver=1699506079","type":"image\/jpeg"}],"twitter_card":"summary_large_image","twitter_title":"Guide des cha\u00eenes | SiriusXM Canada","twitter_misc":{"Estimation du temps de lecture":"2 minutes"},"schema":{"@context":"https:\/\/schema.org","@graph":[{"@type":"WebPage","@id":"https:\/\/www.siriusxm.ca\/fr\/guide-des-chaines\/","url":"https:\/\/www.siriusxm.ca\/fr\/guide-des-chaines\/","name":"Guide des cha\u00eenes | SiriusXM Canada","isPartOf":{"@id":"https:\/\/www.siriusxm.ca\/fr\/#website"},"primaryImageOfPage":{"@id":"https:\/\/www.siriusxm.ca\/fr\/guide-des-chaines\/#primaryimage"},"image":{"@id":"https:\/\/www.siriusxm.ca\/fr\/guide-des-chaines\/#primaryimage"},"thumbnailUrl":"https:\/\/www.siriusxm.ca\/wp-content\/uploads\/2020\/12\/SiriusXM-Canada.jpg?ver=1699506079","datePublished":"2022-09-19T04:00:32+00:00","dateModified":"2026-02-25T03:51:07+00:00","description":"Musique, sports, d\u00e9bats, actualit\u00e9s, humour, et plus encore. Il y a toujours quelque chose de bon \u00e0 \u00e9couter sur SiriusXM.","breadcrumb":{"@id":"https:\/\/www.siriusxm.ca\/fr\/guide-des-chaines\/#breadcrumb"},"inLanguage":"fr-CA","potentialAction":[{"@type":"ReadAction","target":["https:\/\/www.siriusxm.ca\/fr\/guide-des-chaines\/"]}]},{"@type":"ImageObject","inLanguage":"fr-CA","@id":"https:\/\/www.siriusxm.ca\/fr\/guide-des-chaines\/#primaryimage","url":"https:\/\/www.siriusxm.ca\/wp-content\/uploads\/2020\/12\/SiriusXM-Canada.jpg?ver=1699506079","contentUrl":"https:\/\/www.siriusxm.ca\/wp-content\/uploads\/2020\/12\/SiriusXM-Canada.jpg?ver=1699506079","width":1200,"height":630,"caption":"SiriusXM logo on a blue background"},{"@type":"BreadcrumbList","@id":"https:\/\/www.siriusxm.ca\/fr\/guide-des-chaines\/#breadcrumb","itemListElement":[{"@type":"ListItem","position":1,"name":"Home","item":"https:\/\/www.siriusxm.ca\/fr\/"},{"@type":"ListItem","position":2,"name":"What&#8217;s On \/\/ Channel Guide (French)"}]},{"@type":"WebSite","@id":"https:\/\/www.siriusxm.ca\/fr\/#website","url":"https:\/\/www.siriusxm.ca\/fr\/","name":"SiriusXM Canada","description":"","potentialAction":[{"@type":"SearchAction","target":{"@type":"EntryPoint","urlTemplate":"https:\/\/www.siriusxm.ca\/fr\/search\/{search_term_string}"},"query-input":{"@type":"PropertyValueSpecification","valueRequired":true,"valueName":"search_term_string"}}],"inLanguage":"fr-CA"}]}},"_links":{"self":[{"href":"https:\/\/www.siriusxm.ca\/fr\/wp-json\/wp\/v2\/pages\/391908","targetHints":{"allow":["GET"]}}],"collection":[{"href":"https:\/\/www.siriusxm.ca\/fr\/wp-json\/wp\/v2\/pages"}],"about":[{"href":"https:\/\/www.siriusxm.ca\/fr\/wp-json\/wp\/v2\/types\/page"}],"author":[{"embeddable":true,"href":"https:\/\/www.siriusxm.ca\/fr\/wp-json\/wp\/v2\/users\/4"}],"replies":[{"embeddable":true,"href":"https:\/\/www.siriusxm.ca\/fr\/wp-json\/wp\/v2\/comments?post=391908"}],"version-history":[{"count":8,"href":"https:\/\/www.siriusxm.ca\/fr\/wp-json\/wp\/v2\/pages\/391908\/revisions"}],"predecessor-version":[{"id":559730,"href":"https:\/\/www.siriusxm.ca\/fr\/wp-json\/wp\/v2\/pages\/391908\/revisions\/559730"}],"wp:featuredmedia":[{"embeddable":true,"href":"https:\/\/www.siriusxm.ca\/fr\/wp-json\/wp\/v2\/media\/251861"}],"wp:attachment":[{"href":"https:\/\/www.siriusxm.ca\/fr\/wp-json\/wp\/v2\/media?parent=391908"}],"curies":[{"name":"wp","href":"https:\/\/api.w.org\/{rel}","templated":true}]}}