{"id":427643,"date":"2022-10-21T09:00:53","date_gmt":"2022-10-21T13:00:53","guid":{"rendered":"https:\/\/www.siriusxm.ca\/programming-changes\/"},"modified":"2023-06-23T18:56:24","modified_gmt":"2023-06-23T22:56:24","slug":"changements-programmation","status":"publish","type":"page","link":"https:\/\/www.siriusxm.ca\/fr\/changements-programmation\/","title":{"rendered":"Orphan \/\/ Programming Changes (French)"},"content":{"rendered":"\t\t<div data-elementor-type=\"wp-post\" data-elementor-id=\"427643\" class=\"elementor elementor-427643 elementor-426858\" data-elementor-post-type=\"page\">\n\t\t\t\t\t\t<section class=\"elementor-section elementor-top-section elementor-element elementor-element-7eb9c39 elementor-section-boxed elementor-section-height-default elementor-section-height-default\" data-id=\"7eb9c39\" data-element_type=\"section\" data-e-type=\"section\" data-settings=\"{&quot;background_background&quot;:&quot;classic&quot;}\">\n\t\t\t\t\t\t<div class=\"elementor-container elementor-column-gap-default\">\n\t\t\t\t\t<div class=\"elementor-column elementor-col-100 elementor-top-column elementor-element elementor-element-7cf573d\" data-id=\"7cf573d\" data-element_type=\"column\" data-e-type=\"column\">\n\t\t\t<div class=\"elementor-widget-wrap elementor-element-populated\">\n\t\t\t\t\t\t<div class=\"elementor-element elementor-element-b439db9 elementor-widget elementor-widget-heading\" data-id=\"b439db9\" data-element_type=\"widget\" data-e-type=\"widget\" data-widget_type=\"heading.default\">\n\t\t\t\t<div class=\"elementor-widget-container\">\n\t\t\t\t\t<h1 class=\"elementor-heading-title elementor-size-xl\">Changements \u00e0 la programmation de SiriusXM Canada<\/h1>\t\t\t\t<\/div>\n\t\t\t\t<\/div>\n\t\t\t\t<div class=\"elementor-element elementor-element-05b1159 elementor-widget elementor-widget-text-editor\" data-id=\"05b1159\" data-element_type=\"widget\" data-e-type=\"widget\" data-widget_type=\"text-editor.default\">\n\t\t\t\t<div class=\"elementor-widget-container\">\n\t\t\t\t\t\t\t\t\t<p>Changements \u00e0 la programmation chez SiriusXM Canada<\/p><p>Nous aimerions vous fournir plus d\u2019informations au sujet des changements \u00e0 la programmation qui ont eu lieu chez SiriusXM Canada.<\/p><p>SiriusXM Canada a lanc\u00e9 plusieurs nouvelles cha\u00eenes musicales canadiennes ; <a href=\"\/fr\/chaines\/mixtape-north\/\" target=\"_blank\" rel=\"noopener\">Mixtape : North<\/a> (ch. 164), <a href=\"\/fr\/chaines\/attitude-franco\/\" target=\"_blank\" rel=\"noopener\">Attitude Franco<\/a> (ch. 163), <a href=\"\/fr\/chaines\/racines-musicales\/\" target=\"_blank\" rel=\"noopener\">Racines Musicales<\/a> (ch. 166), <a href=\"\/fr\/chaines\/influence-franco\/\" target=\"_blank\" rel=\"noopener\">Influence Franco<\/a> (ch. 174) et <a href=\"\/fr\/chaines\/top-of-the-country-radio\/\" target=\"_blank\" rel=\"noopener\">Top of the Country Radio<\/a> (ch. 171). Ces nouvelles cha\u00eenes nous permettront de renforcer notre engagement \u00e0 l\u2019\u00e9gard de la musique canadienne en offrant une exp\u00e9rience d\u2019\u00e9coute in\u00e9gale via nos cha\u00eenes nouvelles et existantes. Ces cha\u00eenes proposeront des entrevues de fond, des performances en direct et d\u2019autres \u00e9missions sp\u00e9ciales qui mettront en valeur une grande vari\u00e9t\u00e9 d\u2019artistes canadiens francophones et anglophones de tous les genres. Toutes ces cha\u00eenes sont toutes disponibles par satellite et via notre application partout en Am\u00e9rique du Nord.<\/p><p>D\u00e9tails importants :<\/p><ul><li>Nous poursuivons notre engagement au soutien \u00e0 la musique et des artistes canadiens, et notre programmation canadienne en sera le reflet.<\/li><li>Nous continuons de respecter et de surpasser nos conditions de licence du CRTC.<\/li><li>Nous avons maintenant une cha\u00eene d\u00e9di\u00e9e en tout temps \u00e0 la musique hip-hop anglophone canadienne avec <a href=\"\/fr\/chaines\/mixtape-north\/\" target=\"_blank\" rel=\"noopener\">Mixtape : North<\/a> (ch. 164). Des l\u00e9gendes qui ont pav\u00e9 la voie, aux plus grandes stars de l\u2019heure et sans oublier la sc\u00e8ne \u00e9mergente, nous sommes fiers de pr\u00e9senter en primeur Mixtape : North \u00e0 notre auditoire nord-am\u00e9ricain.<\/li><li>La cha\u00eene <a href=\"\/fr\/chaines\/the-verge\/\" target=\"_blank\" rel=\"noopener\">The Verge<\/a> (ch. 173) de SiriusXM offre toujours le meilleur en contenu nouveau et \u00e9mergente de la musique ind\u00e9pendante et alternative canadienne. <a href=\"\/fr\/chaines\/north-americana\/\" target=\"_blank\" rel=\"noopener\">North Americana<\/a> (ch. 359) offre toujours le meilleur de la musique rock, country, folk et roots d\u2019hier et d\u2019aujourd\u2019hui. <a href=\"\/fr\/chaines\/the-indigiverse\/\" target=\"_blank\" rel=\"noopener\">The Indigiverse<\/a> (ch. 165) continue d\u2019offrir de la musique autochtone et de l\u2019actualit\u00e9 provenant de Turtle Island et d\u2019ailleurs dans le monde.<\/li><li>Nous sommes heureux de pouvoir inviter nos auditeurs \u00e0 d\u00e9couvrir nos nouvelles cha\u00eenes francophones : <a href=\"\/fr\/chaines\/attitude-franco\/\" target=\"_blank\" rel=\"noopener\">Attitude Franco<\/a> (ch. 163), mettant en vedette le meilleur de la musique rock, ainsi que <a href=\"\/fr\/chaines\/racines-musicales\/\" target=\"_blank\" rel=\"noopener\">Racines Musicales<\/a> (ch. 166), pr\u00e9sentant le meilleur de la musique country et folk francophone et autochtone. Les artistes pop trouveront maintenant leur place aux c\u00f4t\u00e9s des artiste hip-hop sur la cha\u00eene <a href=\"\/fr\/chaines\/influence-franco\/\" target=\"_blank\" rel=\"noopener\">Influence Franco<\/a> (ch. 174).<br \/>\u2022 Nous sommes ravis de vous pr\u00e9senter <a href=\"\/fr\/chaines\/top-of-the-country-radio\/\" target=\"_blank\" rel=\"noopener\">Top of the Country Radio<\/a> (ch. 171), cha\u00eene programm\u00e9e par l\u2019\u00e9quipe de SiriusXM, qui continuera de vous offrir le meilleur de la musique country canadienne.<\/li><li>SiriusXM investie toujours des millions de dollars chaque ann\u00e9e dans le d\u00e9veloppement du contenu canadien via des programmes tels que FACTOR, Musicaction, le Fonds canadien de la radio communautaire, Radiostar\/le Fonds Radiostar, ainsi que de nombreux festivals de musique et d\u2019humour, les diverses associations de l\u2019industrie musicale, des vitrines, des organismes de bienfaisance, des prix et bourses ainsi que des programmes sp\u00e9cialis\u00e9s tel que Top of the Country de SiriusXM.<\/li><li>La programmation offerte auparavant par CBC, incluant CBC Radio 3 and CBC Country, restera disponible via les plateformes de CBC.<\/li><li>SiriusXM a eu et continue d&rsquo;avoir un excellent partenariat avec CBC\/Radio-Canada et continuera de travailler avec eux \u00e0 divers titres.<\/li><\/ul><p>Comme toujours, la musique d\u2019artistes canadiens peut \u00eatre soumise via le <a href=\"https:\/\/www.siriusxm.ca\/fr\/soumission-de-musique\/\" target=\"_blank\" rel=\"noopener\">siriusxm.ca\/fr\/soumission-de-musique<\/a> ou encore directement avec vos contacts du d\u00e9partement de la programmation de SiriusXM.<\/p><p>Pour toute demande m\u00e9diatique, veuillez contacter Kayla Schwartz \u00e0 <a href=\"mailto:kayla.schwartz@siriusxm.ca\">kayla.schwartz@siriusxm.ca<\/a>.<\/p>\t\t\t\t\t\t\t\t<\/div>\n\t\t\t\t<\/div>\n\t\t\t\t\t<\/div>\n\t\t<\/div>\n\t\t\t\t\t<\/div>\n\t\t<\/section>\n\t\t\t\t<\/div>\n\t\t","protected":false},"excerpt":{"rendered":"<p>Changements \u00e0 la programmation de SiriusXM Canada Changements \u00e0 la programmation chez SiriusXM Canada Nous aimerions vous fournir plus d\u2019informations au sujet des changements \u00e0 la programmation qui ont eu lieu chez SiriusXM Canada. SiriusXM Canada a lanc\u00e9 plusieurs nouvelles cha\u00eenes musicales canadiennes ; Mixtape : North (ch. 164), Attitude Franco (ch. 163), Racines Musicales &hellip; <a href=\"https:\/\/www.siriusxm.ca\/fr\/changements-programmation\/\">Continued<\/a><\/p>\n","protected":false},"author":4,"featured_media":0,"parent":0,"menu_order":62,"comment_status":"closed","ping_status":"closed","template":"","meta":{"_acf_changed":false,"_searchwp_excluded":"1","footnotes":""},"class_list":["post-427643","page","type-page","status-publish","hentry"],"acf":[],"yoast_head":"<!-- This site is optimized with the Yoast SEO Premium plugin v27.3 (Yoast SEO v27.3) - https:\/\/yoast.com\/product\/yoast-seo-premium-wordpress\/ -->\n<title>Changements \u00e0 la programmation de SiriusXM Canada | SiriusXM Canada<\/title>\n<meta name=\"description\" content=\"Nous aimerions vous fournir plus d\u2019informations au sujet des changements \u00e0 la programmation qui ont eu lieu chez SiriusXM Canada.\" \/>\n<meta name=\"robots\" content=\"noindex, nofollow\" \/>\n<meta property=\"og:type\" content=\"article\" \/>\n<meta property=\"og:title\" content=\"Changements \u00e0 la programmation de SiriusXM Canada\" \/>\n<meta property=\"og:description\" content=\"Nous aimerions vous fournir plus d\u2019informations au sujet des changements \u00e0 la programmation qui ont eu lieu chez SiriusXM Canada.\" \/>\n<meta property=\"og:url\" content=\"https:\/\/www.siriusxm.ca\/fr\/changements-programmation\/\" \/>\n<meta property=\"og:site_name\" content=\"SiriusXM Canada\" \/>\n<meta property=\"article:modified_time\" content=\"2023-06-23T22:56:24+00:00\" \/>\n<meta property=\"og:image\" content=\"https:\/\/www.siriusxm.ca\/wp-content\/uploads\/2020\/12\/SiriusXM-Canada.jpg\" \/>\n<meta name=\"twitter:card\" content=\"summary_large_image\" \/>\n<meta name=\"twitter:title\" content=\"Changements \u00e0 la programmation de SiriusXM Canada\" \/>\n<meta name=\"twitter:label1\" content=\"Estimation du temps de lecture\" \/>\n\t<meta name=\"twitter:data1\" content=\"3 minutes\" \/>\n<script type=\"application\/ld+json\" class=\"yoast-schema-graph\">{\"@context\":\"https:\\\/\\\/schema.org\",\"@graph\":[{\"@type\":\"WebPage\",\"@id\":\"https:\\\/\\\/www.siriusxm.ca\\\/fr\\\/changements-programmation\\\/\",\"url\":\"https:\\\/\\\/www.siriusxm.ca\\\/fr\\\/changements-programmation\\\/\",\"name\":\"Changements \u00e0 la programmation de SiriusXM Canada | SiriusXM Canada\",\"isPartOf\":{\"@id\":\"https:\\\/\\\/www.siriusxm.ca\\\/fr\\\/#website\"},\"datePublished\":\"2022-10-21T13:00:53+00:00\",\"dateModified\":\"2023-06-23T22:56:24+00:00\",\"description\":\"Nous aimerions vous fournir plus d\u2019informations au sujet des changements \u00e0 la programmation qui ont eu lieu chez SiriusXM Canada.\",\"breadcrumb\":{\"@id\":\"https:\\\/\\\/www.siriusxm.ca\\\/fr\\\/changements-programmation\\\/#breadcrumb\"},\"inLanguage\":\"fr-CA\",\"potentialAction\":[{\"@type\":\"ReadAction\",\"target\":[\"https:\\\/\\\/www.siriusxm.ca\\\/fr\\\/changements-programmation\\\/\"]}]},{\"@type\":\"BreadcrumbList\",\"@id\":\"https:\\\/\\\/www.siriusxm.ca\\\/fr\\\/changements-programmation\\\/#breadcrumb\",\"itemListElement\":[{\"@type\":\"ListItem\",\"position\":1,\"name\":\"Home\",\"item\":\"https:\\\/\\\/www.siriusxm.ca\\\/fr\\\/\"},{\"@type\":\"ListItem\",\"position\":2,\"name\":\"Orphan \\\/\\\/ Programming Changes (French)\"}]},{\"@type\":\"WebSite\",\"@id\":\"https:\\\/\\\/www.siriusxm.ca\\\/fr\\\/#website\",\"url\":\"https:\\\/\\\/www.siriusxm.ca\\\/fr\\\/\",\"name\":\"SiriusXM Canada\",\"description\":\"\",\"potentialAction\":[{\"@type\":\"SearchAction\",\"target\":{\"@type\":\"EntryPoint\",\"urlTemplate\":\"https:\\\/\\\/www.siriusxm.ca\\\/fr\\\/search\\\/{search_term_string}\"},\"query-input\":{\"@type\":\"PropertyValueSpecification\",\"valueRequired\":true,\"valueName\":\"search_term_string\"}}],\"inLanguage\":\"fr-CA\"}]}<\/script>\n<!-- \/ Yoast SEO Premium plugin. -->","yoast_head_json":{"title":"Changements \u00e0 la programmation de SiriusXM Canada | SiriusXM Canada","description":"Nous aimerions vous fournir plus d\u2019informations au sujet des changements \u00e0 la programmation qui ont eu lieu chez SiriusXM Canada.","robots":{"index":"noindex","follow":"nofollow"},"og_type":"article","og_title":"Changements \u00e0 la programmation de SiriusXM Canada","og_description":"Nous aimerions vous fournir plus d\u2019informations au sujet des changements \u00e0 la programmation qui ont eu lieu chez SiriusXM Canada.","og_url":"https:\/\/www.siriusxm.ca\/fr\/changements-programmation\/","og_site_name":"SiriusXM Canada","article_modified_time":"2023-06-23T22:56:24+00:00","og_image":[{"url":"https:\/\/www.siriusxm.ca\/wp-content\/uploads\/2020\/12\/SiriusXM-Canada.jpg","type":"","width":"","height":""}],"twitter_card":"summary_large_image","twitter_title":"Changements \u00e0 la programmation de SiriusXM Canada","twitter_misc":{"Estimation du temps de lecture":"3 minutes"},"schema":{"@context":"https:\/\/schema.org","@graph":[{"@type":"WebPage","@id":"https:\/\/www.siriusxm.ca\/fr\/changements-programmation\/","url":"https:\/\/www.siriusxm.ca\/fr\/changements-programmation\/","name":"Changements \u00e0 la programmation de SiriusXM Canada | SiriusXM Canada","isPartOf":{"@id":"https:\/\/www.siriusxm.ca\/fr\/#website"},"datePublished":"2022-10-21T13:00:53+00:00","dateModified":"2023-06-23T22:56:24+00:00","description":"Nous aimerions vous fournir plus d\u2019informations au sujet des changements \u00e0 la programmation qui ont eu lieu chez SiriusXM Canada.","breadcrumb":{"@id":"https:\/\/www.siriusxm.ca\/fr\/changements-programmation\/#breadcrumb"},"inLanguage":"fr-CA","potentialAction":[{"@type":"ReadAction","target":["https:\/\/www.siriusxm.ca\/fr\/changements-programmation\/"]}]},{"@type":"BreadcrumbList","@id":"https:\/\/www.siriusxm.ca\/fr\/changements-programmation\/#breadcrumb","itemListElement":[{"@type":"ListItem","position":1,"name":"Home","item":"https:\/\/www.siriusxm.ca\/fr\/"},{"@type":"ListItem","position":2,"name":"Orphan \/\/ Programming Changes (French)"}]},{"@type":"WebSite","@id":"https:\/\/www.siriusxm.ca\/fr\/#website","url":"https:\/\/www.siriusxm.ca\/fr\/","name":"SiriusXM Canada","description":"","potentialAction":[{"@type":"SearchAction","target":{"@type":"EntryPoint","urlTemplate":"https:\/\/www.siriusxm.ca\/fr\/search\/{search_term_string}"},"query-input":{"@type":"PropertyValueSpecification","valueRequired":true,"valueName":"search_term_string"}}],"inLanguage":"fr-CA"}]}},"_links":{"self":[{"href":"https:\/\/www.siriusxm.ca\/fr\/wp-json\/wp\/v2\/pages\/427643","targetHints":{"allow":["GET"]}}],"collection":[{"href":"https:\/\/www.siriusxm.ca\/fr\/wp-json\/wp\/v2\/pages"}],"about":[{"href":"https:\/\/www.siriusxm.ca\/fr\/wp-json\/wp\/v2\/types\/page"}],"author":[{"embeddable":true,"href":"https:\/\/www.siriusxm.ca\/fr\/wp-json\/wp\/v2\/users\/4"}],"replies":[{"embeddable":true,"href":"https:\/\/www.siriusxm.ca\/fr\/wp-json\/wp\/v2\/comments?post=427643"}],"version-history":[{"count":0,"href":"https:\/\/www.siriusxm.ca\/fr\/wp-json\/wp\/v2\/pages\/427643\/revisions"}],"wp:attachment":[{"href":"https:\/\/www.siriusxm.ca\/fr\/wp-json\/wp\/v2\/media?parent=427643"}],"curies":[{"name":"wp","href":"https:\/\/api.w.org\/{rel}","templated":true}]}}