{"id":481014,"date":"2023-10-13T00:00:13","date_gmt":"2023-10-13T04:00:13","guid":{"rendered":"https:\/\/www.siriusxm.ca\/essai\/bmw-mini-activation\/"},"modified":"2024-11-12T17:37:10","modified_gmt":"2024-11-12T22:37:10","slug":"activation-bmw-mini","status":"publish","type":"page","link":"https:\/\/www.siriusxm.ca\/fr\/essai\/activation-bmw-mini\/","title":{"rendered":"Trial \/\/ RID \/ BMW Mini (French)"},"content":{"rendered":"\t\t<div data-elementor-type=\"wp-post\" data-elementor-id=\"481014\" class=\"elementor elementor-481014 elementor-481003\" data-elementor-post-type=\"page\">\n\t\t\t\t\t\t<section class=\"elementor-section elementor-top-section elementor-element elementor-element-c444cff elementor-section-stretched elementor-section-height-min-height elementor-section-items-top elementor-section-boxed elementor-section-height-default\" data-id=\"c444cff\" data-element_type=\"section\" data-e-type=\"section\" data-settings=\"{&quot;stretch_section&quot;:&quot;section-stretched&quot;,&quot;background_background&quot;:&quot;classic&quot;}\" data-area=\"hero\">\n\t\t\t\t\t\t\t<div class=\"elementor-background-overlay\"><\/div>\n\t\t\t\t\t\t\t<div class=\"elementor-container elementor-column-gap-default\">\n\t\t\t\t\t<div class=\"elementor-column elementor-col-100 elementor-top-column elementor-element elementor-element-c9cd19a\" data-id=\"c9cd19a\" data-element_type=\"column\" data-e-type=\"column\">\n\t\t\t<div class=\"elementor-widget-wrap elementor-element-populated\">\n\t\t\t\t\t\t<section class=\"elementor-section elementor-inner-section elementor-element elementor-element-86e7618 elementor-section-content-top elementor-section-boxed elementor-section-height-default elementor-section-height-default\" data-id=\"86e7618\" data-element_type=\"section\" data-e-type=\"section\">\n\t\t\t\t\t\t<div class=\"elementor-container elementor-column-gap-default\">\n\t\t\t\t\t<div class=\"elementor-column elementor-col-50 elementor-inner-column elementor-element elementor-element-b4645df\" data-id=\"b4645df\" data-element_type=\"column\" data-e-type=\"column\">\n\t\t\t<div class=\"elementor-widget-wrap elementor-element-populated\">\n\t\t\t\t\t\t<div class=\"elementor-element elementor-element-40e3e0e elementor-widget elementor-widget-image\" data-id=\"40e3e0e\" data-element_type=\"widget\" data-e-type=\"widget\" data-widget_type=\"image.default\">\n\t\t\t\t<div class=\"elementor-widget-container\">\n\t\t\t\t\t\t\t\t\t\t\t\t\t\t\t<img fetchpriority=\"high\" decoding=\"async\" width=\"1402\" height=\"387\" src=\"https:\/\/www.siriusxm.ca\/wp-content\/uploads\/2023\/08\/Header-Hero-BMW-Trial.png\" class=\"attachment-full size-full wp-image-476113\" alt=\"BMW &amp; Mini Logos\" srcset=\"https:\/\/www.siriusxm.ca\/wp-content\/uploads\/2023\/08\/Header-Hero-BMW-Trial.png 1402w, https:\/\/www.siriusxm.ca\/wp-content\/uploads\/2023\/08\/Header-Hero-BMW-Trial-300x83.png 300w, https:\/\/www.siriusxm.ca\/wp-content\/uploads\/2023\/08\/Header-Hero-BMW-Trial-1024x283.png 1024w, https:\/\/www.siriusxm.ca\/wp-content\/uploads\/2023\/08\/Header-Hero-BMW-Trial-768x212.png 768w\" sizes=\"(max-width: 1402px) 100vw, 1402px\" \/>\t\t\t\t\t\t\t\t\t\t\t\t\t\t\t<\/div>\n\t\t\t\t<\/div>\n\t\t\t\t<div class=\"elementor-element elementor-element-a4902ca elementor-widget elementor-widget-heading\" data-id=\"a4902ca\" data-element_type=\"widget\" data-e-type=\"widget\" data-widget_type=\"heading.default\">\n\t\t\t\t<div class=\"elementor-widget-container\">\n\t\t\t\t\t<h1 class=\"elementor-heading-title elementor-size-default\">Commencer votre essai SiriusXM gratuit<\/h1>\t\t\t\t<\/div>\n\t\t\t\t<\/div>\n\t\t\t\t<div class=\"elementor-element elementor-element-e0e1918 elementor-widget elementor-widget-text-editor\" data-id=\"e0e1918\" data-element_type=\"widget\" data-e-type=\"widget\" data-widget_type=\"text-editor.default\">\n\t\t\t\t<div class=\"elementor-widget-container\">\n\t\t\t\t\t\t\t\t\t<h5>De la musique sans pauses publicitaires, des cha\u00eenes consacr\u00e9es \u00e0 vos artistes pr\u00e9f\u00e9r\u00e9s, de l\u2019humour, des discussions, de l\u2019actualit\u00e9, des sports, sans oublier les balados SiriusXM, vid\u00e9os et bien plus!<\/h5>\n<h5>S\u2019abonner aujourd\u2019hui.<\/h5>\t\t\t\t\t\t\t\t<\/div>\n\t\t\t\t<\/div>\n\t\t\t\t\t<\/div>\n\t\t<\/div>\n\t\t\t\t<div class=\"elementor-column elementor-col-50 elementor-inner-column elementor-element elementor-element-2937277\" data-id=\"2937277\" data-element_type=\"column\" data-e-type=\"column\" data-settings=\"{&quot;background_background&quot;:&quot;classic&quot;}\">\n\t\t\t<div class=\"elementor-widget-wrap elementor-element-populated\">\n\t\t\t\t\t\t<div class=\"elementor-element elementor-element-12172db elementor-widget elementor-widget-html\" data-id=\"12172db\" data-element_type=\"widget\" data-e-type=\"widget\" data-widget_type=\"html.default\">\n\t\t\t\t<div class=\"elementor-widget-container\">\n\t\t\t\t\t<sxm-rid-widget><\/sxm-rid-widget>\n<script async=\"\" src=\"\/wp-content\/themes\/siriusxm\/resources\/assets\/scripts\/elements-bundle\/de-care-elements.js\" type=\"module\"><\/script>\n<link rel=\"stylesheet\" href=\"\/wp-content\/themes\/siriusxm\/resources\/assets\/scripts\/elements-bundle\/de-care-elements-styles.css\" type=\"text\/css\" \/>\n\n<style>\n    .invalid-feedback { display: inherit !important };\n<\/style>\t\t\t\t<\/div>\n\t\t\t\t<\/div>\n\t\t\t\t\t<\/div>\n\t\t<\/div>\n\t\t\t\t\t<\/div>\n\t\t<\/section>\n\t\t\t\t\t<\/div>\n\t\t<\/div>\n\t\t\t\t\t<\/div>\n\t\t<\/section>\n\t\t\t\t<section class=\"elementor-section elementor-top-section elementor-element elementor-element-15981f7 elementor-section-stretched elementor-section-boxed elementor-section-height-default elementor-section-height-default\" data-id=\"15981f7\" data-element_type=\"section\" data-e-type=\"section\" data-settings=\"{&quot;background_background&quot;:&quot;classic&quot;,&quot;stretch_section&quot;:&quot;section-stretched&quot;}\">\n\t\t\t\t\t\t<div class=\"elementor-container elementor-column-gap-default\">\n\t\t\t\t\t<div class=\"elementor-column elementor-col-100 elementor-top-column elementor-element elementor-element-c41f6b3\" data-id=\"c41f6b3\" data-element_type=\"column\" data-e-type=\"column\">\n\t\t\t<div class=\"elementor-widget-wrap elementor-element-populated\">\n\t\t\t\t\t\t<section class=\"elementor-section elementor-inner-section elementor-element elementor-element-dad8cc1 elementor-section-boxed elementor-section-height-default elementor-section-height-default\" data-id=\"dad8cc1\" data-element_type=\"section\" data-e-type=\"section\">\n\t\t\t\t\t\t<div class=\"elementor-container elementor-column-gap-default\">\n\t\t\t\t\t<div class=\"elementor-column elementor-col-100 elementor-inner-column elementor-element elementor-element-bf229f4\" data-id=\"bf229f4\" data-element_type=\"column\" data-e-type=\"column\">\n\t\t\t<div class=\"elementor-widget-wrap elementor-element-populated\">\n\t\t\t\t\t\t<div class=\"elementor-element elementor-element-6f28741 elementor-widget__width-initial elementor-widget elementor-widget-text-editor\" data-id=\"6f28741\" data-element_type=\"widget\" data-e-type=\"widget\" data-widget_type=\"text-editor.default\">\n\t\t\t\t<div class=\"elementor-widget-container\">\n\t\t\t\t\t\t\t\t\t<p class=\"small-copy\"><strong>D\u00c9TAILS DE L\u2019OFFRE :<\/strong>\u00a0Valide uniquement sur les radios satellites \u00e9quip\u00e9es en usine, inactives et admissibles. L\u2019ensemble des tarifs, du contenu et des caract\u00e9ristiques du service peuvent \u00eatre modifi\u00e9s. Les abonnements de SiriusXM sont assujettis \u00e0 notre <a href=\"https:\/\/www.siriusxm.ca\/fr\/conditions-generales\/\">Entente du client<\/a>. Nous recueillons et utilisons les renseignements personnels conform\u00e9ment \u00e0 notre <a href=\"https:\/\/www.siriusxm.ca\/fr\/politique-de-confidentialite\/\">Politique de la vie priv\u00e9e<\/a>.<\/p>\t\t\t\t\t\t\t\t<\/div>\n\t\t\t\t<\/div>\n\t\t\t\t\t<\/div>\n\t\t<\/div>\n\t\t\t\t\t<\/div>\n\t\t<\/section>\n\t\t\t\t\t<\/div>\n\t\t<\/div>\n\t\t\t\t\t<\/div>\n\t\t<\/section>\n\t\t\t\t<\/div>\n\t\t","protected":false},"excerpt":{"rendered":"<p>Commencer votre essai SiriusXM gratuit De la musique sans pauses publicitaires, des cha\u00eenes consacr\u00e9es \u00e0 vos artistes pr\u00e9f\u00e9r\u00e9s, de l\u2019humour, des discussions, de l\u2019actualit\u00e9, des sports, sans oublier les balados SiriusXM, vid\u00e9os et bien plus! S\u2019abonner aujourd\u2019hui. D\u00c9TAILS DE L\u2019OFFRE :\u00a0Valide uniquement sur les radios satellites \u00e9quip\u00e9es en usine, inactives et admissibles. L\u2019ensemble des tarifs, &hellip; <a href=\"https:\/\/www.siriusxm.ca\/fr\/essai\/activation-bmw-mini\/\">Continued<\/a><\/p>\n","protected":false},"author":4,"featured_media":251861,"parent":9853,"menu_order":841,"comment_status":"closed","ping_status":"closed","template":"views\/template-promo.blade.php","meta":{"_acf_changed":false,"_searchwp_excluded":"","footnotes":""},"class_list":["post-481014","page","type-page","status-publish","has-post-thumbnail","hentry"],"acf":[],"yoast_head":"<!-- This site is optimized with the Yoast SEO Premium plugin v27.2 (Yoast SEO v27.2) - https:\/\/yoast.com\/product\/yoast-seo-premium-wordpress\/ -->\n<title>Commencez votre essai gratuit de notre forfait Le Complet | SiriusXM Canada<\/title>\n<meta name=\"description\" content=\"Obtenez un essai du forfait Le Complet de SiriusXM avec votre BMW. Emportez de la musique, des divertissements et du sport partout o\u00f9 vous allez.\" \/>\n<meta name=\"robots\" content=\"noindex, nofollow\" \/>\n<meta property=\"og:type\" content=\"article\" \/>\n<meta property=\"og:title\" content=\"Commencez votre essai gratuit de notre forfait Le Complet\" \/>\n<meta property=\"og:description\" content=\"Obtenez un essai du forfait Le Complet de SiriusXM avec votre BMW. Emportez de la musique, des divertissements et du sport partout o\u00f9 vous allez.\" \/>\n<meta property=\"og:url\" content=\"https:\/\/www.siriusxm.ca\/fr\/essai\/activation-bmw-mini\/\" \/>\n<meta property=\"og:site_name\" content=\"SiriusXM Canada\" \/>\n<meta property=\"article:modified_time\" content=\"2024-11-12T22:37:10+00:00\" \/>\n<meta property=\"og:image\" content=\"https:\/\/www.siriusxm.ca\/wp-content\/uploads\/2020\/12\/SiriusXM-Canada.jpg\" \/>\n<meta name=\"twitter:card\" content=\"summary_large_image\" \/>\n<meta name=\"twitter:title\" content=\"Commencez votre essai gratuit de notre forfait Le Complet\" \/>\n<meta name=\"twitter:label1\" content=\"Estimation du temps de lecture\" \/>\n\t<meta name=\"twitter:data1\" content=\"1 minute\" \/>\n<script type=\"application\/ld+json\" class=\"yoast-schema-graph\">{\"@context\":\"https:\/\/schema.org\",\"@graph\":[{\"@type\":\"WebPage\",\"@id\":\"https:\/\/www.siriusxm.ca\/fr\/essai\/activation-bmw-mini\/\",\"url\":\"https:\/\/www.siriusxm.ca\/fr\/essai\/activation-bmw-mini\/\",\"name\":\"Commencez votre essai gratuit de notre forfait Le Complet | SiriusXM Canada\",\"isPartOf\":{\"@id\":\"https:\/\/www.siriusxm.ca\/fr\/#website\"},\"primaryImageOfPage\":{\"@id\":\"https:\/\/www.siriusxm.ca\/fr\/essai\/activation-bmw-mini\/#primaryimage\"},\"image\":{\"@id\":\"https:\/\/www.siriusxm.ca\/fr\/essai\/activation-bmw-mini\/#primaryimage\"},\"thumbnailUrl\":\"https:\/\/www.siriusxm.ca\/wp-content\/uploads\/2020\/12\/SiriusXM-Canada.jpg?ver=1699506079\",\"datePublished\":\"2023-10-13T04:00:13+00:00\",\"dateModified\":\"2024-11-12T22:37:10+00:00\",\"description\":\"Obtenez un essai du forfait Le Complet de SiriusXM avec votre BMW. Emportez de la musique, des divertissements et du sport partout o\u00f9 vous allez.\",\"breadcrumb\":{\"@id\":\"https:\/\/www.siriusxm.ca\/fr\/essai\/activation-bmw-mini\/#breadcrumb\"},\"inLanguage\":\"fr-CA\",\"potentialAction\":[{\"@type\":\"ReadAction\",\"target\":[\"https:\/\/www.siriusxm.ca\/fr\/essai\/activation-bmw-mini\/\"]}]},{\"@type\":\"ImageObject\",\"inLanguage\":\"fr-CA\",\"@id\":\"https:\/\/www.siriusxm.ca\/fr\/essai\/activation-bmw-mini\/#primaryimage\",\"url\":\"https:\/\/www.siriusxm.ca\/wp-content\/uploads\/2020\/12\/SiriusXM-Canada.jpg?ver=1699506079\",\"contentUrl\":\"https:\/\/www.siriusxm.ca\/wp-content\/uploads\/2020\/12\/SiriusXM-Canada.jpg?ver=1699506079\",\"width\":1200,\"height\":630,\"caption\":\"SiriusXM logo on a blue background\"},{\"@type\":\"BreadcrumbList\",\"@id\":\"https:\/\/www.siriusxm.ca\/fr\/essai\/activation-bmw-mini\/#breadcrumb\",\"itemListElement\":[{\"@type\":\"ListItem\",\"position\":1,\"name\":\"Home\",\"item\":\"https:\/\/www.siriusxm.ca\/fr\/\"},{\"@type\":\"ListItem\",\"position\":2,\"name\":\"[Folder] Trial (French)\",\"item\":\"https:\/\/www.siriusxm.ca\/fr\/essai\/\"},{\"@type\":\"ListItem\",\"position\":3,\"name\":\"Trial \/\/ RID \/ BMW Mini (French)\"}]},{\"@type\":\"WebSite\",\"@id\":\"https:\/\/www.siriusxm.ca\/fr\/#website\",\"url\":\"https:\/\/www.siriusxm.ca\/fr\/\",\"name\":\"SiriusXM Canada\",\"description\":\"\",\"potentialAction\":[{\"@type\":\"SearchAction\",\"target\":{\"@type\":\"EntryPoint\",\"urlTemplate\":\"https:\/\/www.siriusxm.ca\/fr\/search\/{search_term_string}\"},\"query-input\":{\"@type\":\"PropertyValueSpecification\",\"valueRequired\":true,\"valueName\":\"search_term_string\"}}],\"inLanguage\":\"fr-CA\"}]}<\/script>\n<!-- \/ Yoast SEO Premium plugin. -->","yoast_head_json":{"title":"Commencez votre essai gratuit de notre forfait Le Complet | SiriusXM Canada","description":"Obtenez un essai du forfait Le Complet de SiriusXM avec votre BMW. Emportez de la musique, des divertissements et du sport partout o\u00f9 vous allez.","robots":{"index":"noindex","follow":"nofollow"},"og_type":"article","og_title":"Commencez votre essai gratuit de notre forfait Le Complet","og_description":"Obtenez un essai du forfait Le Complet de SiriusXM avec votre BMW. Emportez de la musique, des divertissements et du sport partout o\u00f9 vous allez.","og_url":"https:\/\/www.siriusxm.ca\/fr\/essai\/activation-bmw-mini\/","og_site_name":"SiriusXM Canada","article_modified_time":"2024-11-12T22:37:10+00:00","og_image":[{"url":"https:\/\/www.siriusxm.ca\/wp-content\/uploads\/2020\/12\/SiriusXM-Canada.jpg","type":"","width":"","height":""}],"twitter_card":"summary_large_image","twitter_title":"Commencez votre essai gratuit de notre forfait Le Complet","twitter_misc":{"Estimation du temps de lecture":"1 minute"},"schema":{"@context":"https:\/\/schema.org","@graph":[{"@type":"WebPage","@id":"https:\/\/www.siriusxm.ca\/fr\/essai\/activation-bmw-mini\/","url":"https:\/\/www.siriusxm.ca\/fr\/essai\/activation-bmw-mini\/","name":"Commencez votre essai gratuit de notre forfait Le Complet | SiriusXM Canada","isPartOf":{"@id":"https:\/\/www.siriusxm.ca\/fr\/#website"},"primaryImageOfPage":{"@id":"https:\/\/www.siriusxm.ca\/fr\/essai\/activation-bmw-mini\/#primaryimage"},"image":{"@id":"https:\/\/www.siriusxm.ca\/fr\/essai\/activation-bmw-mini\/#primaryimage"},"thumbnailUrl":"https:\/\/www.siriusxm.ca\/wp-content\/uploads\/2020\/12\/SiriusXM-Canada.jpg?ver=1699506079","datePublished":"2023-10-13T04:00:13+00:00","dateModified":"2024-11-12T22:37:10+00:00","description":"Obtenez un essai du forfait Le Complet de SiriusXM avec votre BMW. Emportez de la musique, des divertissements et du sport partout o\u00f9 vous allez.","breadcrumb":{"@id":"https:\/\/www.siriusxm.ca\/fr\/essai\/activation-bmw-mini\/#breadcrumb"},"inLanguage":"fr-CA","potentialAction":[{"@type":"ReadAction","target":["https:\/\/www.siriusxm.ca\/fr\/essai\/activation-bmw-mini\/"]}]},{"@type":"ImageObject","inLanguage":"fr-CA","@id":"https:\/\/www.siriusxm.ca\/fr\/essai\/activation-bmw-mini\/#primaryimage","url":"https:\/\/www.siriusxm.ca\/wp-content\/uploads\/2020\/12\/SiriusXM-Canada.jpg?ver=1699506079","contentUrl":"https:\/\/www.siriusxm.ca\/wp-content\/uploads\/2020\/12\/SiriusXM-Canada.jpg?ver=1699506079","width":1200,"height":630,"caption":"SiriusXM logo on a blue background"},{"@type":"BreadcrumbList","@id":"https:\/\/www.siriusxm.ca\/fr\/essai\/activation-bmw-mini\/#breadcrumb","itemListElement":[{"@type":"ListItem","position":1,"name":"Home","item":"https:\/\/www.siriusxm.ca\/fr\/"},{"@type":"ListItem","position":2,"name":"[Folder] Trial (French)","item":"https:\/\/www.siriusxm.ca\/fr\/essai\/"},{"@type":"ListItem","position":3,"name":"Trial \/\/ RID \/ BMW Mini (French)"}]},{"@type":"WebSite","@id":"https:\/\/www.siriusxm.ca\/fr\/#website","url":"https:\/\/www.siriusxm.ca\/fr\/","name":"SiriusXM Canada","description":"","potentialAction":[{"@type":"SearchAction","target":{"@type":"EntryPoint","urlTemplate":"https:\/\/www.siriusxm.ca\/fr\/search\/{search_term_string}"},"query-input":{"@type":"PropertyValueSpecification","valueRequired":true,"valueName":"search_term_string"}}],"inLanguage":"fr-CA"}]}},"_links":{"self":[{"href":"https:\/\/www.siriusxm.ca\/fr\/wp-json\/wp\/v2\/pages\/481014","targetHints":{"allow":["GET"]}}],"collection":[{"href":"https:\/\/www.siriusxm.ca\/fr\/wp-json\/wp\/v2\/pages"}],"about":[{"href":"https:\/\/www.siriusxm.ca\/fr\/wp-json\/wp\/v2\/types\/page"}],"author":[{"embeddable":true,"href":"https:\/\/www.siriusxm.ca\/fr\/wp-json\/wp\/v2\/users\/4"}],"replies":[{"embeddable":true,"href":"https:\/\/www.siriusxm.ca\/fr\/wp-json\/wp\/v2\/comments?post=481014"}],"version-history":[{"count":0,"href":"https:\/\/www.siriusxm.ca\/fr\/wp-json\/wp\/v2\/pages\/481014\/revisions"}],"up":[{"embeddable":true,"href":"https:\/\/www.siriusxm.ca\/fr\/wp-json\/wp\/v2\/pages\/9853"}],"wp:featuredmedia":[{"embeddable":true,"href":"https:\/\/www.siriusxm.ca\/fr\/wp-json\/wp\/v2\/media\/251861"}],"wp:attachment":[{"href":"https:\/\/www.siriusxm.ca\/fr\/wp-json\/wp\/v2\/media?parent=481014"}],"curies":[{"name":"wp","href":"https:\/\/api.w.org\/{rel}","templated":true}]}}