{"id":503361,"date":"2024-02-01T00:00:03","date_gmt":"2024-02-01T05:00:03","guid":{"rendered":"https:\/\/www.siriusxm.ca\/concessionnaire\/programmes\/pre-owned-program\/"},"modified":"2024-07-09T12:20:04","modified_gmt":"2024-07-09T16:20:04","slug":"programme-pour-vehicules-doccasion","status":"publish","type":"page","link":"https:\/\/www.siriusxm.ca\/fr\/concessionnaire\/programmes\/programme-pour-vehicules-doccasion\/","title":{"rendered":"Dealer \/\/ Programs \/ Pre-Owned Program (French)"},"content":{"rendered":"\t\t<div data-elementor-type=\"wp-post\" data-elementor-id=\"503361\" class=\"elementor elementor-503361 elementor-484802\" data-elementor-post-type=\"page\">\n\t\t\t\t\t\t<section class=\"elementor-section elementor-top-section elementor-element elementor-element-9aff036 elementor-section-stretched elementor-section-height-min-height elementor-section-items-top elementor-section-boxed elementor-section-height-default\" data-id=\"9aff036\" data-element_type=\"section\" data-e-type=\"section\" data-settings=\"{&quot;stretch_section&quot;:&quot;section-stretched&quot;,&quot;background_background&quot;:&quot;classic&quot;}\" data-area=\"hero\">\n\t\t\t\t\t\t\t<div class=\"elementor-background-overlay\"><\/div>\n\t\t\t\t\t\t\t<div class=\"elementor-container elementor-column-gap-default\">\n\t\t\t\t\t<div class=\"elementor-column elementor-col-100 elementor-top-column elementor-element elementor-element-5d34d37\" data-id=\"5d34d37\" data-element_type=\"column\" data-e-type=\"column\">\n\t\t\t<div class=\"elementor-widget-wrap elementor-element-populated\">\n\t\t\t\t\t\t<section class=\"elementor-section elementor-inner-section elementor-element elementor-element-157631a elementor-section-content-top elementor-section-boxed elementor-section-height-default elementor-section-height-default\" data-id=\"157631a\" data-element_type=\"section\" data-e-type=\"section\">\n\t\t\t\t\t\t<div class=\"elementor-container elementor-column-gap-default\">\n\t\t\t\t\t<div class=\"elementor-column elementor-col-100 elementor-inner-column elementor-element elementor-element-31f2f2f\" data-id=\"31f2f2f\" data-element_type=\"column\" data-e-type=\"column\">\n\t\t\t<div class=\"elementor-widget-wrap elementor-element-populated\">\n\t\t\t\t\t\t<div class=\"elementor-element elementor-element-a0907f0 elementor-widget__width-initial elementor-widget elementor-widget-text-editor\" data-id=\"a0907f0\" data-element_type=\"widget\" data-e-type=\"widget\" data-widget_type=\"text-editor.default\">\n\t\t\t\t<div class=\"elementor-widget-container\">\n\t\t\t\t\t\t\t\t\t<p>Programmes des concessionnaires<\/p>\t\t\t\t\t\t\t\t<\/div>\n\t\t\t\t<\/div>\n\t\t\t\t<div class=\"elementor-element elementor-element-9b97481 elementor-widget__width-initial elementor-widget elementor-widget-heading\" data-id=\"9b97481\" data-element_type=\"widget\" data-e-type=\"widget\" data-widget_type=\"heading.default\">\n\t\t\t\t<div class=\"elementor-widget-container\">\n\t\t\t\t\t<h1 class=\"elementor-heading-title elementor-size-default\">Programme pour v\u00e9hicules d'occasion<\/h1>\t\t\t\t<\/div>\n\t\t\t\t<\/div>\n\t\t\t\t<div class=\"elementor-element elementor-element-43b88ef elementor-widget__width-initial elementor-widget elementor-widget-text-editor\" data-id=\"43b88ef\" data-element_type=\"widget\" data-e-type=\"widget\" data-widget_type=\"text-editor.default\">\n\t\t\t\t<div class=\"elementor-widget-container\">\n\t\t\t\t\t\t\t\t\t<p>Donnez \u00e0 vos clients de v\u00e9hicules d\u2019occasion un essai gratuit de 3 mois au forfait Le Complet.<\/p>\t\t\t\t\t\t\t\t<\/div>\n\t\t\t\t<\/div>\n\t\t\t\t<div class=\"elementor-element elementor-element-ac1b6ae elementor-widget elementor-widget-html\" data-id=\"ac1b6ae\" data-element_type=\"widget\" data-e-type=\"widget\" data-widget_type=\"html.default\">\n\t\t\t\t<div class=\"elementor-widget-container\">\n\t\t\t\t\t<a title=\"Inscrivez-vous maintenant\" href=\"https:\/\/siriusxmcommunications.com\/CanadaDealerPrograms\/FR\/\" target=\"_blank\" class=\"button primary no-border\">Inscrivez-vous maintenant<\/a>\t\t\t\t<\/div>\n\t\t\t\t<\/div>\n\t\t\t\t\t<\/div>\n\t\t<\/div>\n\t\t\t\t\t<\/div>\n\t\t<\/section>\n\t\t\t\t\t<\/div>\n\t\t<\/div>\n\t\t\t\t\t<\/div>\n\t\t<\/section>\n\t\t\t\t<section class=\"elementor-section elementor-top-section elementor-element elementor-element-0260092 elementor-section-stretched elementor-section-boxed elementor-section-height-default elementor-section-height-default\" data-id=\"0260092\" data-element_type=\"section\" data-e-type=\"section\" data-settings=\"{&quot;stretch_section&quot;:&quot;section-stretched&quot;,&quot;background_background&quot;:&quot;classic&quot;}\">\n\t\t\t\t\t\t<div class=\"elementor-container elementor-column-gap-default\">\n\t\t\t\t\t<div class=\"elementor-column elementor-col-100 elementor-top-column elementor-element elementor-element-dff35cb\" data-id=\"dff35cb\" data-element_type=\"column\" data-e-type=\"column\">\n\t\t\t<div class=\"elementor-widget-wrap elementor-element-populated\">\n\t\t\t\t\t\t<section class=\"elementor-section elementor-inner-section elementor-element elementor-element-ec07e46 elementor-section-boxed elementor-section-height-default elementor-section-height-default\" data-id=\"ec07e46\" data-element_type=\"section\" data-e-type=\"section\" data-settings=\"{&quot;background_background&quot;:&quot;classic&quot;}\">\n\t\t\t\t\t\t<div class=\"elementor-container elementor-column-gap-default\">\n\t\t\t\t\t<div class=\"elementor-column elementor-col-100 elementor-inner-column elementor-element elementor-element-4c44126\" data-id=\"4c44126\" data-element_type=\"column\" data-e-type=\"column\">\n\t\t\t<div class=\"elementor-widget-wrap elementor-element-populated\">\n\t\t\t\t\t\t<div class=\"elementor-element elementor-element-66f8c25 elementor-widget__width-initial elementor-widget elementor-widget-heading\" data-id=\"66f8c25\" data-element_type=\"widget\" data-e-type=\"widget\" data-widget_type=\"heading.default\">\n\t\t\t\t<div class=\"elementor-widget-container\">\n\t\t\t\t\t<h2 class=\"elementor-heading-title elementor-size-default\">Les clients de l'entretien obtiennent un essai gratuit de 3 mois<\/h2>\t\t\t\t<\/div>\n\t\t\t\t<\/div>\n\t\t\t\t<div class=\"elementor-element elementor-element-0389eee elementor-widget__width-initial elementor-widget elementor-widget-text-editor\" data-id=\"0389eee\" data-element_type=\"widget\" data-e-type=\"widget\" data-widget_type=\"text-editor.default\">\n\t\t\t\t<div class=\"elementor-widget-container\">\n\t\t\t\t\t\t\t\t\t<p>Tous les clients achetant un v\u00e9hicule d\u2019occasion dot\u00e9 de SiriusXM obtiennent un <strong>essai gratuit de 3 mois au forfait Le Complet avec plus de 425 stations<\/strong>, y compris de la musique sans pauses publicitaires ainsi que des sports, des nouvelles, des discussions et du divertissement. SiriusXM En continu est inclus.<\/p>\t\t\t\t\t\t\t\t<\/div>\n\t\t\t\t<\/div>\n\t\t\t\t<div class=\"elementor-element elementor-element-4c1a6a3 elementor-widget__width-initial elementor-widget elementor-widget-text-editor\" data-id=\"4c1a6a3\" data-element_type=\"widget\" data-e-type=\"widget\" data-widget_type=\"text-editor.default\">\n\t\t\t\t<div class=\"elementor-widget-container\">\n\t\t\t\t\t\t\t\t\t<ul><li>Tous les v\u00e9hicules \u00e9quip\u00e9s d\u2019une radio satellite sont admissibles, peu importe le fabricant<\/li><li>Le service de d\u00e9mo pour concessionnaire est inclus : partagez l\u2019exp\u00e9rience SiriusXM lors des essais de route<\/li><li>Offert pour votre concession sans frais<\/li><li>Aucune carte de cr\u00e9dit n&rsquo;est requise de la part des clients<\/li><\/ul>\t\t\t\t\t\t\t\t<\/div>\n\t\t\t\t<\/div>\n\t\t\t\t\t<\/div>\n\t\t<\/div>\n\t\t\t\t\t<\/div>\n\t\t<\/section>\n\t\t\t\t<section class=\"elementor-section elementor-inner-section elementor-element elementor-element-957e16d elementor-section-boxed elementor-section-height-default elementor-section-height-default\" data-id=\"957e16d\" data-element_type=\"section\" data-e-type=\"section\" data-settings=\"{&quot;background_background&quot;:&quot;classic&quot;}\">\n\t\t\t\t\t\t<div class=\"elementor-container elementor-column-gap-default\">\n\t\t\t\t\t<div class=\"elementor-column elementor-col-100 elementor-inner-column elementor-element elementor-element-9225e21\" data-id=\"9225e21\" data-element_type=\"column\" data-e-type=\"column\">\n\t\t\t<div class=\"elementor-widget-wrap elementor-element-populated\">\n\t\t\t\t\t\t<div class=\"elementor-element elementor-element-eeefc7d elementor-widget__width-initial elementor-widget elementor-widget-heading\" data-id=\"eeefc7d\" data-element_type=\"widget\" data-e-type=\"widget\" data-widget_type=\"heading.default\">\n\t\t\t\t<div class=\"elementor-widget-container\">\n\t\t\t\t\t<h3 class=\"elementor-heading-title elementor-size-default\">Le fonctionnement<\/h3>\t\t\t\t<\/div>\n\t\t\t\t<\/div>\n\t\t\t\t<div class=\"elementor-element elementor-element-68ce422 elementor-widget__width-initial elementor-widget elementor-widget-text-editor\" data-id=\"68ce422\" data-element_type=\"widget\" data-e-type=\"widget\" data-widget_type=\"text-editor.default\">\n\t\t\t\t<div class=\"elementor-widget-container\">\n\t\t\t\t\t\t\t\t\t<p><strong>Adh\u00e9sion :<\/strong> Inscrivez-vous au programme en autorisant SiriusXM \u00e0 extraire les renseignements de ventes de stock de v\u00e9hicules d\u2019occasion de votre syst\u00e8me de gestion de concession (DMS)*<\/p><p><strong>Retransmission de signal :<\/strong> Une fois que le v\u00e9hicule est inscrit dans les stocks de la concession, une retransmission de signal est le seul \u00e9l\u00e9ment n\u00e9cessaire pour activer votre abonnement de 6 mois \u00e0 la d\u00e9mo. Ceci peut prendre jusqu\u2019\u00e0 3 jours \u00e0 partir du traitement des stocks.<\/p><p><strong>Retransmission de signal :<\/strong> Une fois que le v\u00e9hicule est inscrit dans les stocks de la concession, une retransmission de signal est le seul \u00e9l\u00e9ment n\u00e9cessaire pour activer votre abonnement de 6 mois \u00e0 la d\u00e9mo. Ceci peut prendre jusqu\u2019\u00e0 3 jours \u00e0 partir du traitement des stocks.<\/p>\t\t\t\t\t\t\t\t<\/div>\n\t\t\t\t<\/div>\n\t\t\t\t\t<\/div>\n\t\t<\/div>\n\t\t\t\t\t<\/div>\n\t\t<\/section>\n\t\t\t\t<section class=\"elementor-section elementor-inner-section elementor-element elementor-element-e3544ee elementor-section-boxed elementor-section-height-default elementor-section-height-default\" data-id=\"e3544ee\" data-element_type=\"section\" data-e-type=\"section\" data-settings=\"{&quot;background_background&quot;:&quot;classic&quot;}\">\n\t\t\t\t\t\t<div class=\"elementor-container elementor-column-gap-default\">\n\t\t\t\t\t<div class=\"elementor-column elementor-col-100 elementor-inner-column elementor-element elementor-element-87d0122\" data-id=\"87d0122\" data-element_type=\"column\" data-e-type=\"column\">\n\t\t\t<div class=\"elementor-widget-wrap elementor-element-populated\">\n\t\t\t\t\t\t<div class=\"elementor-element elementor-element-9f667ff elementor-widget__width-initial elementor-widget elementor-widget-heading\" data-id=\"9f667ff\" data-element_type=\"widget\" data-e-type=\"widget\" data-widget_type=\"heading.default\">\n\t\t\t\t<div class=\"elementor-widget-container\">\n\t\t\t\t\t<h3 class=\"elementor-heading-title elementor-size-default\">Que se passe-t-il une fois que je me suis inscrit?<\/h3>\t\t\t\t<\/div>\n\t\t\t\t<\/div>\n\t\t\t\t<div class=\"elementor-element elementor-element-5c9df48 elementor-widget__width-initial elementor-widget elementor-widget-text-editor\" data-id=\"5c9df48\" data-element_type=\"widget\" data-e-type=\"widget\" data-widget_type=\"text-editor.default\">\n\t\t\t\t<div class=\"elementor-widget-container\">\n\t\t\t\t\t\t\t\t\t<p>Apr\u00e8s que vous ayez d\u00fbment activ\u00e9 votre concession, vous recevrez une trousse de bienvenue par la poste avec du mat\u00e9riel SiriusXM gratuit pour votre concession et vos clients. Utilisez l\u2019<a href=\"#\" target=\"_blank\" rel=\"noopener\">appli SiriusXM pour concessionnaires<\/a> pour d\u00e9taillant pour activer le service de d\u00e9mo sur tous les v\u00e9hicules \u00e9quip\u00e9s de votre terrain.<\/p>\t\t\t\t\t\t\t\t<\/div>\n\t\t\t\t<\/div>\n\t\t\t\t\t<\/div>\n\t\t<\/div>\n\t\t\t\t\t<\/div>\n\t\t<\/section>\n\t\t\t\t\t<\/div>\n\t\t<\/div>\n\t\t\t\t\t<\/div>\n\t\t<\/section>\n\t\t\t\t<section class=\"elementor-section elementor-top-section elementor-element elementor-element-05457a1 elementor-section-stretched elementor-section-boxed elementor-section-height-default elementor-section-height-default\" data-id=\"05457a1\" data-element_type=\"section\" data-e-type=\"section\" data-settings=\"{&quot;background_background&quot;:&quot;classic&quot;,&quot;stretch_section&quot;:&quot;section-stretched&quot;}\">\n\t\t\t\t\t\t<div class=\"elementor-container elementor-column-gap-default\">\n\t\t\t\t\t<div class=\"elementor-column elementor-col-100 elementor-top-column elementor-element elementor-element-b865467\" data-id=\"b865467\" data-element_type=\"column\" data-e-type=\"column\">\n\t\t\t<div class=\"elementor-widget-wrap elementor-element-populated\">\n\t\t\t\t\t\t<section class=\"elementor-section elementor-inner-section elementor-element elementor-element-d6480ad elementor-section-boxed elementor-section-height-default elementor-section-height-default\" data-id=\"d6480ad\" data-element_type=\"section\" data-e-type=\"section\">\n\t\t\t\t\t\t<div class=\"elementor-container elementor-column-gap-default\">\n\t\t\t\t\t<div class=\"elementor-column elementor-col-100 elementor-inner-column elementor-element elementor-element-9d3c9be\" data-id=\"9d3c9be\" data-element_type=\"column\" data-e-type=\"column\">\n\t\t\t<div class=\"elementor-widget-wrap elementor-element-populated\">\n\t\t\t\t\t\t<div class=\"elementor-element elementor-element-2a7f04c elementor-widget__width-initial elementor-widget elementor-widget-text-editor\" data-id=\"2a7f04c\" data-element_type=\"widget\" data-e-type=\"widget\" data-widget_type=\"text-editor.default\">\n\t\t\t\t<div class=\"elementor-widget-container\">\n\t\t\t\t\t\t\t\t\t<p>*SiriusXM utilisera ces donn\u00e9es pour activer le service de d\u00e9mo de 180 jours sur vos stocks et commencer automatiquement les essais gratuits de vos clients.<\/p>\t\t\t\t\t\t\t\t<\/div>\n\t\t\t\t<\/div>\n\t\t\t\t\t<\/div>\n\t\t<\/div>\n\t\t\t\t\t<\/div>\n\t\t<\/section>\n\t\t\t\t\t<\/div>\n\t\t<\/div>\n\t\t\t\t\t<\/div>\n\t\t<\/section>\n\t\t\t\t<\/div>\n\t\t","protected":false},"excerpt":{"rendered":"<p>Programmes des concessionnaires Programme pour v\u00e9hicules d&rsquo;occasion Donnez \u00e0 vos clients de v\u00e9hicules d\u2019occasion un essai gratuit de 3 mois au forfait Le Complet. Inscrivez-vous maintenant Les clients de l&rsquo;entretien obtiennent un essai gratuit de 3 mois Tous les clients achetant un v\u00e9hicule d\u2019occasion dot\u00e9 de SiriusXM obtiennent un essai gratuit de 3 mois au &hellip; <a href=\"https:\/\/www.siriusxm.ca\/fr\/concessionnaire\/programmes\/programme-pour-vehicules-doccasion\/\">Continued<\/a><\/p>\n","protected":false},"author":4,"featured_media":251861,"parent":503359,"menu_order":644,"comment_status":"closed","ping_status":"closed","template":"views\/template-dealer.blade.php","meta":{"_acf_changed":false,"_searchwp_excluded":"1","footnotes":""},"class_list":["post-503361","page","type-page","status-publish","has-post-thumbnail","hentry"],"acf":[],"yoast_head":"<!-- This site is optimized with the Yoast SEO Premium plugin v27.4 (Yoast SEO v27.4) - https:\/\/yoast.com\/product\/yoast-seo-premium-wordpress\/ -->\n<title>Programme pour v\u00e9hicules d&#039;occasion | Portail des concessionnaires<\/title>\n<meta name=\"description\" content=\"Les clients qui ach\u00e8tent un v\u00e9hicule d&#039;occasion \u00e9quip\u00e9 d&#039;une radio SiriusXM re\u00e7oivent un essai du forfait Le Complet de 3 mois, dont ils peuvent profiter dans la voiture et sur la route avec l&#039;appli SiriusXM.\" \/>\n<meta name=\"robots\" content=\"index, follow, max-snippet:-1, max-image-preview:large, max-video-preview:-1\" \/>\n<link rel=\"canonical\" href=\"https:\/\/www.siriusxm.ca\/fr\/concessionnaire\/programmes\/programme-pour-vehicules-doccasion\/\" \/>\n<meta property=\"og:type\" content=\"article\" \/>\n<meta property=\"og:title\" content=\"Programme pour v\u00e9hicules d&#039;occasion | Portail des concessionnaires\" \/>\n<meta property=\"og:description\" content=\"Les clients qui ach\u00e8tent un v\u00e9hicule d&#039;occasion \u00e9quip\u00e9 d&#039;une radio SiriusXM re\u00e7oivent un essai du forfait Le Complet de 3 mois, dont ils peuvent profiter dans la voiture et sur la route avec l&#039;appli SiriusXM.\" \/>\n<meta property=\"og:url\" content=\"https:\/\/www.siriusxm.ca\/fr\/concessionnaire\/programmes\/programme-pour-vehicules-doccasion\/\" \/>\n<meta property=\"og:site_name\" content=\"SiriusXM Canada\" \/>\n<meta property=\"article:modified_time\" content=\"2024-07-09T16:20:04+00:00\" \/>\n<meta property=\"og:image\" content=\"https:\/\/www.siriusxm.ca\/wp-content\/uploads\/2020\/12\/SiriusXM-Canada.jpg?ver=1699449919\" \/>\n\t<meta property=\"og:image:width\" content=\"1200\" \/>\n\t<meta property=\"og:image:height\" content=\"630\" \/>\n\t<meta property=\"og:image:type\" content=\"image\/jpeg\" \/>\n<meta name=\"twitter:card\" content=\"summary_large_image\" \/>\n<meta name=\"twitter:title\" content=\"Programme pour v\u00e9hicules d&#039;occasion | Portail des concessionnaires\" \/>\n<meta name=\"twitter:label1\" content=\"Estimation du temps de lecture\" \/>\n\t<meta name=\"twitter:data1\" content=\"2 minutes\" \/>\n<script type=\"application\/ld+json\" class=\"yoast-schema-graph\">{\"@context\":\"https:\\\/\\\/schema.org\",\"@graph\":[{\"@type\":\"WebPage\",\"@id\":\"https:\\\/\\\/www.siriusxm.ca\\\/fr\\\/concessionnaire\\\/programmes\\\/programme-pour-vehicules-doccasion\\\/\",\"url\":\"https:\\\/\\\/www.siriusxm.ca\\\/fr\\\/concessionnaire\\\/programmes\\\/programme-pour-vehicules-doccasion\\\/\",\"name\":\"Programme pour v\u00e9hicules d'occasion | Portail des concessionnaires\",\"isPartOf\":{\"@id\":\"https:\\\/\\\/www.siriusxm.ca\\\/fr\\\/#website\"},\"primaryImageOfPage\":{\"@id\":\"https:\\\/\\\/www.siriusxm.ca\\\/fr\\\/concessionnaire\\\/programmes\\\/programme-pour-vehicules-doccasion\\\/#primaryimage\"},\"image\":{\"@id\":\"https:\\\/\\\/www.siriusxm.ca\\\/fr\\\/concessionnaire\\\/programmes\\\/programme-pour-vehicules-doccasion\\\/#primaryimage\"},\"thumbnailUrl\":\"https:\\\/\\\/www.siriusxm.ca\\\/wp-content\\\/uploads\\\/2020\\\/12\\\/SiriusXM-Canada.jpg?ver=1699506079\",\"datePublished\":\"2024-02-01T05:00:03+00:00\",\"dateModified\":\"2024-07-09T16:20:04+00:00\",\"description\":\"Les clients qui ach\u00e8tent un v\u00e9hicule d'occasion \u00e9quip\u00e9 d'une radio SiriusXM re\u00e7oivent un essai du forfait Le Complet de 3 mois, dont ils peuvent profiter dans la voiture et sur la route avec l'appli SiriusXM.\",\"breadcrumb\":{\"@id\":\"https:\\\/\\\/www.siriusxm.ca\\\/fr\\\/concessionnaire\\\/programmes\\\/programme-pour-vehicules-doccasion\\\/#breadcrumb\"},\"inLanguage\":\"fr-CA\",\"potentialAction\":[{\"@type\":\"ReadAction\",\"target\":[\"https:\\\/\\\/www.siriusxm.ca\\\/fr\\\/concessionnaire\\\/programmes\\\/programme-pour-vehicules-doccasion\\\/\"]}]},{\"@type\":\"ImageObject\",\"inLanguage\":\"fr-CA\",\"@id\":\"https:\\\/\\\/www.siriusxm.ca\\\/fr\\\/concessionnaire\\\/programmes\\\/programme-pour-vehicules-doccasion\\\/#primaryimage\",\"url\":\"https:\\\/\\\/www.siriusxm.ca\\\/wp-content\\\/uploads\\\/2020\\\/12\\\/SiriusXM-Canada.jpg?ver=1699506079\",\"contentUrl\":\"https:\\\/\\\/www.siriusxm.ca\\\/wp-content\\\/uploads\\\/2020\\\/12\\\/SiriusXM-Canada.jpg?ver=1699506079\",\"width\":1200,\"height\":630,\"caption\":\"SiriusXM logo on a blue background\"},{\"@type\":\"BreadcrumbList\",\"@id\":\"https:\\\/\\\/www.siriusxm.ca\\\/fr\\\/concessionnaire\\\/programmes\\\/programme-pour-vehicules-doccasion\\\/#breadcrumb\",\"itemListElement\":[{\"@type\":\"ListItem\",\"position\":1,\"name\":\"Home\",\"item\":\"https:\\\/\\\/www.siriusxm.ca\\\/fr\\\/accueil-b\\\/\"},{\"@type\":\"ListItem\",\"position\":2,\"name\":\"Dealer \\\/\\\/ Main Page (French)\",\"item\":\"https:\\\/\\\/www.siriusxm.ca\\\/fr\\\/dealer\\\/\"},{\"@type\":\"ListItem\",\"position\":3,\"name\":\"Dealer \\\/\\\/ Programs (French)\",\"item\":\"https:\\\/\\\/www.siriusxm.ca\\\/fr\\\/dealer\\\/programs\\\/\"},{\"@type\":\"ListItem\",\"position\":4,\"name\":\"Dealer \\\/\\\/ Programs \\\/ Pre-Owned Program (French)\"}]},{\"@type\":\"WebSite\",\"@id\":\"https:\\\/\\\/www.siriusxm.ca\\\/fr\\\/#website\",\"url\":\"https:\\\/\\\/www.siriusxm.ca\\\/fr\\\/\",\"name\":\"SiriusXM Canada\",\"description\":\"\",\"potentialAction\":[{\"@type\":\"SearchAction\",\"target\":{\"@type\":\"EntryPoint\",\"urlTemplate\":\"https:\\\/\\\/www.siriusxm.ca\\\/fr\\\/search\\\/{search_term_string}\"},\"query-input\":{\"@type\":\"PropertyValueSpecification\",\"valueRequired\":true,\"valueName\":\"search_term_string\"}}],\"inLanguage\":\"fr-CA\"}]}<\/script>\n<!-- \/ Yoast SEO Premium plugin. -->","yoast_head_json":{"title":"Programme pour v\u00e9hicules d'occasion | Portail des concessionnaires","description":"Les clients qui ach\u00e8tent un v\u00e9hicule d'occasion \u00e9quip\u00e9 d'une radio SiriusXM re\u00e7oivent un essai du forfait Le Complet de 3 mois, dont ils peuvent profiter dans la voiture et sur la route avec l'appli SiriusXM.","robots":{"index":"index","follow":"follow","max-snippet":"max-snippet:-1","max-image-preview":"max-image-preview:large","max-video-preview":"max-video-preview:-1"},"canonical":"https:\/\/www.siriusxm.ca\/fr\/concessionnaire\/programmes\/programme-pour-vehicules-doccasion\/","og_type":"article","og_title":"Programme pour v\u00e9hicules d'occasion | Portail des concessionnaires","og_description":"Les clients qui ach\u00e8tent un v\u00e9hicule d'occasion \u00e9quip\u00e9 d'une radio SiriusXM re\u00e7oivent un essai du forfait Le Complet de 3 mois, dont ils peuvent profiter dans la voiture et sur la route avec l'appli SiriusXM.","og_url":"https:\/\/www.siriusxm.ca\/fr\/concessionnaire\/programmes\/programme-pour-vehicules-doccasion\/","og_site_name":"SiriusXM Canada","article_modified_time":"2024-07-09T16:20:04+00:00","og_image":[{"width":1200,"height":630,"url":"https:\/\/www.siriusxm.ca\/wp-content\/uploads\/2020\/12\/SiriusXM-Canada.jpg?ver=1699449919","type":"image\/jpeg"}],"twitter_card":"summary_large_image","twitter_title":"Programme pour v\u00e9hicules d'occasion | Portail des concessionnaires","twitter_misc":{"Estimation du temps de lecture":"2 minutes"},"schema":{"@context":"https:\/\/schema.org","@graph":[{"@type":"WebPage","@id":"https:\/\/www.siriusxm.ca\/fr\/concessionnaire\/programmes\/programme-pour-vehicules-doccasion\/","url":"https:\/\/www.siriusxm.ca\/fr\/concessionnaire\/programmes\/programme-pour-vehicules-doccasion\/","name":"Programme pour v\u00e9hicules d'occasion | Portail des concessionnaires","isPartOf":{"@id":"https:\/\/www.siriusxm.ca\/fr\/#website"},"primaryImageOfPage":{"@id":"https:\/\/www.siriusxm.ca\/fr\/concessionnaire\/programmes\/programme-pour-vehicules-doccasion\/#primaryimage"},"image":{"@id":"https:\/\/www.siriusxm.ca\/fr\/concessionnaire\/programmes\/programme-pour-vehicules-doccasion\/#primaryimage"},"thumbnailUrl":"https:\/\/www.siriusxm.ca\/wp-content\/uploads\/2020\/12\/SiriusXM-Canada.jpg?ver=1699506079","datePublished":"2024-02-01T05:00:03+00:00","dateModified":"2024-07-09T16:20:04+00:00","description":"Les clients qui ach\u00e8tent un v\u00e9hicule d'occasion \u00e9quip\u00e9 d'une radio SiriusXM re\u00e7oivent un essai du forfait Le Complet de 3 mois, dont ils peuvent profiter dans la voiture et sur la route avec l'appli SiriusXM.","breadcrumb":{"@id":"https:\/\/www.siriusxm.ca\/fr\/concessionnaire\/programmes\/programme-pour-vehicules-doccasion\/#breadcrumb"},"inLanguage":"fr-CA","potentialAction":[{"@type":"ReadAction","target":["https:\/\/www.siriusxm.ca\/fr\/concessionnaire\/programmes\/programme-pour-vehicules-doccasion\/"]}]},{"@type":"ImageObject","inLanguage":"fr-CA","@id":"https:\/\/www.siriusxm.ca\/fr\/concessionnaire\/programmes\/programme-pour-vehicules-doccasion\/#primaryimage","url":"https:\/\/www.siriusxm.ca\/wp-content\/uploads\/2020\/12\/SiriusXM-Canada.jpg?ver=1699506079","contentUrl":"https:\/\/www.siriusxm.ca\/wp-content\/uploads\/2020\/12\/SiriusXM-Canada.jpg?ver=1699506079","width":1200,"height":630,"caption":"SiriusXM logo on a blue background"},{"@type":"BreadcrumbList","@id":"https:\/\/www.siriusxm.ca\/fr\/concessionnaire\/programmes\/programme-pour-vehicules-doccasion\/#breadcrumb","itemListElement":[{"@type":"ListItem","position":1,"name":"Home","item":"https:\/\/www.siriusxm.ca\/fr\/accueil-b\/"},{"@type":"ListItem","position":2,"name":"Dealer \/\/ Main Page (French)","item":"https:\/\/www.siriusxm.ca\/fr\/dealer\/"},{"@type":"ListItem","position":3,"name":"Dealer \/\/ Programs (French)","item":"https:\/\/www.siriusxm.ca\/fr\/dealer\/programs\/"},{"@type":"ListItem","position":4,"name":"Dealer \/\/ Programs \/ Pre-Owned Program (French)"}]},{"@type":"WebSite","@id":"https:\/\/www.siriusxm.ca\/fr\/#website","url":"https:\/\/www.siriusxm.ca\/fr\/","name":"SiriusXM Canada","description":"","potentialAction":[{"@type":"SearchAction","target":{"@type":"EntryPoint","urlTemplate":"https:\/\/www.siriusxm.ca\/fr\/search\/{search_term_string}"},"query-input":{"@type":"PropertyValueSpecification","valueRequired":true,"valueName":"search_term_string"}}],"inLanguage":"fr-CA"}]}},"_links":{"self":[{"href":"https:\/\/www.siriusxm.ca\/fr\/wp-json\/wp\/v2\/pages\/503361","targetHints":{"allow":["GET"]}}],"collection":[{"href":"https:\/\/www.siriusxm.ca\/fr\/wp-json\/wp\/v2\/pages"}],"about":[{"href":"https:\/\/www.siriusxm.ca\/fr\/wp-json\/wp\/v2\/types\/page"}],"author":[{"embeddable":true,"href":"https:\/\/www.siriusxm.ca\/fr\/wp-json\/wp\/v2\/users\/4"}],"replies":[{"embeddable":true,"href":"https:\/\/www.siriusxm.ca\/fr\/wp-json\/wp\/v2\/comments?post=503361"}],"version-history":[{"count":0,"href":"https:\/\/www.siriusxm.ca\/fr\/wp-json\/wp\/v2\/pages\/503361\/revisions"}],"up":[{"embeddable":true,"href":"https:\/\/www.siriusxm.ca\/fr\/wp-json\/wp\/v2\/pages\/503359"}],"wp:featuredmedia":[{"embeddable":true,"href":"https:\/\/www.siriusxm.ca\/fr\/wp-json\/wp\/v2\/media\/251861"}],"wp:attachment":[{"href":"https:\/\/www.siriusxm.ca\/fr\/wp-json\/wp\/v2\/media?parent=503361"}],"curies":[{"name":"wp","href":"https:\/\/api.w.org\/{rel}","templated":true}]}}