{"id":503364,"date":"2024-02-01T00:00:28","date_gmt":"2024-02-01T05:00:28","guid":{"rendered":"https:\/\/www.siriusxm.ca\/concessionnaire\/programmes\/service-lane-program\/"},"modified":"2024-07-09T12:20:13","modified_gmt":"2024-07-09T16:20:13","slug":"programme-voie-de-service","status":"publish","type":"page","link":"https:\/\/www.siriusxm.ca\/fr\/concessionnaire\/programmes\/programme-voie-de-service\/","title":{"rendered":"Dealer \/\/ Programs \/ Service Lane Program (French)"},"content":{"rendered":"\t\t<div data-elementor-type=\"wp-post\" data-elementor-id=\"503364\" class=\"elementor elementor-503364 elementor-484807\" data-elementor-post-type=\"page\">\n\t\t\t\t\t\t<section class=\"elementor-section elementor-top-section elementor-element elementor-element-58e18e8 elementor-section-stretched elementor-section-height-min-height elementor-section-items-top elementor-section-boxed elementor-section-height-default\" data-id=\"58e18e8\" data-element_type=\"section\" data-e-type=\"section\" data-settings=\"{&quot;stretch_section&quot;:&quot;section-stretched&quot;,&quot;background_background&quot;:&quot;classic&quot;}\" data-area=\"hero\">\n\t\t\t\t\t\t\t<div class=\"elementor-background-overlay\"><\/div>\n\t\t\t\t\t\t\t<div class=\"elementor-container elementor-column-gap-default\">\n\t\t\t\t\t<div class=\"elementor-column elementor-col-100 elementor-top-column elementor-element elementor-element-18069c5\" data-id=\"18069c5\" data-element_type=\"column\" data-e-type=\"column\">\n\t\t\t<div class=\"elementor-widget-wrap elementor-element-populated\">\n\t\t\t\t\t\t<section class=\"elementor-section elementor-inner-section elementor-element elementor-element-4f78501 elementor-section-content-top elementor-section-boxed elementor-section-height-default elementor-section-height-default\" data-id=\"4f78501\" data-element_type=\"section\" data-e-type=\"section\">\n\t\t\t\t\t\t<div class=\"elementor-container elementor-column-gap-default\">\n\t\t\t\t\t<div class=\"elementor-column elementor-col-100 elementor-inner-column elementor-element elementor-element-2feff8f\" data-id=\"2feff8f\" data-element_type=\"column\" data-e-type=\"column\">\n\t\t\t<div class=\"elementor-widget-wrap elementor-element-populated\">\n\t\t\t\t\t\t<div class=\"elementor-element elementor-element-ab24719 elementor-widget__width-initial elementor-widget elementor-widget-text-editor\" data-id=\"ab24719\" data-element_type=\"widget\" data-e-type=\"widget\" data-widget_type=\"text-editor.default\">\n\t\t\t\t<div class=\"elementor-widget-container\">\n\t\t\t\t\t\t\t\t\t<p>Programmes des concessionnaires<\/p>\t\t\t\t\t\t\t\t<\/div>\n\t\t\t\t<\/div>\n\t\t\t\t<div class=\"elementor-element elementor-element-3789f96 elementor-widget__width-initial elementor-widget elementor-widget-heading\" data-id=\"3789f96\" data-element_type=\"widget\" data-e-type=\"widget\" data-widget_type=\"heading.default\">\n\t\t\t\t<div class=\"elementor-widget-container\">\n\t\t\t\t\t<h1 class=\"elementor-heading-title elementor-size-default\">Programme voie de service<\/h1>\t\t\t\t<\/div>\n\t\t\t\t<\/div>\n\t\t\t\t<div class=\"elementor-element elementor-element-b8b7884 elementor-widget__width-initial elementor-widget elementor-widget-text-editor\" data-id=\"b8b7884\" data-element_type=\"widget\" data-e-type=\"widget\" data-widget_type=\"text-editor.default\">\n\t\t\t\t<div class=\"elementor-widget-container\">\n\t\t\t\t\t\t\t\t\t<p>Offrez \u00e0 vos clients de l\u2019entretien un essai gratuit de 3 mois au forfait Le Complet.<\/p>\t\t\t\t\t\t\t\t<\/div>\n\t\t\t\t<\/div>\n\t\t\t\t<div class=\"elementor-element elementor-element-e2295cd elementor-widget elementor-widget-html\" data-id=\"e2295cd\" data-element_type=\"widget\" data-e-type=\"widget\" data-widget_type=\"html.default\">\n\t\t\t\t<div class=\"elementor-widget-container\">\n\t\t\t\t\t<a title=\"Inscrivez-vous maintenant\" href=\"https:\/\/siriusxmcommunications.com\/CanadaDealerPrograms\/FR\/\" target=\"_blank\" class=\"button primary no-border\">Inscrivez-vous maintenant<\/a>\t\t\t\t<\/div>\n\t\t\t\t<\/div>\n\t\t\t\t\t<\/div>\n\t\t<\/div>\n\t\t\t\t\t<\/div>\n\t\t<\/section>\n\t\t\t\t\t<\/div>\n\t\t<\/div>\n\t\t\t\t\t<\/div>\n\t\t<\/section>\n\t\t\t\t<section class=\"elementor-section elementor-top-section elementor-element elementor-element-987a48f elementor-section-stretched elementor-section-boxed elementor-section-height-default elementor-section-height-default\" data-id=\"987a48f\" data-element_type=\"section\" data-e-type=\"section\" data-settings=\"{&quot;stretch_section&quot;:&quot;section-stretched&quot;,&quot;background_background&quot;:&quot;classic&quot;}\">\n\t\t\t\t\t\t<div class=\"elementor-container elementor-column-gap-default\">\n\t\t\t\t\t<div class=\"elementor-column elementor-col-100 elementor-top-column elementor-element elementor-element-2b3de20\" data-id=\"2b3de20\" data-element_type=\"column\" data-e-type=\"column\">\n\t\t\t<div class=\"elementor-widget-wrap elementor-element-populated\">\n\t\t\t\t\t\t<section class=\"elementor-section elementor-inner-section elementor-element elementor-element-ac51763 elementor-section-boxed elementor-section-height-default elementor-section-height-default\" data-id=\"ac51763\" data-element_type=\"section\" data-e-type=\"section\" data-settings=\"{&quot;background_background&quot;:&quot;classic&quot;}\">\n\t\t\t\t\t\t<div class=\"elementor-container elementor-column-gap-default\">\n\t\t\t\t\t<div class=\"elementor-column elementor-col-100 elementor-inner-column elementor-element elementor-element-3226c16\" data-id=\"3226c16\" data-element_type=\"column\" data-e-type=\"column\">\n\t\t\t<div class=\"elementor-widget-wrap elementor-element-populated\">\n\t\t\t\t\t\t<div class=\"elementor-element elementor-element-c4d1339 elementor-widget__width-initial elementor-widget elementor-widget-heading\" data-id=\"c4d1339\" data-element_type=\"widget\" data-e-type=\"widget\" data-widget_type=\"heading.default\">\n\t\t\t\t<div class=\"elementor-widget-container\">\n\t\t\t\t\t<h2 class=\"elementor-heading-title elementor-size-default\">Rapprochez-vous de ce que vos clients aiment <\/h2>\t\t\t\t<\/div>\n\t\t\t\t<\/div>\n\t\t\t\t<div class=\"elementor-element elementor-element-cc4b41d elementor-widget__width-initial elementor-widget elementor-widget-text-editor\" data-id=\"cc4b41d\" data-element_type=\"widget\" data-e-type=\"widget\" data-widget_type=\"text-editor.default\">\n\t\t\t\t<div class=\"elementor-widget-container\">\n\t\t\t\t\t\t\t\t\t<p>En plus des essais offerts \u00e0 vos clients de v\u00e9hicules neufs et d&rsquo;occasion, vous pouvez \u00e9galement proposer des abonnements <strong>d&rsquo;essai de 3 mois \u00e0 SiriusXM<\/strong> aux clients admissibles. Con\u00e7u pour am\u00e9liorer vos programmes de reconnaissance et de fid\u00e9lisation, ce programme GRATUIT est un excellent moyen pour vous de rapprocher vos clients des artistes, des c\u00e9l\u00e9brit\u00e9s et des sports qu&rsquo;ils aiment.<\/p>\t\t\t\t\t\t\t\t<\/div>\n\t\t\t\t<\/div>\n\t\t\t\t<div class=\"elementor-element elementor-element-8f2632a elementor-widget__width-initial elementor-widget elementor-widget-text-editor\" data-id=\"8f2632a\" data-element_type=\"widget\" data-e-type=\"widget\" data-widget_type=\"text-editor.default\">\n\t\t\t\t<div class=\"elementor-widget-container\">\n\t\t\t\t\t\t\t\t\t<ul><li>Offert sur tous les v\u00e9hicules admissibles* \u00e9quip\u00e9s de SiriusXM, peu importe le fabricant.<\/li><li>Aucune intervention du concessionnaire requise pour activer les essais des clients de l\u2019entretien.<\/li><li>Offert \u00e0 votre concession sans frais.<\/li><\/ul>\t\t\t\t\t\t\t\t<\/div>\n\t\t\t\t<\/div>\n\t\t\t\t<div class=\"elementor-element elementor-element-37a02d9 elementor-widget__width-initial elementor-widget elementor-widget-text-editor\" data-id=\"37a02d9\" data-element_type=\"widget\" data-e-type=\"widget\" data-widget_type=\"text-editor.default\">\n\t\t\t\t<div class=\"elementor-widget-container\">\n\t\t\t\t\t\t\t\t\t<p>En vous inscrivant \u00e0 ce programme, vous aurez la possibilit\u00e9 de profiter du programme Voie de service Plus! En tant qu&rsquo;extension du programme Voie de service classique, ce programme vous permet de faire de la promotion dans votre concessionnaire, puisque TOUS vos clients du service ont acc\u00e8s \u00e0 un essai gratuit dans leur v\u00e9hicule ou sur l\u2019appli SiriusXM. Pour plus d&rsquo;informations, veuillez <a href=\"\/fr\/concessionnaire\/contact\/\">contacter votre directeur<\/a> de district.<\/p>\t\t\t\t\t\t\t\t<\/div>\n\t\t\t\t<\/div>\n\t\t\t\t\t<\/div>\n\t\t<\/div>\n\t\t\t\t\t<\/div>\n\t\t<\/section>\n\t\t\t\t<section class=\"elementor-section elementor-inner-section elementor-element elementor-element-944ce3a elementor-section-boxed elementor-section-height-default elementor-section-height-default\" data-id=\"944ce3a\" data-element_type=\"section\" data-e-type=\"section\" data-settings=\"{&quot;background_background&quot;:&quot;classic&quot;}\">\n\t\t\t\t\t\t<div class=\"elementor-container elementor-column-gap-default\">\n\t\t\t\t\t<div class=\"elementor-column elementor-col-100 elementor-inner-column elementor-element elementor-element-e9dde1e\" data-id=\"e9dde1e\" data-element_type=\"column\" data-e-type=\"column\">\n\t\t\t<div class=\"elementor-widget-wrap elementor-element-populated\">\n\t\t\t\t\t\t<div class=\"elementor-element elementor-element-19e722c elementor-widget__width-initial elementor-widget elementor-widget-heading\" data-id=\"19e722c\" data-element_type=\"widget\" data-e-type=\"widget\" data-widget_type=\"heading.default\">\n\t\t\t\t<div class=\"elementor-widget-container\">\n\t\t\t\t\t<h3 class=\"elementor-heading-title elementor-size-default\">Le fonctionnement<\/h3>\t\t\t\t<\/div>\n\t\t\t\t<\/div>\n\t\t\t\t<div class=\"elementor-element elementor-element-4ca4469 elementor-widget__width-initial elementor-widget elementor-widget-text-editor\" data-id=\"4ca4469\" data-element_type=\"widget\" data-e-type=\"widget\" data-widget_type=\"text-editor.default\">\n\t\t\t\t<div class=\"elementor-widget-container\">\n\t\t\t\t\t\t\t\t\t<ul><li>Processus d\u2019adh\u00e9sion du concessionnaire simple et unique.<\/li><li>Processus de s\u00e9curit\u00e9 des donn\u00e9es \u00e9quivalent \u00e0 celui appliqu\u00e9 aux renseignements partag\u00e9s sur les clients de ventes de v\u00e9hicules neufs et d\u2019occasion.<\/li><\/ul>\t\t\t\t\t\t\t\t<\/div>\n\t\t\t\t<\/div>\n\t\t\t\t\t<\/div>\n\t\t<\/div>\n\t\t\t\t\t<\/div>\n\t\t<\/section>\n\t\t\t\t<section class=\"elementor-section elementor-inner-section elementor-element elementor-element-39af2e6 elementor-section-boxed elementor-section-height-default elementor-section-height-default\" data-id=\"39af2e6\" data-element_type=\"section\" data-e-type=\"section\" data-settings=\"{&quot;background_background&quot;:&quot;classic&quot;}\">\n\t\t\t\t\t\t<div class=\"elementor-container elementor-column-gap-default\">\n\t\t\t\t\t<div class=\"elementor-column elementor-col-100 elementor-inner-column elementor-element elementor-element-bac2ef2\" data-id=\"bac2ef2\" data-element_type=\"column\" data-e-type=\"column\">\n\t\t\t<div class=\"elementor-widget-wrap elementor-element-populated\">\n\t\t\t\t\t\t<div class=\"elementor-element elementor-element-3c3cb77 elementor-widget__width-initial elementor-widget elementor-widget-heading\" data-id=\"3c3cb77\" data-element_type=\"widget\" data-e-type=\"widget\" data-widget_type=\"heading.default\">\n\t\t\t\t<div class=\"elementor-widget-container\">\n\t\t\t\t\t<h3 class=\"elementor-heading-title elementor-size-default\">Que se passe-t-il une fois que je me suis inscrit?<\/h3>\t\t\t\t<\/div>\n\t\t\t\t<\/div>\n\t\t\t\t<div class=\"elementor-element elementor-element-95ee142 elementor-widget__width-initial elementor-widget elementor-widget-text-editor\" data-id=\"95ee142\" data-element_type=\"widget\" data-e-type=\"widget\" data-widget_type=\"text-editor.default\">\n\t\t\t\t<div class=\"elementor-widget-container\">\n\t\t\t\t\t\t\t\t\t<p>Une fois que votre concession est activ\u00e9e dans le programme, nous informerons vos clients admissibles de l\u2019entretien au sujet de leur abonnement d\u2019essai gratuit.<\/p>\t\t\t\t\t\t\t\t<\/div>\n\t\t\t\t<\/div>\n\t\t\t\t\t<\/div>\n\t\t<\/div>\n\t\t\t\t\t<\/div>\n\t\t<\/section>\n\t\t\t\t\t<\/div>\n\t\t<\/div>\n\t\t\t\t\t<\/div>\n\t\t<\/section>\n\t\t\t\t<section class=\"elementor-section elementor-top-section elementor-element elementor-element-4bb3f7b elementor-section-stretched elementor-section-boxed elementor-section-height-default elementor-section-height-default\" data-id=\"4bb3f7b\" data-element_type=\"section\" data-e-type=\"section\" data-settings=\"{&quot;background_background&quot;:&quot;classic&quot;,&quot;stretch_section&quot;:&quot;section-stretched&quot;}\">\n\t\t\t\t\t\t<div class=\"elementor-container elementor-column-gap-default\">\n\t\t\t\t\t<div class=\"elementor-column elementor-col-100 elementor-top-column elementor-element elementor-element-89695e6\" data-id=\"89695e6\" data-element_type=\"column\" data-e-type=\"column\">\n\t\t\t<div class=\"elementor-widget-wrap elementor-element-populated\">\n\t\t\t\t\t\t<section class=\"elementor-section elementor-inner-section elementor-element elementor-element-3b1637f elementor-section-boxed elementor-section-height-default elementor-section-height-default\" data-id=\"3b1637f\" data-element_type=\"section\" data-e-type=\"section\">\n\t\t\t\t\t\t<div class=\"elementor-container elementor-column-gap-default\">\n\t\t\t\t\t<div class=\"elementor-column elementor-col-100 elementor-inner-column elementor-element elementor-element-fae34e9\" data-id=\"fae34e9\" data-element_type=\"column\" data-e-type=\"column\">\n\t\t\t<div class=\"elementor-widget-wrap elementor-element-populated\">\n\t\t\t\t\t\t<div class=\"elementor-element elementor-element-819e988 elementor-widget__width-initial elementor-widget elementor-widget-text-editor\" data-id=\"819e988\" data-element_type=\"widget\" data-e-type=\"widget\" data-widget_type=\"text-editor.default\">\n\t\t\t\t<div class=\"elementor-widget-container\">\n\t\t\t\t\t\t\t\t\t<p>*Certains v\u00e9hicules admissibles peuvent ne pas se qualifier \u00e0 la promotion dans le cadre du Programme Voie de service, y compris les v\u00e9hicules ayant un abonnement de service de radio satellite Sirius ou XM actif, les v\u00e9hicules ayant obtenu le service de radio satellite Sirius ou XM (sur la base d\u2019un essai ou d\u2019un abonnement pay\u00e9) lors des 12 mois pr\u00e9c\u00e9dents, ou d\u2019autres v\u00e9hicules d\u00e9finis de mani\u00e8re raisonnable par SiriusXM \u00e0 sa seule discr\u00e9tion. SiriusXM peut \u00e0 sa discr\u00e9tion fournir des essais de services ou d\u2019autres services aux propri\u00e9taires de v\u00e9hicules qui ne sont pas admissibles au Programme Voie de service.<\/p>\t\t\t\t\t\t\t\t<\/div>\n\t\t\t\t<\/div>\n\t\t\t\t\t<\/div>\n\t\t<\/div>\n\t\t\t\t\t<\/div>\n\t\t<\/section>\n\t\t\t\t\t<\/div>\n\t\t<\/div>\n\t\t\t\t\t<\/div>\n\t\t<\/section>\n\t\t\t\t<\/div>\n\t\t","protected":false},"excerpt":{"rendered":"<p>Programmes des concessionnaires Programme voie de service Offrez \u00e0 vos clients de l\u2019entretien un essai gratuit de 3 mois au forfait Le Complet. Inscrivez-vous maintenant Rapprochez-vous de ce que vos clients aiment En plus des essais offerts \u00e0 vos clients de v\u00e9hicules neufs et d&rsquo;occasion, vous pouvez \u00e9galement proposer des abonnements d&rsquo;essai de 3 mois &hellip; <a href=\"https:\/\/www.siriusxm.ca\/fr\/concessionnaire\/programmes\/programme-voie-de-service\/\">Continued<\/a><\/p>\n","protected":false},"author":4,"featured_media":251861,"parent":503359,"menu_order":646,"comment_status":"closed","ping_status":"closed","template":"views\/template-dealer.blade.php","meta":{"_acf_changed":false,"_searchwp_excluded":"1","footnotes":""},"class_list":["post-503364","page","type-page","status-publish","has-post-thumbnail","hentry"],"acf":[],"yoast_head":"<!-- This site is optimized with the Yoast SEO Premium plugin v27.4 (Yoast SEO v27.4) - https:\/\/yoast.com\/product\/yoast-seo-premium-wordpress\/ -->\n<title>Programme Voie de service | Portail des concessionnaires<\/title>\n<meta name=\"description\" content=\"Les clients d&#039;entretien re\u00e7oivent un essai du forfait Le Complet de 3 mois, qui comprend plus de 425 cha\u00eenes \u00e0 \u00e9couter dans la voiture et en d\u00e9placement. L&#039;acc\u00e8s \u00e0 l&#039;appli SiriusXM est inclus.\" \/>\n<meta name=\"robots\" content=\"index, follow, max-snippet:-1, max-image-preview:large, max-video-preview:-1\" \/>\n<link rel=\"canonical\" href=\"https:\/\/www.siriusxm.ca\/fr\/concessionnaire\/programmes\/programme-voie-de-service\/\" \/>\n<meta property=\"og:type\" content=\"article\" \/>\n<meta property=\"og:title\" content=\"Programme Voie de service | Portail des concessionnaires\" \/>\n<meta property=\"og:description\" content=\"Les clients d&#039;entretien re\u00e7oivent un essai du forfait Le Complet de 3 mois, qui comprend plus de 425 cha\u00eenes \u00e0 \u00e9couter dans la voiture et en d\u00e9placement. L&#039;acc\u00e8s \u00e0 l&#039;appli SiriusXM est inclus.\" \/>\n<meta property=\"og:url\" content=\"https:\/\/www.siriusxm.ca\/fr\/concessionnaire\/programmes\/programme-voie-de-service\/\" \/>\n<meta property=\"og:site_name\" content=\"SiriusXM Canada\" \/>\n<meta property=\"article:modified_time\" content=\"2024-07-09T16:20:13+00:00\" \/>\n<meta property=\"og:image\" content=\"https:\/\/www.siriusxm.ca\/wp-content\/uploads\/2020\/12\/SiriusXM-Canada.jpg?ver=1699449919\" \/>\n\t<meta property=\"og:image:width\" content=\"1200\" \/>\n\t<meta property=\"og:image:height\" content=\"630\" \/>\n\t<meta property=\"og:image:type\" content=\"image\/jpeg\" \/>\n<meta name=\"twitter:card\" content=\"summary_large_image\" \/>\n<meta name=\"twitter:title\" content=\"Programme Voie de service | Portail des concessionnaires\" \/>\n<meta name=\"twitter:label1\" content=\"Estimation du temps de lecture\" \/>\n\t<meta name=\"twitter:data1\" content=\"2 minutes\" \/>\n<script type=\"application\/ld+json\" class=\"yoast-schema-graph\">{\"@context\":\"https:\\\/\\\/schema.org\",\"@graph\":[{\"@type\":\"WebPage\",\"@id\":\"https:\\\/\\\/www.siriusxm.ca\\\/fr\\\/concessionnaire\\\/programmes\\\/programme-voie-de-service\\\/\",\"url\":\"https:\\\/\\\/www.siriusxm.ca\\\/fr\\\/concessionnaire\\\/programmes\\\/programme-voie-de-service\\\/\",\"name\":\"Programme Voie de service | Portail des concessionnaires\",\"isPartOf\":{\"@id\":\"https:\\\/\\\/www.siriusxm.ca\\\/fr\\\/#website\"},\"primaryImageOfPage\":{\"@id\":\"https:\\\/\\\/www.siriusxm.ca\\\/fr\\\/concessionnaire\\\/programmes\\\/programme-voie-de-service\\\/#primaryimage\"},\"image\":{\"@id\":\"https:\\\/\\\/www.siriusxm.ca\\\/fr\\\/concessionnaire\\\/programmes\\\/programme-voie-de-service\\\/#primaryimage\"},\"thumbnailUrl\":\"https:\\\/\\\/www.siriusxm.ca\\\/wp-content\\\/uploads\\\/2020\\\/12\\\/SiriusXM-Canada.jpg?ver=1699506079\",\"datePublished\":\"2024-02-01T05:00:28+00:00\",\"dateModified\":\"2024-07-09T16:20:13+00:00\",\"description\":\"Les clients d'entretien re\u00e7oivent un essai du forfait Le Complet de 3 mois, qui comprend plus de 425 cha\u00eenes \u00e0 \u00e9couter dans la voiture et en d\u00e9placement. L'acc\u00e8s \u00e0 l'appli SiriusXM est inclus.\",\"breadcrumb\":{\"@id\":\"https:\\\/\\\/www.siriusxm.ca\\\/fr\\\/concessionnaire\\\/programmes\\\/programme-voie-de-service\\\/#breadcrumb\"},\"inLanguage\":\"fr-CA\",\"potentialAction\":[{\"@type\":\"ReadAction\",\"target\":[\"https:\\\/\\\/www.siriusxm.ca\\\/fr\\\/concessionnaire\\\/programmes\\\/programme-voie-de-service\\\/\"]}]},{\"@type\":\"ImageObject\",\"inLanguage\":\"fr-CA\",\"@id\":\"https:\\\/\\\/www.siriusxm.ca\\\/fr\\\/concessionnaire\\\/programmes\\\/programme-voie-de-service\\\/#primaryimage\",\"url\":\"https:\\\/\\\/www.siriusxm.ca\\\/wp-content\\\/uploads\\\/2020\\\/12\\\/SiriusXM-Canada.jpg?ver=1699506079\",\"contentUrl\":\"https:\\\/\\\/www.siriusxm.ca\\\/wp-content\\\/uploads\\\/2020\\\/12\\\/SiriusXM-Canada.jpg?ver=1699506079\",\"width\":1200,\"height\":630,\"caption\":\"SiriusXM logo on a blue background\"},{\"@type\":\"BreadcrumbList\",\"@id\":\"https:\\\/\\\/www.siriusxm.ca\\\/fr\\\/concessionnaire\\\/programmes\\\/programme-voie-de-service\\\/#breadcrumb\",\"itemListElement\":[{\"@type\":\"ListItem\",\"position\":1,\"name\":\"Home\",\"item\":\"https:\\\/\\\/www.siriusxm.ca\\\/fr\\\/accueil-b\\\/\"},{\"@type\":\"ListItem\",\"position\":2,\"name\":\"Dealer \\\/\\\/ Main Page (French)\",\"item\":\"https:\\\/\\\/www.siriusxm.ca\\\/fr\\\/dealer\\\/\"},{\"@type\":\"ListItem\",\"position\":3,\"name\":\"Dealer \\\/\\\/ Programs (French)\",\"item\":\"https:\\\/\\\/www.siriusxm.ca\\\/fr\\\/dealer\\\/programs\\\/\"},{\"@type\":\"ListItem\",\"position\":4,\"name\":\"Dealer \\\/\\\/ Programs \\\/ Service Lane Program (French)\"}]},{\"@type\":\"WebSite\",\"@id\":\"https:\\\/\\\/www.siriusxm.ca\\\/fr\\\/#website\",\"url\":\"https:\\\/\\\/www.siriusxm.ca\\\/fr\\\/\",\"name\":\"SiriusXM Canada\",\"description\":\"\",\"potentialAction\":[{\"@type\":\"SearchAction\",\"target\":{\"@type\":\"EntryPoint\",\"urlTemplate\":\"https:\\\/\\\/www.siriusxm.ca\\\/fr\\\/search\\\/{search_term_string}\"},\"query-input\":{\"@type\":\"PropertyValueSpecification\",\"valueRequired\":true,\"valueName\":\"search_term_string\"}}],\"inLanguage\":\"fr-CA\"}]}<\/script>\n<!-- \/ Yoast SEO Premium plugin. -->","yoast_head_json":{"title":"Programme Voie de service | Portail des concessionnaires","description":"Les clients d'entretien re\u00e7oivent un essai du forfait Le Complet de 3 mois, qui comprend plus de 425 cha\u00eenes \u00e0 \u00e9couter dans la voiture et en d\u00e9placement. L'acc\u00e8s \u00e0 l'appli SiriusXM est inclus.","robots":{"index":"index","follow":"follow","max-snippet":"max-snippet:-1","max-image-preview":"max-image-preview:large","max-video-preview":"max-video-preview:-1"},"canonical":"https:\/\/www.siriusxm.ca\/fr\/concessionnaire\/programmes\/programme-voie-de-service\/","og_type":"article","og_title":"Programme Voie de service | Portail des concessionnaires","og_description":"Les clients d'entretien re\u00e7oivent un essai du forfait Le Complet de 3 mois, qui comprend plus de 425 cha\u00eenes \u00e0 \u00e9couter dans la voiture et en d\u00e9placement. L'acc\u00e8s \u00e0 l'appli SiriusXM est inclus.","og_url":"https:\/\/www.siriusxm.ca\/fr\/concessionnaire\/programmes\/programme-voie-de-service\/","og_site_name":"SiriusXM Canada","article_modified_time":"2024-07-09T16:20:13+00:00","og_image":[{"width":1200,"height":630,"url":"https:\/\/www.siriusxm.ca\/wp-content\/uploads\/2020\/12\/SiriusXM-Canada.jpg?ver=1699449919","type":"image\/jpeg"}],"twitter_card":"summary_large_image","twitter_title":"Programme Voie de service | Portail des concessionnaires","twitter_misc":{"Estimation du temps de lecture":"2 minutes"},"schema":{"@context":"https:\/\/schema.org","@graph":[{"@type":"WebPage","@id":"https:\/\/www.siriusxm.ca\/fr\/concessionnaire\/programmes\/programme-voie-de-service\/","url":"https:\/\/www.siriusxm.ca\/fr\/concessionnaire\/programmes\/programme-voie-de-service\/","name":"Programme Voie de service | Portail des concessionnaires","isPartOf":{"@id":"https:\/\/www.siriusxm.ca\/fr\/#website"},"primaryImageOfPage":{"@id":"https:\/\/www.siriusxm.ca\/fr\/concessionnaire\/programmes\/programme-voie-de-service\/#primaryimage"},"image":{"@id":"https:\/\/www.siriusxm.ca\/fr\/concessionnaire\/programmes\/programme-voie-de-service\/#primaryimage"},"thumbnailUrl":"https:\/\/www.siriusxm.ca\/wp-content\/uploads\/2020\/12\/SiriusXM-Canada.jpg?ver=1699506079","datePublished":"2024-02-01T05:00:28+00:00","dateModified":"2024-07-09T16:20:13+00:00","description":"Les clients d'entretien re\u00e7oivent un essai du forfait Le Complet de 3 mois, qui comprend plus de 425 cha\u00eenes \u00e0 \u00e9couter dans la voiture et en d\u00e9placement. L'acc\u00e8s \u00e0 l'appli SiriusXM est inclus.","breadcrumb":{"@id":"https:\/\/www.siriusxm.ca\/fr\/concessionnaire\/programmes\/programme-voie-de-service\/#breadcrumb"},"inLanguage":"fr-CA","potentialAction":[{"@type":"ReadAction","target":["https:\/\/www.siriusxm.ca\/fr\/concessionnaire\/programmes\/programme-voie-de-service\/"]}]},{"@type":"ImageObject","inLanguage":"fr-CA","@id":"https:\/\/www.siriusxm.ca\/fr\/concessionnaire\/programmes\/programme-voie-de-service\/#primaryimage","url":"https:\/\/www.siriusxm.ca\/wp-content\/uploads\/2020\/12\/SiriusXM-Canada.jpg?ver=1699506079","contentUrl":"https:\/\/www.siriusxm.ca\/wp-content\/uploads\/2020\/12\/SiriusXM-Canada.jpg?ver=1699506079","width":1200,"height":630,"caption":"SiriusXM logo on a blue background"},{"@type":"BreadcrumbList","@id":"https:\/\/www.siriusxm.ca\/fr\/concessionnaire\/programmes\/programme-voie-de-service\/#breadcrumb","itemListElement":[{"@type":"ListItem","position":1,"name":"Home","item":"https:\/\/www.siriusxm.ca\/fr\/accueil-b\/"},{"@type":"ListItem","position":2,"name":"Dealer \/\/ Main Page (French)","item":"https:\/\/www.siriusxm.ca\/fr\/dealer\/"},{"@type":"ListItem","position":3,"name":"Dealer \/\/ Programs (French)","item":"https:\/\/www.siriusxm.ca\/fr\/dealer\/programs\/"},{"@type":"ListItem","position":4,"name":"Dealer \/\/ Programs \/ Service Lane Program (French)"}]},{"@type":"WebSite","@id":"https:\/\/www.siriusxm.ca\/fr\/#website","url":"https:\/\/www.siriusxm.ca\/fr\/","name":"SiriusXM Canada","description":"","potentialAction":[{"@type":"SearchAction","target":{"@type":"EntryPoint","urlTemplate":"https:\/\/www.siriusxm.ca\/fr\/search\/{search_term_string}"},"query-input":{"@type":"PropertyValueSpecification","valueRequired":true,"valueName":"search_term_string"}}],"inLanguage":"fr-CA"}]}},"_links":{"self":[{"href":"https:\/\/www.siriusxm.ca\/fr\/wp-json\/wp\/v2\/pages\/503364","targetHints":{"allow":["GET"]}}],"collection":[{"href":"https:\/\/www.siriusxm.ca\/fr\/wp-json\/wp\/v2\/pages"}],"about":[{"href":"https:\/\/www.siriusxm.ca\/fr\/wp-json\/wp\/v2\/types\/page"}],"author":[{"embeddable":true,"href":"https:\/\/www.siriusxm.ca\/fr\/wp-json\/wp\/v2\/users\/4"}],"replies":[{"embeddable":true,"href":"https:\/\/www.siriusxm.ca\/fr\/wp-json\/wp\/v2\/comments?post=503364"}],"version-history":[{"count":0,"href":"https:\/\/www.siriusxm.ca\/fr\/wp-json\/wp\/v2\/pages\/503364\/revisions"}],"up":[{"embeddable":true,"href":"https:\/\/www.siriusxm.ca\/fr\/wp-json\/wp\/v2\/pages\/503359"}],"wp:featuredmedia":[{"embeddable":true,"href":"https:\/\/www.siriusxm.ca\/fr\/wp-json\/wp\/v2\/media\/251861"}],"wp:attachment":[{"href":"https:\/\/www.siriusxm.ca\/fr\/wp-json\/wp\/v2\/media?parent=503364"}],"curies":[{"name":"wp","href":"https:\/\/api.w.org\/{rel}","templated":true}]}}