{"id":503366,"date":"2024-02-01T00:00:02","date_gmt":"2024-02-01T05:00:02","guid":{"rendered":"https:\/\/www.siriusxm.ca\/concessionnaire\/programmes\/showroom-beats\/"},"modified":"2024-07-09T12:20:56","modified_gmt":"2024-07-09T16:20:56","slug":"ambiance-en-exposition","status":"publish","type":"page","link":"https:\/\/www.siriusxm.ca\/fr\/concessionnaire\/programmes\/ambiance-en-exposition\/","title":{"rendered":"Dealer \/\/ Programs \/ Showroom Beats (French)"},"content":{"rendered":"\t\t<div data-elementor-type=\"wp-post\" data-elementor-id=\"503366\" class=\"elementor elementor-503366 elementor-484815\" data-elementor-post-type=\"page\">\n\t\t\t\t\t\t<section class=\"elementor-section elementor-top-section elementor-element elementor-element-e06f267 elementor-section-stretched elementor-section-height-min-height elementor-section-items-top elementor-section-boxed elementor-section-height-default\" data-id=\"e06f267\" data-element_type=\"section\" data-e-type=\"section\" data-settings=\"{&quot;stretch_section&quot;:&quot;section-stretched&quot;,&quot;background_background&quot;:&quot;classic&quot;}\" data-area=\"hero\">\n\t\t\t\t\t\t\t<div class=\"elementor-background-overlay\"><\/div>\n\t\t\t\t\t\t\t<div class=\"elementor-container elementor-column-gap-default\">\n\t\t\t\t\t<div class=\"elementor-column elementor-col-100 elementor-top-column elementor-element elementor-element-28fb3cb\" data-id=\"28fb3cb\" data-element_type=\"column\" data-e-type=\"column\">\n\t\t\t<div class=\"elementor-widget-wrap elementor-element-populated\">\n\t\t\t\t\t\t<section class=\"elementor-section elementor-inner-section elementor-element elementor-element-d943222 elementor-section-content-top elementor-section-boxed elementor-section-height-default elementor-section-height-default\" data-id=\"d943222\" data-element_type=\"section\" data-e-type=\"section\">\n\t\t\t\t\t\t<div class=\"elementor-container elementor-column-gap-default\">\n\t\t\t\t\t<div class=\"elementor-column elementor-col-100 elementor-inner-column elementor-element elementor-element-f7d3de0\" data-id=\"f7d3de0\" data-element_type=\"column\" data-e-type=\"column\">\n\t\t\t<div class=\"elementor-widget-wrap elementor-element-populated\">\n\t\t\t\t\t\t<div class=\"elementor-element elementor-element-e496abf elementor-widget__width-initial elementor-widget elementor-widget-text-editor\" data-id=\"e496abf\" data-element_type=\"widget\" data-e-type=\"widget\" data-widget_type=\"text-editor.default\">\n\t\t\t\t<div class=\"elementor-widget-container\">\n\t\t\t\t\t\t\t\t\t<p>Programmes des concessionnaires<\/p>\t\t\t\t\t\t\t\t<\/div>\n\t\t\t\t<\/div>\n\t\t\t\t<div class=\"elementor-element elementor-element-e7242ff elementor-widget__width-initial elementor-widget elementor-widget-heading\" data-id=\"e7242ff\" data-element_type=\"widget\" data-e-type=\"widget\" data-widget_type=\"heading.default\">\n\t\t\t\t<div class=\"elementor-widget-container\">\n\t\t\t\t\t<h1 class=\"elementor-heading-title elementor-size-default\">Programme ambiance en exposition<\/h1>\t\t\t\t<\/div>\n\t\t\t\t<\/div>\n\t\t\t\t<div class=\"elementor-element elementor-element-aee7ab5 elementor-widget__width-initial elementor-widget elementor-widget-text-editor\" data-id=\"aee7ab5\" data-element_type=\"widget\" data-e-type=\"widget\" data-widget_type=\"text-editor.default\">\n\t\t\t\t<div class=\"elementor-widget-container\">\n\t\t\t\t\t\t\t\t\t<p>Obtenez de la musique gratuite pour votre concession et faites jouer SiriusXM toute la journ\u00e9e dans votre salle d&rsquo;exposition.<\/p>\t\t\t\t\t\t\t\t<\/div>\n\t\t\t\t<\/div>\n\t\t\t\t<div class=\"elementor-element elementor-element-4745981 elementor-widget elementor-widget-html\" data-id=\"4745981\" data-element_type=\"widget\" data-e-type=\"widget\" data-widget_type=\"html.default\">\n\t\t\t\t<div class=\"elementor-widget-container\">\n\t\t\t\t\t<a title=\"Inscrivez-vous maintenant\" href=\"https:\/\/siriusxmcommunications.com\/CanadaDealerPrograms\/FR\/\" target=\"_blank\" class=\"button primary no-border\">Inscrivez-vous maintenant<\/a>\t\t\t\t<\/div>\n\t\t\t\t<\/div>\n\t\t\t\t\t<\/div>\n\t\t<\/div>\n\t\t\t\t\t<\/div>\n\t\t<\/section>\n\t\t\t\t\t<\/div>\n\t\t<\/div>\n\t\t\t\t\t<\/div>\n\t\t<\/section>\n\t\t\t\t<section class=\"elementor-section elementor-top-section elementor-element elementor-element-2ec9921 elementor-section-stretched elementor-section-boxed elementor-section-height-default elementor-section-height-default\" data-id=\"2ec9921\" data-element_type=\"section\" data-e-type=\"section\" data-settings=\"{&quot;stretch_section&quot;:&quot;section-stretched&quot;,&quot;background_background&quot;:&quot;classic&quot;}\">\n\t\t\t\t\t\t<div class=\"elementor-container elementor-column-gap-default\">\n\t\t\t\t\t<div class=\"elementor-column elementor-col-100 elementor-top-column elementor-element elementor-element-7bd959f\" data-id=\"7bd959f\" data-element_type=\"column\" data-e-type=\"column\">\n\t\t\t<div class=\"elementor-widget-wrap elementor-element-populated\">\n\t\t\t\t\t\t<section class=\"elementor-section elementor-inner-section elementor-element elementor-element-ad4153f elementor-section-boxed elementor-section-height-default elementor-section-height-default\" data-id=\"ad4153f\" data-element_type=\"section\" data-e-type=\"section\" data-settings=\"{&quot;background_background&quot;:&quot;classic&quot;}\">\n\t\t\t\t\t\t<div class=\"elementor-container elementor-column-gap-default\">\n\t\t\t\t\t<div class=\"elementor-column elementor-col-100 elementor-inner-column elementor-element elementor-element-69e1497\" data-id=\"69e1497\" data-element_type=\"column\" data-e-type=\"column\">\n\t\t\t<div class=\"elementor-widget-wrap elementor-element-populated\">\n\t\t\t\t\t\t<div class=\"elementor-element elementor-element-dc3a99f elementor-widget__width-initial elementor-widget elementor-widget-heading\" data-id=\"dc3a99f\" data-element_type=\"widget\" data-e-type=\"widget\" data-widget_type=\"heading.default\">\n\t\t\t\t<div class=\"elementor-widget-container\">\n\t\t\t\t\t<h2 class=\"elementor-heading-title elementor-size-default\">Votre salle d'exposition a son rythme<\/h2>\t\t\t\t<\/div>\n\t\t\t\t<\/div>\n\t\t\t\t<div class=\"elementor-element elementor-element-e8aed4f elementor-widget__width-initial elementor-widget elementor-widget-text-editor\" data-id=\"e8aed4f\" data-element_type=\"widget\" data-e-type=\"widget\" data-widget_type=\"text-editor.default\">\n\t\t\t\t<div class=\"elementor-widget-container\">\n\t\t\t\t\t\t\t\t\t<p>Obtenez de la musique gratuite pour votre concession en participant \u00e0 nos programmes sans frais pour concessionnaires. Avec les rythmes de salles d\u2019exposition de SiriusXM, votre concession aura acc\u00e8s \u00e0 plus de 200 stations musicales. C\u2019est une valeur de plus de <strong>460 $ par ann\u00e9e<\/strong>\u2014March\u00e9 conclu!<\/p>\t\t\t\t\t\t\t\t<\/div>\n\t\t\t\t<\/div>\n\t\t\t\t<div class=\"elementor-element elementor-element-4b023d7 elementor-widget__width-initial elementor-widget elementor-widget-text-editor\" data-id=\"4b023d7\" data-element_type=\"widget\" data-e-type=\"widget\" data-widget_type=\"text-editor.default\">\n\t\t\t\t<div class=\"elementor-widget-container\">\n\t\t\t\t\t\t\t\t\t<ul><li>Nous prenons en charge les redevances payables \u00e0 la Socan et de R\u00e9:Sonne.<\/li><li>Aucune publicit\u00e9 de vos concurrents<\/li><li>Possibilit\u00e9 de cr\u00e9er et de programmer vos propres annonces<\/li><\/ul>\t\t\t\t\t\t\t\t<\/div>\n\t\t\t\t<\/div>\n\t\t\t\t\t<\/div>\n\t\t<\/div>\n\t\t\t\t\t<\/div>\n\t\t<\/section>\n\t\t\t\t<section class=\"elementor-section elementor-inner-section elementor-element elementor-element-f6a08a8 elementor-section-boxed elementor-section-height-default elementor-section-height-default\" data-id=\"f6a08a8\" data-element_type=\"section\" data-e-type=\"section\" data-settings=\"{&quot;background_background&quot;:&quot;classic&quot;}\">\n\t\t\t\t\t\t<div class=\"elementor-container elementor-column-gap-default\">\n\t\t\t\t\t<div class=\"elementor-column elementor-col-100 elementor-inner-column elementor-element elementor-element-77734db\" data-id=\"77734db\" data-element_type=\"column\" data-e-type=\"column\">\n\t\t\t<div class=\"elementor-widget-wrap elementor-element-populated\">\n\t\t\t\t\t\t<div class=\"elementor-element elementor-element-fbc98af elementor-widget__width-initial elementor-widget elementor-widget-heading\" data-id=\"fbc98af\" data-element_type=\"widget\" data-e-type=\"widget\" data-widget_type=\"heading.default\">\n\t\t\t\t<div class=\"elementor-widget-container\">\n\t\t\t\t\t<h3 class=\"elementor-heading-title elementor-size-default\">Le fonctionnement<\/h3>\t\t\t\t<\/div>\n\t\t\t\t<\/div>\n\t\t\t\t<div class=\"elementor-element elementor-element-535cf2d elementor-widget__width-initial elementor-widget elementor-widget-text-editor\" data-id=\"535cf2d\" data-element_type=\"widget\" data-e-type=\"widget\" data-widget_type=\"text-editor.default\">\n\t\t\t\t<div class=\"elementor-widget-container\">\n\t\t\t\t\t\t\t\t\t<p>Processus d&rsquo;inscription simple et en une \u00e9tape pour les concessionnaires.<\/p>\t\t\t\t\t\t\t\t<\/div>\n\t\t\t\t<\/div>\n\t\t\t\t<div class=\"elementor-element elementor-element-8d396fb elementor-widget__width-initial elementor-widget elementor-widget-text-editor\" data-id=\"8d396fb\" data-element_type=\"widget\" data-e-type=\"widget\" data-widget_type=\"text-editor.default\">\n\t\t\t\t<div class=\"elementor-widget-container\">\n\t\t\t\t\t\t\t\t\t<ul>\n \t<li>Inscrivez-vous au programme pour <a href=\"\/fr\/concessionnaire\/programmes\/programme-pour-vehicules-doccasion\/\">v\u00e9hicules d&rsquo;occasion<\/a> et au programme <a href=\"\/fr\/concessionnaire\/programmes\/programme-voie-de-service\/\">Voie de service<\/a> de SiriusXM<\/li>\n<\/ul>\t\t\t\t\t\t\t\t<\/div>\n\t\t\t\t<\/div>\n\t\t\t\t\t<\/div>\n\t\t<\/div>\n\t\t\t\t\t<\/div>\n\t\t<\/section>\n\t\t\t\t<section class=\"elementor-section elementor-inner-section elementor-element elementor-element-46c5b2e elementor-section-boxed elementor-section-height-default elementor-section-height-default\" data-id=\"46c5b2e\" data-element_type=\"section\" data-e-type=\"section\" data-settings=\"{&quot;background_background&quot;:&quot;classic&quot;}\">\n\t\t\t\t\t\t<div class=\"elementor-container elementor-column-gap-default\">\n\t\t\t\t\t<div class=\"elementor-column elementor-col-100 elementor-inner-column elementor-element elementor-element-bed85a6\" data-id=\"bed85a6\" data-element_type=\"column\" data-e-type=\"column\">\n\t\t\t<div class=\"elementor-widget-wrap elementor-element-populated\">\n\t\t\t\t\t\t<div class=\"elementor-element elementor-element-7ed2bb0 elementor-widget__width-initial elementor-widget elementor-widget-heading\" data-id=\"7ed2bb0\" data-element_type=\"widget\" data-e-type=\"widget\" data-widget_type=\"heading.default\">\n\t\t\t\t<div class=\"elementor-widget-container\">\n\t\t\t\t\t<h3 class=\"elementor-heading-title elementor-size-default\">Que se passe-t-il une fois que je me suis inscrit?<\/h3>\t\t\t\t<\/div>\n\t\t\t\t<\/div>\n\t\t\t\t<div class=\"elementor-element elementor-element-17598e8 elementor-widget__width-initial elementor-widget elementor-widget-text-editor\" data-id=\"17598e8\" data-element_type=\"widget\" data-e-type=\"widget\" data-widget_type=\"text-editor.default\">\n\t\t\t\t<div class=\"elementor-widget-container\">\n\t\t\t\t\t\t\t\t\t<ul><li>Contactez le <a href=\"\/fr\/concessionnaire\/contact\/\">gestionnaire de district<\/a> pour avoir la confirmation de votre inscription et \u00e9tablir votre compte.<\/li><li>D\u00e8s la confirmation de l&rsquo;inscription, commencez \u00e0 \u00e9couter SiriusXM en continu dans votre concession.<\/li><\/ul>\t\t\t\t\t\t\t\t<\/div>\n\t\t\t\t<\/div>\n\t\t\t\t\t<\/div>\n\t\t<\/div>\n\t\t\t\t\t<\/div>\n\t\t<\/section>\n\t\t\t\t\t<\/div>\n\t\t<\/div>\n\t\t\t\t\t<\/div>\n\t\t<\/section>\n\t\t\t\t<\/div>\n\t\t","protected":false},"excerpt":{"rendered":"<p>Programmes des concessionnaires Programme ambiance en exposition Obtenez de la musique gratuite pour votre concession et faites jouer SiriusXM toute la journ\u00e9e dans votre salle d&rsquo;exposition. Inscrivez-vous maintenant Votre salle d&rsquo;exposition a son rythme Obtenez de la musique gratuite pour votre concession en participant \u00e0 nos programmes sans frais pour concessionnaires. Avec les rythmes de &hellip; <a href=\"https:\/\/www.siriusxm.ca\/fr\/concessionnaire\/programmes\/ambiance-en-exposition\/\">Continued<\/a><\/p>\n","protected":false},"author":4,"featured_media":251861,"parent":503359,"menu_order":670,"comment_status":"closed","ping_status":"closed","template":"views\/template-dealer.blade.php","meta":{"_acf_changed":false,"_searchwp_excluded":"1","footnotes":""},"class_list":["post-503366","page","type-page","status-publish","has-post-thumbnail","hentry"],"acf":[],"yoast_head":"<!-- This site is optimized with the Yoast SEO Premium plugin v27.4 (Yoast SEO v27.4) - https:\/\/yoast.com\/product\/yoast-seo-premium-wordpress\/ -->\n<title>Programme Ambiance en exposition | Portail des concessionnaires<\/title>\n<meta name=\"description\" content=\"Le programme Ambiance en exposition de SiriusXM offre \u00e0 votre concession plus de 110 stations musicales, notamment 30 stations sans commentaires d\u2019animateur ni interruption, le tout sans publicit\u00e9 de vos concurrents.\" \/>\n<meta name=\"robots\" content=\"index, follow, max-snippet:-1, max-image-preview:large, max-video-preview:-1\" \/>\n<link rel=\"canonical\" href=\"https:\/\/www.siriusxm.ca\/fr\/concessionnaire\/programmes\/ambiance-en-exposition\/\" \/>\n<meta property=\"og:type\" content=\"article\" \/>\n<meta property=\"og:title\" content=\"Programme Ambiance en exposition | Portail des concessionnaires\" \/>\n<meta property=\"og:description\" content=\"Le programme Ambiance en exposition de SiriusXM offre \u00e0 votre concession plus de 110 stations musicales, notamment 30 stations sans commentaires d\u2019animateur ni interruption, le tout sans publicit\u00e9 de vos concurrents.\" \/>\n<meta property=\"og:url\" content=\"https:\/\/www.siriusxm.ca\/fr\/concessionnaire\/programmes\/ambiance-en-exposition\/\" \/>\n<meta property=\"og:site_name\" content=\"SiriusXM Canada\" \/>\n<meta property=\"article:modified_time\" content=\"2024-07-09T16:20:56+00:00\" \/>\n<meta property=\"og:image\" content=\"https:\/\/www.siriusxm.ca\/wp-content\/uploads\/2020\/12\/SiriusXM-Canada.jpg?ver=1699449919\" \/>\n\t<meta property=\"og:image:width\" content=\"1200\" \/>\n\t<meta property=\"og:image:height\" content=\"630\" \/>\n\t<meta property=\"og:image:type\" content=\"image\/jpeg\" \/>\n<meta name=\"twitter:card\" content=\"summary_large_image\" \/>\n<meta name=\"twitter:title\" content=\"Programme Ambiance en exposition | Portail des concessionnaires\" \/>\n<meta name=\"twitter:label1\" content=\"Estimation du temps de lecture\" \/>\n\t<meta name=\"twitter:data1\" content=\"1 minute\" \/>\n<script type=\"application\/ld+json\" class=\"yoast-schema-graph\">{\"@context\":\"https:\\\/\\\/schema.org\",\"@graph\":[{\"@type\":\"WebPage\",\"@id\":\"https:\\\/\\\/www.siriusxm.ca\\\/fr\\\/concessionnaire\\\/programmes\\\/ambiance-en-exposition\\\/\",\"url\":\"https:\\\/\\\/www.siriusxm.ca\\\/fr\\\/concessionnaire\\\/programmes\\\/ambiance-en-exposition\\\/\",\"name\":\"Programme Ambiance en exposition | Portail des concessionnaires\",\"isPartOf\":{\"@id\":\"https:\\\/\\\/www.siriusxm.ca\\\/fr\\\/#website\"},\"primaryImageOfPage\":{\"@id\":\"https:\\\/\\\/www.siriusxm.ca\\\/fr\\\/concessionnaire\\\/programmes\\\/ambiance-en-exposition\\\/#primaryimage\"},\"image\":{\"@id\":\"https:\\\/\\\/www.siriusxm.ca\\\/fr\\\/concessionnaire\\\/programmes\\\/ambiance-en-exposition\\\/#primaryimage\"},\"thumbnailUrl\":\"https:\\\/\\\/www.siriusxm.ca\\\/wp-content\\\/uploads\\\/2020\\\/12\\\/SiriusXM-Canada.jpg?ver=1699506079\",\"datePublished\":\"2024-02-01T05:00:02+00:00\",\"dateModified\":\"2024-07-09T16:20:56+00:00\",\"description\":\"Le programme Ambiance en exposition de SiriusXM offre \u00e0 votre concession plus de 110 stations musicales, notamment 30 stations sans commentaires d\u2019animateur ni interruption, le tout sans publicit\u00e9 de vos concurrents.\",\"breadcrumb\":{\"@id\":\"https:\\\/\\\/www.siriusxm.ca\\\/fr\\\/concessionnaire\\\/programmes\\\/ambiance-en-exposition\\\/#breadcrumb\"},\"inLanguage\":\"fr-CA\",\"potentialAction\":[{\"@type\":\"ReadAction\",\"target\":[\"https:\\\/\\\/www.siriusxm.ca\\\/fr\\\/concessionnaire\\\/programmes\\\/ambiance-en-exposition\\\/\"]}]},{\"@type\":\"ImageObject\",\"inLanguage\":\"fr-CA\",\"@id\":\"https:\\\/\\\/www.siriusxm.ca\\\/fr\\\/concessionnaire\\\/programmes\\\/ambiance-en-exposition\\\/#primaryimage\",\"url\":\"https:\\\/\\\/www.siriusxm.ca\\\/wp-content\\\/uploads\\\/2020\\\/12\\\/SiriusXM-Canada.jpg?ver=1699506079\",\"contentUrl\":\"https:\\\/\\\/www.siriusxm.ca\\\/wp-content\\\/uploads\\\/2020\\\/12\\\/SiriusXM-Canada.jpg?ver=1699506079\",\"width\":1200,\"height\":630,\"caption\":\"SiriusXM logo on a blue background\"},{\"@type\":\"BreadcrumbList\",\"@id\":\"https:\\\/\\\/www.siriusxm.ca\\\/fr\\\/concessionnaire\\\/programmes\\\/ambiance-en-exposition\\\/#breadcrumb\",\"itemListElement\":[{\"@type\":\"ListItem\",\"position\":1,\"name\":\"Home\",\"item\":\"https:\\\/\\\/www.siriusxm.ca\\\/fr\\\/accueil-b\\\/\"},{\"@type\":\"ListItem\",\"position\":2,\"name\":\"Dealer \\\/\\\/ Main Page (French)\",\"item\":\"https:\\\/\\\/www.siriusxm.ca\\\/fr\\\/dealer\\\/\"},{\"@type\":\"ListItem\",\"position\":3,\"name\":\"Dealer \\\/\\\/ Programs (French)\",\"item\":\"https:\\\/\\\/www.siriusxm.ca\\\/fr\\\/dealer\\\/programs\\\/\"},{\"@type\":\"ListItem\",\"position\":4,\"name\":\"Dealer \\\/\\\/ Programs \\\/ Showroom Beats (French)\"}]},{\"@type\":\"WebSite\",\"@id\":\"https:\\\/\\\/www.siriusxm.ca\\\/fr\\\/#website\",\"url\":\"https:\\\/\\\/www.siriusxm.ca\\\/fr\\\/\",\"name\":\"SiriusXM Canada\",\"description\":\"\",\"potentialAction\":[{\"@type\":\"SearchAction\",\"target\":{\"@type\":\"EntryPoint\",\"urlTemplate\":\"https:\\\/\\\/www.siriusxm.ca\\\/fr\\\/search\\\/{search_term_string}\"},\"query-input\":{\"@type\":\"PropertyValueSpecification\",\"valueRequired\":true,\"valueName\":\"search_term_string\"}}],\"inLanguage\":\"fr-CA\"}]}<\/script>\n<!-- \/ Yoast SEO Premium plugin. -->","yoast_head_json":{"title":"Programme Ambiance en exposition | Portail des concessionnaires","description":"Le programme Ambiance en exposition de SiriusXM offre \u00e0 votre concession plus de 110 stations musicales, notamment 30 stations sans commentaires d\u2019animateur ni interruption, le tout sans publicit\u00e9 de vos concurrents.","robots":{"index":"index","follow":"follow","max-snippet":"max-snippet:-1","max-image-preview":"max-image-preview:large","max-video-preview":"max-video-preview:-1"},"canonical":"https:\/\/www.siriusxm.ca\/fr\/concessionnaire\/programmes\/ambiance-en-exposition\/","og_type":"article","og_title":"Programme Ambiance en exposition | Portail des concessionnaires","og_description":"Le programme Ambiance en exposition de SiriusXM offre \u00e0 votre concession plus de 110 stations musicales, notamment 30 stations sans commentaires d\u2019animateur ni interruption, le tout sans publicit\u00e9 de vos concurrents.","og_url":"https:\/\/www.siriusxm.ca\/fr\/concessionnaire\/programmes\/ambiance-en-exposition\/","og_site_name":"SiriusXM Canada","article_modified_time":"2024-07-09T16:20:56+00:00","og_image":[{"width":1200,"height":630,"url":"https:\/\/www.siriusxm.ca\/wp-content\/uploads\/2020\/12\/SiriusXM-Canada.jpg?ver=1699449919","type":"image\/jpeg"}],"twitter_card":"summary_large_image","twitter_title":"Programme Ambiance en exposition | Portail des concessionnaires","twitter_misc":{"Estimation du temps de lecture":"1 minute"},"schema":{"@context":"https:\/\/schema.org","@graph":[{"@type":"WebPage","@id":"https:\/\/www.siriusxm.ca\/fr\/concessionnaire\/programmes\/ambiance-en-exposition\/","url":"https:\/\/www.siriusxm.ca\/fr\/concessionnaire\/programmes\/ambiance-en-exposition\/","name":"Programme Ambiance en exposition | Portail des concessionnaires","isPartOf":{"@id":"https:\/\/www.siriusxm.ca\/fr\/#website"},"primaryImageOfPage":{"@id":"https:\/\/www.siriusxm.ca\/fr\/concessionnaire\/programmes\/ambiance-en-exposition\/#primaryimage"},"image":{"@id":"https:\/\/www.siriusxm.ca\/fr\/concessionnaire\/programmes\/ambiance-en-exposition\/#primaryimage"},"thumbnailUrl":"https:\/\/www.siriusxm.ca\/wp-content\/uploads\/2020\/12\/SiriusXM-Canada.jpg?ver=1699506079","datePublished":"2024-02-01T05:00:02+00:00","dateModified":"2024-07-09T16:20:56+00:00","description":"Le programme Ambiance en exposition de SiriusXM offre \u00e0 votre concession plus de 110 stations musicales, notamment 30 stations sans commentaires d\u2019animateur ni interruption, le tout sans publicit\u00e9 de vos concurrents.","breadcrumb":{"@id":"https:\/\/www.siriusxm.ca\/fr\/concessionnaire\/programmes\/ambiance-en-exposition\/#breadcrumb"},"inLanguage":"fr-CA","potentialAction":[{"@type":"ReadAction","target":["https:\/\/www.siriusxm.ca\/fr\/concessionnaire\/programmes\/ambiance-en-exposition\/"]}]},{"@type":"ImageObject","inLanguage":"fr-CA","@id":"https:\/\/www.siriusxm.ca\/fr\/concessionnaire\/programmes\/ambiance-en-exposition\/#primaryimage","url":"https:\/\/www.siriusxm.ca\/wp-content\/uploads\/2020\/12\/SiriusXM-Canada.jpg?ver=1699506079","contentUrl":"https:\/\/www.siriusxm.ca\/wp-content\/uploads\/2020\/12\/SiriusXM-Canada.jpg?ver=1699506079","width":1200,"height":630,"caption":"SiriusXM logo on a blue background"},{"@type":"BreadcrumbList","@id":"https:\/\/www.siriusxm.ca\/fr\/concessionnaire\/programmes\/ambiance-en-exposition\/#breadcrumb","itemListElement":[{"@type":"ListItem","position":1,"name":"Home","item":"https:\/\/www.siriusxm.ca\/fr\/accueil-b\/"},{"@type":"ListItem","position":2,"name":"Dealer \/\/ Main Page (French)","item":"https:\/\/www.siriusxm.ca\/fr\/dealer\/"},{"@type":"ListItem","position":3,"name":"Dealer \/\/ Programs (French)","item":"https:\/\/www.siriusxm.ca\/fr\/dealer\/programs\/"},{"@type":"ListItem","position":4,"name":"Dealer \/\/ Programs \/ Showroom Beats (French)"}]},{"@type":"WebSite","@id":"https:\/\/www.siriusxm.ca\/fr\/#website","url":"https:\/\/www.siriusxm.ca\/fr\/","name":"SiriusXM Canada","description":"","potentialAction":[{"@type":"SearchAction","target":{"@type":"EntryPoint","urlTemplate":"https:\/\/www.siriusxm.ca\/fr\/search\/{search_term_string}"},"query-input":{"@type":"PropertyValueSpecification","valueRequired":true,"valueName":"search_term_string"}}],"inLanguage":"fr-CA"}]}},"_links":{"self":[{"href":"https:\/\/www.siriusxm.ca\/fr\/wp-json\/wp\/v2\/pages\/503366","targetHints":{"allow":["GET"]}}],"collection":[{"href":"https:\/\/www.siriusxm.ca\/fr\/wp-json\/wp\/v2\/pages"}],"about":[{"href":"https:\/\/www.siriusxm.ca\/fr\/wp-json\/wp\/v2\/types\/page"}],"author":[{"embeddable":true,"href":"https:\/\/www.siriusxm.ca\/fr\/wp-json\/wp\/v2\/users\/4"}],"replies":[{"embeddable":true,"href":"https:\/\/www.siriusxm.ca\/fr\/wp-json\/wp\/v2\/comments?post=503366"}],"version-history":[{"count":0,"href":"https:\/\/www.siriusxm.ca\/fr\/wp-json\/wp\/v2\/pages\/503366\/revisions"}],"up":[{"embeddable":true,"href":"https:\/\/www.siriusxm.ca\/fr\/wp-json\/wp\/v2\/pages\/503359"}],"wp:featuredmedia":[{"embeddable":true,"href":"https:\/\/www.siriusxm.ca\/fr\/wp-json\/wp\/v2\/media\/251861"}],"wp:attachment":[{"href":"https:\/\/www.siriusxm.ca\/fr\/wp-json\/wp\/v2\/media?parent=503366"}],"curies":[{"name":"wp","href":"https:\/\/api.w.org\/{rel}","templated":true}]}}