{"id":503374,"date":"2024-02-01T00:00:09","date_gmt":"2024-02-01T05:00:09","guid":{"rendered":"https:\/\/www.siriusxm.ca\/concessionnaire\/get-the-app\/"},"modified":"2025-10-15T07:56:49","modified_gmt":"2025-10-15T11:56:49","slug":"obtenez-lappli","status":"publish","type":"page","link":"https:\/\/www.siriusxm.ca\/fr\/concessionnaire\/obtenez-lappli\/","title":{"rendered":"Dealer \/\/ Get the app (French)"},"content":{"rendered":"\t\t<div data-elementor-type=\"wp-post\" data-elementor-id=\"503374\" class=\"elementor elementor-503374 elementor-484843\" data-elementor-post-type=\"page\">\n\t\t\t\t\t\t<section class=\"elementor-section elementor-top-section elementor-element elementor-element-3f1b9bf elementor-section-stretched elementor-section-height-min-height elementor-section-items-top elementor-section-boxed elementor-section-height-default\" data-id=\"3f1b9bf\" data-element_type=\"section\" data-e-type=\"section\" data-settings=\"{&quot;stretch_section&quot;:&quot;section-stretched&quot;,&quot;background_background&quot;:&quot;classic&quot;}\" data-area=\"hero\">\n\t\t\t\t\t\t\t<div class=\"elementor-background-overlay\"><\/div>\n\t\t\t\t\t\t\t<div class=\"elementor-container elementor-column-gap-default\">\n\t\t\t\t\t<div class=\"elementor-column elementor-col-100 elementor-top-column elementor-element elementor-element-4f7d1b4\" data-id=\"4f7d1b4\" data-element_type=\"column\" data-e-type=\"column\">\n\t\t\t<div class=\"elementor-widget-wrap elementor-element-populated\">\n\t\t\t\t\t\t<section class=\"elementor-section elementor-inner-section elementor-element elementor-element-7843121 elementor-section-content-top elementor-section-boxed elementor-section-height-default elementor-section-height-default\" data-id=\"7843121\" data-element_type=\"section\" data-e-type=\"section\">\n\t\t\t\t\t\t<div class=\"elementor-container elementor-column-gap-default\">\n\t\t\t\t\t<div class=\"elementor-column elementor-col-100 elementor-inner-column elementor-element elementor-element-f620ef8\" data-id=\"f620ef8\" data-element_type=\"column\" data-e-type=\"column\">\n\t\t\t<div class=\"elementor-widget-wrap elementor-element-populated\">\n\t\t\t\t\t\t<div class=\"elementor-element elementor-element-16fb973 elementor-widget__width-initial elementor-widget elementor-widget-text-editor\" data-id=\"16fb973\" data-element_type=\"widget\" data-e-type=\"widget\" data-widget_type=\"text-editor.default\">\n\t\t\t\t<div class=\"elementor-widget-container\">\n\t\t\t\t\t\t\t\t\t<p>Procurez-vous l&rsquo;Appli pour concessionnaires<\/p>\t\t\t\t\t\t\t\t<\/div>\n\t\t\t\t<\/div>\n\t\t\t\t<div class=\"elementor-element elementor-element-e6b69c0 elementor-widget__width-initial elementor-widget elementor-widget-heading\" data-id=\"e6b69c0\" data-element_type=\"widget\" data-e-type=\"widget\" data-widget_type=\"heading.default\">\n\t\t\t\t<div class=\"elementor-widget-container\">\n\t\t\t\t\t<h1 class=\"elementor-heading-title elementor-size-default\">Transformez une image en plus de 425 stations<\/h1>\t\t\t\t<\/div>\n\t\t\t\t<\/div>\n\t\t\t\t<div class=\"elementor-element elementor-element-4268116 elementor-widget__width-initial elementor-widget elementor-widget-text-editor\" data-id=\"4268116\" data-element_type=\"widget\" data-e-type=\"widget\" data-widget_type=\"text-editor.default\">\n\t\t\t\t<div class=\"elementor-widget-container\">\n\t\t\t\t\t\t\t\t\t<p>Prenez simplement une photo du num\u00e9ro NIV au moyen de l\u2019appli SiriusXM pour concessionnaires, et activez facilement SiriusXM pour tous vos v\u00e9hicules. La fonctionnalit\u00e9 am\u00e9lior\u00e9e de l\u2019appareil photo rend la retransmission du signal aussi simple qu\u2019une prise de photo.<\/p>\t\t\t\t\t\t\t\t<\/div>\n\t\t\t\t<\/div>\n\t\t\t\t<div class=\"elementor-element elementor-element-9d08ee7 gray-dark no-before elementor-widget elementor-widget-text-editor\" data-id=\"9d08ee7\" data-element_type=\"widget\" data-e-type=\"widget\" data-widget_type=\"text-editor.default\">\n\t\t\t\t<div class=\"elementor-widget-container\">\n\t\t\t\t\t\t\t\t\t<a href=\"https:\/\/itunes.apple.com\/ca\/app\/siriusxm-dealer-tool\/id1000819386?mt=8\" target=\"_blqnk\"><img decoding=\"async\" class=\"box-expand-no-shadow\" src=\"\/wp-content\/uploads\/2024\/02\/FR-Apple-App-Store.png\" alt=\"T\u00e9l\u00e9charger dans l'App Store\" width=\"150\" \/><\/a><a href=\"https:\/\/play.google.com\/store\/apps\/details?id=com.siriusxmcanada.dealerapp\" target=\"_blqnk\">\u00a0\u00a0<img decoding=\"async\" class=\"box-expand-no-shadow\" src=\"\/wp-content\/uploads\/2024\/02\/FR-Google-Play.png\" alt=\"Disponible sue Google play\" width=\"150\" \/><\/a>\t\t\t\t\t\t\t\t<\/div>\n\t\t\t\t<\/div>\n\t\t\t\t\t<\/div>\n\t\t<\/div>\n\t\t\t\t\t<\/div>\n\t\t<\/section>\n\t\t\t\t\t<\/div>\n\t\t<\/div>\n\t\t\t\t\t<\/div>\n\t\t<\/section>\n\t\t\t\t<section class=\"elementor-section elementor-top-section elementor-element elementor-element-1cac939 elementor-section-stretched elementor-section-boxed elementor-section-height-default elementor-section-height-default\" data-id=\"1cac939\" data-element_type=\"section\" data-e-type=\"section\" data-settings=\"{&quot;stretch_section&quot;:&quot;section-stretched&quot;,&quot;background_background&quot;:&quot;classic&quot;}\">\n\t\t\t\t\t\t<div class=\"elementor-container elementor-column-gap-default\">\n\t\t\t\t\t<div class=\"elementor-column elementor-col-100 elementor-top-column elementor-element elementor-element-74eda09\" data-id=\"74eda09\" data-element_type=\"column\" data-e-type=\"column\">\n\t\t\t<div class=\"elementor-widget-wrap elementor-element-populated\">\n\t\t\t\t\t\t<section class=\"elementor-section elementor-inner-section elementor-element elementor-element-34a6ccb elementor-section-boxed elementor-section-height-default elementor-section-height-default\" data-id=\"34a6ccb\" data-element_type=\"section\" data-e-type=\"section\">\n\t\t\t\t\t\t<div class=\"elementor-container elementor-column-gap-default\">\n\t\t\t\t\t<div class=\"elementor-column elementor-col-100 elementor-inner-column elementor-element elementor-element-607d784\" data-id=\"607d784\" data-element_type=\"column\" data-e-type=\"column\">\n\t\t\t<div class=\"elementor-widget-wrap elementor-element-populated\">\n\t\t\t\t\t\t<div class=\"elementor-element elementor-element-13454b1 elementor-widget__width-initial elementor-widget elementor-widget-heading\" data-id=\"13454b1\" data-element_type=\"widget\" data-e-type=\"widget\" data-widget_type=\"heading.default\">\n\t\t\t\t<div class=\"elementor-widget-container\">\n\t\t\t\t\t<h2 class=\"elementor-heading-title elementor-size-default\">T\u00e9l\u00e9chargez l'Appli SiriusXM pour concessionnaires<\/h2>\t\t\t\t<\/div>\n\t\t\t\t<\/div>\n\t\t\t\t<div class=\"elementor-element elementor-element-7045b73 elementor-widget__width-initial elementor-widget elementor-widget-text-editor\" data-id=\"7045b73\" data-element_type=\"widget\" data-e-type=\"widget\" data-widget_type=\"text-editor.default\">\n\t\t\t\t<div class=\"elementor-widget-container\">\n\t\t\t\t\t\t\t\t\t<p>Le scanneur simple et facile \u00e0 utiliser capte les codes \u00e0 barres NIV pour retransmettre le signal, assurer que la radio est active pour les essais de route et la livraison du v\u00e9hicule. Notre plateforme actualis\u00e9e assure ce que cela fonctionne sur les appareils iOS et Android, sans aucune interruption pendant l\u2019activation.<\/p><p>Pour toute question, veuillez contacter notre ligne de soutien aux concessionnaires FEO au <strong>1 866 635-0578<\/strong>.<\/p>\t\t\t\t\t\t\t\t<\/div>\n\t\t\t\t<\/div>\n\t\t\t\t<div class=\"elementor-element elementor-element-a9ac08a elementor-widget elementor-widget-image\" data-id=\"a9ac08a\" data-element_type=\"widget\" data-e-type=\"widget\" data-widget_type=\"image.default\">\n\t\t\t\t<div class=\"elementor-widget-container\">\n\t\t\t\t\t\t\t\t\t\t\t\t\t\t\t<img fetchpriority=\"high\" decoding=\"async\" width=\"1508\" height=\"621\" src=\"https:\/\/www.siriusxm.ca\/wp-content\/uploads\/2024\/02\/Devices-2023-Apple-and-Android.png\" class=\"attachment-full size-full wp-image-497324\" alt=\"\" srcset=\"https:\/\/www.siriusxm.ca\/wp-content\/uploads\/2024\/02\/Devices-2023-Apple-and-Android.png 1508w, https:\/\/www.siriusxm.ca\/wp-content\/uploads\/2024\/02\/Devices-2023-Apple-and-Android-300x124.png 300w, https:\/\/www.siriusxm.ca\/wp-content\/uploads\/2024\/02\/Devices-2023-Apple-and-Android-1024x422.png 1024w, https:\/\/www.siriusxm.ca\/wp-content\/uploads\/2024\/02\/Devices-2023-Apple-and-Android-768x316.png 768w\" sizes=\"(max-width: 1508px) 100vw, 1508px\" \/>\t\t\t\t\t\t\t\t\t\t\t\t\t\t\t<\/div>\n\t\t\t\t<\/div>\n\t\t\t\t\t<\/div>\n\t\t<\/div>\n\t\t\t\t\t<\/div>\n\t\t<\/section>\n\t\t\t\t\t<\/div>\n\t\t<\/div>\n\t\t\t\t\t<\/div>\n\t\t<\/section>\n\t\t\t\t<section class=\"elementor-section elementor-top-section elementor-element elementor-element-21f4954 elementor-section-stretched elementor-section-boxed elementor-section-height-default elementor-section-height-default\" data-id=\"21f4954\" data-element_type=\"section\" data-e-type=\"section\" data-settings=\"{&quot;stretch_section&quot;:&quot;section-stretched&quot;,&quot;background_background&quot;:&quot;classic&quot;}\">\n\t\t\t\t\t\t<div class=\"elementor-container elementor-column-gap-default\">\n\t\t\t\t\t<div class=\"elementor-column elementor-col-100 elementor-top-column elementor-element elementor-element-f0a11e7\" data-id=\"f0a11e7\" data-element_type=\"column\" data-e-type=\"column\">\n\t\t\t<div class=\"elementor-widget-wrap elementor-element-populated\">\n\t\t\t\t\t\t<section class=\"elementor-section elementor-inner-section elementor-element elementor-element-98fd809 elementor-section-boxed elementor-section-height-default elementor-section-height-default\" data-id=\"98fd809\" data-element_type=\"section\" data-e-type=\"section\">\n\t\t\t\t\t\t<div class=\"elementor-container elementor-column-gap-default\">\n\t\t\t\t\t<div class=\"elementor-column elementor-col-100 elementor-inner-column elementor-element elementor-element-c281195\" data-id=\"c281195\" data-element_type=\"column\" data-e-type=\"column\">\n\t\t\t<div class=\"elementor-widget-wrap elementor-element-populated\">\n\t\t\t\t\t\t<div class=\"elementor-element elementor-element-ea9f756 elementor-widget__width-initial elementor-widget elementor-widget-heading\" data-id=\"ea9f756\" data-element_type=\"widget\" data-e-type=\"widget\" data-widget_type=\"heading.default\">\n\t\t\t\t<div class=\"elementor-widget-container\">\n\t\t\t\t\t<h2 class=\"elementor-heading-title elementor-size-default\">Vid\u00e9o explicative<\/h2>\t\t\t\t<\/div>\n\t\t\t\t<\/div>\n\t\t\t\t<div class=\"elementor-element elementor-element-88dc2ad elementor-widget elementor-widget-video\" data-id=\"88dc2ad\" data-element_type=\"widget\" data-e-type=\"widget\" data-settings=\"{&quot;video_type&quot;:&quot;vimeo&quot;}\" data-widget_type=\"video.default\">\n\t\t\t\t<div class=\"elementor-widget-container\">\n\t\t\t\t\t\t\t<div class=\"elementor-wrapper elementor-open-inline\">\n\t\t\t<iframe class=\"elementor-video-iframe\" allowfullscreen allow=\"clipboard-write\" title=\"Lecteur vid\u00e9o vimeo\" src=\"https:\/\/player.vimeo.com\/video\/1127354254?color&amp;autopause=0&amp;loop=0&amp;muted=0&amp;title=0&amp;portrait=0&amp;byline=0#t=\"><\/iframe>\t\t<\/div>\n\t\t\t\t\t\t<\/div>\n\t\t\t\t<\/div>\n\t\t\t\t<div class=\"elementor-element elementor-element-209da4e elementor-widget__width-initial elementor-widget elementor-widget-text-editor\" data-id=\"209da4e\" data-element_type=\"widget\" data-e-type=\"widget\" data-widget_type=\"text-editor.default\">\n\t\t\t\t<div class=\"elementor-widget-container\">\n\t\t\t\t\t\t\t\t\t<p><a href=\"\/fr\/concessionnaire\/avis-de-confidentialite-pour-lappli-pour-concessionnaires\/\" target=\"_blank\" rel=\"noopener\">Avis de confidentialit\u00e9 pour l\u2019Appli pour concessionnaires SiriusXM<\/a><\/p>\t\t\t\t\t\t\t\t<\/div>\n\t\t\t\t<\/div>\n\t\t\t\t\t<\/div>\n\t\t<\/div>\n\t\t\t\t\t<\/div>\n\t\t<\/section>\n\t\t\t\t\t<\/div>\n\t\t<\/div>\n\t\t\t\t\t<\/div>\n\t\t<\/section>\n\t\t\t\t<\/div>\n\t\t","protected":false},"excerpt":{"rendered":"<p>Procurez-vous l&rsquo;Appli pour concessionnaires Transformez une image en plus de 425 stations Prenez simplement une photo du num\u00e9ro NIV au moyen de l\u2019appli SiriusXM pour concessionnaires, et activez facilement SiriusXM pour tous vos v\u00e9hicules. La fonctionnalit\u00e9 am\u00e9lior\u00e9e de l\u2019appareil photo rend la retransmission du signal aussi simple qu\u2019une prise de photo. \u00a0\u00a0 T\u00e9l\u00e9chargez l&rsquo;Appli SiriusXM &hellip; <a href=\"https:\/\/www.siriusxm.ca\/fr\/concessionnaire\/obtenez-lappli\/\">Continued<\/a><\/p>\n","protected":false},"author":4,"featured_media":251861,"parent":498831,"menu_order":664,"comment_status":"closed","ping_status":"closed","template":"views\/template-dealer.blade.php","meta":{"_acf_changed":false,"_searchwp_excluded":"1","footnotes":""},"class_list":["post-503374","page","type-page","status-publish","has-post-thumbnail","hentry"],"acf":[],"yoast_head":"<!-- This site is optimized with the Yoast SEO Premium plugin v27.4 (Yoast SEO v27.4) - https:\/\/yoast.com\/product\/yoast-seo-premium-wordpress\/ -->\n<title>l&#039;Appli SiriusXM pour concessionnaires | Portail des concessionnaires<\/title>\n<meta name=\"description\" content=\"Pr\u00e9activer les radios SiriusXM n\u2019a jamais \u00e9t\u00e9 aussi facile. Notre plateforme am\u00e9lior\u00e9e fonctionne sur tous les appareils iOS et Android. T\u00e9l\u00e9chargez l\u2019appli SiriusXM pour concessionnaires d\u00e8s aujourd\u2019hui.\" \/>\n<meta name=\"robots\" content=\"index, follow, max-snippet:-1, max-image-preview:large, max-video-preview:-1\" \/>\n<link rel=\"canonical\" href=\"https:\/\/www.siriusxm.ca\/fr\/concessionnaire\/obtenez-lappli\/\" \/>\n<meta property=\"og:type\" content=\"article\" \/>\n<meta property=\"og:title\" content=\"l&#039;Appli SiriusXM pour concessionnaires | Portail des concessionnaires\" \/>\n<meta property=\"og:description\" content=\"Pr\u00e9activer les radios SiriusXM n\u2019a jamais \u00e9t\u00e9 aussi facile. Notre plateforme am\u00e9lior\u00e9e fonctionne sur tous les appareils iOS et Android. T\u00e9l\u00e9chargez l\u2019appli SiriusXM pour concessionnaires d\u00e8s aujourd\u2019hui.\" \/>\n<meta property=\"og:url\" content=\"https:\/\/www.siriusxm.ca\/fr\/concessionnaire\/obtenez-lappli\/\" \/>\n<meta property=\"og:site_name\" content=\"SiriusXM Canada\" \/>\n<meta property=\"article:modified_time\" content=\"2025-10-15T11:56:49+00:00\" \/>\n<meta property=\"og:image\" content=\"https:\/\/www.siriusxm.ca\/wp-content\/uploads\/2020\/12\/SiriusXM-Canada.jpg?ver=1699449919\" \/>\n\t<meta property=\"og:image:width\" content=\"1200\" \/>\n\t<meta property=\"og:image:height\" content=\"630\" \/>\n\t<meta property=\"og:image:type\" content=\"image\/jpeg\" \/>\n<meta name=\"twitter:card\" content=\"summary_large_image\" \/>\n<meta name=\"twitter:title\" content=\"l&#039;Appli SiriusXM pour concessionnaires | Portail des concessionnaires\" \/>\n<meta name=\"twitter:label1\" content=\"Estimation du temps de lecture\" \/>\n\t<meta name=\"twitter:data1\" content=\"2 minutes\" \/>\n<script type=\"application\/ld+json\" class=\"yoast-schema-graph\">{\"@context\":\"https:\\\/\\\/schema.org\",\"@graph\":[{\"@type\":\"WebPage\",\"@id\":\"https:\\\/\\\/www.siriusxm.ca\\\/fr\\\/concessionnaire\\\/obtenez-lappli\\\/\",\"url\":\"https:\\\/\\\/www.siriusxm.ca\\\/fr\\\/concessionnaire\\\/obtenez-lappli\\\/\",\"name\":\"l'Appli SiriusXM pour concessionnaires | Portail des concessionnaires\",\"isPartOf\":{\"@id\":\"https:\\\/\\\/www.siriusxm.ca\\\/fr\\\/#website\"},\"primaryImageOfPage\":{\"@id\":\"https:\\\/\\\/www.siriusxm.ca\\\/fr\\\/concessionnaire\\\/obtenez-lappli\\\/#primaryimage\"},\"image\":{\"@id\":\"https:\\\/\\\/www.siriusxm.ca\\\/fr\\\/concessionnaire\\\/obtenez-lappli\\\/#primaryimage\"},\"thumbnailUrl\":\"https:\\\/\\\/www.siriusxm.ca\\\/wp-content\\\/uploads\\\/2020\\\/12\\\/SiriusXM-Canada.jpg?ver=1699506079\",\"datePublished\":\"2024-02-01T05:00:09+00:00\",\"dateModified\":\"2025-10-15T11:56:49+00:00\",\"description\":\"Pr\u00e9activer les radios SiriusXM n\u2019a jamais \u00e9t\u00e9 aussi facile. Notre plateforme am\u00e9lior\u00e9e fonctionne sur tous les appareils iOS et Android. T\u00e9l\u00e9chargez l\u2019appli SiriusXM pour concessionnaires d\u00e8s aujourd\u2019hui.\",\"breadcrumb\":{\"@id\":\"https:\\\/\\\/www.siriusxm.ca\\\/fr\\\/concessionnaire\\\/obtenez-lappli\\\/#breadcrumb\"},\"inLanguage\":\"fr-CA\",\"potentialAction\":[{\"@type\":\"ReadAction\",\"target\":[\"https:\\\/\\\/www.siriusxm.ca\\\/fr\\\/concessionnaire\\\/obtenez-lappli\\\/\"]}]},{\"@type\":\"ImageObject\",\"inLanguage\":\"fr-CA\",\"@id\":\"https:\\\/\\\/www.siriusxm.ca\\\/fr\\\/concessionnaire\\\/obtenez-lappli\\\/#primaryimage\",\"url\":\"https:\\\/\\\/www.siriusxm.ca\\\/wp-content\\\/uploads\\\/2020\\\/12\\\/SiriusXM-Canada.jpg?ver=1699506079\",\"contentUrl\":\"https:\\\/\\\/www.siriusxm.ca\\\/wp-content\\\/uploads\\\/2020\\\/12\\\/SiriusXM-Canada.jpg?ver=1699506079\",\"width\":1200,\"height\":630,\"caption\":\"SiriusXM logo on a blue background\"},{\"@type\":\"BreadcrumbList\",\"@id\":\"https:\\\/\\\/www.siriusxm.ca\\\/fr\\\/concessionnaire\\\/obtenez-lappli\\\/#breadcrumb\",\"itemListElement\":[{\"@type\":\"ListItem\",\"position\":1,\"name\":\"Home\",\"item\":\"https:\\\/\\\/www.siriusxm.ca\\\/fr\\\/accueil-b\\\/\"},{\"@type\":\"ListItem\",\"position\":2,\"name\":\"Dealer \\\/\\\/ Main Page (French)\",\"item\":\"https:\\\/\\\/www.siriusxm.ca\\\/fr\\\/dealer\\\/\"},{\"@type\":\"ListItem\",\"position\":3,\"name\":\"Dealer \\\/\\\/ Get the app (French)\"}]},{\"@type\":\"WebSite\",\"@id\":\"https:\\\/\\\/www.siriusxm.ca\\\/fr\\\/#website\",\"url\":\"https:\\\/\\\/www.siriusxm.ca\\\/fr\\\/\",\"name\":\"SiriusXM Canada\",\"description\":\"\",\"potentialAction\":[{\"@type\":\"SearchAction\",\"target\":{\"@type\":\"EntryPoint\",\"urlTemplate\":\"https:\\\/\\\/www.siriusxm.ca\\\/fr\\\/search\\\/{search_term_string}\"},\"query-input\":{\"@type\":\"PropertyValueSpecification\",\"valueRequired\":true,\"valueName\":\"search_term_string\"}}],\"inLanguage\":\"fr-CA\"}]}<\/script>\n<!-- \/ Yoast SEO Premium plugin. -->","yoast_head_json":{"title":"l'Appli SiriusXM pour concessionnaires | Portail des concessionnaires","description":"Pr\u00e9activer les radios SiriusXM n\u2019a jamais \u00e9t\u00e9 aussi facile. Notre plateforme am\u00e9lior\u00e9e fonctionne sur tous les appareils iOS et Android. T\u00e9l\u00e9chargez l\u2019appli SiriusXM pour concessionnaires d\u00e8s aujourd\u2019hui.","robots":{"index":"index","follow":"follow","max-snippet":"max-snippet:-1","max-image-preview":"max-image-preview:large","max-video-preview":"max-video-preview:-1"},"canonical":"https:\/\/www.siriusxm.ca\/fr\/concessionnaire\/obtenez-lappli\/","og_type":"article","og_title":"l'Appli SiriusXM pour concessionnaires | Portail des concessionnaires","og_description":"Pr\u00e9activer les radios SiriusXM n\u2019a jamais \u00e9t\u00e9 aussi facile. Notre plateforme am\u00e9lior\u00e9e fonctionne sur tous les appareils iOS et Android. T\u00e9l\u00e9chargez l\u2019appli SiriusXM pour concessionnaires d\u00e8s aujourd\u2019hui.","og_url":"https:\/\/www.siriusxm.ca\/fr\/concessionnaire\/obtenez-lappli\/","og_site_name":"SiriusXM Canada","article_modified_time":"2025-10-15T11:56:49+00:00","og_image":[{"width":1200,"height":630,"url":"https:\/\/www.siriusxm.ca\/wp-content\/uploads\/2020\/12\/SiriusXM-Canada.jpg?ver=1699449919","type":"image\/jpeg"}],"twitter_card":"summary_large_image","twitter_title":"l'Appli SiriusXM pour concessionnaires | Portail des concessionnaires","twitter_misc":{"Estimation du temps de lecture":"2 minutes"},"schema":{"@context":"https:\/\/schema.org","@graph":[{"@type":"WebPage","@id":"https:\/\/www.siriusxm.ca\/fr\/concessionnaire\/obtenez-lappli\/","url":"https:\/\/www.siriusxm.ca\/fr\/concessionnaire\/obtenez-lappli\/","name":"l'Appli SiriusXM pour concessionnaires | Portail des concessionnaires","isPartOf":{"@id":"https:\/\/www.siriusxm.ca\/fr\/#website"},"primaryImageOfPage":{"@id":"https:\/\/www.siriusxm.ca\/fr\/concessionnaire\/obtenez-lappli\/#primaryimage"},"image":{"@id":"https:\/\/www.siriusxm.ca\/fr\/concessionnaire\/obtenez-lappli\/#primaryimage"},"thumbnailUrl":"https:\/\/www.siriusxm.ca\/wp-content\/uploads\/2020\/12\/SiriusXM-Canada.jpg?ver=1699506079","datePublished":"2024-02-01T05:00:09+00:00","dateModified":"2025-10-15T11:56:49+00:00","description":"Pr\u00e9activer les radios SiriusXM n\u2019a jamais \u00e9t\u00e9 aussi facile. Notre plateforme am\u00e9lior\u00e9e fonctionne sur tous les appareils iOS et Android. T\u00e9l\u00e9chargez l\u2019appli SiriusXM pour concessionnaires d\u00e8s aujourd\u2019hui.","breadcrumb":{"@id":"https:\/\/www.siriusxm.ca\/fr\/concessionnaire\/obtenez-lappli\/#breadcrumb"},"inLanguage":"fr-CA","potentialAction":[{"@type":"ReadAction","target":["https:\/\/www.siriusxm.ca\/fr\/concessionnaire\/obtenez-lappli\/"]}]},{"@type":"ImageObject","inLanguage":"fr-CA","@id":"https:\/\/www.siriusxm.ca\/fr\/concessionnaire\/obtenez-lappli\/#primaryimage","url":"https:\/\/www.siriusxm.ca\/wp-content\/uploads\/2020\/12\/SiriusXM-Canada.jpg?ver=1699506079","contentUrl":"https:\/\/www.siriusxm.ca\/wp-content\/uploads\/2020\/12\/SiriusXM-Canada.jpg?ver=1699506079","width":1200,"height":630,"caption":"SiriusXM logo on a blue background"},{"@type":"BreadcrumbList","@id":"https:\/\/www.siriusxm.ca\/fr\/concessionnaire\/obtenez-lappli\/#breadcrumb","itemListElement":[{"@type":"ListItem","position":1,"name":"Home","item":"https:\/\/www.siriusxm.ca\/fr\/accueil-b\/"},{"@type":"ListItem","position":2,"name":"Dealer \/\/ Main Page (French)","item":"https:\/\/www.siriusxm.ca\/fr\/dealer\/"},{"@type":"ListItem","position":3,"name":"Dealer \/\/ Get the app (French)"}]},{"@type":"WebSite","@id":"https:\/\/www.siriusxm.ca\/fr\/#website","url":"https:\/\/www.siriusxm.ca\/fr\/","name":"SiriusXM Canada","description":"","potentialAction":[{"@type":"SearchAction","target":{"@type":"EntryPoint","urlTemplate":"https:\/\/www.siriusxm.ca\/fr\/search\/{search_term_string}"},"query-input":{"@type":"PropertyValueSpecification","valueRequired":true,"valueName":"search_term_string"}}],"inLanguage":"fr-CA"}]}},"_links":{"self":[{"href":"https:\/\/www.siriusxm.ca\/fr\/wp-json\/wp\/v2\/pages\/503374","targetHints":{"allow":["GET"]}}],"collection":[{"href":"https:\/\/www.siriusxm.ca\/fr\/wp-json\/wp\/v2\/pages"}],"about":[{"href":"https:\/\/www.siriusxm.ca\/fr\/wp-json\/wp\/v2\/types\/page"}],"author":[{"embeddable":true,"href":"https:\/\/www.siriusxm.ca\/fr\/wp-json\/wp\/v2\/users\/4"}],"replies":[{"embeddable":true,"href":"https:\/\/www.siriusxm.ca\/fr\/wp-json\/wp\/v2\/comments?post=503374"}],"version-history":[{"count":0,"href":"https:\/\/www.siriusxm.ca\/fr\/wp-json\/wp\/v2\/pages\/503374\/revisions"}],"up":[{"embeddable":true,"href":"https:\/\/www.siriusxm.ca\/fr\/wp-json\/wp\/v2\/pages\/498831"}],"wp:featuredmedia":[{"embeddable":true,"href":"https:\/\/www.siriusxm.ca\/fr\/wp-json\/wp\/v2\/media\/251861"}],"wp:attachment":[{"href":"https:\/\/www.siriusxm.ca\/fr\/wp-json\/wp\/v2\/media?parent=503374"}],"curies":[{"name":"wp","href":"https:\/\/api.w.org\/{rel}","templated":true}]}}