{"id":521559,"date":"2024-12-07T00:00:02","date_gmt":"2024-12-07T05:00:02","guid":{"rendered":"https:\/\/www.siriusxm.ca\/aide\/authenticating-siriusxm\/"},"modified":"2025-03-24T12:03:38","modified_gmt":"2025-03-24T16:03:38","slug":"legitime","status":"publish","type":"page","link":"https:\/\/www.siriusxm.ca\/fr\/aide\/legitime\/","title":{"rendered":"Help \/\/ Authenticating SiriusXM (French)"},"content":{"rendered":"\t\t<div data-elementor-type=\"wp-post\" data-elementor-id=\"521559\" class=\"elementor elementor-521559 elementor-521535\" data-elementor-post-type=\"page\">\n\t\t\t\t\t\t<section class=\"elementor-section elementor-top-section elementor-element elementor-element-44c3991 elementor-section-stretched elementor-section-height-min-height elementor-section-items-top elementor-section-boxed elementor-section-height-default\" data-id=\"44c3991\" data-element_type=\"section\" data-e-type=\"section\" data-settings=\"{&quot;stretch_section&quot;:&quot;section-stretched&quot;,&quot;background_background&quot;:&quot;classic&quot;}\" data-area=\"hero\">\n\t\t\t\t\t\t\t<div class=\"elementor-background-overlay\"><\/div>\n\t\t\t\t\t\t\t<div class=\"elementor-container elementor-column-gap-default\">\n\t\t\t\t\t<div class=\"elementor-column elementor-col-100 elementor-top-column elementor-element elementor-element-ad24cb1\" data-id=\"ad24cb1\" data-element_type=\"column\" data-e-type=\"column\">\n\t\t\t<div class=\"elementor-widget-wrap elementor-element-populated\">\n\t\t\t\t\t\t<section class=\"elementor-section elementor-inner-section elementor-element elementor-element-84e264d elementor-section-content-top elementor-section-boxed elementor-section-height-default elementor-section-height-default\" data-id=\"84e264d\" data-element_type=\"section\" data-e-type=\"section\">\n\t\t\t\t\t\t<div class=\"elementor-container elementor-column-gap-default\">\n\t\t\t\t\t<div class=\"elementor-column elementor-col-100 elementor-inner-column elementor-element elementor-element-8e4eca8\" data-id=\"8e4eca8\" data-element_type=\"column\" data-e-type=\"column\">\n\t\t\t<div class=\"elementor-widget-wrap elementor-element-populated\">\n\t\t\t\t\t\t<div class=\"elementor-element elementor-element-1b8f07e elementor-widget__width-initial elementor-widget elementor-widget-heading\" data-id=\"1b8f07e\" data-element_type=\"widget\" data-e-type=\"widget\" data-widget_type=\"heading.default\">\n\t\t\t\t<div class=\"elementor-widget-container\">\n\t\t\t\t\t<h1 class=\"elementor-heading-title elementor-size-default\">Comment savoir si un courriel, un message texte ou le site Web de SiriusXM est l\u00e9gitime?<\/h1>\t\t\t\t<\/div>\n\t\t\t\t<\/div>\n\t\t\t\t\t<\/div>\n\t\t<\/div>\n\t\t\t\t\t<\/div>\n\t\t<\/section>\n\t\t\t\t\t<\/div>\n\t\t<\/div>\n\t\t\t\t\t<\/div>\n\t\t<\/section>\n\t\t\t\t<section class=\"elementor-section elementor-top-section elementor-element elementor-element-dffad75 elementor-section-stretched elementor-section-boxed elementor-section-height-default elementor-section-height-default\" data-id=\"dffad75\" data-element_type=\"section\" data-e-type=\"section\" data-settings=\"{&quot;stretch_section&quot;:&quot;section-stretched&quot;,&quot;background_background&quot;:&quot;classic&quot;}\">\n\t\t\t\t\t\t<div class=\"elementor-container elementor-column-gap-default\">\n\t\t\t\t\t<div class=\"elementor-column elementor-col-100 elementor-top-column elementor-element elementor-element-a7f3ae1\" data-id=\"a7f3ae1\" data-element_type=\"column\" data-e-type=\"column\">\n\t\t\t<div class=\"elementor-widget-wrap elementor-element-populated\">\n\t\t\t\t\t\t<section class=\"elementor-section elementor-inner-section elementor-element elementor-element-8d5865e elementor-section-boxed elementor-section-height-default elementor-section-height-default\" data-id=\"8d5865e\" data-element_type=\"section\" data-e-type=\"section\">\n\t\t\t\t\t\t<div class=\"elementor-container elementor-column-gap-default\">\n\t\t\t\t\t<div class=\"elementor-column elementor-col-50 elementor-inner-column elementor-element elementor-element-ae101b0\" data-id=\"ae101b0\" data-element_type=\"column\" data-e-type=\"column\">\n\t\t\t<div class=\"elementor-widget-wrap elementor-element-populated\">\n\t\t\t\t\t\t<div class=\"elementor-element elementor-element-2cd7d21 elementor-widget elementor-widget-text-editor\" data-id=\"2cd7d21\" data-element_type=\"widget\" data-e-type=\"widget\" data-widget_type=\"text-editor.default\">\n\t\t\t\t<div class=\"elementor-widget-container\">\n\t\t\t\t\t\t\t\t\t<ul><li>Inspectez la barre d\u2019adresse. Commence-t-elle par \u00ab HTTPS \u00bb? Si l\u2019URL commence par HTTPS au lieu de HTTP, cela signifie que le site dispose d\u2019un certificat SSL qui authentifie le site et permet une connexion crypt\u00e9e. Veillez \u00e0 ne saisir vos renseignements que sur un site dot\u00e9 du protocole HTTPS.<\/li><li>Inspectez le site, le courriel ou le message texte pour v\u00e9rifier qu\u2019il ne contient pas de fautes de grammaire ou d\u2019orthographe.<\/li><li>SiriusXM ne vous demandera jamais de renseignements personnels tels que votre mot de passe ou votre num\u00e9ro d\u2019assurance sociale.<\/li><li>SiriusXM n\u2019accepte pas les paiements par PayPal, Venmo, Zelle, Interac ou Cash App ni par cryptomonnaie. Si l\u2019on vous demande d\u2019effectuer un paiement \u00e0 l\u2019aide de l\u2019une de ces m\u00e9thodes, ce paiement n\u2019est pas fait \u00e0 SiriusXM.<\/li><\/ul>\t\t\t\t\t\t\t\t<\/div>\n\t\t\t\t<\/div>\n\t\t\t\t<div class=\"elementor-element elementor-element-09654a2 elementor-widget elementor-widget-text-editor\" data-id=\"09654a2\" data-element_type=\"widget\" data-e-type=\"widget\" data-widget_type=\"text-editor.default\">\n\t\t\t\t<div class=\"elementor-widget-container\">\n\t\t\t\t\t\t\t\t\t<p>Assurez-vous d\u2019\u00eatre sur un site Web l\u00e9gitime de SiriusXM avant de fournir tout renseignement. Nos domaines principaux sont les suivants :<\/p>\t\t\t\t\t\t\t\t<\/div>\n\t\t\t\t<\/div>\n\t\t\t\t<div class=\"elementor-element elementor-element-d70e4a7 elementor-widget elementor-widget-text-editor\" data-id=\"d70e4a7\" data-element_type=\"widget\" data-e-type=\"widget\" data-widget_type=\"text-editor.default\">\n\t\t\t\t<div class=\"elementor-widget-container\">\n\t\t\t\t\t\t\t\t\t<ul>\n \t<li><a href=\"https:\/\/www.siriusxm.com\" target=\"_blank\" rel=\"noopener\">www.siriusxm.com<\/a> (\u00c9tats-Unis seulement)<\/li>\n \t<li><a href=\"https:\/\/www.siriusxm.ca\" target=\"_blank\" rel=\"noopener\">www.siriusxm.ca<\/a> (Canada seulement)<\/li>\n<\/ul>\t\t\t\t\t\t\t\t<\/div>\n\t\t\t\t<\/div>\n\t\t\t\t<div class=\"elementor-element elementor-element-daa457f elementor-widget elementor-widget-text-editor\" data-id=\"daa457f\" data-element_type=\"widget\" data-e-type=\"widget\" data-widget_type=\"text-editor.default\">\n\t\t\t\t<div class=\"elementor-widget-container\">\n\t\t\t\t\t\t\t\t\t<p>Si un message texte ou un courriel contient une URL que vous ne reconnaissez pas, ne cliquez pas sur le lien et ne fournissez aucune information. Acc\u00e9dez toujours directement \u00e0 votre compte en ligne ou <a href=\"\/fr\/contacter-siriusxm\/\">contactez-nous<\/a> directement.<\/p>\t\t\t\t\t\t\t\t<\/div>\n\t\t\t\t<\/div>\n\t\t\t\t<div class=\"elementor-element elementor-element-c42885f elementor-widget elementor-widget-heading\" data-id=\"c42885f\" data-element_type=\"widget\" data-e-type=\"widget\" data-widget_type=\"heading.default\">\n\t\t\t\t<div class=\"elementor-widget-container\">\n\t\t\t\t\t<h3 class=\"elementor-heading-title elementor-size-default\">Que faire si je re\u00e7ois un courriel ou un message texte suspect?<\/h3>\t\t\t\t<\/div>\n\t\t\t\t<\/div>\n\t\t\t\t<div class=\"elementor-element elementor-element-d9a79a7 elementor-widget elementor-widget-text-editor\" data-id=\"d9a79a7\" data-element_type=\"widget\" data-e-type=\"widget\" data-widget_type=\"text-editor.default\">\n\t\t\t\t<div class=\"elementor-widget-container\">\n\t\t\t\t\t\t\t\t\t<p>Si vous avez des doutes ou si vous pensez qu\u2019un courriel ou un message texte que vous avez re\u00e7u est malveillant :<\/p>\t\t\t\t\t\t\t\t<\/div>\n\t\t\t\t<\/div>\n\t\t\t\t<div class=\"elementor-element elementor-element-a85532d elementor-widget elementor-widget-text-editor\" data-id=\"a85532d\" data-element_type=\"widget\" data-e-type=\"widget\" data-widget_type=\"text-editor.default\">\n\t\t\t\t<div class=\"elementor-widget-container\">\n\t\t\t\t\t\t\t\t\t<ul><li>Ne cliquez sur aucun lien, n\u2019ouvrez aucune pi\u00e8ce jointe et ne r\u00e9pondez pas au message.<\/li><li>Transmettez les courriels suspects directement \u00e0 <strong>reportphishing@siriusxm.ca<\/strong><\/li><\/ul>\t\t\t\t\t\t\t\t<\/div>\n\t\t\t\t<\/div>\n\t\t\t\t<div class=\"elementor-element elementor-element-0a75cd4 elementor-widget elementor-widget-heading\" data-id=\"0a75cd4\" data-element_type=\"widget\" data-e-type=\"widget\" data-widget_type=\"heading.default\">\n\t\t\t\t<div class=\"elementor-widget-container\">\n\t\t\t\t\t<h3 class=\"elementor-heading-title elementor-size-default\">Que faire si j\u2019ai d\u00e9j\u00e0 cliqu\u00e9 sur le lien ou donn\u00e9 des renseignements personnels?<\/h3>\t\t\t\t<\/div>\n\t\t\t\t<\/div>\n\t\t\t\t<div class=\"elementor-element elementor-element-ec9e9ed elementor-widget elementor-widget-text-editor\" data-id=\"ec9e9ed\" data-element_type=\"widget\" data-e-type=\"widget\" data-widget_type=\"text-editor.default\">\n\t\t\t\t<div class=\"elementor-widget-container\">\n\t\t\t\t\t\t\t\t\t<p>Si vous pensez avoir cliqu\u00e9 sur un lien suspect ou transmis des informations personnelles \u00e0 un site Web usurpant l\u2019identit\u00e9 de SiriusXM :<\/p>\t\t\t\t\t\t\t\t<\/div>\n\t\t\t\t<\/div>\n\t\t\t\t<div class=\"elementor-element elementor-element-62ea827 elementor-widget elementor-widget-text-editor\" data-id=\"62ea827\" data-element_type=\"widget\" data-e-type=\"widget\" data-widget_type=\"text-editor.default\">\n\t\t\t\t<div class=\"elementor-widget-container\">\n\t\t\t\t\t\t\t\t\t<ul><li>Changez imm\u00e9diatement votre mot de passe SiriusXM.<\/li><li>D\u00e9connectez-vous de tous vos appareils.<\/li><li>Mettez \u00e0 jour votre mot de passe sur tous les autres sites Web o\u00f9 vous utilisez la m\u00eame combinaison de courriel et de mot de passe.<\/li><li>Si vous avez fourni des renseignements financiers, contactez directement votre institution financi\u00e8re.<\/li><li>Transmettez toute URL suspecte sur laquelle vous avez cliqu\u00e9 \u00e0 <strong>reportphishing@siriusxm.ca<\/strong><\/li><\/ul>\t\t\t\t\t\t\t\t<\/div>\n\t\t\t\t<\/div>\n\t\t\t\t<div class=\"elementor-element elementor-element-cfc82e9 elementor-widget elementor-widget-text-editor\" data-id=\"cfc82e9\" data-element_type=\"widget\" data-e-type=\"widget\" data-widget_type=\"text-editor.default\">\n\t\t\t\t<div class=\"elementor-widget-container\">\n\t\t\t\t\t\t\t\t\t<p>Vous pouvez \u00e9galement nous contacter par le biais de nos centres d\u2019appel au <a href=\"\/fr\/contacter-siriusxm\/\">www.siriusxm.ca\/fr\/contacter-nous<\/a>.<\/p>\t\t\t\t\t\t\t\t<\/div>\n\t\t\t\t<\/div>\n\t\t\t\t\t<\/div>\n\t\t<\/div>\n\t\t\t\t<div class=\"elementor-column elementor-col-50 elementor-inner-column elementor-element elementor-element-6c9c24d elementor-hidden-phone elementor-hidden-tablet\" data-id=\"6c9c24d\" data-element_type=\"column\" data-e-type=\"column\">\n\t\t\t<div class=\"elementor-widget-wrap\">\n\t\t\t\t\t\t\t<\/div>\n\t\t<\/div>\n\t\t\t\t\t<\/div>\n\t\t<\/section>\n\t\t\t\t\t<\/div>\n\t\t<\/div>\n\t\t\t\t\t<\/div>\n\t\t<\/section>\n\t\t\t\t<\/div>\n\t\t","protected":false},"excerpt":{"rendered":"<p>Comment savoir si un courriel, un message texte ou le site Web de SiriusXM est l\u00e9gitime? Inspectez la barre d\u2019adresse. Commence-t-elle par \u00ab HTTPS \u00bb? Si l\u2019URL commence par HTTPS au lieu de HTTP, cela signifie que le site dispose d\u2019un certificat SSL qui authentifie le site et permet une connexion crypt\u00e9e. Veillez \u00e0 ne &hellip; <a href=\"https:\/\/www.siriusxm.ca\/fr\/aide\/legitime\/\">Continued<\/a><\/p>\n","protected":false},"author":4,"featured_media":251861,"parent":199834,"menu_order":982,"comment_status":"closed","ping_status":"closed","template":"","meta":{"_acf_changed":false,"_searchwp_excluded":"","footnotes":""},"class_list":["post-521559","page","type-page","status-publish","has-post-thumbnail","hentry"],"acf":[],"yoast_head":"<!-- This site is optimized with the Yoast SEO Premium plugin v27.2 (Yoast SEO v27.2) - https:\/\/yoast.com\/product\/yoast-seo-premium-wordpress\/ -->\n<title>Comment savoir si un courriel, un message texte ou le site Web de SiriusXM est l\u00e9gitime?<\/title>\n<meta name=\"description\" content=\"SiriusXM ne vous demandera jamais de renseignements personnels tels que votre mot de passe ou votre num\u00e9ro d\u2019assurance sociale.\" \/>\n<meta name=\"robots\" content=\"index, follow, max-snippet:-1, max-image-preview:large, max-video-preview:-1\" \/>\n<link rel=\"canonical\" href=\"https:\/\/www.siriusxm.ca\/fr\/aide\/legitime\/\" \/>\n<meta property=\"og:type\" content=\"article\" \/>\n<meta property=\"og:title\" content=\"Comment savoir si un courriel, un message texte ou le site Web de SiriusXM est l\u00e9gitime?\" \/>\n<meta property=\"og:description\" content=\"SiriusXM ne vous demandera jamais de renseignements personnels tels que votre mot de passe ou votre num\u00e9ro d\u2019assurance sociale.\" \/>\n<meta property=\"og:url\" content=\"https:\/\/www.siriusxm.ca\/fr\/aide\/legitime\/\" \/>\n<meta property=\"og:site_name\" content=\"SiriusXM Canada\" \/>\n<meta property=\"article:modified_time\" content=\"2025-03-24T16:03:38+00:00\" \/>\n<meta property=\"og:image\" content=\"https:\/\/www.siriusxm.ca\/wp-content\/uploads\/2020\/12\/SiriusXM-Canada.jpg\" \/>\n<meta name=\"twitter:card\" content=\"summary_large_image\" \/>\n<meta name=\"twitter:title\" content=\"Comment savoir si un courriel, un message texte ou le site Web de SiriusXM est l\u00e9gitime?\" \/>\n<meta name=\"twitter:label1\" content=\"Estimation du temps de lecture\" \/>\n\t<meta name=\"twitter:data1\" content=\"2 minutes\" \/>\n<script type=\"application\/ld+json\" class=\"yoast-schema-graph\">{\"@context\":\"https:\/\/schema.org\",\"@graph\":[{\"@type\":\"WebPage\",\"@id\":\"https:\/\/www.siriusxm.ca\/fr\/aide\/legitime\/\",\"url\":\"https:\/\/www.siriusxm.ca\/fr\/aide\/legitime\/\",\"name\":\"Comment savoir si un courriel, un message texte ou le site Web de SiriusXM est l\u00e9gitime?\",\"isPartOf\":{\"@id\":\"https:\/\/www.siriusxm.ca\/fr\/#website\"},\"primaryImageOfPage\":{\"@id\":\"https:\/\/www.siriusxm.ca\/fr\/aide\/legitime\/#primaryimage\"},\"image\":{\"@id\":\"https:\/\/www.siriusxm.ca\/fr\/aide\/legitime\/#primaryimage\"},\"thumbnailUrl\":\"https:\/\/www.siriusxm.ca\/wp-content\/uploads\/2020\/12\/SiriusXM-Canada.jpg?ver=1699506079\",\"datePublished\":\"2024-12-07T05:00:02+00:00\",\"dateModified\":\"2025-03-24T16:03:38+00:00\",\"description\":\"SiriusXM ne vous demandera jamais de renseignements personnels tels que votre mot de passe ou votre num\u00e9ro d\u2019assurance sociale.\",\"breadcrumb\":{\"@id\":\"https:\/\/www.siriusxm.ca\/fr\/aide\/legitime\/#breadcrumb\"},\"inLanguage\":\"fr-CA\",\"potentialAction\":[{\"@type\":\"ReadAction\",\"target\":[\"https:\/\/www.siriusxm.ca\/fr\/aide\/legitime\/\"]}]},{\"@type\":\"ImageObject\",\"inLanguage\":\"fr-CA\",\"@id\":\"https:\/\/www.siriusxm.ca\/fr\/aide\/legitime\/#primaryimage\",\"url\":\"https:\/\/www.siriusxm.ca\/wp-content\/uploads\/2020\/12\/SiriusXM-Canada.jpg?ver=1699506079\",\"contentUrl\":\"https:\/\/www.siriusxm.ca\/wp-content\/uploads\/2020\/12\/SiriusXM-Canada.jpg?ver=1699506079\",\"width\":1200,\"height\":630,\"caption\":\"SiriusXM logo on a blue background\"},{\"@type\":\"BreadcrumbList\",\"@id\":\"https:\/\/www.siriusxm.ca\/fr\/aide\/legitime\/#breadcrumb\",\"itemListElement\":[{\"@type\":\"ListItem\",\"position\":1,\"name\":\"Home\",\"item\":\"https:\/\/www.siriusxm.ca\/fr\/\"},{\"@type\":\"ListItem\",\"position\":2,\"name\":\"Help \/\/ Main Page (French)\",\"item\":\"https:\/\/www.siriusxm.ca\/fr\/aide\/\"},{\"@type\":\"ListItem\",\"position\":3,\"name\":\"Help \/\/ Authenticating SiriusXM (French)\"}]},{\"@type\":\"WebSite\",\"@id\":\"https:\/\/www.siriusxm.ca\/fr\/#website\",\"url\":\"https:\/\/www.siriusxm.ca\/fr\/\",\"name\":\"SiriusXM Canada\",\"description\":\"\",\"potentialAction\":[{\"@type\":\"SearchAction\",\"target\":{\"@type\":\"EntryPoint\",\"urlTemplate\":\"https:\/\/www.siriusxm.ca\/fr\/search\/{search_term_string}\"},\"query-input\":{\"@type\":\"PropertyValueSpecification\",\"valueRequired\":true,\"valueName\":\"search_term_string\"}}],\"inLanguage\":\"fr-CA\"}]}<\/script>\n<!-- \/ Yoast SEO Premium plugin. -->","yoast_head_json":{"title":"Comment savoir si un courriel, un message texte ou le site Web de SiriusXM est l\u00e9gitime?","description":"SiriusXM ne vous demandera jamais de renseignements personnels tels que votre mot de passe ou votre num\u00e9ro d\u2019assurance sociale.","robots":{"index":"index","follow":"follow","max-snippet":"max-snippet:-1","max-image-preview":"max-image-preview:large","max-video-preview":"max-video-preview:-1"},"canonical":"https:\/\/www.siriusxm.ca\/fr\/aide\/legitime\/","og_type":"article","og_title":"Comment savoir si un courriel, un message texte ou le site Web de SiriusXM est l\u00e9gitime?","og_description":"SiriusXM ne vous demandera jamais de renseignements personnels tels que votre mot de passe ou votre num\u00e9ro d\u2019assurance sociale.","og_url":"https:\/\/www.siriusxm.ca\/fr\/aide\/legitime\/","og_site_name":"SiriusXM Canada","article_modified_time":"2025-03-24T16:03:38+00:00","og_image":[{"url":"https:\/\/www.siriusxm.ca\/wp-content\/uploads\/2020\/12\/SiriusXM-Canada.jpg","type":"","width":"","height":""}],"twitter_card":"summary_large_image","twitter_title":"Comment savoir si un courriel, un message texte ou le site Web de SiriusXM est l\u00e9gitime?","twitter_misc":{"Estimation du temps de lecture":"2 minutes"},"schema":{"@context":"https:\/\/schema.org","@graph":[{"@type":"WebPage","@id":"https:\/\/www.siriusxm.ca\/fr\/aide\/legitime\/","url":"https:\/\/www.siriusxm.ca\/fr\/aide\/legitime\/","name":"Comment savoir si un courriel, un message texte ou le site Web de SiriusXM est l\u00e9gitime?","isPartOf":{"@id":"https:\/\/www.siriusxm.ca\/fr\/#website"},"primaryImageOfPage":{"@id":"https:\/\/www.siriusxm.ca\/fr\/aide\/legitime\/#primaryimage"},"image":{"@id":"https:\/\/www.siriusxm.ca\/fr\/aide\/legitime\/#primaryimage"},"thumbnailUrl":"https:\/\/www.siriusxm.ca\/wp-content\/uploads\/2020\/12\/SiriusXM-Canada.jpg?ver=1699506079","datePublished":"2024-12-07T05:00:02+00:00","dateModified":"2025-03-24T16:03:38+00:00","description":"SiriusXM ne vous demandera jamais de renseignements personnels tels que votre mot de passe ou votre num\u00e9ro d\u2019assurance sociale.","breadcrumb":{"@id":"https:\/\/www.siriusxm.ca\/fr\/aide\/legitime\/#breadcrumb"},"inLanguage":"fr-CA","potentialAction":[{"@type":"ReadAction","target":["https:\/\/www.siriusxm.ca\/fr\/aide\/legitime\/"]}]},{"@type":"ImageObject","inLanguage":"fr-CA","@id":"https:\/\/www.siriusxm.ca\/fr\/aide\/legitime\/#primaryimage","url":"https:\/\/www.siriusxm.ca\/wp-content\/uploads\/2020\/12\/SiriusXM-Canada.jpg?ver=1699506079","contentUrl":"https:\/\/www.siriusxm.ca\/wp-content\/uploads\/2020\/12\/SiriusXM-Canada.jpg?ver=1699506079","width":1200,"height":630,"caption":"SiriusXM logo on a blue background"},{"@type":"BreadcrumbList","@id":"https:\/\/www.siriusxm.ca\/fr\/aide\/legitime\/#breadcrumb","itemListElement":[{"@type":"ListItem","position":1,"name":"Home","item":"https:\/\/www.siriusxm.ca\/fr\/"},{"@type":"ListItem","position":2,"name":"Help \/\/ Main Page (French)","item":"https:\/\/www.siriusxm.ca\/fr\/aide\/"},{"@type":"ListItem","position":3,"name":"Help \/\/ Authenticating SiriusXM (French)"}]},{"@type":"WebSite","@id":"https:\/\/www.siriusxm.ca\/fr\/#website","url":"https:\/\/www.siriusxm.ca\/fr\/","name":"SiriusXM Canada","description":"","potentialAction":[{"@type":"SearchAction","target":{"@type":"EntryPoint","urlTemplate":"https:\/\/www.siriusxm.ca\/fr\/search\/{search_term_string}"},"query-input":{"@type":"PropertyValueSpecification","valueRequired":true,"valueName":"search_term_string"}}],"inLanguage":"fr-CA"}]}},"_links":{"self":[{"href":"https:\/\/www.siriusxm.ca\/fr\/wp-json\/wp\/v2\/pages\/521559","targetHints":{"allow":["GET"]}}],"collection":[{"href":"https:\/\/www.siriusxm.ca\/fr\/wp-json\/wp\/v2\/pages"}],"about":[{"href":"https:\/\/www.siriusxm.ca\/fr\/wp-json\/wp\/v2\/types\/page"}],"author":[{"embeddable":true,"href":"https:\/\/www.siriusxm.ca\/fr\/wp-json\/wp\/v2\/users\/4"}],"replies":[{"embeddable":true,"href":"https:\/\/www.siriusxm.ca\/fr\/wp-json\/wp\/v2\/comments?post=521559"}],"version-history":[{"count":0,"href":"https:\/\/www.siriusxm.ca\/fr\/wp-json\/wp\/v2\/pages\/521559\/revisions"}],"up":[{"embeddable":true,"href":"https:\/\/www.siriusxm.ca\/fr\/wp-json\/wp\/v2\/pages\/199834"}],"wp:featuredmedia":[{"embeddable":true,"href":"https:\/\/www.siriusxm.ca\/fr\/wp-json\/wp\/v2\/media\/251861"}],"wp:attachment":[{"href":"https:\/\/www.siriusxm.ca\/fr\/wp-json\/wp\/v2\/media?parent=521559"}],"curies":[{"name":"wp","href":"https:\/\/api.w.org\/{rel}","templated":true}]}}