{"id":536321,"date":"2025-08-29T00:00:03","date_gmt":"2025-08-29T04:00:03","guid":{"rendered":"https:\/\/www.siriusxm.ca\/preview\/performance-v1\/"},"modified":"2025-11-19T12:27:00","modified_gmt":"2025-11-19T17:27:00","slug":"performance","status":"publish","type":"page","link":"https:\/\/www.siriusxm.ca\/fr\/offre\/performance\/","title":{"rendered":"2025 Offer \/\/ Performance Dual Offer (French)"},"content":{"rendered":"\t\t<div data-elementor-type=\"wp-post\" data-elementor-id=\"536321\" class=\"elementor elementor-536321 elementor-535901\" data-elementor-post-type=\"page\">\n\t\t\t\t\t\t<section class=\"elementor-section elementor-top-section elementor-element elementor-element-d25e04c elementor-section-stretched elementor-section-height-min-height elementor-section-boxed elementor-section-height-default elementor-section-items-middle\" data-id=\"d25e04c\" data-element_type=\"section\" data-e-type=\"section\" data-settings=\"{&quot;stretch_section&quot;:&quot;section-stretched&quot;,&quot;background_background&quot;:&quot;classic&quot;}\" data-area=\"hero\">\n\t\t\t\t\t\t\t<div class=\"elementor-background-overlay\"><\/div>\n\t\t\t\t\t\t\t<div class=\"elementor-container elementor-column-gap-default\">\n\t\t\t\t\t<div class=\"elementor-column elementor-col-100 elementor-top-column elementor-element elementor-element-8a39f42\" data-id=\"8a39f42\" data-element_type=\"column\" data-e-type=\"column\">\n\t\t\t<div class=\"elementor-widget-wrap\">\n\t\t\t\t\t\t\t<\/div>\n\t\t<\/div>\n\t\t\t\t\t<\/div>\n\t\t<\/section>\n\t\t\t\t<section class=\"elementor-section elementor-top-section elementor-element elementor-element-14cfb21 elementor-section-stretched elementor-section-boxed elementor-section-height-default elementor-section-height-default\" data-id=\"14cfb21\" data-element_type=\"section\" data-e-type=\"section\" data-settings=\"{&quot;stretch_section&quot;:&quot;section-stretched&quot;,&quot;background_background&quot;:&quot;classic&quot;}\">\n\t\t\t\t\t\t<div class=\"elementor-container elementor-column-gap-default\">\n\t\t\t\t\t<div class=\"elementor-column elementor-col-100 elementor-top-column elementor-element elementor-element-c4b35b9\" data-id=\"c4b35b9\" data-element_type=\"column\" data-e-type=\"column\">\n\t\t\t<div class=\"elementor-widget-wrap elementor-element-populated\">\n\t\t\t\t\t\t<section class=\"elementor-section elementor-inner-section elementor-element elementor-element-134cf78 elementor-section-boxed elementor-section-height-default elementor-section-height-default\" data-id=\"134cf78\" data-element_type=\"section\" data-e-type=\"section\" data-settings=\"{&quot;background_background&quot;:&quot;classic&quot;}\">\n\t\t\t\t\t\t<div class=\"elementor-container elementor-column-gap-default\">\n\t\t\t\t\t<div class=\"elementor-column elementor-col-100 elementor-inner-column elementor-element elementor-element-9b9c609\" data-id=\"9b9c609\" data-element_type=\"column\" data-e-type=\"column\">\n\t\t\t<div class=\"elementor-widget-wrap elementor-element-populated\">\n\t\t\t\t\t\t<div class=\"elementor-element elementor-element-a1b3e21 elementor-widget elementor-widget-heading\" data-id=\"a1b3e21\" data-element_type=\"widget\" data-e-type=\"widget\" data-widget_type=\"heading.default\">\n\t\t\t\t<div class=\"elementor-widget-container\">\n\t\t\t\t\t<h1 class=\"elementor-heading-title elementor-size-default\">Choisissez comment \u00e9couter<\/h1>\t\t\t\t<\/div>\n\t\t\t\t<\/div>\n\t\t\t\t\t<\/div>\n\t\t<\/div>\n\t\t\t\t\t<\/div>\n\t\t<\/section>\n\t\t\t\t\t<\/div>\n\t\t<\/div>\n\t\t\t\t\t<\/div>\n\t\t<\/section>\n\t\t\t\t<section class=\"elementor-section elementor-top-section elementor-element elementor-element-510b102 elementor-section-stretched elementor-section-boxed elementor-section-height-default elementor-section-height-default\" data-id=\"510b102\" data-element_type=\"section\" data-e-type=\"section\" data-settings=\"{&quot;stretch_section&quot;:&quot;section-stretched&quot;,&quot;background_background&quot;:&quot;classic&quot;}\">\n\t\t\t\t\t\t<div class=\"elementor-container elementor-column-gap-default\">\n\t\t\t\t\t<div class=\"elementor-column elementor-col-100 elementor-top-column elementor-element elementor-element-d1b65be\" data-id=\"d1b65be\" data-element_type=\"column\" data-e-type=\"column\">\n\t\t\t<div class=\"elementor-widget-wrap elementor-element-populated\">\n\t\t\t\t\t\t<section class=\"elementor-section elementor-inner-section elementor-element elementor-element-bca3e67 elementor-section-boxed elementor-section-height-default elementor-section-height-default\" data-id=\"bca3e67\" data-element_type=\"section\" data-e-type=\"section\">\n\t\t\t\t\t\t<div class=\"elementor-container elementor-column-gap-default\">\n\t\t\t\t\t<div class=\"elementor-column elementor-col-50 elementor-inner-column elementor-element elementor-element-7996db4\" data-id=\"7996db4\" data-element_type=\"column\" data-e-type=\"column\" data-settings=\"{&quot;background_background&quot;:&quot;classic&quot;}\">\n\t\t\t<div class=\"elementor-widget-wrap elementor-element-populated\">\n\t\t\t\t\t\t<section data-tp-sc-link=\"https:\/\/care.siriusxm.ca\/subscribe\/checkout\/purchase\/satellite\/organic\/new?langpref=fr&#038;promocode=PARTNERSAT4MO&#038;intcmp=VoiturePlusAppli_NA_CAfroffreperformance_ACQ_PARTNERSAT4MO\" data-tp-sc-link-external=\"on\" style=\"cursor: pointer\" class=\"elementor-section elementor-inner-section elementor-element elementor-element-2545de8 elementor-section-content-middle elementor-section-boxed elementor-section-height-default elementor-section-height-default\" data-id=\"2545de8\" data-element_type=\"section\" data-e-type=\"section\" data-settings=\"{&quot;background_background&quot;:&quot;classic&quot;}\">\n\t\t\t\t\t\t<div class=\"elementor-container elementor-column-gap-default\">\n\t\t\t\t\t<div class=\"elementor-column elementor-col-50 elementor-inner-column elementor-element elementor-element-f8791c6\" data-id=\"f8791c6\" data-element_type=\"column\" data-e-type=\"column\" data-settings=\"{&quot;background_background&quot;:&quot;classic&quot;}\">\n\t\t\t<div class=\"elementor-widget-wrap elementor-element-populated\">\n\t\t\t\t\t\t<div class=\"elementor-element elementor-element-d4131e5 elementor-widget elementor-widget-heading\" data-id=\"d4131e5\" data-element_type=\"widget\" data-e-type=\"widget\" data-widget_type=\"heading.default\">\n\t\t\t\t<div class=\"elementor-widget-container\">\n\t\t\t\t\t<h4 class=\"elementor-heading-title elementor-size-default\">Voiture + appli<\/h4>\t\t\t\t<\/div>\n\t\t\t\t<\/div>\n\t\t\t\t<div class=\"elementor-element elementor-element-1947a65 elementor-widget elementor-widget-text-editor\" data-id=\"1947a65\" data-element_type=\"widget\" data-e-type=\"widget\" data-widget_type=\"text-editor.default\">\n\t\t\t\t<div class=\"elementor-widget-container\">\n\t\t\t\t\t\t\t\t\t<p><strong>Le Complet<\/strong><br \/>\u00c9coutez dans votre v\u00e9hicule et sur vos appareils connect\u00e9s.<\/p>\t\t\t\t\t\t\t\t<\/div>\n\t\t\t\t<\/div>\n\t\t\t\t\t<\/div>\n\t\t<\/div>\n\t\t\t\t<div class=\"elementor-column elementor-col-50 elementor-inner-column elementor-element elementor-element-bc88ea5\" data-id=\"bc88ea5\" data-element_type=\"column\" data-e-type=\"column\" data-settings=\"{&quot;background_background&quot;:&quot;classic&quot;}\">\n\t\t\t<div class=\"elementor-widget-wrap elementor-element-populated\">\n\t\t\t\t\t\t<div class=\"elementor-element elementor-element-5a3fa5d elementor-widget elementor-widget-image\" data-id=\"5a3fa5d\" data-element_type=\"widget\" data-e-type=\"widget\" data-widget_type=\"image.default\">\n\t\t\t\t<div class=\"elementor-widget-container\">\n\t\t\t\t\t\t\t\t\t\t\t\t\t\t\t<img decoding=\"async\" src=\"https:\/\/www.siriusxm.ca\/wp-content\/uploads\/2025\/04\/Car-and-Phone.svg\" class=\"attachment-full size-full wp-image-535730\" alt=\"Car and Phone\" \/>\t\t\t\t\t\t\t\t\t\t\t\t\t\t\t<\/div>\n\t\t\t\t<\/div>\n\t\t\t\t\t<\/div>\n\t\t<\/div>\n\t\t\t\t\t<\/div>\n\t\t<\/section>\n\t\t\t\t\t<\/div>\n\t\t<\/div>\n\t\t\t\t<div class=\"elementor-column elementor-col-50 elementor-inner-column elementor-element elementor-element-dbdbc37\" data-id=\"dbdbc37\" data-element_type=\"column\" data-e-type=\"column\" data-settings=\"{&quot;background_background&quot;:&quot;classic&quot;}\">\n\t\t\t<div class=\"elementor-widget-wrap elementor-element-populated\">\n\t\t\t\t\t\t<section data-tp-sc-link=\"https:\/\/care.siriusxm.ca\/subscribe\/checkout\/purchase\/streaming\/organic?programCode=CATPSRTP4MOFREE&#038;langpref=fr&#038;intcmp=AppliSeulement_NA_CAfroffreperformance_SXIR_CATPSRTP4MOFREE\" data-tp-sc-link-external=\"on\" style=\"cursor: pointer\" class=\"elementor-section elementor-inner-section elementor-element elementor-element-f601f62 elementor-section-content-middle elementor-section-boxed elementor-section-height-default elementor-section-height-default\" data-id=\"f601f62\" data-element_type=\"section\" data-e-type=\"section\" data-settings=\"{&quot;background_background&quot;:&quot;classic&quot;}\">\n\t\t\t\t\t\t<div class=\"elementor-container elementor-column-gap-default\">\n\t\t\t\t\t<div class=\"elementor-column elementor-col-50 elementor-inner-column elementor-element elementor-element-f2f73bb\" data-id=\"f2f73bb\" data-element_type=\"column\" data-e-type=\"column\" data-settings=\"{&quot;background_background&quot;:&quot;classic&quot;}\">\n\t\t\t<div class=\"elementor-widget-wrap elementor-element-populated\">\n\t\t\t\t\t\t<div class=\"elementor-element elementor-element-3f5d287 elementor-widget elementor-widget-heading\" data-id=\"3f5d287\" data-element_type=\"widget\" data-e-type=\"widget\" data-widget_type=\"heading.default\">\n\t\t\t\t<div class=\"elementor-widget-container\">\n\t\t\t\t\t<h4 class=\"elementor-heading-title elementor-size-default\">Appli seulement<\/h4>\t\t\t\t<\/div>\n\t\t\t\t<\/div>\n\t\t\t\t<div class=\"elementor-element elementor-element-76a1eb7 elementor-widget elementor-widget-text-editor\" data-id=\"76a1eb7\" data-element_type=\"widget\" data-e-type=\"widget\" data-widget_type=\"text-editor.default\">\n\t\t\t\t<div class=\"elementor-widget-container\">\n\t\t\t\t\t\t\t\t\t<p><strong>Illimit\u00e9 (appli seulement)<\/strong><br \/>\u00c9coutez sur votre cellulaire et sur vos appareils connect\u00e9s.<\/p>\t\t\t\t\t\t\t\t<\/div>\n\t\t\t\t<\/div>\n\t\t\t\t\t<\/div>\n\t\t<\/div>\n\t\t\t\t<div class=\"elementor-column elementor-col-50 elementor-inner-column elementor-element elementor-element-bc06dbe\" data-id=\"bc06dbe\" data-element_type=\"column\" data-e-type=\"column\" data-settings=\"{&quot;background_background&quot;:&quot;classic&quot;}\">\n\t\t\t<div class=\"elementor-widget-wrap elementor-element-populated\">\n\t\t\t\t\t\t<div class=\"elementor-element elementor-element-9bf054a elementor-widget elementor-widget-image\" data-id=\"9bf054a\" data-element_type=\"widget\" data-e-type=\"widget\" data-widget_type=\"image.default\">\n\t\t\t\t<div class=\"elementor-widget-container\">\n\t\t\t\t\t\t\t\t\t\t\t\t\t\t\t<img decoding=\"async\" src=\"https:\/\/www.siriusxm.ca\/wp-content\/uploads\/2025\/04\/Streaming-Devices.svg\" class=\"attachment-full size-full wp-image-535732\" alt=\"Streaming Devices\" \/>\t\t\t\t\t\t\t\t\t\t\t\t\t\t\t<\/div>\n\t\t\t\t<\/div>\n\t\t\t\t\t<\/div>\n\t\t<\/div>\n\t\t\t\t\t<\/div>\n\t\t<\/section>\n\t\t\t\t\t<\/div>\n\t\t<\/div>\n\t\t\t\t\t<\/div>\n\t\t<\/section>\n\t\t\t\t\t<\/div>\n\t\t<\/div>\n\t\t\t\t\t<\/div>\n\t\t<\/section>\n\t\t\t\t<section class=\"elementor-section elementor-top-section elementor-element elementor-element-c4738cf elementor-section-stretched elementor-section-boxed elementor-section-height-default elementor-section-height-default\" data-id=\"c4738cf\" data-element_type=\"section\" data-e-type=\"section\" data-settings=\"{&quot;stretch_section&quot;:&quot;section-stretched&quot;,&quot;background_background&quot;:&quot;classic&quot;}\">\n\t\t\t\t\t\t<div class=\"elementor-container elementor-column-gap-default\">\n\t\t\t\t\t<div class=\"elementor-column elementor-col-100 elementor-top-column elementor-element elementor-element-04d4338\" data-id=\"04d4338\" data-element_type=\"column\" data-e-type=\"column\">\n\t\t\t<div class=\"elementor-widget-wrap elementor-element-populated\">\n\t\t\t\t\t\t<section class=\"elementor-section elementor-inner-section elementor-element elementor-element-a90832d elementor-section-content-middle elementor-section-boxed elementor-section-height-default elementor-section-height-default\" data-id=\"a90832d\" data-element_type=\"section\" data-e-type=\"section\" data-settings=\"{&quot;background_background&quot;:&quot;classic&quot;}\">\n\t\t\t\t\t\t<div class=\"elementor-container elementor-column-gap-default\">\n\t\t\t\t\t<div class=\"elementor-column elementor-col-100 elementor-inner-column elementor-element elementor-element-8799325\" data-id=\"8799325\" data-element_type=\"column\" data-e-type=\"column\" data-settings=\"{&quot;background_background&quot;:&quot;classic&quot;}\">\n\t\t\t<div class=\"elementor-widget-wrap elementor-element-populated\">\n\t\t\t\t\t\t<div class=\"elementor-element elementor-element-035bbf9 elementor-widget elementor-widget-heading\" data-id=\"035bbf9\" data-element_type=\"widget\" data-e-type=\"widget\" data-widget_type=\"heading.default\">\n\t\t\t\t<div class=\"elementor-widget-container\">\n\t\t\t\t\t<h5 class=\"elementor-heading-title elementor-size-default\">4 mois gratuit<\/h5>\t\t\t\t<\/div>\n\t\t\t\t<\/div>\n\t\t\t\t<div class=\"elementor-element elementor-element-aacf6c3 elementor-widget__width-initial elementor-widget elementor-widget-text-editor\" data-id=\"aacf6c3\" data-element_type=\"widget\" data-e-type=\"widget\" data-widget_type=\"text-editor.default\">\n\t\t\t\t<div class=\"elementor-widget-container\">\n\t\t\t\t\t\t\t\t\t<p>Forfaits reconductibles \u00e0 partir de 9,99 $\/mois par la suite. Taxes en sus. Abonn\u00e9s \u00e9ligibles uniquement. <strong>Voir les d\u00e9tails de l\u2019offre ci-dessous.<\/strong><\/p>\t\t\t\t\t\t\t\t<\/div>\n\t\t\t\t<\/div>\n\t\t\t\t\t<\/div>\n\t\t<\/div>\n\t\t\t\t\t<\/div>\n\t\t<\/section>\n\t\t\t\t\t<\/div>\n\t\t<\/div>\n\t\t\t\t\t<\/div>\n\t\t<\/section>\n\t\t\t\t<\/div>\n\t\t","protected":false},"excerpt":{"rendered":"<p>Choisissez comment \u00e9couter Voiture + appli Le Complet\u00c9coutez dans votre v\u00e9hicule et sur vos appareils connect\u00e9s. Appli seulement Illimit\u00e9 (appli seulement)\u00c9coutez sur votre cellulaire et sur vos appareils connect\u00e9s. 4 mois gratuit Forfaits reconductibles \u00e0 partir de 9,99 $\/mois par la suite. Taxes en sus. Abonn\u00e9s \u00e9ligibles uniquement. Voir les d\u00e9tails de l\u2019offre ci-dessous.<\/p>\n","protected":false},"author":4,"featured_media":251861,"parent":7651,"menu_order":99,"comment_status":"closed","ping_status":"closed","template":"","meta":{"_acf_changed":false,"_searchwp_excluded":"","footnotes":""},"class_list":["post-536321","page","type-page","status-publish","has-post-thumbnail","hentry"],"acf":[],"yoast_head":"<!-- This site is optimized with the Yoast SEO Premium plugin v27.2 (Yoast SEO v27.2) - https:\/\/yoast.com\/product\/yoast-seo-premium-wordpress\/ -->\n<title>\u00c9coute comme tu veux | SiriusXM Canada<\/title>\n<meta name=\"description\" content=\"SiriusXM vous offre le meilleur de la musique, du sport, des \u00e9missions de radio et du divertissement. Choisissez l&#039;offre qui vous convient et commencez \u00e0 \u00e9couter d\u00e8s aujourd&#039;hui\u00a0!\" \/>\n<meta name=\"robots\" content=\"index, follow, max-snippet:-1, max-image-preview:large, max-video-preview:-1\" \/>\n<link rel=\"canonical\" href=\"https:\/\/www.siriusxm.ca\/fr\/offre\/performance\/\" \/>\n<meta property=\"og:type\" content=\"article\" \/>\n<meta property=\"og:title\" content=\"\u00c9coute comme tu veux | SiriusXM Canada\" \/>\n<meta property=\"og:description\" content=\"SiriusXM vous offre le meilleur de la musique, du sport, des \u00e9missions de radio et du divertissement. Choisissez l&#039;offre qui vous convient et commencez \u00e0 \u00e9couter d\u00e8s aujourd&#039;hui\u00a0!\" \/>\n<meta property=\"og:url\" content=\"https:\/\/www.siriusxm.ca\/fr\/offre\/performance\/\" \/>\n<meta property=\"og:site_name\" content=\"SiriusXM Canada\" \/>\n<meta property=\"article:modified_time\" content=\"2025-11-19T17:27:00+00:00\" \/>\n<meta property=\"og:image\" content=\"https:\/\/www.siriusxm.ca\/wp-content\/uploads\/2020\/12\/SiriusXM-Canada.jpg\" \/>\n<meta name=\"twitter:card\" content=\"summary_large_image\" \/>\n<meta name=\"twitter:title\" content=\"\u00c9coute comme tu veux | SiriusXM Canada\" \/>\n<meta name=\"twitter:label1\" content=\"Estimation du temps de lecture\" \/>\n\t<meta name=\"twitter:data1\" content=\"1 minute\" \/>\n<script type=\"application\/ld+json\" class=\"yoast-schema-graph\">{\"@context\":\"https:\/\/schema.org\",\"@graph\":[{\"@type\":\"WebPage\",\"@id\":\"https:\/\/www.siriusxm.ca\/fr\/offre\/performance\/\",\"url\":\"https:\/\/www.siriusxm.ca\/fr\/offre\/performance\/\",\"name\":\"\u00c9coute comme tu veux | SiriusXM Canada\",\"isPartOf\":{\"@id\":\"https:\/\/www.siriusxm.ca\/fr\/#website\"},\"primaryImageOfPage\":{\"@id\":\"https:\/\/www.siriusxm.ca\/fr\/offre\/performance\/#primaryimage\"},\"image\":{\"@id\":\"https:\/\/www.siriusxm.ca\/fr\/offre\/performance\/#primaryimage\"},\"thumbnailUrl\":\"https:\/\/www.siriusxm.ca\/wp-content\/uploads\/2020\/12\/SiriusXM-Canada.jpg?ver=1699506079\",\"datePublished\":\"2025-08-29T04:00:03+00:00\",\"dateModified\":\"2025-11-19T17:27:00+00:00\",\"description\":\"SiriusXM vous offre le meilleur de la musique, du sport, des \u00e9missions de radio et du divertissement. Choisissez l'offre qui vous convient et commencez \u00e0 \u00e9couter d\u00e8s aujourd'hui\u00a0!\",\"breadcrumb\":{\"@id\":\"https:\/\/www.siriusxm.ca\/fr\/offre\/performance\/#breadcrumb\"},\"inLanguage\":\"fr-CA\",\"potentialAction\":[{\"@type\":\"ReadAction\",\"target\":[\"https:\/\/www.siriusxm.ca\/fr\/offre\/performance\/\"]}]},{\"@type\":\"ImageObject\",\"inLanguage\":\"fr-CA\",\"@id\":\"https:\/\/www.siriusxm.ca\/fr\/offre\/performance\/#primaryimage\",\"url\":\"https:\/\/www.siriusxm.ca\/wp-content\/uploads\/2020\/12\/SiriusXM-Canada.jpg?ver=1699506079\",\"contentUrl\":\"https:\/\/www.siriusxm.ca\/wp-content\/uploads\/2020\/12\/SiriusXM-Canada.jpg?ver=1699506079\",\"width\":1200,\"height\":630,\"caption\":\"SiriusXM logo on a blue background\"},{\"@type\":\"BreadcrumbList\",\"@id\":\"https:\/\/www.siriusxm.ca\/fr\/offre\/performance\/#breadcrumb\",\"itemListElement\":[{\"@type\":\"ListItem\",\"position\":1,\"name\":\"Home\",\"item\":\"https:\/\/www.siriusxm.ca\/fr\/\"},{\"@type\":\"ListItem\",\"position\":2,\"name\":\"[Folder] Offer (French)\",\"item\":\"https:\/\/www.siriusxm.ca\/fr\/offre\/\"},{\"@type\":\"ListItem\",\"position\":3,\"name\":\"2025 Offer \/\/ Performance Dual Offer (French)\"}]},{\"@type\":\"WebSite\",\"@id\":\"https:\/\/www.siriusxm.ca\/fr\/#website\",\"url\":\"https:\/\/www.siriusxm.ca\/fr\/\",\"name\":\"SiriusXM Canada\",\"description\":\"\",\"potentialAction\":[{\"@type\":\"SearchAction\",\"target\":{\"@type\":\"EntryPoint\",\"urlTemplate\":\"https:\/\/www.siriusxm.ca\/fr\/search\/{search_term_string}\"},\"query-input\":{\"@type\":\"PropertyValueSpecification\",\"valueRequired\":true,\"valueName\":\"search_term_string\"}}],\"inLanguage\":\"fr-CA\"}]}<\/script>\n<!-- \/ Yoast SEO Premium plugin. -->","yoast_head_json":{"title":"\u00c9coute comme tu veux | SiriusXM Canada","description":"SiriusXM vous offre le meilleur de la musique, du sport, des \u00e9missions de radio et du divertissement. Choisissez l'offre qui vous convient et commencez \u00e0 \u00e9couter d\u00e8s aujourd'hui\u00a0!","robots":{"index":"index","follow":"follow","max-snippet":"max-snippet:-1","max-image-preview":"max-image-preview:large","max-video-preview":"max-video-preview:-1"},"canonical":"https:\/\/www.siriusxm.ca\/fr\/offre\/performance\/","og_type":"article","og_title":"\u00c9coute comme tu veux | SiriusXM Canada","og_description":"SiriusXM vous offre le meilleur de la musique, du sport, des \u00e9missions de radio et du divertissement. Choisissez l'offre qui vous convient et commencez \u00e0 \u00e9couter d\u00e8s aujourd'hui\u00a0!","og_url":"https:\/\/www.siriusxm.ca\/fr\/offre\/performance\/","og_site_name":"SiriusXM Canada","article_modified_time":"2025-11-19T17:27:00+00:00","og_image":[{"url":"https:\/\/www.siriusxm.ca\/wp-content\/uploads\/2020\/12\/SiriusXM-Canada.jpg","type":"","width":"","height":""}],"twitter_card":"summary_large_image","twitter_title":"\u00c9coute comme tu veux | SiriusXM Canada","twitter_misc":{"Estimation du temps de lecture":"1 minute"},"schema":{"@context":"https:\/\/schema.org","@graph":[{"@type":"WebPage","@id":"https:\/\/www.siriusxm.ca\/fr\/offre\/performance\/","url":"https:\/\/www.siriusxm.ca\/fr\/offre\/performance\/","name":"\u00c9coute comme tu veux | SiriusXM Canada","isPartOf":{"@id":"https:\/\/www.siriusxm.ca\/fr\/#website"},"primaryImageOfPage":{"@id":"https:\/\/www.siriusxm.ca\/fr\/offre\/performance\/#primaryimage"},"image":{"@id":"https:\/\/www.siriusxm.ca\/fr\/offre\/performance\/#primaryimage"},"thumbnailUrl":"https:\/\/www.siriusxm.ca\/wp-content\/uploads\/2020\/12\/SiriusXM-Canada.jpg?ver=1699506079","datePublished":"2025-08-29T04:00:03+00:00","dateModified":"2025-11-19T17:27:00+00:00","description":"SiriusXM vous offre le meilleur de la musique, du sport, des \u00e9missions de radio et du divertissement. Choisissez l'offre qui vous convient et commencez \u00e0 \u00e9couter d\u00e8s aujourd'hui\u00a0!","breadcrumb":{"@id":"https:\/\/www.siriusxm.ca\/fr\/offre\/performance\/#breadcrumb"},"inLanguage":"fr-CA","potentialAction":[{"@type":"ReadAction","target":["https:\/\/www.siriusxm.ca\/fr\/offre\/performance\/"]}]},{"@type":"ImageObject","inLanguage":"fr-CA","@id":"https:\/\/www.siriusxm.ca\/fr\/offre\/performance\/#primaryimage","url":"https:\/\/www.siriusxm.ca\/wp-content\/uploads\/2020\/12\/SiriusXM-Canada.jpg?ver=1699506079","contentUrl":"https:\/\/www.siriusxm.ca\/wp-content\/uploads\/2020\/12\/SiriusXM-Canada.jpg?ver=1699506079","width":1200,"height":630,"caption":"SiriusXM logo on a blue background"},{"@type":"BreadcrumbList","@id":"https:\/\/www.siriusxm.ca\/fr\/offre\/performance\/#breadcrumb","itemListElement":[{"@type":"ListItem","position":1,"name":"Home","item":"https:\/\/www.siriusxm.ca\/fr\/"},{"@type":"ListItem","position":2,"name":"[Folder] Offer (French)","item":"https:\/\/www.siriusxm.ca\/fr\/offre\/"},{"@type":"ListItem","position":3,"name":"2025 Offer \/\/ Performance Dual Offer (French)"}]},{"@type":"WebSite","@id":"https:\/\/www.siriusxm.ca\/fr\/#website","url":"https:\/\/www.siriusxm.ca\/fr\/","name":"SiriusXM Canada","description":"","potentialAction":[{"@type":"SearchAction","target":{"@type":"EntryPoint","urlTemplate":"https:\/\/www.siriusxm.ca\/fr\/search\/{search_term_string}"},"query-input":{"@type":"PropertyValueSpecification","valueRequired":true,"valueName":"search_term_string"}}],"inLanguage":"fr-CA"}]}},"_links":{"self":[{"href":"https:\/\/www.siriusxm.ca\/fr\/wp-json\/wp\/v2\/pages\/536321","targetHints":{"allow":["GET"]}}],"collection":[{"href":"https:\/\/www.siriusxm.ca\/fr\/wp-json\/wp\/v2\/pages"}],"about":[{"href":"https:\/\/www.siriusxm.ca\/fr\/wp-json\/wp\/v2\/types\/page"}],"author":[{"embeddable":true,"href":"https:\/\/www.siriusxm.ca\/fr\/wp-json\/wp\/v2\/users\/4"}],"replies":[{"embeddable":true,"href":"https:\/\/www.siriusxm.ca\/fr\/wp-json\/wp\/v2\/comments?post=536321"}],"version-history":[{"count":3,"href":"https:\/\/www.siriusxm.ca\/fr\/wp-json\/wp\/v2\/pages\/536321\/revisions"}],"predecessor-version":[{"id":551007,"href":"https:\/\/www.siriusxm.ca\/fr\/wp-json\/wp\/v2\/pages\/536321\/revisions\/551007"}],"up":[{"embeddable":true,"href":"https:\/\/www.siriusxm.ca\/fr\/wp-json\/wp\/v2\/pages\/7651"}],"wp:featuredmedia":[{"embeddable":true,"href":"https:\/\/www.siriusxm.ca\/fr\/wp-json\/wp\/v2\/media\/251861"}],"wp:attachment":[{"href":"https:\/\/www.siriusxm.ca\/fr\/wp-json\/wp\/v2\/media?parent=536321"}],"curies":[{"name":"wp","href":"https:\/\/api.w.org\/{rel}","templated":true}]}}