{"id":562384,"date":"2026-03-12T00:00:00","date_gmt":"2026-03-12T04:00:00","guid":{"rendered":"https:\/\/www.siriusxm.ca\/concours\/abonnes\/demi-lovato\/"},"modified":"2026-03-23T20:56:09","modified_gmt":"2026-03-24T00:56:09","slug":"demi-lovato","status":"publish","type":"page","link":"https:\/\/www.siriusxm.ca\/fr\/concours\/abonnes\/demi-lovato\/","title":{"rendered":"Giveaway \/\/ Subscribers \/ 2026 Demi Lovato (French)"},"content":{"rendered":"\t\t<div data-elementor-type=\"wp-post\" data-elementor-id=\"562384\" class=\"elementor elementor-562384 elementor-561566\" data-elementor-post-type=\"page\">\n\t\t\t\t<div class=\"elementor-element elementor-element-8216189 e-flex e-con-boxed e-con e-parent\" data-id=\"8216189\" data-element_type=\"container\" data-e-type=\"container\" data-settings=\"{&quot;background_background&quot;:&quot;classic&quot;}\" data-area=\"hero\">\n\t\t\t\t\t<div class=\"e-con-inner\">\n\t\t<div class=\"elementor-element elementor-element-60546fa e-con-full e-flex e-con e-child\" data-id=\"60546fa\" data-element_type=\"container\" data-e-type=\"container\" data-settings=\"{&quot;background_background&quot;:&quot;classic&quot;}\">\n\t\t\t\t<\/div>\n\t\t\t\t\t<\/div>\n\t\t\t\t<\/div>\n\t\t<div class=\"elementor-element elementor-element-ece3044 e-flex e-con-boxed e-con e-parent\" data-id=\"ece3044\" data-element_type=\"container\" data-e-type=\"container\" data-settings=\"{&quot;background_background&quot;:&quot;classic&quot;}\">\n\t\t\t\t\t<div class=\"e-con-inner\">\n\t\t<div class=\"elementor-element elementor-element-5fdfc43 e-con-full e-flex e-con e-child\" data-id=\"5fdfc43\" data-element_type=\"container\" data-e-type=\"container\">\n\t\t\t\t<div class=\"elementor-element elementor-element-1e1fced elementor-widget__width-initial elementor-widget elementor-widget-heading\" data-id=\"1e1fced\" data-element_type=\"widget\" data-e-type=\"widget\" data-widget_type=\"heading.default\">\n\t\t\t\t<div class=\"elementor-widget-container\">\n\t\t\t\t\t<h1 class=\"elementor-heading-title elementor-size-default\"><span style=\"color: #d24087\">Vous pourriez gagner<\/span> L\u2019Exp\u00e9rience Fan Absolue de SiriusXM et assister \u00e0 la tourn\u00e9e <span style=\"color: #d24087\"><em>It\u2019s Not That Deep<\/em><\/span> de Demi Lovato, \u00e0 Toronto, en Ontario! <\/h1>\t\t\t\t<\/div>\n\t\t\t\t<\/div>\n\t\t\t\t<div class=\"elementor-element elementor-element-7514e91 elementor-widget__width-initial elementor-widget elementor-widget-heading\" data-id=\"7514e91\" data-element_type=\"widget\" data-e-type=\"widget\" data-widget_type=\"heading.default\">\n\t\t\t\t<div class=\"elementor-widget-container\">\n\t\t\t\t\t<h2 class=\"elementor-heading-title elementor-size-default\">SiriusXM fera vivre \u00e0 une personne chanceuse et \u00e0 son invit\u00e9 L\u2019Exp\u00e9rience Fan Absolue pour assister \u00e0 la tourn\u00e9e <em>It\u2019s Not That Deep<\/em> de Demi Lovato, incluant le transport aller-retour, l\u2019h\u00e9bergement \u00e0 l\u2019h\u00f4tel, un forfait de concert VIP et bien plus encore! <\/h2>\t\t\t\t<\/div>\n\t\t\t\t<\/div>\n\t\t\t\t<div class=\"elementor-element elementor-element-50b93ee elementor-widget__width-initial elementor-widget elementor-widget-heading\" data-id=\"50b93ee\" data-element_type=\"widget\" data-e-type=\"widget\" data-widget_type=\"heading.default\">\n\t\t\t\t<div class=\"elementor-widget-container\">\n\t\t\t\t\t<h2 class=\"elementor-heading-title elementor-size-default\">Inscris-toi ci-dessous et \u00e9coute en continu sur l\u2019appli SiriusXM pour avoir une chance de gagner.<\/h2>\t\t\t\t<\/div>\n\t\t\t\t<\/div>\n\t\t\t\t<div class=\"elementor-element elementor-element-8fed265 elementor-widget elementor-widget-text-editor\" data-id=\"8fed265\" data-element_type=\"widget\" data-e-type=\"widget\" data-widget_type=\"text-editor.default\">\n\t\t\t\t<div class=\"elementor-widget-container\">\n\t\t\t\t\t\t\t\t\t<h6>Il y a un (1) lot VIP \u00e0 gagner.<\/h6>\t\t\t\t\t\t\t\t<\/div>\n\t\t\t\t<\/div>\n\t\t\t\t<div class=\"elementor-element elementor-element-42a2e95 elementor-widget elementor-widget-text-editor\" data-id=\"42a2e95\" data-element_type=\"widget\" data-e-type=\"widget\" data-widget_type=\"text-editor.default\">\n\t\t\t\t<div class=\"elementor-widget-container\">\n\t\t\t\t\t\t\t\t\t<p>Le lot consiste en :<\/p>\t\t\t\t\t\t\t\t<\/div>\n\t\t\t\t<\/div>\n\t\t\t\t<div class=\"elementor-element elementor-element-de12f9b elementor-widget elementor-widget-text-editor\" data-id=\"de12f9b\" data-element_type=\"widget\" data-e-type=\"widget\" data-widget_type=\"text-editor.default\">\n\t\t\t\t<div class=\"elementor-widget-container\">\n\t\t\t\t\t\t\t\t\t<ul><li>Deux (2) billets Premium pour assister \u00e0 la tourn\u00e9e <em>It\u2019s Not That Deep<\/em> de Demi Lovato au Scotiabank Arena, \u00e0 Toronto, en Ontario, le 20 avril 2026 (l\u2019<strong>\u00ab \u00c9v\u00e9nement \u00bb<\/strong>).<\/li><li>Deux (2) forfaits VIP <em>It\u2019s Not That Deep<\/em>, comprenant chacun :<ul><li>un acc\u00e8s au salon VIP d\u2019avant-spectacle, incluant :<ul><li>des petites bouch\u00e9es et des boissons non alcoolis\u00e9es;<\/li><li>ue barre chocolat\u00e9e Sweet Treats;<\/li><li>des moments photo au photomaton<sup>\u2020<\/sup><sup>\u2020<\/sup>;<\/li><li>de la musique des succ\u00e8s de Demi Lovato;<\/li><li>une station de paillettes pour vous pr\u00e9parer \u00e0 briller;<\/li><\/ul><\/li><li>un lamin\u00e9 officiel VIP avec code QR et un message sp\u00e9cial de Demi;<\/li><li>un cadeau VIP pens\u00e9 sp\u00e9cialement pour l\u2019occasion;<\/li><li>un acc\u00e8s en primeur aux produits d\u00e9riv\u00e9s;<\/li><li>une s\u00e9ance photo devant la toile de fond VIP pour immortaliser votre soir\u00e9e<sup>\u2020<\/sup><sup>\u2020;<\/sup><\/li><li>du personnel d\u00e9di\u00e9 \u00e0 l\u2019accueil et \u00e0 la coordination des \u00e9v\u00e9nements VIP sur place.<\/li><\/ul><\/li><li>le transport a\u00e9rien ou par voie terrestre aller-retour en classe \u00e9conomique pour deux (2) personnes \u00e0 destination de Toronto, en Ontario (la <strong>\u00ab Destination \u00bb<\/strong>) \u00e0 partir d\u2019un grand a\u00e9roport commercial, d\u2019une gare intermodale ou de la r\u00e9sidence principale au Canada du gagnant*;<\/li><li>deux (2) nuit\u00e9es \u00e0 l\u2019h\u00f4tel<sup>\u2020<\/sup>, dans une chambre en occupation double pr\u00e8s de Toronto, en Ontario* \u2013 arriv\u00e9e le dimanche 19 avril et d\u00e9part le mardi 21 avril 2026;<\/li><li>une (1) carte-cadeau num\u00e9rique pr\u00e9pay\u00e9e de 200 $ CAD pour le service de covoiturage bas\u00e9 sur une application*.<\/li><\/ul>\t\t\t\t\t\t\t\t<\/div>\n\t\t\t\t<\/div>\n\t\t\t\t<div class=\"elementor-element elementor-element-bdd0817 elementor-widget elementor-widget-text-editor\" data-id=\"bdd0817\" data-element_type=\"widget\" data-e-type=\"widget\" data-widget_type=\"text-editor.default\">\n\t\t\t\t<div class=\"elementor-widget-container\">\n\t\t\t\t\t\t\t\t\t<p><strong>Avantages Le Complet : Prix VIP suppl\u00e9mentaire pour les abonn\u00e9s au forfait Le Complet**<\/strong><\/p>\t\t\t\t\t\t\t\t<\/div>\n\t\t\t\t<\/div>\n\t\t\t\t<div class=\"elementor-element elementor-element-4b2be4e elementor-widget elementor-widget-text-editor\" data-id=\"4b2be4e\" data-element_type=\"widget\" data-e-type=\"widget\" data-widget_type=\"text-editor.default\">\n\t\t\t\t<div class=\"elementor-widget-container\">\n\t\t\t\t\t\t\t\t\t<p>Si un abonn\u00e9 au forfait Le Complet est s\u00e9lectionn\u00e9 au hasard comme gagnant du prix, cette personne recevra le lot VIP indiqu\u00e9 ci-dessus, plus un prix suppl\u00e9mentaire <em>Avantages Le Complet<\/em> comprenant :<\/p>\t\t\t\t\t\t\t\t<\/div>\n\t\t\t\t<\/div>\n\t\t\t\t<div class=\"elementor-element elementor-element-72b587a elementor-widget elementor-widget-text-editor\" data-id=\"72b587a\" data-element_type=\"widget\" data-e-type=\"widget\" data-widget_type=\"text-editor.default\">\n\t\t\t\t<div class=\"elementor-widget-container\">\n\t\t\t\t\t\t\t\t\t<ul><li><p>service de limousine aller-retour pour deux (2) personnes entre l\u2019h\u00f4tel et l\u2019\u00c9v\u00e9nement*;<\/p><\/li><li><p>une (1) carte-cadeau d\u2019une valeur de 300 $ CAD \u00e0 utiliser pour une exp\u00e9rience gastronomique locale lors de l\u2019\u00c9v\u00e9nement*.<\/p><\/li><\/ul>\t\t\t\t\t\t\t\t<\/div>\n\t\t\t\t<\/div>\n\t\t\t\t<div class=\"elementor-element elementor-element-1f2cab3 elementor-widget elementor-widget-text-editor\" data-id=\"1f2cab3\" data-element_type=\"widget\" data-e-type=\"widget\" data-widget_type=\"text-editor.default\">\n\t\t\t\t<div class=\"elementor-widget-container\">\n\t\t\t\t\t\t\t\t\t<p><sup>\u2020<\/sup><sup>\u2020<\/sup>La participation de l\u2019artiste n\u2019est pas incluse dans les s\u00e9ances photo.<\/p><p><sup>\u2020 <\/sup>L\u2019h\u00e9bergement couvre uniquement le co\u00fbt de la chambre. Le gagnant devra fournir une carte de cr\u00e9dit \u00e0 son arriv\u00e9e \u00e0 l\u2019h\u00f4tel pour couvrir la caution et les autres frais accessoires tels que le service en chambre, l\u2019utilisation du minibar, etc.<\/p><p>* Comme d\u00e9termin\u00e9 exclusivement par SiriusXM.<\/p><p>** Le prix suppl\u00e9mentaire r\u00e9serv\u00e9 aux abonn\u00e9s au forfait Le Complet de SiriusXM sera accord\u00e9 seulement si le participant s\u00e9lectionn\u00e9 dispose d\u2019un forfait Le Complet de SiriusXM actif, factur\u00e9 au tarif r\u00e9gulier du forfait Le Complet en vigueur au moment du tirage au sort.<\/p><p>Valeur au d\u00e9tail approximative (VDA) du prix : jusqu\u2019\u00e0 5000,00 $ CAD, hors taxes. VDA du prix suppl\u00e9mentaire pour les abonn\u00e9s au forfait Le Complet de 6000,00 $ CAD, hors taxes.<\/p>\t\t\t\t\t\t\t\t<\/div>\n\t\t\t\t<\/div>\n\t\t\t\t<\/div>\n\t\t\t\t\t<\/div>\n\t\t\t\t<\/div>\n\t\t<div class=\"elementor-element elementor-element-b1efaf5 e-flex e-con-boxed e-con e-parent\" data-id=\"b1efaf5\" data-element_type=\"container\" data-e-type=\"container\" data-settings=\"{&quot;background_background&quot;:&quot;classic&quot;}\">\n\t\t\t\t\t<div class=\"e-con-inner\">\n\t\t<div class=\"elementor-element elementor-element-fe73a28 e-con-full e-flex e-con e-child\" data-id=\"fe73a28\" data-element_type=\"container\" data-e-type=\"container\">\n\t\t\t\t<div class=\"elementor-element elementor-element-11ae5e9 elementor-widget elementor-widget-text-editor\" data-id=\"11ae5e9\" data-element_type=\"widget\" data-e-type=\"widget\" data-widget_type=\"text-editor.default\">\n\t\t\t\t<div class=\"elementor-widget-container\">\n\t\t\t\t\t\t\t\t\t<p>Aucun achat requis. Vous devez r\u00e9sider l\u00e9galement au Canada et avoir atteint l\u2019\u00e2ge de la majorit\u00e9 dans votre province ou territoire de r\u00e9sidence. Les chances d\u2019\u00eatre s\u00e9lectionn\u00e9 d\u00e9pendent du nombre total de participations admissibles re\u00e7ues. Les chances d\u2019\u00eatre s\u00e9lectionn\u00e9 pour le Prix suppl\u00e9mentaire d\u00e9pendent du nombre total de bulletins de participation admissibles re\u00e7us de la part des abonn\u00e9s au forfait Le Complet.<\/p><p>* Pour plus de d\u00e9tails, voir le <strong><a href=\"\/fr\/concours\/abonnes\/demi-lovato\/reglement-du-concours\/\">R\u00e8glement du concours<\/a><\/strong>.<\/p><p><strong>Fin :<\/strong> \u00c0 23 h 59 (HE) le 5 avril 2026. Les candidatures doivent \u00eatre envoy\u00e9es au plus tard le 5 avril 2026, le cachet de la poste faisant foi. Test d\u2019aptitude requis.<\/p><p><strong>Commanditaire :<\/strong> Sirius XM Canada Inc. Live Nation Canada n\u2019est pas un Commanditaire du Concours et n\u2019est en aucun cas responsable de l\u2019administration du Concours, de la v\u00e9rification des gagnants ou de l\u2019attribution du prix. Toutes les demandes de renseignements concernant le Concours doivent \u00eatre adress\u00e9es au Commanditaire.<\/p>\t\t\t\t\t\t\t\t<\/div>\n\t\t\t\t<\/div>\n\t\t\t\t<div class=\"elementor-element elementor-element-5f1f27d elementor-widget__width-initial elementor-widget elementor-widget-heading\" data-id=\"5f1f27d\" data-element_type=\"widget\" data-e-type=\"widget\" data-widget_type=\"heading.default\">\n\t\t\t\t<div class=\"elementor-widget-container\">\n\t\t\t\t\t<h2 class=\"elementor-heading-title elementor-size-default\">\u00c9tape 1 de 2 : Participer<\/h2>\t\t\t\t<\/div>\n\t\t\t\t<\/div>\n\t\t\t\t<div class=\"elementor-element elementor-element-96f272e elementor-widget elementor-widget-text-editor\" data-id=\"96f272e\" data-element_type=\"widget\" data-e-type=\"widget\" data-widget_type=\"text-editor.default\">\n\t\t\t\t<div class=\"elementor-widget-container\">\n\t\t\t\t\t\t\t\t\t<h6>Inscrivez-vous ci-dessous et \u00e9coutez en continu sur l\u2019appli SiriusXM pour avoir une chance de gagner.<\/h6>\t\t\t\t\t\t\t\t<\/div>\n\t\t\t\t<\/div>\n\t\t\t\t<\/div>\n\t\t<div class=\"elementor-element elementor-element-15affe3 e-con-full e-flex e-con e-child\" data-id=\"15affe3\" data-element_type=\"container\" data-e-type=\"container\">\n\t\t\t\t<div class=\"elementor-element elementor-element-d518544 elementor-widget elementor-widget-tp-gravityt-form\" data-id=\"d518544\" data-element_type=\"widget\" data-e-type=\"widget\" data-widget_type=\"tp-gravityt-form.default\">\n\t\t\t\t<div class=\"elementor-widget-container\">\n\t\t\t\t\t<div class=\"pt_plus_gravity_form \" ><p><strong>Le concours est maintenant termin\u00e9.<\/strong><\/p><\/div>\t\t\t\t<\/div>\n\t\t\t\t<\/div>\n\t\t\t\t<\/div>\n\t\t\t\t\t<\/div>\n\t\t\t\t<\/div>\n\t\t<div class=\"elementor-element elementor-element-8d8232a e-flex e-con-boxed e-con e-parent\" data-id=\"8d8232a\" data-element_type=\"container\" data-e-type=\"container\" data-settings=\"{&quot;background_background&quot;:&quot;classic&quot;}\">\n\t\t\t\t\t<div class=\"e-con-inner\">\n\t\t<div class=\"elementor-element elementor-element-087563c e-con-full e-flex e-con e-child\" data-id=\"087563c\" data-element_type=\"container\" data-e-type=\"container\">\n\t\t\t\t<div class=\"elementor-element elementor-element-65c4e22 elementor-widget elementor-widget-image\" data-id=\"65c4e22\" data-element_type=\"widget\" data-e-type=\"widget\" data-widget_type=\"image.default\">\n\t\t\t\t<div class=\"elementor-widget-container\">\n\t\t\t\t\t\t\t\t\t\t\t\t\t\t\t<img decoding=\"async\" src=\"https:\/\/www.siriusxm.ca\/wp-content\/uploads\/2023\/06\/Live-Nation-Canada.png\" title=\"Live Nation Canada\" alt=\"Logo pour la Live Nation Canada\" loading=\"lazy\" \/>\t\t\t\t\t\t\t\t\t\t\t\t\t\t\t<\/div>\n\t\t\t\t<\/div>\n\t\t\t\t<div class=\"elementor-element elementor-element-27671b9 small elementor-widget elementor-widget-text-editor\" data-id=\"27671b9\" data-element_type=\"widget\" data-e-type=\"widget\" data-widget_type=\"text-editor.default\">\n\t\t\t\t<div class=\"elementor-widget-container\">\n\t\t\t\t\t\t\t\t\t<p>Live Nation est une marque d\u00e9pos\u00e9e de Live Nation Worldwide, Inc.<\/p>\t\t\t\t\t\t\t\t<\/div>\n\t\t\t\t<\/div>\n\t\t\t\t<\/div>\n\t\t\t\t\t<\/div>\n\t\t\t\t<\/div>\n\t\t\t\t<\/div>\n\t\t","protected":false},"excerpt":{"rendered":"<p>Vous pourriez gagner L\u2019Exp\u00e9rience Fan Absolue de SiriusXM et assister \u00e0 la tourn\u00e9e It\u2019s Not That Deep de Demi Lovato, \u00e0 Toronto, en Ontario! SiriusXM fera vivre \u00e0 une personne chanceuse et \u00e0 son invit\u00e9 L\u2019Exp\u00e9rience Fan Absolue pour assister \u00e0 la tourn\u00e9e It\u2019s Not That Deep de Demi Lovato, incluant le transport aller-retour, l\u2019h\u00e9bergement &hellip; <a href=\"https:\/\/www.siriusxm.ca\/fr\/concours\/abonnes\/demi-lovato\/\">Continued<\/a><\/p>\n","protected":false},"author":4,"featured_media":555722,"parent":362299,"menu_order":1028,"comment_status":"closed","ping_status":"closed","template":"views\/template-full-width.blade.php","meta":{"_acf_changed":false,"_searchwp_excluded":"","footnotes":""},"class_list":["post-562384","page","type-page","status-publish","has-post-thumbnail","hentry"],"acf":[],"yoast_head":"<!-- This site is optimized with the Yoast SEO Premium plugin v27.4 (Yoast SEO v27.4) - https:\/\/yoast.com\/product\/yoast-seo-premium-wordpress\/ -->\n<title>Exp\u00e9rience Fan absolu SiriusXM : Demi Lovato | SiriusXM Canada<\/title>\n<meta name=\"description\" content=\"Participe et \u00e9coute en continu pour avoir une chance de gagner un voyage pour 2 personnes pour assister \u00e0 la tourn\u00e9e It\u2019s Not That Deep de Demi Lovato, \u00e0 Toronto!\" \/>\n<meta name=\"robots\" content=\"index, follow, max-snippet:-1, max-image-preview:large, max-video-preview:-1\" \/>\n<link rel=\"canonical\" href=\"https:\/\/www.siriusxm.ca\/fr\/concours\/abonnes\/demi-lovato\/\" \/>\n<meta property=\"og:type\" content=\"article\" \/>\n<meta property=\"og:title\" content=\"Exp\u00e9rience Fan absolu SiriusXM : Demi Lovato | SiriusXM Canada\" \/>\n<meta property=\"og:description\" content=\"Participe et \u00e9coute en continu pour avoir une chance de gagner un voyage pour 2 personnes pour assister \u00e0 la tourn\u00e9e It\u2019s Not That Deep de Demi Lovato, \u00e0 Toronto!\" \/>\n<meta property=\"og:url\" content=\"https:\/\/www.siriusxm.ca\/fr\/concours\/abonnes\/demi-lovato\/\" \/>\n<meta property=\"og:site_name\" content=\"SiriusXM Canada\" \/>\n<meta property=\"article:modified_time\" content=\"2026-03-24T00:56:09+00:00\" \/>\n<meta property=\"og:image\" content=\"https:\/\/www.siriusxm.ca\/wp-content\/uploads\/2023\/06\/SiriusXM-Canada.webp\" \/>\n\t<meta property=\"og:image:width\" content=\"1200\" \/>\n\t<meta property=\"og:image:height\" content=\"630\" \/>\n\t<meta property=\"og:image:type\" content=\"image\/webp\" \/>\n<meta name=\"twitter:card\" content=\"summary_large_image\" \/>\n<meta name=\"twitter:title\" content=\"Exp\u00e9rience Fan absolu SiriusXM : Demi Lovato | SiriusXM Canada\" \/>\n<meta name=\"twitter:label1\" content=\"Estimation du temps de lecture\" \/>\n\t<meta name=\"twitter:data1\" content=\"4 minutes\" \/>\n<script type=\"application\/ld+json\" class=\"yoast-schema-graph\">{\"@context\":\"https:\\\/\\\/schema.org\",\"@graph\":[{\"@type\":\"WebPage\",\"@id\":\"https:\\\/\\\/www.siriusxm.ca\\\/fr\\\/concours\\\/abonnes\\\/demi-lovato\\\/\",\"url\":\"https:\\\/\\\/www.siriusxm.ca\\\/fr\\\/concours\\\/abonnes\\\/demi-lovato\\\/\",\"name\":\"Exp\u00e9rience Fan absolu SiriusXM : Demi Lovato | SiriusXM Canada\",\"isPartOf\":{\"@id\":\"https:\\\/\\\/www.siriusxm.ca\\\/fr\\\/#website\"},\"primaryImageOfPage\":{\"@id\":\"https:\\\/\\\/www.siriusxm.ca\\\/fr\\\/concours\\\/abonnes\\\/demi-lovato\\\/#primaryimage\"},\"image\":{\"@id\":\"https:\\\/\\\/www.siriusxm.ca\\\/fr\\\/concours\\\/abonnes\\\/demi-lovato\\\/#primaryimage\"},\"thumbnailUrl\":\"https:\\\/\\\/www.siriusxm.ca\\\/wp-content\\\/uploads\\\/2023\\\/06\\\/SiriusXM-Canada.webp\",\"datePublished\":\"2026-03-12T04:00:00+00:00\",\"dateModified\":\"2026-03-24T00:56:09+00:00\",\"description\":\"Participe et \u00e9coute en continu pour avoir une chance de gagner un voyage pour 2 personnes pour assister \u00e0 la tourn\u00e9e It\u2019s Not That Deep de Demi Lovato, \u00e0 Toronto!\",\"breadcrumb\":{\"@id\":\"https:\\\/\\\/www.siriusxm.ca\\\/fr\\\/concours\\\/abonnes\\\/demi-lovato\\\/#breadcrumb\"},\"inLanguage\":\"fr-CA\",\"potentialAction\":[{\"@type\":\"ReadAction\",\"target\":[\"https:\\\/\\\/www.siriusxm.ca\\\/fr\\\/concours\\\/abonnes\\\/demi-lovato\\\/\"]}]},{\"@type\":\"ImageObject\",\"inLanguage\":\"fr-CA\",\"@id\":\"https:\\\/\\\/www.siriusxm.ca\\\/fr\\\/concours\\\/abonnes\\\/demi-lovato\\\/#primaryimage\",\"url\":\"https:\\\/\\\/www.siriusxm.ca\\\/wp-content\\\/uploads\\\/2023\\\/06\\\/SiriusXM-Canada.webp\",\"contentUrl\":\"https:\\\/\\\/www.siriusxm.ca\\\/wp-content\\\/uploads\\\/2023\\\/06\\\/SiriusXM-Canada.webp\",\"width\":1200,\"height\":630,\"caption\":\"SiriusXM Canada\"},{\"@type\":\"BreadcrumbList\",\"@id\":\"https:\\\/\\\/www.siriusxm.ca\\\/fr\\\/concours\\\/abonnes\\\/demi-lovato\\\/#breadcrumb\",\"itemListElement\":[{\"@type\":\"ListItem\",\"position\":1,\"name\":\"Home\",\"item\":\"https:\\\/\\\/www.siriusxm.ca\\\/fr\\\/accueil-b\\\/\"},{\"@type\":\"ListItem\",\"position\":2,\"name\":\"[Folder] Contest (French)\",\"item\":\"https:\\\/\\\/www.siriusxm.ca\\\/fr\\\/giveaway\\\/\"},{\"@type\":\"ListItem\",\"position\":3,\"name\":\"[Folder] Subscribers (French)\",\"item\":\"\\\/\"},{\"@type\":\"ListItem\",\"position\":4,\"name\":\"Giveaway \\\/\\\/ Subscribers \\\/ 2026 Demi Lovato (French)\"}]},{\"@type\":\"WebSite\",\"@id\":\"https:\\\/\\\/www.siriusxm.ca\\\/fr\\\/#website\",\"url\":\"https:\\\/\\\/www.siriusxm.ca\\\/fr\\\/\",\"name\":\"SiriusXM Canada\",\"description\":\"\",\"potentialAction\":[{\"@type\":\"SearchAction\",\"target\":{\"@type\":\"EntryPoint\",\"urlTemplate\":\"https:\\\/\\\/www.siriusxm.ca\\\/fr\\\/search\\\/{search_term_string}\"},\"query-input\":{\"@type\":\"PropertyValueSpecification\",\"valueRequired\":true,\"valueName\":\"search_term_string\"}}],\"inLanguage\":\"fr-CA\"}]}<\/script>\n<!-- \/ Yoast SEO Premium plugin. -->","yoast_head_json":{"title":"Exp\u00e9rience Fan absolu SiriusXM : Demi Lovato | SiriusXM Canada","description":"Participe et \u00e9coute en continu pour avoir une chance de gagner un voyage pour 2 personnes pour assister \u00e0 la tourn\u00e9e It\u2019s Not That Deep de Demi Lovato, \u00e0 Toronto!","robots":{"index":"index","follow":"follow","max-snippet":"max-snippet:-1","max-image-preview":"max-image-preview:large","max-video-preview":"max-video-preview:-1"},"canonical":"https:\/\/www.siriusxm.ca\/fr\/concours\/abonnes\/demi-lovato\/","og_type":"article","og_title":"Exp\u00e9rience Fan absolu SiriusXM : Demi Lovato | SiriusXM Canada","og_description":"Participe et \u00e9coute en continu pour avoir une chance de gagner un voyage pour 2 personnes pour assister \u00e0 la tourn\u00e9e It\u2019s Not That Deep de Demi Lovato, \u00e0 Toronto!","og_url":"https:\/\/www.siriusxm.ca\/fr\/concours\/abonnes\/demi-lovato\/","og_site_name":"SiriusXM Canada","article_modified_time":"2026-03-24T00:56:09+00:00","og_image":[{"width":1200,"height":630,"url":"https:\/\/www.siriusxm.ca\/wp-content\/uploads\/2023\/06\/SiriusXM-Canada.webp","type":"image\/webp"}],"twitter_card":"summary_large_image","twitter_title":"Exp\u00e9rience Fan absolu SiriusXM : Demi Lovato | SiriusXM Canada","twitter_misc":{"Estimation du temps de lecture":"4 minutes"},"schema":{"@context":"https:\/\/schema.org","@graph":[{"@type":"WebPage","@id":"https:\/\/www.siriusxm.ca\/fr\/concours\/abonnes\/demi-lovato\/","url":"https:\/\/www.siriusxm.ca\/fr\/concours\/abonnes\/demi-lovato\/","name":"Exp\u00e9rience Fan absolu SiriusXM : Demi Lovato | SiriusXM Canada","isPartOf":{"@id":"https:\/\/www.siriusxm.ca\/fr\/#website"},"primaryImageOfPage":{"@id":"https:\/\/www.siriusxm.ca\/fr\/concours\/abonnes\/demi-lovato\/#primaryimage"},"image":{"@id":"https:\/\/www.siriusxm.ca\/fr\/concours\/abonnes\/demi-lovato\/#primaryimage"},"thumbnailUrl":"https:\/\/www.siriusxm.ca\/wp-content\/uploads\/2023\/06\/SiriusXM-Canada.webp","datePublished":"2026-03-12T04:00:00+00:00","dateModified":"2026-03-24T00:56:09+00:00","description":"Participe et \u00e9coute en continu pour avoir une chance de gagner un voyage pour 2 personnes pour assister \u00e0 la tourn\u00e9e It\u2019s Not That Deep de Demi Lovato, \u00e0 Toronto!","breadcrumb":{"@id":"https:\/\/www.siriusxm.ca\/fr\/concours\/abonnes\/demi-lovato\/#breadcrumb"},"inLanguage":"fr-CA","potentialAction":[{"@type":"ReadAction","target":["https:\/\/www.siriusxm.ca\/fr\/concours\/abonnes\/demi-lovato\/"]}]},{"@type":"ImageObject","inLanguage":"fr-CA","@id":"https:\/\/www.siriusxm.ca\/fr\/concours\/abonnes\/demi-lovato\/#primaryimage","url":"https:\/\/www.siriusxm.ca\/wp-content\/uploads\/2023\/06\/SiriusXM-Canada.webp","contentUrl":"https:\/\/www.siriusxm.ca\/wp-content\/uploads\/2023\/06\/SiriusXM-Canada.webp","width":1200,"height":630,"caption":"SiriusXM Canada"},{"@type":"BreadcrumbList","@id":"https:\/\/www.siriusxm.ca\/fr\/concours\/abonnes\/demi-lovato\/#breadcrumb","itemListElement":[{"@type":"ListItem","position":1,"name":"Home","item":"https:\/\/www.siriusxm.ca\/fr\/accueil-b\/"},{"@type":"ListItem","position":2,"name":"[Folder] Contest (French)","item":"https:\/\/www.siriusxm.ca\/fr\/giveaway\/"},{"@type":"ListItem","position":3,"name":"[Folder] Subscribers (French)","item":"\/"},{"@type":"ListItem","position":4,"name":"Giveaway \/\/ Subscribers \/ 2026 Demi Lovato (French)"}]},{"@type":"WebSite","@id":"https:\/\/www.siriusxm.ca\/fr\/#website","url":"https:\/\/www.siriusxm.ca\/fr\/","name":"SiriusXM Canada","description":"","potentialAction":[{"@type":"SearchAction","target":{"@type":"EntryPoint","urlTemplate":"https:\/\/www.siriusxm.ca\/fr\/search\/{search_term_string}"},"query-input":{"@type":"PropertyValueSpecification","valueRequired":true,"valueName":"search_term_string"}}],"inLanguage":"fr-CA"}]}},"_links":{"self":[{"href":"https:\/\/www.siriusxm.ca\/fr\/wp-json\/wp\/v2\/pages\/562384","targetHints":{"allow":["GET"]}}],"collection":[{"href":"https:\/\/www.siriusxm.ca\/fr\/wp-json\/wp\/v2\/pages"}],"about":[{"href":"https:\/\/www.siriusxm.ca\/fr\/wp-json\/wp\/v2\/types\/page"}],"author":[{"embeddable":true,"href":"https:\/\/www.siriusxm.ca\/fr\/wp-json\/wp\/v2\/users\/4"}],"replies":[{"embeddable":true,"href":"https:\/\/www.siriusxm.ca\/fr\/wp-json\/wp\/v2\/comments?post=562384"}],"version-history":[{"count":20,"href":"https:\/\/www.siriusxm.ca\/fr\/wp-json\/wp\/v2\/pages\/562384\/revisions"}],"predecessor-version":[{"id":562474,"href":"https:\/\/www.siriusxm.ca\/fr\/wp-json\/wp\/v2\/pages\/562384\/revisions\/562474"}],"up":[{"embeddable":true,"href":"https:\/\/www.siriusxm.ca\/fr\/wp-json\/wp\/v2\/pages\/362299"}],"wp:featuredmedia":[{"embeddable":true,"href":"https:\/\/www.siriusxm.ca\/fr\/wp-json\/wp\/v2\/media\/555722"}],"wp:attachment":[{"href":"https:\/\/www.siriusxm.ca\/fr\/wp-json\/wp\/v2\/media?parent=562384"}],"curies":[{"name":"wp","href":"https:\/\/api.w.org\/{rel}","templated":true}]}}